{"id":1760,"date":"2021-01-08T13:03:00","date_gmt":"2021-01-08T12:03:00","guid":{"rendered":"http:\/\/casinoandy.com\/casinoandy-de\/"},"modified":"2025-01-14T15:19:50","modified_gmt":"2025-01-14T14:19:50","slug":"casinoandy-de","status":"publish","type":"page","link":"https:\/\/casinoandy.com\/de\/","title":{"rendered":"Casinoandy &#8211; DE"},"content":{"rendered":"\n<h1 class=\"wp-block-heading\">Casinoandy<\/h1>\n\n\n\n<p>Casinoandy, eine professionelle und umfangreiche Casinoseite mit einem etwas futuristischen Retro-Look, wie man ihn wohl aus den 1980ern kennt, hat f\u00fcr Gl\u00fccksspiel-Interessenten so einiges zu bieten. Unsere jahrelange Erfahrung erm\u00f6glicht es uns, unsere diversen Eindr\u00fccke gekonnt mit dir zu teilen! Bei uns findest du Bewertungen verschiedener Online-Casinos, Anleitungen f\u00fcr deine Lieblingsspiele, Empfehlungen f\u00fcr erfolgreiche Strategien und vieles mehr.<\/p>\n\n\n\n<h2 class=\"wp-block-heading\">Willkommen bei Casinoandy &#8211; 2024<\/h2>\n\n\n\n<p>Bei so vielen verlockenden Angeboten, die von \u00fcberall herstr\u00f6men, ist es schwierig, dich zu entscheiden, in welchem Online-Casino du dich deiner Leidenschaft des Gl\u00fccksspiels hingeben m\u00f6chtest. Es ist gut, sich auf einen Freund verlassen zu k\u00f6nnen, dessen wertvolle Erfahrung und Ratschl\u00e4ge dir die M\u00f6glichkeit geben, die Welt der Spiele in vollen Z\u00fcgen zu genie\u00dfen. Casinoandy hat Bewertungen f\u00fcr&nbsp;neue Online Casinos&nbsp;speziell f\u00fcr dich vorbereitet. Welche und wie viele Spiele angeboten werden, ob die Titel es wert sind und auf was f\u00fcr verlockende Boni du z\u00e4hlen kannst, wird dich bestimmt interessieren.<\/p>\n\n\n\n<p>Du m\u00f6chtest die neuesten Trends bei Gl\u00fccksspielen und f\u00fcr&nbsp;deutsche Casinos&nbsp;in Deutschland kennenlernen? Du willst verstehen, wonach deine Landsleute bei den neuesten Casino-Angeboten suchen und was sie m\u00f6gen \u2013 Casinoandy bietet dir die aktuellsten Informationen zu all diesen Themen. Kein neues Casino, das online die Welt erblickt, wird von den erforschenden Augen des Wettfans Casinoandy unbemerkt bleiben. Er wird es sofort unter die Lupe nehmen und die St\u00e4rken und Schw\u00e4chen finden, um dir die Wahl zu erleichtern. Du wirst bei Casinoandy auch mit den neuesten Spielbewertungen vertraut.<\/p>\n\n\n\n<p>Wenn Sie ein gro\u00dfer Fan der TSG Hoffenheim sind, k\u00f6nnen Sie die Mannschaft gegen Borussia Dortmund hier auf <a href=\"https:\/\/hoffenheimgegendortmund.com\/\" target=\"_blank\" rel=\"noreferrer noopener\">hoffenheimgegendortmund.com<\/a> verfolgen.<\/p>\n\n\n\n<p>Wir bei Casinoandy wissen, dass du schon immer einen Leitfaden haben wolltest, der dir alles \u00fcber dein Lieblingsspiel erz\u00e4hlt \u2013 Regeln, Feinheiten und Wege zum maximalen Gewinn. Aus diesem Grund haben wir auf unseren Seiten viele Schritt-f\u00fcr-Schritt-Anleitungen vorbereitet, mit denen du deine F\u00e4higkeiten beim Lieblingsspiel verbessern kannst. Viele n\u00fctzliche Tipps, basierend auf der Erfahrung anderer Spieler, stehen dir auch zur Verf\u00fcgung. Online Spielh\u00f6llen sind auch als\u00a0<a href=\"https:\/\/handycasinos24.com\/\" target=\"_blank\" rel=\"noreferrer noopener\">mobile Casinos<\/a>\u00a0abrufbar und leicht vom Handy aus spielbar. Unseren Empfehlungen zu folgen wird f\u00fcr dich ein Kinderspiel sein. Du wirst erfolgreiche Casino-Strategien erlernen, die deinen Aufenthalt im Online-Casino nicht nur zu einer aufregenden Erfahrung, sondern auch gewinnbringend machen werden. Um das beste Casino zu finden, lesen Sie GGs Online Casino Ratgeber.<\/p>\n\n\n\n<h2 class=\"wp-block-heading\">Das kannst du von Casinoandy erwarten!<\/h2>\n\n\n\n<ul class=\"wp-block-list\">\n<li><a href=\"https:\/\/casinoandy.com\/de\/online-casino\/\">Online Casino<\/a> \u2013 Auf was du dich bei jedem Anbieter freuen kannst &#8211; Auswahl von Spielen und ihre Qualit\u00e4t, Seitendesign und einfache Navigation, Zahlungsoptionen, Kundendienst, Sicherheit, Spielerschutz und Fairplay. Hier findet ihr alle <a href=\"https:\/\/smartcasinoguide.com\/de\/beste-online-casinos-liste\">top online casinos<\/a>. <\/li>\n\n\n\n<li><a href=\"https:\/\/casinoandy.com\/de\/casino-bonus\/\">Casino Bonus<\/a> \u2013 Hier erf\u00e4hrst du mehr \u00fcber Willkommensboni, Freispiele,<strong>&nbsp;<\/strong>online casino bonus ohne einzahlung&nbsp;und Treueprogramme der einzelnen Anbiete<\/li>\n\n\n\n<li>Online casino liste der besten casinos &#8211; Die besten und seri\u00f6sesten Online-Casinos finden Sie direkt bei Casinoandy<\/li>\n<\/ul>\n\n\n<div class=\"wp-block-image\">\n<figure class=\"alignleft size-large\"><img loading=\"lazy\" decoding=\"async\" width=\"800\" height=\"500\" src=\"https:\/\/casinoandy.com\/wp-content\/uploads\/2021\/03\/CasinoAndyDE.png\" alt=\"\" class=\"wp-image-2349\" srcset=\"https:\/\/casinoandy.com\/wp-content\/uploads\/2021\/03\/CasinoAndyDE.png 800w, https:\/\/casinoandy.com\/wp-content\/uploads\/2021\/03\/CasinoAndyDE-300x188.png 300w, https:\/\/casinoandy.com\/wp-content\/uploads\/2021\/03\/CasinoAndyDE-768x480.png 768w\" sizes=\"auto, (max-width: 800px) 100vw, 800px\" \/><\/figure>\n<\/div>\n\n\n<h3 class=\"wp-block-heading\">Vergleiche und Empfehlungen<\/h3>\n\n\n\n<p>Am einfachsten w\u00e4re es, dir einfach eine Liste der Casinos mit den meisten Spielen oder derjenigen zu geben, die dir das gr\u00f6\u00dfte Startguthaben in Form von Boni versprechen. Unser Ziel bei Casinoandy ist es jedoch nicht, eine weitere Casino-Vergleichsseite zu werden. Wir m\u00f6chten, dass du deine Wahl informiert treffen kannst. Das erfordert viel mehr als einen einfachen Vergleich. Die gr\u00f6\u00dften Boni k\u00f6nnen zum Beispiel schlechte Umsatzbedingungen haben. Ein Casino bietet dir vielleicht ein geringes Bonusguthaben aber zu guten und fairen Bedingungen. Wir haben versucht, in unseren Vergleichen und Empfehlungen \u00e4u\u00dferst spezifisch zu sein.<\/p>\n\n\n\n<h3 class=\"wp-block-heading\">Immer die neuesten Casino News aus Deutschland<\/h3>\n\n\n\n<p>Du m\u00f6chtest die neuesten Trends bei Gl\u00fccksspielen und Casinos in Deutschland kennenlernen? Du willst verstehen, wonach deine Landsleute bei den neuesten Casino-Angeboten suchen und was sie m\u00f6gen &#8211; Casinoandy bietet dir die aktuellsten Informationen zu all diesen Themen. Kein neues Casino, das online die Welt erblickt, wird von den erforschenden Augen des Wettfans Casinoandy unbemerkt bleiben. Er wird es sofort unter die Lupe nehmen und die St\u00e4rken und Schw\u00e4chen finden, um dir die Wahl zu erleichtern. Du wirst bei Casinoandy auch mit den neuesten Spielbewertungen vertraut.<\/p>\n\n\n<ul class=\"wp-block-latest-posts__list is-grid columns-3 wp-block-latest-posts\"><li><div class=\"wp-block-latest-posts__featured-image\"><img loading=\"lazy\" decoding=\"async\" width=\"150\" height=\"150\" src=\"https:\/\/casinoandy.com\/wp-content\/uploads\/2025\/11\/mehr-interaktion-und-spannung-150x150.png\" class=\"attachment-thumbnail size-thumbnail wp-post-image\" alt=\"Erkundung der Slot-Spielvarianten: Klassiker, Video, Megaways und mehr\" style=\"\" \/><\/div><a class=\"wp-block-latest-posts__post-title\" href=\"https:\/\/casinoandy.com\/de\/online-casino\/spiele\/erkundung-der-slot-spielvarianten\/\">Erkundung der Slot-Spielvarianten: Klassiker, Video, Megaways und mehr<\/a><\/li>\n<li><a class=\"wp-block-latest-posts__post-title\" href=\"https:\/\/casinoandy.com\/de\/online-casino\/blockchainwelt-de-testet-krypto-casinos\/\">Blockchainwelt.de testet Krypto-Casinos<\/a><\/li>\n<li><a class=\"wp-block-latest-posts__post-title\" href=\"https:\/\/casinoandy.com\/de\/online-casino\/mit-strategie-im-casino-spielen-ist-das-moeglich\/\">Mit Strategie im Casino spielen \u2013 ist das m\u00f6glich?<\/a><\/li>\n<li><div class=\"wp-block-latest-posts__featured-image\"><img loading=\"lazy\" decoding=\"async\" width=\"150\" height=\"150\" src=\"https:\/\/casinoandy.com\/wp-content\/uploads\/2021\/03\/Casinoandy-featured-post-150x150.png\" class=\"attachment-thumbnail size-thumbnail wp-post-image\" alt=\"casinoandy post DE\" style=\"\" \/><\/div><a class=\"wp-block-latest-posts__post-title\" href=\"https:\/\/casinoandy.com\/de\/online-casino\/ratgeber\/vergleiche-von-online-casinos-so-funktionieren-die-tests\/\">Vergleiche von Online Casinos \u2013 so funktionieren die Tests&nbsp;<\/a><\/li>\n<li><div class=\"wp-block-latest-posts__featured-image\"><img loading=\"lazy\" decoding=\"async\" width=\"150\" height=\"150\" src=\"https:\/\/casinoandy.com\/wp-content\/uploads\/2023\/01\/casinoandy-spiele-150x150.png\" class=\"attachment-thumbnail size-thumbnail wp-post-image\" alt=\"Casinoandy Spiele\" style=\"\" \/><\/div><a class=\"wp-block-latest-posts__post-title\" href=\"https:\/\/casinoandy.com\/de\/online-casino\/einblick-in-die-welt-der-verschwenderin-ein-blick-in-den-extravaganten-lebensstil-von-vip-casinospielern\/\">Einblick in die Welt der Verschwenderin: Ein Blick in den extravaganten Lebensstil von VIP-Casinospielern<\/a><\/li>\n<li><div class=\"wp-block-latest-posts__featured-image\"><img loading=\"lazy\" decoding=\"async\" width=\"150\" height=\"150\" src=\"https:\/\/casinoandy.com\/wp-content\/uploads\/2023\/01\/casinoandy-spiele-150x150.png\" class=\"attachment-thumbnail size-thumbnail wp-post-image\" alt=\"Casinoandy Spiele\" style=\"\" \/><\/div><a class=\"wp-block-latest-posts__post-title\" href=\"https:\/\/casinoandy.com\/de\/online-casino\/verschiedene-arten-von-casinospielen-erforschen-von-wuerfeln-bis-karten-und-darueber-hinaus\/\">Verschiedene Arten von Casinospielen erforschen: Von W\u00fcrfeln bis Karten und dar\u00fcber hinaus<\/a><\/li>\n<\/ul>\n\n\n<h3 class=\"wp-block-heading\">Anleitungen und Tipps<\/h3>\n\n\n\n<p>Wir bei Casinoandy wissen, dass du schon immer einen Leitfaden haben wolltest, der dir alles \u00fcber dein Lieblingsspiel erz\u00e4hlt &#8211; Regeln, Feinheiten und Wege zum maximalen Gewinn. Aus diesem Grund haben wir auf unseren Seiten viele Schritt-f\u00fcr-Schritt-Anleitungen vorbereitet, mit denen du deine F\u00e4higkeiten beim Lieblingsspiel verbessern kannst. Viele n\u00fctzliche Tipps, basierend auf der Erfahrung anderer Spieler, stehen dir auch zur Verf\u00fcgung. Unseren Empfehlungen zu folgen wird f\u00fcr dich ein Kinderspiel sein. Du wirst erfolgreiche Casino-Strategien erlernen, die deinen Aufenthalt im Online-Casino nicht nur zu einer aufregenden Erfahrung, sondern auch gewinnbringend machen werden.<\/p>\n\n\n\n<h2 class=\"wp-block-heading\">Wo bleibst du? Die anderen Fans sind schon bei Casinoandy!<\/h2>\n\n\n\n<p>Wir haben so viele n\u00fctzliche Informationen, dass wir uns einfach nicht vorstellen k\u00f6nnen, wie du ruhig dasitzt und nicht auf unserer Seite nach dem Schl\u00fcssel zum Erfolg beim Gl\u00fccksspiel st\u00f6berst. Wir freuen uns herzlich, dich auf Casinoandy zu begr\u00fc\u00dfen, um dir die neuesten Spiele vorzustellen und dir die Auswahl des f\u00fcr deinen Stil und deine Ziele am besten geeigneten Online-Casinos zu erleichtern. Obwohl mit uns der Weg zum Erfolg einfacher ist, vergiss nicht, nur mit soviel Geld zu spielen, wie du es auch zu verlieren bereit bist. Erfolg erfordert Ausdauer und Flei\u00df &#8211; verschwende keine Zeit!<br><\/p>\n","protected":false},"excerpt":{"rendered":"<p>Casinoandy Casinoandy, eine professionelle und umfangreiche Casinoseite mit einem etwas futuristischen Retro-Look, wie man ihn wohl aus den 1980ern kennt,&#8230;<\/p>\n","protected":false},"author":5,"featured_media":0,"parent":0,"menu_order":0,"comment_status":"closed","ping_status":"closed","template":"","meta":{"_acf_changed":false,"footnotes":""},"class_list":["post-1760","page","type-page","status-publish","hentry"],"acf":[],"yoast_head":"<!-- This site is optimized with the Yoast SEO plugin v27.0 - https:\/\/yoast.com\/product\/yoast-seo-wordpress\/ -->\n<title>Casinoandy | Casino Boni, Exklusive Angebote, Ratgeber und mehr<\/title>\n<meta name=\"description\" content=\"Erfahre von Casinoandy alles \u00fcber Online Casinos in Deutschland. Detaillierte Vergleiche, Bewertungen, Tipps, Bonusangebote und vieles mehr\" \/>\n<meta name=\"robots\" content=\"index, follow, max-snippet:-1, max-image-preview:large, max-video-preview:-1\" \/>\n<link rel=\"canonical\" href=\"https:\/\/casinoandy.com\/de\/\" \/>\n<meta property=\"og:locale\" content=\"de_DE\" \/>\n<meta property=\"og:type\" content=\"article\" \/>\n<meta property=\"og:title\" content=\"Casinoandy | Casino Boni, Exklusive Angebote, Ratgeber und mehr\" \/>\n<meta property=\"og:description\" content=\"Erfahre von Casinoandy alles \u00fcber Online Casinos in Deutschland. Detaillierte Vergleiche, Bewertungen, Tipps, Bonusangebote und vieles mehr\" \/>\n<meta property=\"og:url\" content=\"https:\/\/casinoandy.com\/de\/\" \/>\n<meta property=\"og:site_name\" content=\"Casinoandy\" \/>\n<meta property=\"article:modified_time\" content=\"2025-01-14T14:19:50+00:00\" \/>\n<meta property=\"og:image\" content=\"https:\/\/casinoandy.com\/wp-content\/uploads\/2021\/03\/CasinoAndyDE.png\" \/>\n\t<meta property=\"og:image:width\" content=\"800\" \/>\n\t<meta property=\"og:image:height\" content=\"500\" \/>\n\t<meta property=\"og:image:type\" content=\"image\/png\" \/>\n<meta name=\"twitter:card\" content=\"summary_large_image\" \/>\n<meta name=\"twitter:label1\" content=\"Gesch\u00e4tzte Lesezeit\" \/>\n\t<meta name=\"twitter:data1\" content=\"5\u00a0Minuten\" \/>\n<script type=\"application\/ld+json\" class=\"yoast-schema-graph\">{\"@context\":\"https:\/\/schema.org\",\"@graph\":[{\"@type\":\"WebPage\",\"@id\":\"https:\/\/casinoandy.com\/de\/\",\"url\":\"https:\/\/casinoandy.com\/de\/\",\"name\":\"Casinoandy | Casino Boni, Exklusive Angebote, Ratgeber und mehr\",\"isPartOf\":{\"@id\":\"https:\/\/casinoandy.com\/de\/#website\"},\"primaryImageOfPage\":{\"@id\":\"https:\/\/casinoandy.com\/de\/#primaryimage\"},\"image\":{\"@id\":\"https:\/\/casinoandy.com\/de\/#primaryimage\"},\"thumbnailUrl\":\"https:\/\/casinoandy.com\/wp-content\/uploads\/2021\/03\/CasinoAndyDE.png\",\"datePublished\":\"2021-01-08T12:03:00+00:00\",\"dateModified\":\"2025-01-14T14:19:50+00:00\",\"description\":\"Erfahre von Casinoandy alles \u00fcber Online Casinos in Deutschland. Detaillierte Vergleiche, Bewertungen, Tipps, Bonusangebote und vieles mehr\",\"breadcrumb\":{\"@id\":\"https:\/\/casinoandy.com\/de\/#breadcrumb\"},\"inLanguage\":\"de\",\"potentialAction\":[{\"@type\":\"ReadAction\",\"target\":[\"https:\/\/casinoandy.com\/de\/\"]}]},{\"@type\":\"ImageObject\",\"inLanguage\":\"de\",\"@id\":\"https:\/\/casinoandy.com\/de\/#primaryimage\",\"url\":\"https:\/\/casinoandy.com\/wp-content\/uploads\/2021\/03\/CasinoAndyDE.png\",\"contentUrl\":\"https:\/\/casinoandy.com\/wp-content\/uploads\/2021\/03\/CasinoAndyDE.png\"},{\"@type\":\"BreadcrumbList\",\"@id\":\"https:\/\/casinoandy.com\/de\/#breadcrumb\",\"itemListElement\":[{\"@type\":\"ListItem\",\"position\":1,\"name\":\"Startseite\",\"item\":\"https:\/\/casinoandy.com\/de\/\"},{\"@type\":\"ListItem\",\"position\":2,\"name\":\"Casinoandy &#8211; DE\"}]},{\"@type\":\"WebSite\",\"@id\":\"https:\/\/casinoandy.com\/de\/#website\",\"url\":\"https:\/\/casinoandy.com\/de\/\",\"name\":\"Casinoandy\",\"description\":\"\",\"publisher\":{\"@id\":\"https:\/\/casinoandy.com\/de\/#organization\"},\"potentialAction\":[{\"@type\":\"SearchAction\",\"target\":{\"@type\":\"EntryPoint\",\"urlTemplate\":\"https:\/\/casinoandy.com\/de\/?s={search_term_string}\"},\"query-input\":{\"@type\":\"PropertyValueSpecification\",\"valueRequired\":true,\"valueName\":\"search_term_string\"}}],\"inLanguage\":\"de\"},{\"@type\":\"Organization\",\"@id\":\"https:\/\/casinoandy.com\/de\/#organization\",\"name\":\"Casino Andy\",\"url\":\"https:\/\/casinoandy.com\/de\/\",\"logo\":{\"@type\":\"ImageObject\",\"inLanguage\":\"de\",\"@id\":\"https:\/\/casinoandy.com\/de\/#\/schema\/logo\/image\/\",\"url\":\"http:\/\/casinoandy.yourmedia.nbcdemo.com\/wp-content\/uploads\/2020\/12\/casino-andy-logo-1.png\",\"contentUrl\":\"http:\/\/casinoandy.yourmedia.nbcdemo.com\/wp-content\/uploads\/2020\/12\/casino-andy-logo-1.png\",\"width\":367,\"height\":195,\"caption\":\"Casino Andy\"},\"image\":{\"@id\":\"https:\/\/casinoandy.com\/de\/#\/schema\/logo\/image\/\"}}]}<\/script>\n<!-- \/ Yoast SEO plugin. -->","yoast_head_json":{"title":"Casinoandy | Casino Boni, Exklusive Angebote, Ratgeber und mehr","description":"Erfahre von Casinoandy alles \u00fcber Online Casinos in Deutschland. Detaillierte Vergleiche, Bewertungen, Tipps, Bonusangebote und vieles mehr","robots":{"index":"index","follow":"follow","max-snippet":"max-snippet:-1","max-image-preview":"max-image-preview:large","max-video-preview":"max-video-preview:-1"},"canonical":"https:\/\/casinoandy.com\/de\/","og_locale":"de_DE","og_type":"article","og_title":"Casinoandy | Casino Boni, Exklusive Angebote, Ratgeber und mehr","og_description":"Erfahre von Casinoandy alles \u00fcber Online Casinos in Deutschland. Detaillierte Vergleiche, Bewertungen, Tipps, Bonusangebote und vieles mehr","og_url":"https:\/\/casinoandy.com\/de\/","og_site_name":"Casinoandy","article_modified_time":"2025-01-14T14:19:50+00:00","og_image":[{"width":800,"height":500,"url":"https:\/\/casinoandy.com\/wp-content\/uploads\/2021\/03\/CasinoAndyDE.png","type":"image\/png"}],"twitter_card":"summary_large_image","twitter_misc":{"Gesch\u00e4tzte Lesezeit":"5\u00a0Minuten"},"schema":{"@context":"https:\/\/schema.org","@graph":[{"@type":"WebPage","@id":"https:\/\/casinoandy.com\/de\/","url":"https:\/\/casinoandy.com\/de\/","name":"Casinoandy | Casino Boni, Exklusive Angebote, Ratgeber und mehr","isPartOf":{"@id":"https:\/\/casinoandy.com\/de\/#website"},"primaryImageOfPage":{"@id":"https:\/\/casinoandy.com\/de\/#primaryimage"},"image":{"@id":"https:\/\/casinoandy.com\/de\/#primaryimage"},"thumbnailUrl":"https:\/\/casinoandy.com\/wp-content\/uploads\/2021\/03\/CasinoAndyDE.png","datePublished":"2021-01-08T12:03:00+00:00","dateModified":"2025-01-14T14:19:50+00:00","description":"Erfahre von Casinoandy alles \u00fcber Online Casinos in Deutschland. Detaillierte Vergleiche, Bewertungen, Tipps, Bonusangebote und vieles mehr","breadcrumb":{"@id":"https:\/\/casinoandy.com\/de\/#breadcrumb"},"inLanguage":"de","potentialAction":[{"@type":"ReadAction","target":["https:\/\/casinoandy.com\/de\/"]}]},{"@type":"ImageObject","inLanguage":"de","@id":"https:\/\/casinoandy.com\/de\/#primaryimage","url":"https:\/\/casinoandy.com\/wp-content\/uploads\/2021\/03\/CasinoAndyDE.png","contentUrl":"https:\/\/casinoandy.com\/wp-content\/uploads\/2021\/03\/CasinoAndyDE.png"},{"@type":"BreadcrumbList","@id":"https:\/\/casinoandy.com\/de\/#breadcrumb","itemListElement":[{"@type":"ListItem","position":1,"name":"Startseite","item":"https:\/\/casinoandy.com\/de\/"},{"@type":"ListItem","position":2,"name":"Casinoandy &#8211; DE"}]},{"@type":"WebSite","@id":"https:\/\/casinoandy.com\/de\/#website","url":"https:\/\/casinoandy.com\/de\/","name":"Casinoandy","description":"","publisher":{"@id":"https:\/\/casinoandy.com\/de\/#organization"},"potentialAction":[{"@type":"SearchAction","target":{"@type":"EntryPoint","urlTemplate":"https:\/\/casinoandy.com\/de\/?s={search_term_string}"},"query-input":{"@type":"PropertyValueSpecification","valueRequired":true,"valueName":"search_term_string"}}],"inLanguage":"de"},{"@type":"Organization","@id":"https:\/\/casinoandy.com\/de\/#organization","name":"Casino Andy","url":"https:\/\/casinoandy.com\/de\/","logo":{"@type":"ImageObject","inLanguage":"de","@id":"https:\/\/casinoandy.com\/de\/#\/schema\/logo\/image\/","url":"http:\/\/casinoandy.yourmedia.nbcdemo.com\/wp-content\/uploads\/2020\/12\/casino-andy-logo-1.png","contentUrl":"http:\/\/casinoandy.yourmedia.nbcdemo.com\/wp-content\/uploads\/2020\/12\/casino-andy-logo-1.png","width":367,"height":195,"caption":"Casino Andy"},"image":{"@id":"https:\/\/casinoandy.com\/de\/#\/schema\/logo\/image\/"}}]}},"_links":{"self":[{"href":"https:\/\/casinoandy.com\/de\/wp-json\/wp\/v2\/pages\/1760","targetHints":{"allow":["GET"]}}],"collection":[{"href":"https:\/\/casinoandy.com\/de\/wp-json\/wp\/v2\/pages"}],"about":[{"href":"https:\/\/casinoandy.com\/de\/wp-json\/wp\/v2\/types\/page"}],"author":[{"embeddable":true,"href":"https:\/\/casinoandy.com\/de\/wp-json\/wp\/v2\/users\/5"}],"replies":[{"embeddable":true,"href":"https:\/\/casinoandy.com\/de\/wp-json\/wp\/v2\/comments?post=1760"}],"version-history":[{"count":29,"href":"https:\/\/casinoandy.com\/de\/wp-json\/wp\/v2\/pages\/1760\/revisions"}],"predecessor-version":[{"id":8773,"href":"https:\/\/casinoandy.com\/de\/wp-json\/wp\/v2\/pages\/1760\/revisions\/8773"}],"wp:attachment":[{"href":"https:\/\/casinoandy.com\/de\/wp-json\/wp\/v2\/media?parent=1760"}],"curies":[{"name":"wp","href":"https:\/\/api.w.org\/{rel}","templated":true}]}}