{"id":1791,"date":"2021-01-08T13:33:12","date_gmt":"2021-01-08T12:33:12","guid":{"rendered":"http:\/\/casinoandy.com\/online-casino\/zahlungsmethoden\/"},"modified":"2023-01-03T16:18:54","modified_gmt":"2023-01-03T15:18:54","slug":"zahlungsmethoden","status":"publish","type":"page","link":"https:\/\/casinoandy.com\/de\/online-casino\/zahlungsmethoden\/","title":{"rendered":"Zahlungsmethoden"},"content":{"rendered":"\n<h1 class=\"wp-block-heading\">Online Casino Zahlungsmethoden<\/h1>\n\n\n\n<p>Um sein Lieblingsspiel im Online-Casino zu starten und eine Gewinnchance zu erhalten, muss der Spieler zuerst sein Konto aufladen. Fr\u00fcher oder sp\u00e4ter wird ihn das Gl\u00fcck anl\u00e4cheln und er wird die Gewinne von der Casino-Seite abheben wollen. Dazu sind bestimmte Methoden zur \u00dcberweisung von Geldbetr\u00e4gen erforderlich. Einige dieser Methoden sind nur in einzelnen L\u00e4ndern verf\u00fcgbar, andere sind weltweit anerkannt. Hier werden wir versuchen, die Zahlungsmethoden zu betrachten, die f\u00fcr den deutschen Spiele-Fan funktionieren und f\u00fcr s\u00e4mtliche Anbieter unserer <a href=\"https:\/\/casinoandy.com\/de\/online-casino\/\">Online Casino Liste<\/a> anwendbar sind. Unterschiedliche Zahlungsmethoden haben sowohl Vor- als auch Nachteile. Einige sind eher langsam oder geb\u00fchrenpflichtig. Es gibt auch solche, die sowohl schnell als auch geb\u00fchrenfrei sind.<\/p>\n\n\n\n<h2 class=\"wp-block-heading\">G\u00e4ngige Zahlungsmethoden f\u00fcr Online-Casinos<\/h2>\n\n\n\n<p>Letztendlich ist die Idee eines jeden Online-Casino Betreibers, die Casino-Zahlungen f\u00fcr den Kunden so einfach wie m\u00f6glich zu gestalten. Der Spieler besucht das Casino, um seine Lieblingsspiele zu genie\u00dfen und sich zu entspannen, nicht um komplexe Bankgesch\u00e4fte durchzuf\u00fchren. Dies ist der Grund, warum im Zahlungsbereich von Online-Casinos so viele verschiedene Zahlungsmethoden angeboten werden. Zweifellos wurden auch konservativere Spieler in Betracht gezogen. Viele Casinos bieten Zahlungsm\u00f6glichkeiten mittels Bank\u00fcberweisung und Kreditkarten an. Diese Methoden sind jedoch nicht immer praktisch, mit erheblichen Geb\u00fchren verbunden und bei einigen dauert es mitunter mehrere Tage, bis das Geld seinen Bestimmungsort erreicht. Mit dem Aufkommen und der Verbreitung von E-Services und E-Commerce sind nat\u00fcrlich neue Zahlungsdienste entstanden. Moderne Online Casino Zahlungsmethoden basieren auf diesen neuen Diensten, die Ein- und Auszahlungen problemlos, schnell und kostenlos machen. Das Gute daran ist, dass all diese neuen Methoden f\u00fcr Geldtransaktionen weltweit verf\u00fcgbar sind, das hei\u00dft, sie stehen auch dem begeisterten Gl\u00fccksspielfan in Deutschland zur Verf\u00fcgung. Unten finden Sie eine Liste der Zahlungsmethoden, die in den meisten Casinos funktionieren. Dies schlie\u00dft <a href=\"https:\/\/casinoandy.com\/de\/online-casino\/ohne-lizenz\/\">Casinos ohne Lizenz<\/a> ein.<\/p>\n\n\n\n<div class=\"wp-block-image\"><figure class=\"alignleft size-large\"><img loading=\"lazy\" decoding=\"async\" width=\"800\" height=\"500\" src=\"http:\/\/casinoandy.com\/wp-content\/uploads\/2021\/01\/Zahlungsmethoden-1.png\" alt=\"Casino beste Zahlungsmethoden\" class=\"wp-image-2115\" srcset=\"https:\/\/casinoandy.com\/wp-content\/uploads\/2021\/01\/Zahlungsmethoden-1.png 800w, https:\/\/casinoandy.com\/wp-content\/uploads\/2021\/01\/Zahlungsmethoden-1-300x188.png 300w, https:\/\/casinoandy.com\/wp-content\/uploads\/2021\/01\/Zahlungsmethoden-1-768x480.png 768w\" sizes=\"auto, (max-width: 800px) 100vw, 800px\" \/><\/figure><\/div>\n\n\n\n<ul class=\"wp-block-list\"><li><a href=\"https:\/\/casinoandy.com\/de\/online-casino\/zahlungsmethoden\/paypal\/\">Casino mit PayPal<\/a> &#8211;  Leider ist dieser bis vor Kurzem bevorzugte Zahlungsdienst in den meisten Online-Casinos in Deutschland nicht mehr verf\u00fcgbar. Dies liegt daran, dass der PayPal-Dienstanbieter Online-Casinos als unzuverl\u00e4ssige Partner betrachtet, nicht zuletzt aufgrund des Fehlens einer g\u00fcltigen Gesetzgebung des deutschen Gl\u00fccksspielmarktes. Aus diesem Grund ist es sehr unwahrscheinlich, heute ein Online-Casino zu finden, das PayPal als Zahlungsoption anbietet. Nun, es gibt Ausnahmen f\u00fcr Sportwetten-Anbieter und Casinos mit Sportwetten-Bereich. Der Wettspiel-Markt ist aus rechtlicher Sicht legitimer. Andernfalls ist das PayPal-Konto mit einem g\u00fcltigen Bankkonto oder einer g\u00fcltigen Kreditkarte verkn\u00fcpft. Transaktionen sind schnell, mit einer Reihe von Sicherheitsmethoden gut gesch\u00fctzt, und nat\u00fcrlich kostenlos.<br><\/li><li><a href=\"https:\/\/casinoandy.com\/de\/online-casino\/zahlungsmethoden\/muchbetter\/\">Casino mit MuchBetter<\/a> &#8211; Wenn es um moderne Zahlungsmethoden in Online Casinos geht, ist h\u00e4ufig die Rede von MuchBetter. Der Name suggeriert bereits, dass das E-Wallet \u201eviel besser\u201c sei als herk\u00f6mmliche Zahlungsmethoden. F\u00fcr die Nutzung der Zahlungsmethode ist entweder ein Smartphone oder ein Tablet von n\u00f6ten, da die Zahlung \u00fcber eine eigene MuchBetter-Anwendung funktioniert. Die Vorteile liegen in einer schnellen Anmeldung, einer unkomplizierten Authentifizierung der Transaktionen sowie einer hohen Sicherheit. Den Vorteilen stehen nat\u00fcrlich auch Nachteile entgegen. Diese k\u00f6nnen im Anfallen von Geb\u00fchren, der Abh\u00e4ngikeit von Smartphones oder in der limitierten Verf\u00fcgbarkeit von MuchBetter-Zusatzleistungen gesehen werden. Au\u00dferdem muss man ber\u00fccksichtigen, dass MuchBetter nicht immer als Auszahlungsmethode im Casino angeboten wird.<br><\/li><li>Casino mit Revolut &#8211; Immer mehr Online-Casinos bieten Revolut als Zahlungsoption an. Aber was steckt hinter diesem eigenartigen Namen? Revolut ist ein mobiles Konto, das \u00fcber ein Smartphone und eine spezielle Anwendung gesteuert wird. Die innovative Zahlungsmethode, die 2015 von zwei Finnen entwickelt wurde, erm\u00f6glicht das Cashflow-Management unabh\u00e4ngig davon, wo sich der Kunde befindet. Zus\u00e4tzlich zur App und einem pers\u00f6nlichen Revolut-Konto ist nat\u00fcrlich ein bestehendes Bankkonto erforderlich, mit dem der Dienst verkn\u00fcpft wird. Tats\u00e4chlich fungiert das Revolut-Konto als Prepaid-Karte, die vom Kunden-Bankkonto aufgeladen wird. Mit Revolut kann man nicht nur einzahlen, sondern auch seine Casino-Gewinne auszahlen lassen, und zwar schnell und kostenfrei.<br><\/li><li>Casino mit Mastercard- Mastercard ist wahrscheinlich die h\u00e4ufigste Zahlungsoption, die in fast jedem Casino weltweit angeboten wird. Die Wurzeln des Zahlungsdienstes gehen bis ins Jahr 1966 zur\u00fcck. Seitdem hat sein siegreicher Marsch als Visa-Hauptkonkurrent nicht aufgeh\u00f6rt. Die Zahlung mit Mastercard im Online-Casino ist schnell und bequem. Die Kunden sind vor Diebstahl und Betrug gesch\u00fctzt, sodass der schlechte Ruf von Kreditkarten, f\u00fcr Hacker anlockend zu sein, stark \u00fcbertrieben ist. Leider wird der gr\u00f6\u00dfte Vorteil der Mastercard-Kreditkarte &#8211; die M\u00f6glichkeit eines hohen Kreditlimits &#8211; zum gr\u00f6\u00dften Nachteil bei Zahlungen in Online-Casinos. Der sucht-anf\u00e4llige Spieler verliert schnell den \u00dcberblick und kann gro\u00dfe Summen verlieren. <br><\/li><li>Casino mit Zimpler &#8211; Wie der Name dieses Zahlungsdienstes andeutet, zimpler (simpler) geht es nicht. Die innovative L\u00f6sung des schwedischen Unternehmens Zimpler erm\u00f6glicht nicht nur Zahlungen im Online-Casino, sondern auch die Festlegung eines Budgets, das der Spieler nicht \u00fcberschreitet. In der Praxis ist Zimpler ein mobiler Zahlungsdienst. Wenn der Kunde diese Zahlungsmethode im entsprechenden Bereich des Casinos ausw\u00e4hlt, gibt er nur seine Telefonnummer ein. Er erh\u00e4lt dann ein zuf\u00e4llig generiertes Passwort, welches der Kunde eingeben muss. Die Verbindung mit dem Kunden-Bankkonto erfolgt bei Zimpler und das Geld ist unterwegs. Grunds\u00e4tzlich ist der Service kostenfrei, bei Auswahl der Option &#8222;Auf Rechnung&#8220; sind jedoch Geb\u00fchren f\u00e4llig. <br><\/li><li>Casino mit Jeton &#8211; Diese neue Form der Online-Casino-Zahlung basiert auf der Beliebtheit von E-Wallet-Diensten und der Verwendung von Kryptow\u00e4hrung. Der Kunde kauft Jetons, also Karten mit einer bestimmten St\u00fcckelung und in einer bestimmten W\u00e4hrung. Die Karten k\u00f6nnen normalerweise online gekauft werden, was den Vorgang bequem und schnell macht. Nachdem die Jeton-Zahlungsmethode im entsprechenden Bereich des Online-Casinos ausgew\u00e4hlt wurde, muss man die Kartennummer sowie den Betrag eingeben, der von der Karte abgezogen werden soll. Im Allgemeinen wird das Bezahlen mit Jeton-Karten von den meisten Spielern als sehr sichere Methode angesehen, da das Online-Casino keine zus\u00e4tzlichen Informationen (Kreditkartennummern, pers\u00f6nliche Daten) au\u00dfer der Kartennummer erh\u00e4lt. <br><\/li><li><a href=\"https:\/\/casinoandy.com\/de\/online-casino\/zahlungsmethoden\/trustly\/\">Casino mit Trustly<\/a> &#8211;  Die schwedische Zahlungsinnovation Trustly wurde haupts\u00e4chlich f\u00fcr Online-Casinos ohne Anmeldung entwickelt. Bekanntlich wird diese Art von Casinos von Spielern bevorzugt, da sie spontanes und komfortables Spielen ohne unn\u00f6tigen &#8222;Papierkram&#8220; erm\u00f6glicht. Der Service funktioniert als Einzahlung im Casino ohne Anmeldung beim Bankkonto des Kunden \u00fcber das Trustly-Konto. Der Zahlungsdienst ist bekannt f\u00fcr seine St\u00e4rken in Bezug auf Sicherheit und \u00dcberpr\u00fcfung von Benutzerdaten. Casinos, die mit Trustly zusammenarbeiten, werden pers\u00f6nlich \u00fcberpr\u00fcft, was absolute Sicherheit und Transparenz f\u00fcr den Endkunden gew\u00e4hrleistet. Bei der Auszahlung von Gewinnen entf\u00e4llt der Schritt der \u00dcberpr\u00fcfung des Kunden, und der Service ist nat\u00fcrlich mit keinerlei Geb\u00fchren verbunden.<br><\/li><li><a href=\"https:\/\/casinoandy.com\/de\/online-casino\/zahlungsmethoden\/sofortuberweisung\/\">Casino mit Sofort\u00fcberweisung<\/a> \u2013 Die Sofort\u00fcberweisung, welche auch unter dem Synonym SOFORT bekannt ist, stellt eine einfache und zugleich sichere Zahlungsmethode in Online Casinos dar. Bei deutschen Casinospielern ist sie sehr popul\u00e4r, was in der \u201esofortigen\u201c Abwicklung der Transaktion begr\u00fcndet liegt. Um mit Sofort\u00fcberweisung Geld auf ein Casino Konto einzuzahlen, ben\u00f6tigt es lediglich ein Bankkonto und die dazugeh\u00f6rige Online Banking Funktion. Nach der Freigabe durch die festgelegte Authentifizierungsmethode wie zum Beispiel TAN- oder PIN-Verifizierung, erfolgt die Einzahlung quasi \u201esofort\u201c und der Spielspa\u00df kann losgehen.<\/li><\/ul>\n","protected":false},"excerpt":{"rendered":"<p>Online Casino Zahlungsmethoden Um sein Lieblingsspiel im Online-Casino zu starten und eine Gewinnchance zu erhalten, muss der Spieler zuerst sein&#8230;<\/p>\n","protected":false},"author":5,"featured_media":0,"parent":1754,"menu_order":0,"comment_status":"closed","ping_status":"closed","template":"","meta":{"_acf_changed":false,"footnotes":""},"class_list":["post-1791","page","type-page","status-publish","hentry"],"acf":[],"yoast_head":"<!-- This site is optimized with the Yoast SEO plugin v27.0 - https:\/\/yoast.com\/product\/yoast-seo-wordpress\/ -->\n<title>Die 5 besten Online Casino Zahlungsmethoden 2023<\/title>\n<meta name=\"description\" content=\"Dein \u00dcberblick \u00fcber Online Casino Zahlungsmethoden f\u00fcr Deutschland 2023 bei Casinoandy. Wie du im Online Casino sicher &amp; seri\u00f6s einzahlst\" \/>\n<meta name=\"robots\" content=\"index, follow, max-snippet:-1, max-image-preview:large, max-video-preview:-1\" \/>\n<link rel=\"canonical\" href=\"https:\/\/casinoandy.com\/de\/online-casino\/zahlungsmethoden\/\" \/>\n<meta property=\"og:locale\" content=\"de_DE\" \/>\n<meta property=\"og:type\" content=\"article\" \/>\n<meta property=\"og:title\" content=\"Die 5 besten Online Casino Zahlungsmethoden 2023\" \/>\n<meta property=\"og:description\" content=\"Dein \u00dcberblick \u00fcber Online Casino Zahlungsmethoden f\u00fcr Deutschland 2023 bei Casinoandy. Wie du im Online Casino sicher &amp; seri\u00f6s einzahlst\" \/>\n<meta property=\"og:url\" content=\"https:\/\/casinoandy.com\/de\/online-casino\/zahlungsmethoden\/\" \/>\n<meta property=\"og:site_name\" content=\"Casinoandy\" \/>\n<meta property=\"article:modified_time\" content=\"2023-01-03T15:18:54+00:00\" \/>\n<meta property=\"og:image\" content=\"http:\/\/casinoandy.com\/wp-content\/uploads\/2021\/01\/Zahlungsmethoden-1.png\" \/>\n<meta name=\"twitter:card\" content=\"summary_large_image\" \/>\n<meta name=\"twitter:label1\" content=\"Gesch\u00e4tzte Lesezeit\" \/>\n\t<meta name=\"twitter:data1\" content=\"6\u00a0Minuten\" \/>\n<script type=\"application\/ld+json\" class=\"yoast-schema-graph\">{\"@context\":\"https:\/\/schema.org\",\"@graph\":[{\"@type\":\"WebPage\",\"@id\":\"https:\/\/casinoandy.com\/de\/online-casino\/zahlungsmethoden\/\",\"url\":\"https:\/\/casinoandy.com\/de\/online-casino\/zahlungsmethoden\/\",\"name\":\"Die 5 besten Online Casino Zahlungsmethoden 2023\",\"isPartOf\":{\"@id\":\"https:\/\/casinoandy.com\/de\/#website\"},\"primaryImageOfPage\":{\"@id\":\"https:\/\/casinoandy.com\/de\/online-casino\/zahlungsmethoden\/#primaryimage\"},\"image\":{\"@id\":\"https:\/\/casinoandy.com\/de\/online-casino\/zahlungsmethoden\/#primaryimage\"},\"thumbnailUrl\":\"http:\/\/casinoandy.com\/wp-content\/uploads\/2021\/01\/Zahlungsmethoden-1.png\",\"datePublished\":\"2021-01-08T12:33:12+00:00\",\"dateModified\":\"2023-01-03T15:18:54+00:00\",\"description\":\"Dein \u00dcberblick \u00fcber Online Casino Zahlungsmethoden f\u00fcr Deutschland 2023 bei Casinoandy. Wie du im Online Casino sicher & seri\u00f6s einzahlst\",\"breadcrumb\":{\"@id\":\"https:\/\/casinoandy.com\/de\/online-casino\/zahlungsmethoden\/#breadcrumb\"},\"inLanguage\":\"de\",\"potentialAction\":[{\"@type\":\"ReadAction\",\"target\":[\"https:\/\/casinoandy.com\/de\/online-casino\/zahlungsmethoden\/\"]}]},{\"@type\":\"ImageObject\",\"inLanguage\":\"de\",\"@id\":\"https:\/\/casinoandy.com\/de\/online-casino\/zahlungsmethoden\/#primaryimage\",\"url\":\"http:\/\/casinoandy.com\/wp-content\/uploads\/2021\/01\/Zahlungsmethoden-1.png\",\"contentUrl\":\"http:\/\/casinoandy.com\/wp-content\/uploads\/2021\/01\/Zahlungsmethoden-1.png\"},{\"@type\":\"BreadcrumbList\",\"@id\":\"https:\/\/casinoandy.com\/de\/online-casino\/zahlungsmethoden\/#breadcrumb\",\"itemListElement\":[{\"@type\":\"ListItem\",\"position\":1,\"name\":\"Startseite\",\"item\":\"https:\/\/casinoandy.com\/de\/\"},{\"@type\":\"ListItem\",\"position\":2,\"name\":\"Online Casino\",\"item\":\"https:\/\/casinoandy.com\/de\/online-casino\/\"},{\"@type\":\"ListItem\",\"position\":3,\"name\":\"Zahlungsmethoden\"}]},{\"@type\":\"WebSite\",\"@id\":\"https:\/\/casinoandy.com\/de\/#website\",\"url\":\"https:\/\/casinoandy.com\/de\/\",\"name\":\"Casinoandy\",\"description\":\"\",\"publisher\":{\"@id\":\"https:\/\/casinoandy.com\/de\/#organization\"},\"potentialAction\":[{\"@type\":\"SearchAction\",\"target\":{\"@type\":\"EntryPoint\",\"urlTemplate\":\"https:\/\/casinoandy.com\/de\/?s={search_term_string}\"},\"query-input\":{\"@type\":\"PropertyValueSpecification\",\"valueRequired\":true,\"valueName\":\"search_term_string\"}}],\"inLanguage\":\"de\"},{\"@type\":\"Organization\",\"@id\":\"https:\/\/casinoandy.com\/de\/#organization\",\"name\":\"Casino Andy\",\"url\":\"https:\/\/casinoandy.com\/de\/\",\"logo\":{\"@type\":\"ImageObject\",\"inLanguage\":\"de\",\"@id\":\"https:\/\/casinoandy.com\/de\/#\/schema\/logo\/image\/\",\"url\":\"http:\/\/casinoandy.yourmedia.nbcdemo.com\/wp-content\/uploads\/2020\/12\/casino-andy-logo-1.png\",\"contentUrl\":\"http:\/\/casinoandy.yourmedia.nbcdemo.com\/wp-content\/uploads\/2020\/12\/casino-andy-logo-1.png\",\"width\":367,\"height\":195,\"caption\":\"Casino Andy\"},\"image\":{\"@id\":\"https:\/\/casinoandy.com\/de\/#\/schema\/logo\/image\/\"}}]}<\/script>\n<!-- \/ Yoast SEO plugin. -->","yoast_head_json":{"title":"Die 5 besten Online Casino Zahlungsmethoden 2023","description":"Dein \u00dcberblick \u00fcber Online Casino Zahlungsmethoden f\u00fcr Deutschland 2023 bei Casinoandy. Wie du im Online Casino sicher & seri\u00f6s einzahlst","robots":{"index":"index","follow":"follow","max-snippet":"max-snippet:-1","max-image-preview":"max-image-preview:large","max-video-preview":"max-video-preview:-1"},"canonical":"https:\/\/casinoandy.com\/de\/online-casino\/zahlungsmethoden\/","og_locale":"de_DE","og_type":"article","og_title":"Die 5 besten Online Casino Zahlungsmethoden 2023","og_description":"Dein \u00dcberblick \u00fcber Online Casino Zahlungsmethoden f\u00fcr Deutschland 2023 bei Casinoandy. Wie du im Online Casino sicher & seri\u00f6s einzahlst","og_url":"https:\/\/casinoandy.com\/de\/online-casino\/zahlungsmethoden\/","og_site_name":"Casinoandy","article_modified_time":"2023-01-03T15:18:54+00:00","og_image":[{"url":"http:\/\/casinoandy.com\/wp-content\/uploads\/2021\/01\/Zahlungsmethoden-1.png","type":"","width":"","height":""}],"twitter_card":"summary_large_image","twitter_misc":{"Gesch\u00e4tzte Lesezeit":"6\u00a0Minuten"},"schema":{"@context":"https:\/\/schema.org","@graph":[{"@type":"WebPage","@id":"https:\/\/casinoandy.com\/de\/online-casino\/zahlungsmethoden\/","url":"https:\/\/casinoandy.com\/de\/online-casino\/zahlungsmethoden\/","name":"Die 5 besten Online Casino Zahlungsmethoden 2023","isPartOf":{"@id":"https:\/\/casinoandy.com\/de\/#website"},"primaryImageOfPage":{"@id":"https:\/\/casinoandy.com\/de\/online-casino\/zahlungsmethoden\/#primaryimage"},"image":{"@id":"https:\/\/casinoandy.com\/de\/online-casino\/zahlungsmethoden\/#primaryimage"},"thumbnailUrl":"http:\/\/casinoandy.com\/wp-content\/uploads\/2021\/01\/Zahlungsmethoden-1.png","datePublished":"2021-01-08T12:33:12+00:00","dateModified":"2023-01-03T15:18:54+00:00","description":"Dein \u00dcberblick \u00fcber Online Casino Zahlungsmethoden f\u00fcr Deutschland 2023 bei Casinoandy. Wie du im Online Casino sicher & seri\u00f6s einzahlst","breadcrumb":{"@id":"https:\/\/casinoandy.com\/de\/online-casino\/zahlungsmethoden\/#breadcrumb"},"inLanguage":"de","potentialAction":[{"@type":"ReadAction","target":["https:\/\/casinoandy.com\/de\/online-casino\/zahlungsmethoden\/"]}]},{"@type":"ImageObject","inLanguage":"de","@id":"https:\/\/casinoandy.com\/de\/online-casino\/zahlungsmethoden\/#primaryimage","url":"http:\/\/casinoandy.com\/wp-content\/uploads\/2021\/01\/Zahlungsmethoden-1.png","contentUrl":"http:\/\/casinoandy.com\/wp-content\/uploads\/2021\/01\/Zahlungsmethoden-1.png"},{"@type":"BreadcrumbList","@id":"https:\/\/casinoandy.com\/de\/online-casino\/zahlungsmethoden\/#breadcrumb","itemListElement":[{"@type":"ListItem","position":1,"name":"Startseite","item":"https:\/\/casinoandy.com\/de\/"},{"@type":"ListItem","position":2,"name":"Online Casino","item":"https:\/\/casinoandy.com\/de\/online-casino\/"},{"@type":"ListItem","position":3,"name":"Zahlungsmethoden"}]},{"@type":"WebSite","@id":"https:\/\/casinoandy.com\/de\/#website","url":"https:\/\/casinoandy.com\/de\/","name":"Casinoandy","description":"","publisher":{"@id":"https:\/\/casinoandy.com\/de\/#organization"},"potentialAction":[{"@type":"SearchAction","target":{"@type":"EntryPoint","urlTemplate":"https:\/\/casinoandy.com\/de\/?s={search_term_string}"},"query-input":{"@type":"PropertyValueSpecification","valueRequired":true,"valueName":"search_term_string"}}],"inLanguage":"de"},{"@type":"Organization","@id":"https:\/\/casinoandy.com\/de\/#organization","name":"Casino Andy","url":"https:\/\/casinoandy.com\/de\/","logo":{"@type":"ImageObject","inLanguage":"de","@id":"https:\/\/casinoandy.com\/de\/#\/schema\/logo\/image\/","url":"http:\/\/casinoandy.yourmedia.nbcdemo.com\/wp-content\/uploads\/2020\/12\/casino-andy-logo-1.png","contentUrl":"http:\/\/casinoandy.yourmedia.nbcdemo.com\/wp-content\/uploads\/2020\/12\/casino-andy-logo-1.png","width":367,"height":195,"caption":"Casino Andy"},"image":{"@id":"https:\/\/casinoandy.com\/de\/#\/schema\/logo\/image\/"}}]}},"_links":{"self":[{"href":"https:\/\/casinoandy.com\/de\/wp-json\/wp\/v2\/pages\/1791","targetHints":{"allow":["GET"]}}],"collection":[{"href":"https:\/\/casinoandy.com\/de\/wp-json\/wp\/v2\/pages"}],"about":[{"href":"https:\/\/casinoandy.com\/de\/wp-json\/wp\/v2\/types\/page"}],"author":[{"embeddable":true,"href":"https:\/\/casinoandy.com\/de\/wp-json\/wp\/v2\/users\/5"}],"replies":[{"embeddable":true,"href":"https:\/\/casinoandy.com\/de\/wp-json\/wp\/v2\/comments?post=1791"}],"version-history":[{"count":11,"href":"https:\/\/casinoandy.com\/de\/wp-json\/wp\/v2\/pages\/1791\/revisions"}],"predecessor-version":[{"id":3773,"href":"https:\/\/casinoandy.com\/de\/wp-json\/wp\/v2\/pages\/1791\/revisions\/3773"}],"up":[{"embeddable":true,"href":"https:\/\/casinoandy.com\/de\/wp-json\/wp\/v2\/pages\/1754"}],"wp:attachment":[{"href":"https:\/\/casinoandy.com\/de\/wp-json\/wp\/v2\/media?parent=1791"}],"curies":[{"name":"wp","href":"https:\/\/api.w.org\/{rel}","templated":true}]}}