{"id":1918,"date":"2021-01-12T15:48:22","date_gmt":"2021-01-12T14:48:22","guid":{"rendered":"http:\/\/casinoandy.com\/om-oss\/"},"modified":"2021-05-25T14:59:07","modified_gmt":"2021-05-25T12:59:07","slug":"uber-uns","status":"publish","type":"page","link":"https:\/\/casinoandy.com\/de\/uber-uns\/","title":{"rendered":"\u00dcber uns"},"content":{"rendered":"\n<h1 class=\"wp-block-heading\">\u00dcber uns<\/h1>\n\n\n\n<p>Mit Casinoandy wollten wir eine wirklich gute und umfassende Vergleichsseite mit Informationen und Fakten zu all den verschiedenen Online Casinos schaffen. Au\u00dferdem wollten wir interessierten Anf\u00e4ngern helfen, mehr dar\u00fcber zu erfahren, wie Casinospiele funktionieren, wie man sie spielt, welche Probleme auftreten k\u00f6nnen und was die Vor- und Nachteile sind. Wir denken, dass uns dies sehr gut gelungen ist!<\/p>\n\n\n\n<h2 class=\"wp-block-heading\">Wer sind wir?<\/h2>\n\n\n\n<p>Wir sind ein paar motivierte Jungs und M\u00e4dchen in unseren besten Jahren, die genau wie Sie gerne einen oder mehrere Tage im Monat in Online Casinos spielen. Zusammen haben wir \u00fcber 50 Jahre an Erfahrung in der Casinoindustrie womit wir deutsche Casinospielern auf der ganzen Welt helfen m\u00f6chten.<\/p>\n\n\n\n<h2 class=\"wp-block-heading\">Wer sind Sie? &#8211; Unsere Zielgruppe<\/h2>\n\n\n\n<p>Mit Casinoandy.com wollen wir Deutsche unterst\u00fctzen, das richtige Casino mit den f\u00fcr sie pers\u00f6nlich passenden Spielen und Boni zu finden. Dies k\u00f6nnen sowohl Casinos mit einer Lizenz in Deutschland als auch Casinos sein, die in naher Zukunft lizenziert werden k\u00f6nnten. Da es bereits viele Vergleichsseiten gibt, welche deutsche Casinos bewerten und auflisten, wollen wir noch weitergehen und alle Casinos nach verschiedenen Variablen vergleichen.<\/p>\n\n\n\n<h2 class=\"wp-block-heading\">Zuk\u00fcnftige Ziele <\/h2>\n\n\n\n<p>Unsere aktuellen und zuk\u00fcnftigen Ziele bestehen darin, unsere Zielgruppe mit Hilfe von allen Informationen, Fakten und Kenntnissen, die f\u00fcr eine Entscheidung f\u00fcr ein Online Casino notwendig sind, zufrieden zu stellen. Dies k\u00f6nnen zum Beispiel Vorbereitungen und Informationen \u00fcber den Registrierungsprozess des Kontos oder Hinweise darauf sein, welche Zahlungsmethoden am besten funktionieren und nach welchen Sie daher Ausschau halten sollten. Nicht zuletzt wollen wir unsere Leserinnen und Leser auch darauf vorbereiten, wie sie mit Spielpausen umgehen k\u00f6nnen und was sie tats\u00e4chlich bedeuten. Bitten werfen Sie einen Blick auf die verschiedenen spielbeschr\u00e4nkenden Ma\u00dfnahmen wie Spiel-Limits oder Selbst-Tests, um sich ein Bild von der vorhandenen Sicherheitsstruktur f\u00fcr Casinospieler zu machen.<br>Vergessen Sie nicht, dass es selbst bei einer existierenden Sicherheitsstruktur notwendig ist, \u00fcber ein zus\u00e4tzliches Ma\u00df an Selbstdisziplin sowie verantwortungsbewusstem Spielen zu Verf\u00fcgen, wenn man um echtes Geld spielt.<br>Viel Gl\u00fcck.<br>\/ Das Team von Casinoandy.com<\/p>\n","protected":false},"excerpt":{"rendered":"<p>\u00dcber uns Mit Casinoandy wollten wir eine wirklich gute und umfassende Vergleichsseite mit Informationen und Fakten zu all den verschiedenen&#8230;<\/p>\n","protected":false},"author":5,"featured_media":0,"parent":0,"menu_order":0,"comment_status":"closed","ping_status":"closed","template":"","meta":{"_acf_changed":false,"footnotes":""},"class_list":["post-1918","page","type-page","status-publish","hentry"],"acf":[],"yoast_head":"<!-- This site is optimized with the Yoast SEO plugin v27.0 - https:\/\/yoast.com\/product\/yoast-seo-wordpress\/ -->\n<title>\u00dcber uns \u2014 Casinoandy.com\/de<\/title>\n<meta name=\"description\" content=\"Mit Casinoandy wollten wir eine wirklich gute und umfassende Vergleichsseite mit Informationen und Fakten zu all den verschiedenen Online Casinos schaffen.\" \/>\n<meta name=\"robots\" content=\"index, follow, max-snippet:-1, max-image-preview:large, max-video-preview:-1\" \/>\n<link rel=\"canonical\" href=\"https:\/\/casinoandy.com\/de\/uber-uns\/\" \/>\n<meta property=\"og:locale\" content=\"de_DE\" \/>\n<meta property=\"og:type\" content=\"article\" \/>\n<meta property=\"og:title\" content=\"\u00dcber uns \u2014 Casinoandy.com\/de\" \/>\n<meta property=\"og:description\" content=\"Mit Casinoandy wollten wir eine wirklich gute und umfassende Vergleichsseite mit Informationen und Fakten zu all den verschiedenen Online Casinos schaffen.\" \/>\n<meta property=\"og:url\" content=\"https:\/\/casinoandy.com\/de\/uber-uns\/\" \/>\n<meta property=\"og:site_name\" content=\"Casinoandy\" \/>\n<meta property=\"article:modified_time\" content=\"2021-05-25T12:59:07+00:00\" \/>\n<meta name=\"twitter:card\" content=\"summary_large_image\" \/>\n<meta name=\"twitter:label1\" content=\"Gesch\u00e4tzte Lesezeit\" \/>\n\t<meta name=\"twitter:data1\" content=\"2\u00a0Minuten\" \/>\n<script type=\"application\/ld+json\" class=\"yoast-schema-graph\">{\"@context\":\"https:\/\/schema.org\",\"@graph\":[{\"@type\":\"WebPage\",\"@id\":\"https:\/\/casinoandy.com\/de\/uber-uns\/\",\"url\":\"https:\/\/casinoandy.com\/de\/uber-uns\/\",\"name\":\"\u00dcber uns \u2014 Casinoandy.com\/de\",\"isPartOf\":{\"@id\":\"https:\/\/casinoandy.com\/de\/#website\"},\"datePublished\":\"2021-01-12T14:48:22+00:00\",\"dateModified\":\"2021-05-25T12:59:07+00:00\",\"description\":\"Mit Casinoandy wollten wir eine wirklich gute und umfassende Vergleichsseite mit Informationen und Fakten zu all den verschiedenen Online Casinos schaffen.\",\"breadcrumb\":{\"@id\":\"https:\/\/casinoandy.com\/de\/uber-uns\/#breadcrumb\"},\"inLanguage\":\"de\",\"potentialAction\":[{\"@type\":\"ReadAction\",\"target\":[\"https:\/\/casinoandy.com\/de\/uber-uns\/\"]}]},{\"@type\":\"BreadcrumbList\",\"@id\":\"https:\/\/casinoandy.com\/de\/uber-uns\/#breadcrumb\",\"itemListElement\":[{\"@type\":\"ListItem\",\"position\":1,\"name\":\"Startseite\",\"item\":\"https:\/\/casinoandy.com\/de\/\"},{\"@type\":\"ListItem\",\"position\":2,\"name\":\"\u00dcber uns\"}]},{\"@type\":\"WebSite\",\"@id\":\"https:\/\/casinoandy.com\/de\/#website\",\"url\":\"https:\/\/casinoandy.com\/de\/\",\"name\":\"Casinoandy\",\"description\":\"\",\"publisher\":{\"@id\":\"https:\/\/casinoandy.com\/de\/#organization\"},\"potentialAction\":[{\"@type\":\"SearchAction\",\"target\":{\"@type\":\"EntryPoint\",\"urlTemplate\":\"https:\/\/casinoandy.com\/de\/?s={search_term_string}\"},\"query-input\":{\"@type\":\"PropertyValueSpecification\",\"valueRequired\":true,\"valueName\":\"search_term_string\"}}],\"inLanguage\":\"de\"},{\"@type\":\"Organization\",\"@id\":\"https:\/\/casinoandy.com\/de\/#organization\",\"name\":\"Casino Andy\",\"url\":\"https:\/\/casinoandy.com\/de\/\",\"logo\":{\"@type\":\"ImageObject\",\"inLanguage\":\"de\",\"@id\":\"https:\/\/casinoandy.com\/de\/#\/schema\/logo\/image\/\",\"url\":\"http:\/\/casinoandy.yourmedia.nbcdemo.com\/wp-content\/uploads\/2020\/12\/casino-andy-logo-1.png\",\"contentUrl\":\"http:\/\/casinoandy.yourmedia.nbcdemo.com\/wp-content\/uploads\/2020\/12\/casino-andy-logo-1.png\",\"width\":367,\"height\":195,\"caption\":\"Casino Andy\"},\"image\":{\"@id\":\"https:\/\/casinoandy.com\/de\/#\/schema\/logo\/image\/\"}}]}<\/script>\n<!-- \/ Yoast SEO plugin. -->","yoast_head_json":{"title":"\u00dcber uns \u2014 Casinoandy.com\/de","description":"Mit Casinoandy wollten wir eine wirklich gute und umfassende Vergleichsseite mit Informationen und Fakten zu all den verschiedenen Online Casinos schaffen.","robots":{"index":"index","follow":"follow","max-snippet":"max-snippet:-1","max-image-preview":"max-image-preview:large","max-video-preview":"max-video-preview:-1"},"canonical":"https:\/\/casinoandy.com\/de\/uber-uns\/","og_locale":"de_DE","og_type":"article","og_title":"\u00dcber uns \u2014 Casinoandy.com\/de","og_description":"Mit Casinoandy wollten wir eine wirklich gute und umfassende Vergleichsseite mit Informationen und Fakten zu all den verschiedenen Online Casinos schaffen.","og_url":"https:\/\/casinoandy.com\/de\/uber-uns\/","og_site_name":"Casinoandy","article_modified_time":"2021-05-25T12:59:07+00:00","twitter_card":"summary_large_image","twitter_misc":{"Gesch\u00e4tzte Lesezeit":"2\u00a0Minuten"},"schema":{"@context":"https:\/\/schema.org","@graph":[{"@type":"WebPage","@id":"https:\/\/casinoandy.com\/de\/uber-uns\/","url":"https:\/\/casinoandy.com\/de\/uber-uns\/","name":"\u00dcber uns \u2014 Casinoandy.com\/de","isPartOf":{"@id":"https:\/\/casinoandy.com\/de\/#website"},"datePublished":"2021-01-12T14:48:22+00:00","dateModified":"2021-05-25T12:59:07+00:00","description":"Mit Casinoandy wollten wir eine wirklich gute und umfassende Vergleichsseite mit Informationen und Fakten zu all den verschiedenen Online Casinos schaffen.","breadcrumb":{"@id":"https:\/\/casinoandy.com\/de\/uber-uns\/#breadcrumb"},"inLanguage":"de","potentialAction":[{"@type":"ReadAction","target":["https:\/\/casinoandy.com\/de\/uber-uns\/"]}]},{"@type":"BreadcrumbList","@id":"https:\/\/casinoandy.com\/de\/uber-uns\/#breadcrumb","itemListElement":[{"@type":"ListItem","position":1,"name":"Startseite","item":"https:\/\/casinoandy.com\/de\/"},{"@type":"ListItem","position":2,"name":"\u00dcber uns"}]},{"@type":"WebSite","@id":"https:\/\/casinoandy.com\/de\/#website","url":"https:\/\/casinoandy.com\/de\/","name":"Casinoandy","description":"","publisher":{"@id":"https:\/\/casinoandy.com\/de\/#organization"},"potentialAction":[{"@type":"SearchAction","target":{"@type":"EntryPoint","urlTemplate":"https:\/\/casinoandy.com\/de\/?s={search_term_string}"},"query-input":{"@type":"PropertyValueSpecification","valueRequired":true,"valueName":"search_term_string"}}],"inLanguage":"de"},{"@type":"Organization","@id":"https:\/\/casinoandy.com\/de\/#organization","name":"Casino Andy","url":"https:\/\/casinoandy.com\/de\/","logo":{"@type":"ImageObject","inLanguage":"de","@id":"https:\/\/casinoandy.com\/de\/#\/schema\/logo\/image\/","url":"http:\/\/casinoandy.yourmedia.nbcdemo.com\/wp-content\/uploads\/2020\/12\/casino-andy-logo-1.png","contentUrl":"http:\/\/casinoandy.yourmedia.nbcdemo.com\/wp-content\/uploads\/2020\/12\/casino-andy-logo-1.png","width":367,"height":195,"caption":"Casino Andy"},"image":{"@id":"https:\/\/casinoandy.com\/de\/#\/schema\/logo\/image\/"}}]}},"_links":{"self":[{"href":"https:\/\/casinoandy.com\/de\/wp-json\/wp\/v2\/pages\/1918","targetHints":{"allow":["GET"]}}],"collection":[{"href":"https:\/\/casinoandy.com\/de\/wp-json\/wp\/v2\/pages"}],"about":[{"href":"https:\/\/casinoandy.com\/de\/wp-json\/wp\/v2\/types\/page"}],"author":[{"embeddable":true,"href":"https:\/\/casinoandy.com\/de\/wp-json\/wp\/v2\/users\/5"}],"replies":[{"embeddable":true,"href":"https:\/\/casinoandy.com\/de\/wp-json\/wp\/v2\/comments?post=1918"}],"version-history":[{"count":3,"href":"https:\/\/casinoandy.com\/de\/wp-json\/wp\/v2\/pages\/1918\/revisions"}],"predecessor-version":[{"id":1921,"href":"https:\/\/casinoandy.com\/de\/wp-json\/wp\/v2\/pages\/1918\/revisions\/1921"}],"wp:attachment":[{"href":"https:\/\/casinoandy.com\/de\/wp-json\/wp\/v2\/media?parent=1918"}],"curies":[{"name":"wp","href":"https:\/\/api.w.org\/{rel}","templated":true}]}}