{"id":2652,"date":"2021-04-14T11:00:38","date_gmt":"2021-04-14T09:00:38","guid":{"rendered":"http:\/\/casinoandy.com\/online-casino\/zahlungsmethoden\/casino-med-trustly\/"},"modified":"2021-04-14T08:31:54","modified_gmt":"2021-04-14T06:31:54","slug":"trustly","status":"publish","type":"page","link":"https:\/\/casinoandy.com\/de\/online-casino\/zahlungsmethoden\/trustly\/","title":{"rendered":"Casino mit Trustly"},"content":{"rendered":"\n<h1 class=\"wp-block-heading\">Einfach loslegen im Trustly Casino<\/h1>\n\n\n\n<p>Trustly ist ein neuer, innovativer Zahlungsdienst. Das gleichnamige schwedische Unternehmen, das 2008 in Stockholm gegr\u00fcndet wurde, hat Zahlungen und Verifizierungen im Online-Gl\u00fccksspiel-Markt umgekrempelt: Ein Casino mit Trustly funktioniert n\u00e4mlich nach dem sogenannten Pay-N-Play-Konzept, das Trustly erfunden hat. Dementsprechend ist zum Spielen im Online-Casino keine Registrierung n\u00f6tig. Die Anmeldung im eigenen Bankkonto \u00fcber das Online-Banking, \u00fcber das heute fast jeder Benutzer verf\u00fcgt, reicht aus. Tats\u00e4chlich ziehen immer mehr Spieler Trustly herk\u00f6mmlichen Casino-Zahlungsmethoden vor, weil dieser Service Verifizierung und Zahlung vereint. Dies ist nicht nur schnell und bequem, sondern auch sicher. Lies weiter, wenn du neugierig bist, wie sich dieser praktische neue Zahlungsdienst f\u00fcr dich lohnt.<\/p>\n\n\n\n<h2 class=\"wp-block-heading\">Trustly Casino: Vor- und Nachteile<\/h2>\n\n\n\n<p>Die gro\u00dfen Vorteile des neuen Zahlungsdienstes ergeben sich aus dem Pay-N-Play-Konzept, obwohl Trustly auch als Option f\u00fcr Zahlungen in Standard-Casinos angeboten wird. Die Casino-Anmeldung und die \u00dcberpr\u00fcfung der Benutzerdaten dauern einige Zeit, und die meisten Spieler betreten die Schwelle eines Online-Casinos, um sofort zu spielen. Bei Trustly muss man lediglich eine Einzahlung von seinem Bankkonto aus \u00fcber das Online-Banking vornehmen und nichts steht mehr dem Spielspa\u00df im Wege. Welche Vor- und Nachteile der Anbieter mit sich bringt wirst du im Weiteren Verlauf erfahren.<\/p>\n\n\n\n<div class=\"wp-block-image\"><figure class=\"alignleft size-large\"><img loading=\"lazy\" decoding=\"async\" width=\"800\" height=\"500\" src=\"https:\/\/casinoandy.com\/wp-content\/uploads\/2021\/04\/Trustly.png\" alt=\"Trustly Casino\" class=\"wp-image-2656\" srcset=\"https:\/\/casinoandy.com\/wp-content\/uploads\/2021\/04\/Trustly.png 800w, https:\/\/casinoandy.com\/wp-content\/uploads\/2021\/04\/Trustly-300x188.png 300w, https:\/\/casinoandy.com\/wp-content\/uploads\/2021\/04\/Trustly-768x480.png 768w\" sizes=\"auto, (max-width: 800px) 100vw, 800px\" \/><\/figure><\/div>\n\n\n\n<p><strong>Die Vorteile eines Casinos mit Trustly<\/strong><\/p>\n\n\n\n<p>Der innovative Zahlungsdienst wird bei immer mehr Casino-Spielern immer beliebter, weil er schnell und einfach anwendbar ist. Nat\u00fcrlich spielen die zahlreichen Vorteile, die Trustly bietet, eine Schl\u00fcsselrolle f\u00fcr die positive Wahrnehmung des Zahlungsdienstes unter Casinospielern. Sie alle entspringen der Idee, dass der Finanzdienstleister als Vermittler zwischen dem Kunden und dem Casino fungiert. Somit muss der Casino-Kunde den \u00dcberpr\u00fcfungsprozess des Gl\u00fccksspielanbieters nicht durchlaufen, da dies von Trustly geregelt wird. Wie Trustly genau funktioniert und worauf Spieler achten sollten, erf\u00e4hrst du weiter unten im n\u00fctzlichen Schritt-f\u00fcr-Schritt-Guide von Casinoandy. Eins steht fest: Die Kombination aus bereits etablierten Zahlungsmechanismen und einem bequemen Zugriff \u00fcber Trustly bringt dem Spieler viele Vorteile, welche ich f\u00fcr dich aufgelistet habe:<\/p>\n\n\n\n<ul class=\"wp-block-list\"><li>Blitzschnelle Einzahlungen: Innerhalb von Sekunden. Die Zahlungsmethode ist damit schneller als Standard-Bank\u00fcberweisungen<\/li><li>Keine Geb\u00fchren: Transaktionen sind vollkommen geb\u00fchrenfrei.<\/li><li>M\u00f6glichkeit von Auszahlungen gegeben: Casino Gewinne k\u00f6nnen abgehoben werden und da Trustly deine Identit\u00e4t verifiziert, geht das auch sehr schnell<\/li><li>Keine Anmeldung im Online-Casino erforderlich: Bei Trustly als Pay-N-Play Casino kannst du online spielen, ohne dich beim Gl\u00fccksspielanbieter anzumelden.<\/li><li>T\u00dcV-zertifizierte Sicherheit: Der Finanzdienstleister ist von der Finanzaufsichtsbeh\u00f6rde Schwedens lizenziert. Trustly ist au\u00dferdem Mitglied der EPIF (European Payment Institution Federation) und besitzt das \u201eT\u00dcV-gepr\u00fcfter Datenschutz\u201c-Siegel.<\/li><li>Verf\u00fcgbarkeit vieler europ\u00e4ischer Banken: Trustly ist in 29 L\u00e4ndern aktiv und wird von Banken europaweit unterst\u00fctzt.&nbsp;<\/li><\/ul>\n\n\n\n<h3 class=\"wp-block-heading\"><strong>Die Nachteile eines Casinos mit Trustly<\/strong><\/h3>\n\n\n\n<p>Man kann an dieser Stelle anmerken, dass Trustly als neuer und noch nicht so etablierter Dienstleister auch den ein oder anderen Nachteil mit sich bringt. Nachteile liegen meist Problemen mit der Reichweite oder Bekanntheit von Trustly begr\u00fcndet. Es sieht allerdings ganz so aus, dass sich diese im Lauf der Zeit verbessern k\u00f6nnten und somit noch weitere Punkte zu der oben aufgef\u00fchrten Liste an Vorteilen zuzukommen. Damit du dir allerdings ein vollumf\u00e4ngliches Bild von Trustly mache kannst, behalte ich dir die Nachteile, die ich entdeckt habe, nicht vor. Wirf einfach einen Blick auf die Liste der Trustly-Nachteile hier:<\/p>\n\n\n\n<ul class=\"wp-block-list\"><li>Limitierte Verf\u00fcgbarkeit in Online Casinos: Bevor du dich f\u00fcr diese Zahlungsmethode entscheidest, pr\u00fcfe, ob das Casino deiner Wahl sie auch anbietet.<\/li><li>Limitierte Verf\u00fcgbarkeit in Banken: Obwohl Trustly eine gro\u00dfe Anzahl von L\u00e4ndern abdeckt, bieten eben nicht alle Banken das Instant-Banking-System an.<\/li><li>Kontof\u00fchrungsgeb\u00fchren m\u00f6glich: Der Service ist v\u00f6llig kostenlos, verwendet jedoch ein bestehendes Bankkonto \u00fcber Online-Banking. Viele Banken erheben dabei regul\u00e4re Kontof\u00fchrungsgeb\u00fchren.<\/li><li>Auszahlungen nicht immer m\u00f6glich: Trustly erlaubt sowohl Einzahlungen als auch Auszahlungen. Es h\u00e4ngt jedoch vom Online-Casino selbst ab, ob es eine Auszahlung von Gewinnen durch Trustly zul\u00e4sst.<\/li><li>Auszahlungen erfolgen nicht sofort: Selbst Online-Casinos, die Auszahlungen \u00fcber Trustly erlauben, m\u00fcssen zun\u00e4chst die Kundendaten pr\u00fcfen, was bis zu 24 Stunden dauern kann.<\/li><\/ul>\n\n\n\n<h2 class=\"wp-block-heading\">Deine Schritt-f\u00fcr-Schritt-Anleitung f\u00fcr Zahlungen in einem Trustly Casino<\/h2>\n\n\n\n<p>Du fragst dich wahrscheinlich bereits, wie der Zahlungsvorgang in einem Trustly Casino genau funktioniert. Mit &#8222;Trustly Casino&#8220; ist in den meisten F\u00e4llen ein Pay-N-Play-Casino gemeint, in dem spontanes Spielen ohne Anmeldung m\u00f6glich ist. Man spricht hier auch von einem <a href=\"https:\/\/casinoandy.com\/de\/online-casino\/mit-sofortauszahlung\/\">Casino mit schneller Auszahlung<\/a>! Tats\u00e4chlich ist das Verfahren \u00e4u\u00dferst einfach und bequem, was Trustly in kurzer Zeit zur bevorzugten Zahlungsmethode der meisten Gl\u00fccksspielfans gemacht hat. Um Trustly in einem Online-Casino nutzen zu k\u00f6nnen, sollst du zun\u00e4chst \u00fcber ein Bankkonto und Online-Banking verf\u00fcgen, mit denen du Bank\u00fcberweisungen vornehmen kannst. Alles andere, was die \u00dcberpr\u00fcfung deiner Daten vom Casino betrifft, \u00fcbernimmt der Zahlungsservice direkt. Du m\u00f6chtest es gerne ausprobieren? So funktioniert die Einzahlung mit Trustly Schritt f\u00fcr Schritt:<\/p>\n\n\n\n<ol class=\"wp-block-list\"><li>Trustly Online-Casino finden: Finde eine Option, welche deine Lieblingsspiele anbietet und deinen Vorlieben entspricht.<\/li><li>Navigation zum Kassenbereich: Navigiere zum Kassenbereich des Gl\u00fccksspielanbieters. Halte deine Online-Banking-Zugangsdaten (Login und Passwort) einsatzbereit.<\/li><li>W\u00e4hle Trustly als Einzahlungsmethode. In Pay-N-Play-Casinos ist dies m\u00f6glicherweise die einzig m\u00f6gliche Zahlungsmethode.<\/li><li>W\u00e4hle dein Bankinstitut aus: Suche aus der Liste der Banken das Finanzinstitut aus, bei dem du ein Bankkonto hast. Du wirst automatisch zur Online-Banking-Seite weitergeleitet. Gebe deine Anmeldeinformationen f\u00fcrs Online-Banking deiner Bank ein.<\/li><li>Einzahlungsbetrag eingeben und \u00dcberweisung t\u00e4tigen: Gebe den Betrag der Einzahlung ein und t\u00e4tige die \u00dcberweisung. Du kannst die Zahlung mit PIN, TAN oder einer anderen von deiner Bank verwendeten Methode best\u00e4tigen.<\/li><li>Fertig! Du kannst jetzt loslegen. Viel Spa\u00df beim Spielen und viel Gl\u00fcck!<\/li><\/ol>\n\n\n\n<h2 class=\"wp-block-heading\">Einige n\u00fctzliche Tipps von Casinoandy zum Trustly Casino<\/h2>\n\n\n\n<p>Was ist bei Trustly zu beachten? Wie kannst du Trustly optimal f\u00fcr Ein- und Auszahlungen in Online-Casinos verwenden? Wenn du dich f\u00fcr Trustly entschieden hast, stell zun\u00e4chst sicher, dass dein Lieblingscasino diese Zahlungsoption auch unterst\u00fctzt. Die Methode ist sehr schnell und bequem, aber pr\u00fcfe, ob deine Bank sie auch anbietet. Das Gute an Trustly ist, dass du deine vertraulichen Informationen \u00fcber den Finanzdienstleister direkt auf der Online-Banking Seite eingibst. Das gew\u00e4hrleistet dir auch Sicherheit in einem <a href=\"https:\/\/casinoandy.com\/de\/online-casino\/ohne-lizenz\/\">Casino ohne Lizenz mit Trustly<\/a>. Dem Casino-Anbieter werden keine Finanzinformationen wie Kontonummern oder Kartennummern mitgeteilt \u2013 im Gegensatz zu anderen Bezahlmethoden, die zudem l\u00e4nger dauern und bei denen du dich zus\u00e4tzlich noch im Online-Casino anmelden musst. Mit Trustly ist all das in einer Transaktion erledigt.<\/p>\n\n\n\n<h2 class=\"wp-block-heading\">Trustly Casino: H\u00e4ufig gestellte Fragen<\/h2>\n\n\n\n<p>Eine schnelle, sichere und komfortable Option f\u00fcr Ein- und Auszahlungen in Online-Casinos wie Trustly klingt zu gut, um wahr zu sein? Keine Sorge, der Zahlungsdienst ist zwar neu und revolution\u00e4r, aber auch seri\u00f6s und sicher \u2013 und wird den Markt f\u00fcr Online-Gl\u00fccksspiele sicher schnell auf den Kopf stellen. Mit Trustly sind Spieler nicht nur schnell zum Spielen bereit, sondern k\u00f6nnen sich auch darauf verlassen, dass ihr Geld in guten H\u00e4nden ist. Hast du noch Fragen zur Nutzung von Trustly? Alle Antworten rund um technische Voraussetzungen, die Vorteile von Trustly im Vergleich zu anderen Zahlungsmethoden und der Nutzung des Zahlungsdienstes auf Smartphones findest du in den folgenden FAQs.<\/p>\n\n\n\n<h3 class=\"wp-block-heading\"><strong>Ben\u00f6tige ich ein spezielles Konto f\u00fcr die Einzahlung mit Trustly?<\/strong><\/h3>\n\n\n\n<p>Die Antwort ist definitiv nein! Dies ist eines der gro\u00dfartigen Merkmale der innovativen L\u00f6sung des schwedischen Unternehmens. Im Gegensatz zu E-Wallet-Diensten, bei denen du ein Konto erstellen musst, ben\u00f6tigst du bei Trustly keine Anmeldung. Der Finanzdienstleister spielt die Rolle eines verifizierenden Vermittlers, \u00fcber den du dein bestehendes Bankkonto \u00fcber dein eigenes Online-Banking nutzen kannst. Trustly speichert keine Anmeldedaten und gibt keine sensiblen Informationen an Dritte weiter. Mit einem einzigen Login f\u00fcr dein Online-Banking kannst du Zahlungen in Online-Casinos und bei anderen H\u00e4ndlern t\u00e4tigen. In einigen Pay-N-Play-Casinos, in denen Trustly die einzige Zahlungsoption ist, brauchst du dich sogar im Casino nicht anmelden, um spielen zu k\u00f6nnen.<\/p>\n\n\n\n<h3 class=\"wp-block-heading\"><strong>Wie gut ist Trustly im Vergleich zu anderen Zahlungsoptionen?<\/strong><\/h3>\n\n\n\n<p>Trustly geh\u00f6rt zu den einfachsten Zahlungsmethoden f\u00fcr Spieler in Online-Casinos. Du brauchst dich nicht zu registrieren, weder bei Trustly, noch im Online-Casino selbst. Im Gegensatz zu \u00dcberweisungen auf dem herk\u00f6mmlichen Weg ist das Geld fast sofort auf deinem Casino-Konto zur Verf\u00fcgung. Selbst bei Auszahlungen, die in Online-Casinos normalerweise l\u00e4nger dauern, bietet Trustly eine bemerkenswerte Geschwindigkeit. Allein die Tatsache, dass du \u00fcber den Zahlungsdienst mit deinem Online-Banking die Zahlungen abwickeln kannst, weist darauf hin, dass die Methode zu den sichersten geh\u00f6rt. Bankzahlungen z\u00e4hlen bekanntlich zu den am besten gesch\u00fctzten Datentransaktionen. Zu guter Letzt ist der Service v\u00f6llig kostenlos und in vielen europ\u00e4ischen L\u00e4ndern verf\u00fcgbar.<\/p>\n\n\n\n<h3 class=\"wp-block-heading\"><strong>Ist die Nutzung von Trustly mit dem Smartphone m\u00f6glich?<\/strong><\/h3>\n\n\n\n<p>Na klar. In Europa finden mehr als 40 Prozent von Casino-Sitzungen von einem mobilen Ger\u00e4t aus statt. Aus diesem Grund ist es wichtig, dass ein Zahlungsdienst sowohl auf PC oder Laptop als auch auf einem Smartphone oder Tablet funktioniert, unabh\u00e4ngig vom Betriebssystem. Das ist bei Trustly der Fall. Neben dem Komfort der schnellen und einfachen Zahlung bietet dieser Zahlungsdienst auch eine sehr gute Mobilit\u00e4t. Du kannst mit Trustly in deinem Lieblingscasino per Smartphone oder Tablet von \u00fcberall aus einzahlen und spielen. Denke aber daran, dass einige \u00e4ltere Casino-Spiele trotz spezieller mobiler Anwendungen und HTML-5-Kompatibilit\u00e4t der Casino-Seite nicht auf einem Smartphone oder Tablet gespielt werden k\u00f6nnen.<\/p>\n\n\n\n<h3 class=\"wp-block-heading\"><strong>Wie verbreitet ist Trustly in Online-Casinos?<\/strong><\/h3>\n\n\n\n<p>Die einheitliche Instant-Zahlung \u00fcber das bestehende Online-Banking-Konto ist sowohl f\u00fcr Spieler als auch f\u00fcr Casino-Anbieter ausgesprochen praktisch. Dementsprechend bieten immer mehr Online-Casinos Trustly in der Liste der verwendeten Zahlungsoptionen an. Trustly erscheint dort zusammen mit anderen Zahlungsmethoden wie der klassischen Bank\u00fcberweisung, den Kreditkarten, den Prepaid-Karten und den E-Wallets. Bei einigen Online-Casinos ist Trustly sogar die einzige Zahlungsmethode. In diesem Fall bezeichnet man den jeweiligen Anbieter als Pay-N-Play-Casino. Du brauchst dich nicht einmal anmelden, um in diesen Casinos online spielen zu k\u00f6nnen. Angesichts der vielen Vorteile, die der Zahlungsdienst bietet, erwarten wir, dass in Zukunft immer mehr Gl\u00fccksspielanbieter Trustly als zuverl\u00e4ssige und bequeme Zahlungsmethode einbeziehen werden.<\/p>\n\n\n\n<h2 class=\"wp-block-heading\">Fazit: Im Trustly Casino lenkt dich nichts vom Spiel ab<\/h2>\n\n\n\n<p>F\u00fcr ihre Lieblingsbesch\u00e4ftigung k\u00f6nnen Gl\u00fccksspielfans im Casino auf alles dankend verzichten, was von den Spielen ablenkt. Gerade Zahlungen sind normalerweise eines der h\u00e4ufigsten Hindernisse f\u00fcr Casino-Kunden. Einige Zahlungsmethoden erfordern eine separate Anmeldung beim jeweiligen Anbieter. Andere sind zu langsam und es kann dauern, bis das Spielerkonto aufgeladen ist. Trustly bietet die optimale L\u00f6sung f\u00fcr alle Probleme bei Ein- und Auszahlungen an. Die Methode ist nicht nur schnell. Sie ist auch \u00e4u\u00dferst sicher, da der Finanzanbieter vollst\u00e4ndig der Bankenaufsicht unterliegt. Zudem erh\u00e4lt das Casino die Finanzinformationen der Spieler nicht direkt. Unser Fazit: Trustly ist eine gute Wahl f\u00fcr Ein- und Auszahlungen in den zahlreichen Online Casinos.<\/p>\n","protected":false},"excerpt":{"rendered":"<p>Einfach loslegen im Trustly Casino Trustly ist ein neuer, innovativer Zahlungsdienst. Das gleichnamige schwedische Unternehmen, das 2008 in Stockholm gegr\u00fcndet&#8230;<\/p>\n","protected":false},"author":5,"featured_media":0,"parent":1791,"menu_order":0,"comment_status":"closed","ping_status":"closed","template":"","meta":{"_acf_changed":false,"footnotes":""},"class_list":["post-2652","page","type-page","status-publish","hentry"],"acf":[],"yoast_head":"<!-- This site is optimized with the Yoast SEO plugin v27.0 - https:\/\/yoast.com\/product\/yoast-seo-wordpress\/ -->\n<title>Bequem, sicher und ohne Anmeldung in einem Trustly Casino spielen<\/title>\n<meta name=\"description\" content=\"In einem Trustly Casino ben\u00f6tigt man kein Konto. Es reicht aus, wenn du deinen Zugang zum Online-Banking \u00fcber den Finanzdienstleister beim Einzahlen nutzt.\" \/>\n<meta name=\"robots\" content=\"index, follow, max-snippet:-1, max-image-preview:large, max-video-preview:-1\" \/>\n<link rel=\"canonical\" href=\"https:\/\/casinoandy.com\/de\/online-casino\/zahlungsmethoden\/trustly\/\" \/>\n<meta property=\"og:locale\" content=\"de_DE\" \/>\n<meta property=\"og:type\" content=\"article\" \/>\n<meta property=\"og:title\" content=\"Bequem, sicher und ohne Anmeldung in einem Trustly Casino spielen\" \/>\n<meta property=\"og:description\" content=\"In einem Trustly Casino ben\u00f6tigt man kein Konto. Es reicht aus, wenn du deinen Zugang zum Online-Banking \u00fcber den Finanzdienstleister beim Einzahlen nutzt.\" \/>\n<meta property=\"og:url\" content=\"https:\/\/casinoandy.com\/de\/online-casino\/zahlungsmethoden\/trustly\/\" \/>\n<meta property=\"og:site_name\" content=\"Casinoandy\" \/>\n<meta property=\"og:image\" content=\"http:\/\/casinoandy.com\/wp-content\/uploads\/2021\/04\/Trustly.png\" \/>\n<meta name=\"twitter:card\" content=\"summary_large_image\" \/>\n<meta name=\"twitter:label1\" content=\"Gesch\u00e4tzte Lesezeit\" \/>\n\t<meta name=\"twitter:data1\" content=\"9\u00a0Minuten\" \/>\n<script type=\"application\/ld+json\" class=\"yoast-schema-graph\">{\"@context\":\"https:\/\/schema.org\",\"@graph\":[{\"@type\":\"WebPage\",\"@id\":\"https:\/\/casinoandy.com\/de\/online-casino\/zahlungsmethoden\/trustly\/\",\"url\":\"https:\/\/casinoandy.com\/de\/online-casino\/zahlungsmethoden\/trustly\/\",\"name\":\"Bequem, sicher und ohne Anmeldung in einem Trustly Casino spielen\",\"isPartOf\":{\"@id\":\"https:\/\/casinoandy.com\/de\/#website\"},\"primaryImageOfPage\":{\"@id\":\"https:\/\/casinoandy.com\/de\/online-casino\/zahlungsmethoden\/trustly\/#primaryimage\"},\"image\":{\"@id\":\"https:\/\/casinoandy.com\/de\/online-casino\/zahlungsmethoden\/trustly\/#primaryimage\"},\"thumbnailUrl\":\"https:\/\/casinoandy.com\/wp-content\/uploads\/2021\/04\/Trustly.png\",\"datePublished\":\"2021-04-14T09:00:38+00:00\",\"description\":\"In einem Trustly Casino ben\u00f6tigt man kein Konto. Es reicht aus, wenn du deinen Zugang zum Online-Banking \u00fcber den Finanzdienstleister beim Einzahlen nutzt.\",\"breadcrumb\":{\"@id\":\"https:\/\/casinoandy.com\/de\/online-casino\/zahlungsmethoden\/trustly\/#breadcrumb\"},\"inLanguage\":\"de\",\"potentialAction\":[{\"@type\":\"ReadAction\",\"target\":[\"https:\/\/casinoandy.com\/de\/online-casino\/zahlungsmethoden\/trustly\/\"]}]},{\"@type\":\"ImageObject\",\"inLanguage\":\"de\",\"@id\":\"https:\/\/casinoandy.com\/de\/online-casino\/zahlungsmethoden\/trustly\/#primaryimage\",\"url\":\"https:\/\/casinoandy.com\/wp-content\/uploads\/2021\/04\/Trustly.png\",\"contentUrl\":\"https:\/\/casinoandy.com\/wp-content\/uploads\/2021\/04\/Trustly.png\"},{\"@type\":\"BreadcrumbList\",\"@id\":\"https:\/\/casinoandy.com\/de\/online-casino\/zahlungsmethoden\/trustly\/#breadcrumb\",\"itemListElement\":[{\"@type\":\"ListItem\",\"position\":1,\"name\":\"Startseite\",\"item\":\"https:\/\/casinoandy.com\/de\/\"},{\"@type\":\"ListItem\",\"position\":2,\"name\":\"Online Casino\",\"item\":\"https:\/\/casinoandy.com\/de\/online-casino\/\"},{\"@type\":\"ListItem\",\"position\":3,\"name\":\"Zahlungsmethoden\",\"item\":\"https:\/\/casinoandy.com\/de\/online-casino\/zahlungsmethoden\/\"},{\"@type\":\"ListItem\",\"position\":4,\"name\":\"Casino mit Trustly\"}]},{\"@type\":\"WebSite\",\"@id\":\"https:\/\/casinoandy.com\/de\/#website\",\"url\":\"https:\/\/casinoandy.com\/de\/\",\"name\":\"Casinoandy\",\"description\":\"\",\"publisher\":{\"@id\":\"https:\/\/casinoandy.com\/de\/#organization\"},\"potentialAction\":[{\"@type\":\"SearchAction\",\"target\":{\"@type\":\"EntryPoint\",\"urlTemplate\":\"https:\/\/casinoandy.com\/de\/?s={search_term_string}\"},\"query-input\":{\"@type\":\"PropertyValueSpecification\",\"valueRequired\":true,\"valueName\":\"search_term_string\"}}],\"inLanguage\":\"de\"},{\"@type\":\"Organization\",\"@id\":\"https:\/\/casinoandy.com\/de\/#organization\",\"name\":\"Casino Andy\",\"url\":\"https:\/\/casinoandy.com\/de\/\",\"logo\":{\"@type\":\"ImageObject\",\"inLanguage\":\"de\",\"@id\":\"https:\/\/casinoandy.com\/de\/#\/schema\/logo\/image\/\",\"url\":\"http:\/\/casinoandy.yourmedia.nbcdemo.com\/wp-content\/uploads\/2020\/12\/casino-andy-logo-1.png\",\"contentUrl\":\"http:\/\/casinoandy.yourmedia.nbcdemo.com\/wp-content\/uploads\/2020\/12\/casino-andy-logo-1.png\",\"width\":367,\"height\":195,\"caption\":\"Casino Andy\"},\"image\":{\"@id\":\"https:\/\/casinoandy.com\/de\/#\/schema\/logo\/image\/\"}}]}<\/script>\n<!-- \/ Yoast SEO plugin. -->","yoast_head_json":{"title":"Bequem, sicher und ohne Anmeldung in einem Trustly Casino spielen","description":"In einem Trustly Casino ben\u00f6tigt man kein Konto. Es reicht aus, wenn du deinen Zugang zum Online-Banking \u00fcber den Finanzdienstleister beim Einzahlen nutzt.","robots":{"index":"index","follow":"follow","max-snippet":"max-snippet:-1","max-image-preview":"max-image-preview:large","max-video-preview":"max-video-preview:-1"},"canonical":"https:\/\/casinoandy.com\/de\/online-casino\/zahlungsmethoden\/trustly\/","og_locale":"de_DE","og_type":"article","og_title":"Bequem, sicher und ohne Anmeldung in einem Trustly Casino spielen","og_description":"In einem Trustly Casino ben\u00f6tigt man kein Konto. Es reicht aus, wenn du deinen Zugang zum Online-Banking \u00fcber den Finanzdienstleister beim Einzahlen nutzt.","og_url":"https:\/\/casinoandy.com\/de\/online-casino\/zahlungsmethoden\/trustly\/","og_site_name":"Casinoandy","og_image":[{"url":"http:\/\/casinoandy.com\/wp-content\/uploads\/2021\/04\/Trustly.png","type":"","width":"","height":""}],"twitter_card":"summary_large_image","twitter_misc":{"Gesch\u00e4tzte Lesezeit":"9\u00a0Minuten"},"schema":{"@context":"https:\/\/schema.org","@graph":[{"@type":"WebPage","@id":"https:\/\/casinoandy.com\/de\/online-casino\/zahlungsmethoden\/trustly\/","url":"https:\/\/casinoandy.com\/de\/online-casino\/zahlungsmethoden\/trustly\/","name":"Bequem, sicher und ohne Anmeldung in einem Trustly Casino spielen","isPartOf":{"@id":"https:\/\/casinoandy.com\/de\/#website"},"primaryImageOfPage":{"@id":"https:\/\/casinoandy.com\/de\/online-casino\/zahlungsmethoden\/trustly\/#primaryimage"},"image":{"@id":"https:\/\/casinoandy.com\/de\/online-casino\/zahlungsmethoden\/trustly\/#primaryimage"},"thumbnailUrl":"https:\/\/casinoandy.com\/wp-content\/uploads\/2021\/04\/Trustly.png","datePublished":"2021-04-14T09:00:38+00:00","description":"In einem Trustly Casino ben\u00f6tigt man kein Konto. Es reicht aus, wenn du deinen Zugang zum Online-Banking \u00fcber den Finanzdienstleister beim Einzahlen nutzt.","breadcrumb":{"@id":"https:\/\/casinoandy.com\/de\/online-casino\/zahlungsmethoden\/trustly\/#breadcrumb"},"inLanguage":"de","potentialAction":[{"@type":"ReadAction","target":["https:\/\/casinoandy.com\/de\/online-casino\/zahlungsmethoden\/trustly\/"]}]},{"@type":"ImageObject","inLanguage":"de","@id":"https:\/\/casinoandy.com\/de\/online-casino\/zahlungsmethoden\/trustly\/#primaryimage","url":"https:\/\/casinoandy.com\/wp-content\/uploads\/2021\/04\/Trustly.png","contentUrl":"https:\/\/casinoandy.com\/wp-content\/uploads\/2021\/04\/Trustly.png"},{"@type":"BreadcrumbList","@id":"https:\/\/casinoandy.com\/de\/online-casino\/zahlungsmethoden\/trustly\/#breadcrumb","itemListElement":[{"@type":"ListItem","position":1,"name":"Startseite","item":"https:\/\/casinoandy.com\/de\/"},{"@type":"ListItem","position":2,"name":"Online Casino","item":"https:\/\/casinoandy.com\/de\/online-casino\/"},{"@type":"ListItem","position":3,"name":"Zahlungsmethoden","item":"https:\/\/casinoandy.com\/de\/online-casino\/zahlungsmethoden\/"},{"@type":"ListItem","position":4,"name":"Casino mit Trustly"}]},{"@type":"WebSite","@id":"https:\/\/casinoandy.com\/de\/#website","url":"https:\/\/casinoandy.com\/de\/","name":"Casinoandy","description":"","publisher":{"@id":"https:\/\/casinoandy.com\/de\/#organization"},"potentialAction":[{"@type":"SearchAction","target":{"@type":"EntryPoint","urlTemplate":"https:\/\/casinoandy.com\/de\/?s={search_term_string}"},"query-input":{"@type":"PropertyValueSpecification","valueRequired":true,"valueName":"search_term_string"}}],"inLanguage":"de"},{"@type":"Organization","@id":"https:\/\/casinoandy.com\/de\/#organization","name":"Casino Andy","url":"https:\/\/casinoandy.com\/de\/","logo":{"@type":"ImageObject","inLanguage":"de","@id":"https:\/\/casinoandy.com\/de\/#\/schema\/logo\/image\/","url":"http:\/\/casinoandy.yourmedia.nbcdemo.com\/wp-content\/uploads\/2020\/12\/casino-andy-logo-1.png","contentUrl":"http:\/\/casinoandy.yourmedia.nbcdemo.com\/wp-content\/uploads\/2020\/12\/casino-andy-logo-1.png","width":367,"height":195,"caption":"Casino Andy"},"image":{"@id":"https:\/\/casinoandy.com\/de\/#\/schema\/logo\/image\/"}}]}},"_links":{"self":[{"href":"https:\/\/casinoandy.com\/de\/wp-json\/wp\/v2\/pages\/2652","targetHints":{"allow":["GET"]}}],"collection":[{"href":"https:\/\/casinoandy.com\/de\/wp-json\/wp\/v2\/pages"}],"about":[{"href":"https:\/\/casinoandy.com\/de\/wp-json\/wp\/v2\/types\/page"}],"author":[{"embeddable":true,"href":"https:\/\/casinoandy.com\/de\/wp-json\/wp\/v2\/users\/5"}],"replies":[{"embeddable":true,"href":"https:\/\/casinoandy.com\/de\/wp-json\/wp\/v2\/comments?post=2652"}],"version-history":[{"count":3,"href":"https:\/\/casinoandy.com\/de\/wp-json\/wp\/v2\/pages\/2652\/revisions"}],"predecessor-version":[{"id":2660,"href":"https:\/\/casinoandy.com\/de\/wp-json\/wp\/v2\/pages\/2652\/revisions\/2660"}],"up":[{"embeddable":true,"href":"https:\/\/casinoandy.com\/de\/wp-json\/wp\/v2\/pages\/1791"}],"wp:attachment":[{"href":"https:\/\/casinoandy.com\/de\/wp-json\/wp\/v2\/media?parent=2652"}],"curies":[{"name":"wp","href":"https:\/\/api.w.org\/{rel}","templated":true}]}}