{"id":7222,"date":"2023-05-04T09:23:35","date_gmt":"2023-05-04T07:23:35","guid":{"rendered":"http:\/\/casinoandy.com\/?page_id=7222"},"modified":"2023-05-04T09:24:59","modified_gmt":"2023-05-04T07:24:59","slug":"book-of-dead","status":"publish","type":"page","link":"https:\/\/casinoandy.com\/de\/book-of-dead\/","title":{"rendered":"Book of Dead"},"content":{"rendered":"\n<h1 class=\"wp-block-heading\">Book of Dead kostenlos<\/h1>\n\n\n\n<p>Wer sich h\u00e4ufiger mit Gl\u00fccksspiel im Internet besch\u00e4ftigt, der wird wissen: Slotspiele sind die mit Abstand beliebteste Kategorie, wenn es ums Online Zocken geht. Die sich drehenden Walzen \u00fcbten schon in der physischen Spielbank eine anhaltende Faszination auf die Spieler aus. Das hat sich im Zeitalter des Internets kein Bisschen ge\u00e4ndert. Nat\u00fcrlich gibt es unz\u00e4hlige Varianten. Wir m\u00f6chten dir heute einmal eines der beliebtesten Spiele aus dieser Sparte vorstellen, das sagenumwobene Book of Dead.<\/p>\n\n\n\n<figure class=\"wp-block-image size-full\"><img loading=\"lazy\" decoding=\"async\" width=\"800\" height=\"400\" src=\"http:\/\/casinoandy.com\/wp-content\/uploads\/2023\/05\/book-of-dead.jpeg\" alt=\"Book of dead\" class=\"wp-image-7227\" srcset=\"https:\/\/casinoandy.com\/wp-content\/uploads\/2023\/05\/book-of-dead.jpeg 800w, https:\/\/casinoandy.com\/wp-content\/uploads\/2023\/05\/book-of-dead-300x150.jpeg 300w, https:\/\/casinoandy.com\/wp-content\/uploads\/2023\/05\/book-of-dead-768x384.jpeg 768w\" sizes=\"auto, (max-width: 800px) 100vw, 800px\" \/><\/figure>\n\n\n\n<h2 class=\"wp-block-heading\">Worum geht es bei Book of Dead?<\/h2>\n\n\n\n<p>Das Spiel richtet sich in erster Linie an Fans des alten \u00c4gyptens. Pharaonen, Skarab\u00e4en und viele andere Symbole vom Nil zieren die Spieloberfl\u00e4che und nat\u00fcrlich auch die ikonischen Walzen. Wie bei jedem Slotspiel ist es das Ziel des Spielers, m\u00f6glichst viele gleiche Symbole oder bestimmte Kombinationen auf den verschiedenen Walzen zu erzielen. Wenn das gelingt, winken dabei hohe Gewinne. Allerdings handelt es sich hierbei um ein Gl\u00fccksspiel. Das Ergebnis ist also einzig und alleine vom Zufall abh\u00e4ngig. Auf der Storyseite folgt das Spiel dem Abenteurer Rich Wilde bei der Erkundung der \u00e4gyptischen Katakomben. Es wird also auch abseits des eigentlichen Spiels einiges an Unterhaltung geboten.<\/p>\n\n\n\n<h2 class=\"wp-block-heading\">Wissenswerte Fakten zum Spiel<\/h2>\n\n\n\n<p>Wer das Spiel&nbsp;Book of Dead kostenlos&nbsp;spielt, stellt fest, dass das Spiel \u00fcber 5 Walzen verf\u00fcgt. Dabei stehen insgesamt 10 Gewinnlinien zur Verf\u00fcgung. Ambitionierte Spieler werden sich freuen, dass das Spiel eine Gewinnauszahlung von bis zu 96,21 % aufweist. Damit befindet es sich in einem fairen Rahmen. Der Mindesteinsatz liegt bei 10 Cent, der H\u00f6chsteinsatz hingegen bei 50 EUR. Was zu bedenken ist, ist die hohe Volatilit\u00e4t des Spiels. Das bedeutet, dass man zwar seltener gewinnt, aber daf\u00fcr \u00fcblicherweise sehr hoch. Das Book of Dead selbst dient hier als Wild Symbol, also als eine Art Joker, der fehlende Symbole in Kombinationen ersetzen kann. Dazu dient es als Scatter-Symbol und kann bei 3 B\u00fcchern 10 Freispiele ausl\u00f6sen.<\/p>\n\n\n\n<h2 class=\"wp-block-heading\">Wo kann man&nbsp;Book of Dead kostenlos&nbsp;spielen?<\/h2>\n\n\n\n<p>Wer sich erst einmal mit dem Spiel vertraut machen m\u00f6chte, der kann das ausgiebig ohne Einsatz des eigenen Geldes tun. Besonders einfach geht das in einem&nbsp;<a href=\"https:\/\/casinoandy.com\/de\/online-casino\/ohne-anmeldung\/\" rel=\"noreferrer noopener\" target=\"_blank\">Online Casino ohne Anmeldung<\/a>, wo auch der aufw\u00e4ndige Prozess zum Er\u00f6ffnen eines Kontos wegf\u00e4llt. Meist kann man das Spiel &#8222;trocken&#8220; spielen, also quasi nur zum Spa\u00df und ohne Einsatz. Was auch m\u00f6glich ist, ist die Nutzung von verschiedenen Boni, die Online Casinos oftmals anbieten. So geht der Spielspa\u00df los, ohne dass das eigene Konto direkt angegriffen wird.<\/p>\n\n\n\n<h2 class=\"wp-block-heading\">Auf was solltest du achten, wenn du&nbsp;Book of Dead kostenlos&nbsp;spielst?<\/h2>\n\n\n\n<p>Egal ob mit oder ohne Einsatz, generell sollten Spieler die Nutzung von einem&nbsp;<a href=\"https:\/\/casinoandy.com\/de\/online-casino\/ohne-lizenz\/\" rel=\"noreferrer noopener\" target=\"_blank\">Casino ohne Lizenz<\/a>&nbsp;vermeiden. Hierbei handelt es sich um unseri\u00f6se Anbieter, die im Zweifelsfall schwer greifbar sind, wenn es zu einem Konflikt kommt. Auch bei der Entscheidung,&nbsp;Book of Dead kostenlos&nbsp;zu spielen, sollte man au\u00dferdem Casinos mit fairen Boni und Einsatzbedingungen w\u00e4hlen. Wenn doch einmal echtes Geld eingesetzt werden soll, macht sich die Nachforschung mehrfach bezahlt. Auch abseits der Boni sollten die Bedingungen des Casinos klar, deutlich und immer gut nachvollziehbar sein. Ein guter Kundenservice ist au\u00dferdem ein absolutes Muss bei der Auswahl eines modernen Online Casinos.<\/p>\n\n\n\n<h2 class=\"wp-block-heading\">Fazit<\/h2>\n\n\n\n<p>Wen es jetzt bereits in den Fingern juckt, der kann&nbsp;Book of Dead kostenlos&nbsp;testen und sich dann \u00fcberlegen, ob sich ein Einsatz lohnt, oder nicht. Ein paar Runden ohne eigenes Geld sind auf jeden Fall wertvoll, um ein gutes Gef\u00fchl f\u00fcr das Spiel und seine Dynamik zu bekommen. Falls die thematische Bandbreite erweitert werden soll, finden sich bei&nbsp;<a href=\"http:\/\/casinoandy.com\/de\" rel=\"noreferrer noopener\" target=\"_blank\">Casinoandy<\/a>&nbsp;zahlreiche Berichte und Beschreibungen zu den beliebtesten Slotspielen. Diese lohnen sich auf jeden Fall, damit man bei der Auswahl des neuen Lieblingsspiels unbedingt die richtige Entscheidung trifft.<\/p>\n","protected":false},"excerpt":{"rendered":"<p>Book of Dead kostenlos Wer sich h\u00e4ufiger mit Gl\u00fccksspiel im Internet besch\u00e4ftigt, der wird wissen: Slotspiele sind die mit Abstand&#8230;<\/p>\n","protected":false},"author":5,"featured_media":0,"parent":0,"menu_order":0,"comment_status":"closed","ping_status":"closed","template":"","meta":{"_acf_changed":false,"footnotes":""},"class_list":["post-7222","page","type-page","status-publish","hentry"],"acf":[],"yoast_head":"<!-- This site is optimized with the Yoast SEO plugin v27.0 - https:\/\/yoast.com\/product\/yoast-seo-wordpress\/ -->\n<title>Wie man das beliebte Slotspiel Book of Dead kostenlos spielen<\/title>\n<meta name=\"description\" content=\"Wer Book of Dead kostenlos spielen m\u00f6chte, der hat sich f\u00fcr eines der beliebtesten Slotspiele \u00fcberhaupt entschieden. Wir stellen den Klassiker vor.\" \/>\n<meta name=\"robots\" content=\"index, follow, max-snippet:-1, max-image-preview:large, max-video-preview:-1\" \/>\n<link rel=\"canonical\" href=\"https:\/\/casinoandy.com\/de\/book-of-dead\/\" \/>\n<meta property=\"og:locale\" content=\"de_DE\" \/>\n<meta property=\"og:type\" content=\"article\" \/>\n<meta property=\"og:title\" content=\"Wie man das beliebte Slotspiel Book of Dead kostenlos spielen\" \/>\n<meta property=\"og:description\" content=\"Wer Book of Dead kostenlos spielen m\u00f6chte, der hat sich f\u00fcr eines der beliebtesten Slotspiele \u00fcberhaupt entschieden. Wir stellen den Klassiker vor.\" \/>\n<meta property=\"og:url\" content=\"https:\/\/casinoandy.com\/de\/book-of-dead\/\" \/>\n<meta property=\"og:site_name\" content=\"Casinoandy\" \/>\n<meta property=\"article:modified_time\" content=\"2023-05-04T07:24:59+00:00\" \/>\n<meta property=\"og:image\" content=\"http:\/\/casinoandy.com\/wp-content\/uploads\/2023\/05\/book-of-dead.jpeg\" \/>\n<meta name=\"twitter:card\" content=\"summary_large_image\" \/>\n<meta name=\"twitter:label1\" content=\"Gesch\u00e4tzte Lesezeit\" \/>\n\t<meta name=\"twitter:data1\" content=\"4\u00a0Minuten\" \/>\n<script type=\"application\/ld+json\" class=\"yoast-schema-graph\">{\"@context\":\"https:\/\/schema.org\",\"@graph\":[{\"@type\":\"WebPage\",\"@id\":\"https:\/\/casinoandy.com\/de\/book-of-dead\/\",\"url\":\"https:\/\/casinoandy.com\/de\/book-of-dead\/\",\"name\":\"Wie man das beliebte Slotspiel Book of Dead kostenlos spielen\",\"isPartOf\":{\"@id\":\"https:\/\/casinoandy.com\/de\/#website\"},\"primaryImageOfPage\":{\"@id\":\"https:\/\/casinoandy.com\/de\/book-of-dead\/#primaryimage\"},\"image\":{\"@id\":\"https:\/\/casinoandy.com\/de\/book-of-dead\/#primaryimage\"},\"thumbnailUrl\":\"http:\/\/casinoandy.com\/wp-content\/uploads\/2023\/05\/book-of-dead.jpeg\",\"datePublished\":\"2023-05-04T07:23:35+00:00\",\"dateModified\":\"2023-05-04T07:24:59+00:00\",\"description\":\"Wer Book of Dead kostenlos spielen m\u00f6chte, der hat sich f\u00fcr eines der beliebtesten Slotspiele \u00fcberhaupt entschieden. Wir stellen den Klassiker vor.\",\"breadcrumb\":{\"@id\":\"https:\/\/casinoandy.com\/de\/book-of-dead\/#breadcrumb\"},\"inLanguage\":\"de\",\"potentialAction\":[{\"@type\":\"ReadAction\",\"target\":[\"https:\/\/casinoandy.com\/de\/book-of-dead\/\"]}]},{\"@type\":\"ImageObject\",\"inLanguage\":\"de\",\"@id\":\"https:\/\/casinoandy.com\/de\/book-of-dead\/#primaryimage\",\"url\":\"http:\/\/casinoandy.com\/wp-content\/uploads\/2023\/05\/book-of-dead.jpeg\",\"contentUrl\":\"http:\/\/casinoandy.com\/wp-content\/uploads\/2023\/05\/book-of-dead.jpeg\"},{\"@type\":\"BreadcrumbList\",\"@id\":\"https:\/\/casinoandy.com\/de\/book-of-dead\/#breadcrumb\",\"itemListElement\":[{\"@type\":\"ListItem\",\"position\":1,\"name\":\"Startseite\",\"item\":\"https:\/\/casinoandy.com\/de\/\"},{\"@type\":\"ListItem\",\"position\":2,\"name\":\"Book of Dead\"}]},{\"@type\":\"WebSite\",\"@id\":\"https:\/\/casinoandy.com\/de\/#website\",\"url\":\"https:\/\/casinoandy.com\/de\/\",\"name\":\"Casinoandy\",\"description\":\"\",\"publisher\":{\"@id\":\"https:\/\/casinoandy.com\/de\/#organization\"},\"potentialAction\":[{\"@type\":\"SearchAction\",\"target\":{\"@type\":\"EntryPoint\",\"urlTemplate\":\"https:\/\/casinoandy.com\/de\/?s={search_term_string}\"},\"query-input\":{\"@type\":\"PropertyValueSpecification\",\"valueRequired\":true,\"valueName\":\"search_term_string\"}}],\"inLanguage\":\"de\"},{\"@type\":\"Organization\",\"@id\":\"https:\/\/casinoandy.com\/de\/#organization\",\"name\":\"Casino Andy\",\"url\":\"https:\/\/casinoandy.com\/de\/\",\"logo\":{\"@type\":\"ImageObject\",\"inLanguage\":\"de\",\"@id\":\"https:\/\/casinoandy.com\/de\/#\/schema\/logo\/image\/\",\"url\":\"http:\/\/casinoandy.yourmedia.nbcdemo.com\/wp-content\/uploads\/2020\/12\/casino-andy-logo-1.png\",\"contentUrl\":\"http:\/\/casinoandy.yourmedia.nbcdemo.com\/wp-content\/uploads\/2020\/12\/casino-andy-logo-1.png\",\"width\":367,\"height\":195,\"caption\":\"Casino Andy\"},\"image\":{\"@id\":\"https:\/\/casinoandy.com\/de\/#\/schema\/logo\/image\/\"}}]}<\/script>\n<!-- \/ Yoast SEO plugin. -->","yoast_head_json":{"title":"Wie man das beliebte Slotspiel Book of Dead kostenlos spielen","description":"Wer Book of Dead kostenlos spielen m\u00f6chte, der hat sich f\u00fcr eines der beliebtesten Slotspiele \u00fcberhaupt entschieden. Wir stellen den Klassiker vor.","robots":{"index":"index","follow":"follow","max-snippet":"max-snippet:-1","max-image-preview":"max-image-preview:large","max-video-preview":"max-video-preview:-1"},"canonical":"https:\/\/casinoandy.com\/de\/book-of-dead\/","og_locale":"de_DE","og_type":"article","og_title":"Wie man das beliebte Slotspiel Book of Dead kostenlos spielen","og_description":"Wer Book of Dead kostenlos spielen m\u00f6chte, der hat sich f\u00fcr eines der beliebtesten Slotspiele \u00fcberhaupt entschieden. Wir stellen den Klassiker vor.","og_url":"https:\/\/casinoandy.com\/de\/book-of-dead\/","og_site_name":"Casinoandy","article_modified_time":"2023-05-04T07:24:59+00:00","og_image":[{"url":"http:\/\/casinoandy.com\/wp-content\/uploads\/2023\/05\/book-of-dead.jpeg","type":"","width":"","height":""}],"twitter_card":"summary_large_image","twitter_misc":{"Gesch\u00e4tzte Lesezeit":"4\u00a0Minuten"},"schema":{"@context":"https:\/\/schema.org","@graph":[{"@type":"WebPage","@id":"https:\/\/casinoandy.com\/de\/book-of-dead\/","url":"https:\/\/casinoandy.com\/de\/book-of-dead\/","name":"Wie man das beliebte Slotspiel Book of Dead kostenlos spielen","isPartOf":{"@id":"https:\/\/casinoandy.com\/de\/#website"},"primaryImageOfPage":{"@id":"https:\/\/casinoandy.com\/de\/book-of-dead\/#primaryimage"},"image":{"@id":"https:\/\/casinoandy.com\/de\/book-of-dead\/#primaryimage"},"thumbnailUrl":"http:\/\/casinoandy.com\/wp-content\/uploads\/2023\/05\/book-of-dead.jpeg","datePublished":"2023-05-04T07:23:35+00:00","dateModified":"2023-05-04T07:24:59+00:00","description":"Wer Book of Dead kostenlos spielen m\u00f6chte, der hat sich f\u00fcr eines der beliebtesten Slotspiele \u00fcberhaupt entschieden. Wir stellen den Klassiker vor.","breadcrumb":{"@id":"https:\/\/casinoandy.com\/de\/book-of-dead\/#breadcrumb"},"inLanguage":"de","potentialAction":[{"@type":"ReadAction","target":["https:\/\/casinoandy.com\/de\/book-of-dead\/"]}]},{"@type":"ImageObject","inLanguage":"de","@id":"https:\/\/casinoandy.com\/de\/book-of-dead\/#primaryimage","url":"http:\/\/casinoandy.com\/wp-content\/uploads\/2023\/05\/book-of-dead.jpeg","contentUrl":"http:\/\/casinoandy.com\/wp-content\/uploads\/2023\/05\/book-of-dead.jpeg"},{"@type":"BreadcrumbList","@id":"https:\/\/casinoandy.com\/de\/book-of-dead\/#breadcrumb","itemListElement":[{"@type":"ListItem","position":1,"name":"Startseite","item":"https:\/\/casinoandy.com\/de\/"},{"@type":"ListItem","position":2,"name":"Book of Dead"}]},{"@type":"WebSite","@id":"https:\/\/casinoandy.com\/de\/#website","url":"https:\/\/casinoandy.com\/de\/","name":"Casinoandy","description":"","publisher":{"@id":"https:\/\/casinoandy.com\/de\/#organization"},"potentialAction":[{"@type":"SearchAction","target":{"@type":"EntryPoint","urlTemplate":"https:\/\/casinoandy.com\/de\/?s={search_term_string}"},"query-input":{"@type":"PropertyValueSpecification","valueRequired":true,"valueName":"search_term_string"}}],"inLanguage":"de"},{"@type":"Organization","@id":"https:\/\/casinoandy.com\/de\/#organization","name":"Casino Andy","url":"https:\/\/casinoandy.com\/de\/","logo":{"@type":"ImageObject","inLanguage":"de","@id":"https:\/\/casinoandy.com\/de\/#\/schema\/logo\/image\/","url":"http:\/\/casinoandy.yourmedia.nbcdemo.com\/wp-content\/uploads\/2020\/12\/casino-andy-logo-1.png","contentUrl":"http:\/\/casinoandy.yourmedia.nbcdemo.com\/wp-content\/uploads\/2020\/12\/casino-andy-logo-1.png","width":367,"height":195,"caption":"Casino Andy"},"image":{"@id":"https:\/\/casinoandy.com\/de\/#\/schema\/logo\/image\/"}}]}},"_links":{"self":[{"href":"https:\/\/casinoandy.com\/de\/wp-json\/wp\/v2\/pages\/7222","targetHints":{"allow":["GET"]}}],"collection":[{"href":"https:\/\/casinoandy.com\/de\/wp-json\/wp\/v2\/pages"}],"about":[{"href":"https:\/\/casinoandy.com\/de\/wp-json\/wp\/v2\/types\/page"}],"author":[{"embeddable":true,"href":"https:\/\/casinoandy.com\/de\/wp-json\/wp\/v2\/users\/5"}],"replies":[{"embeddable":true,"href":"https:\/\/casinoandy.com\/de\/wp-json\/wp\/v2\/comments?post=7222"}],"version-history":[{"count":3,"href":"https:\/\/casinoandy.com\/de\/wp-json\/wp\/v2\/pages\/7222\/revisions"}],"predecessor-version":[{"id":7233,"href":"https:\/\/casinoandy.com\/de\/wp-json\/wp\/v2\/pages\/7222\/revisions\/7233"}],"wp:attachment":[{"href":"https:\/\/casinoandy.com\/de\/wp-json\/wp\/v2\/media?parent=7222"}],"curies":[{"name":"wp","href":"https:\/\/api.w.org\/{rel}","templated":true}]}}