{"id":8208,"date":"2023-07-07T10:05:05","date_gmt":"2023-07-07T08:05:05","guid":{"rendered":"http:\/\/casinoandy.com\/casinoandy-se\/"},"modified":"2023-07-07T10:07:23","modified_gmt":"2023-07-07T08:07:23","slug":"casinoandy-se","status":"publish","type":"page","link":"https:\/\/casinoandy.com\/es\/","title":{"rendered":"Mejores casinos online &#8211; Aprende c\u00f3mo encontrarlos con esta gu\u00eda"},"content":{"rendered":"\n<h1 class=\"wp-block-heading\">Mejores casinos online &#8211; Aprende c\u00f3mo encontrarlos con esta gu\u00eda<\/h1>\n\n\n\n<p>Actualmente, son muchos los casinos online disponibles en los que puedes encontrar gran variedad de juegos, pero un buen casino en l\u00ednea se define por muchos otros aspectos m\u00e1s. Saber elegir de manera correcta influir\u00e1 mucho en tu experiencia de juego, \u00bfno sabes c\u00f3mo elegir un buen casino online?<\/p>\n\n\n\n<p>No te preocupes, en este art\u00edculo te daremos algunos tips que te ayudar\u00e1n a poder elegir correctamente un casino online y disfrutar de un juego de calidad y mucha emoci\u00f3n. Sin m\u00e1s que esperar descubramos cu\u00e1les son estos pasos de los que te hablamos.&nbsp;<\/p>\n\n\n\n<h2 class=\"wp-block-heading\">9 sencillos pasos para hallar los mejores casinos online<\/h2>\n\n\n\n<p>Sin importar si eres un jugador principiante o avanzado, es imprescindible saber c\u00f3mo elegir correctamente un casino online. Existen algunos pasos que al seguirlos te ayudar\u00e1n a facilitar tu b\u00fasqueda de los principales sitios, conozcamos cu\u00e1les son estos tips y en que te beneficiar\u00e1n:<\/p>\n\n\n\n<h3 class=\"wp-block-heading\">Investiga la reputaci\u00f3n del casino online<\/h3>\n\n\n\n<p>Antes de elegir un casino online es importante que realices una profunda investigaci\u00f3n sobre la reputaci\u00f3n del sitio. \u00bfDe qu\u00e9 maneras? Puedes navegar en internet y conocer cu\u00e1les son las opiniones que tienen otros jugadores sobre el casino en l\u00ednea.&nbsp;<\/p>\n\n\n\n<p>Adem\u00e1s, existen sitios web en espec\u00edficos que te brindan una opini\u00f3n real y bien informada sobre los casinos online despu\u00e9s de ponerlos a prueba. Al hacer esto podr\u00e1s disfrutar de una experiencia de juego m\u00e1s positiva y evitar caer en estafas.&nbsp;<\/p>\n\n\n\n<h3 class=\"wp-block-heading\">Verifica su licencia y seguridad<\/h3>\n\n\n\n<p>Comprobar si un casino online cuenta con licencias v\u00e1lidas y altas medidas de seguridad es otro aspecto de vital importancia, los casinos online que son regulados por entidades reconocidas cumplen con los m\u00e1s altos est\u00e1ndares de seguridad, calidad y transparencia.&nbsp;<\/p>\n\n\n\n<p>Algunas de estas entidades son la Autoridad del Juego de Malta y la Comisi\u00f3n del Juego del Reino Unido, adem\u00e1s puedes verificar que sus juegos cuenten con la aprobaci\u00f3n de empresas como eCOGRA que verifican la aleatoriedad de los mismos.<\/p>\n\n\n\n<p>Si deseas conocer cu\u00e1les son los casinos online legales te invitamos a visitar nuestro sitio web <a href=\"http:\/\/casinosonlinelegalesenchile.com\/\">http:\/\/casinosonlinelegalesenchile.com\/<\/a> en donde hemos recopilado solo aquellos casinos que cumplan con las medidas necesarias para operar legalmente y que adem\u00e1s ofrezcan una experiencia inigualable a nuestros lectores.&nbsp;&nbsp;<\/p>\n\n\n\n<p>Entre las medidas de seguridad pueden incluir procesos de verificaci\u00f3n, sitio web con encriptaci\u00f3n SSL, pol\u00edticas de privacidad claras y m\u00e1s. \u00bfQu\u00e9 beneficios obtendr\u00e1s al seguir este paso? Jugar\u00e1s de manera tranquila y confiable protegiendo tus datos en todo momento.&nbsp;<\/p>\n\n\n\n<h3 class=\"wp-block-heading\">Conoce su sal\u00f3n de juegos<\/h3>\n\n\n\n<p>\u00bfCu\u00e1les son tus juegos favoritos? \u00bfLas tragamonedas o la ruleta? Sin importar cu\u00e1l sea tu respuesta es vital conocer profundamente el sal\u00f3n de juegos del casino online que vayas a elegir, ya que ser\u00e1 tu mayor entretenimiento.&nbsp;<\/p>\n\n\n\n<p>Debes asegurarte de que este cat\u00e1logo de juegos sea variado y que incluya los juegos m\u00e1s populares en la industria, pero sin dejar de lado aquellos t\u00edtulos m\u00e1s tradicionales que buscan los usuarios.&nbsp;<\/p>\n\n\n\n<p>Por otra parte, te aconsejamos conocer cu\u00e1l es el l\u00edmite de apuesta que puedes realizar en cada juego para conocer si se adapta a tu presupuesto.&nbsp;<\/p>\n\n\n\n<h3 class=\"wp-block-heading\">Descubre sus bonos y promociones<\/h3>\n\n\n\n<p>Para poder elegir correctamente un casino online te recomendamos analizar los bonos y promociones que te ofrece, estas deben ser bastante atractivas y accesibles para todos los jugadores ofreci\u00e9ndoles cantidades generosas.&nbsp;<\/p>\n\n\n\n<p>No olvides siempre revisar los t\u00e9rminos y condiciones de estas promociones para conocer si son justas y razonables. Adem\u00e1s, no olvides acceder al bono de bienvenida que te ofrece el casino online, ya que es una excelente manera de comenzar.&nbsp;<\/p>\n\n\n\n<p>Tambi\u00e9n te puede ofrecer promociones como giros gratis, bonos sin dep\u00f3sito, bonos de reembolso, bonos por recarga, bonos por recomendar a un amigo e incluso un programa VIP que recompensa su lealtad.&nbsp;<\/p>\n\n\n\n<h3 class=\"wp-block-heading\">Asegurate de que incluya los principales proveedores&nbsp;<\/h3>\n\n\n\n<p>Cuando analices el cat\u00e1logo de juegos de un casino online no debes fijarte \u00fanicamente en la variedad, sino que tambi\u00e9n en la calidad de todos sus t\u00edtulos. \u00bfC\u00f3mo saber si un casino online cuenta con juegos de calidad?&nbsp;<\/p>\n\n\n\n<p>Una manera de hacerlo es verificando que posea la colaboraci\u00f3n de los principales y m\u00e1s reconocidos proveedores de la industria que hayan dise\u00f1ado grandes t\u00edtulos con gr\u00e1ficos, tem\u00e1ticas, sonidos y funcionalidades \u00fanicas y muy entretenidas.&nbsp;<\/p>\n\n\n\n<p>Algunos de los proveedores que puedes encontrar en los mejores casinos online son NetEnt, Microgaming, Evolution Gaming, Play n\u00b4Go, Pragmatic Play y muchos otros m\u00e1s.&nbsp;<\/p>\n\n\n\n<h3 class=\"wp-block-heading\">Analiza sus m\u00e9todos de pago<\/h3>\n\n\n\n<p>Para poder comenzar a jugar en un casino online y obtener buenas ganancias es importante que realices un dep\u00f3sito, por ello es fundamental que verifiques los m\u00e9todos de pago disponibles en el casino online que vayas a elegir.&nbsp;<\/p>\n\n\n\n<p>Debes asegurarte de que incluya aquellas opciones que sean conocidas por ti y est\u00e9s familiarizado a utilizar, entre las alternativas puedes encontrar las tarjetas de cr\u00e9dito y d\u00e9bito, monederos electr\u00f3nicos, tarjetas prepago y criptomonedas.&nbsp;<\/p>\n\n\n\n<p>Por otra parte, debes verificar que los l\u00edmites de dep\u00f3sito y retiros sean razonables y que las transacciones sean f\u00e1ciles de completar en el menor tiempo posible.&nbsp;<\/p>\n\n\n\n<h3 class=\"wp-block-heading\">Pon a prueba su servicio de atenci\u00f3n al cliente<\/h3>\n\n\n\n<p>El servicio de atenci\u00f3n al cliente de un casino online es una parte fundamental, ya que es la manera que tiene el sitio para comunicarse con sus jugadores y viceversa. Te recomendamos poner a prueba este servicio y tomar en cuenta aspectos como:<\/p>\n\n\n\n<ul class=\"wp-block-list\"><li>La rapidez para responder y realizar la transacci\u00f3n<\/li><li>La efectividad del personal que te atiende&nbsp;<\/li><li>La amabilidad que el que eres atendido<\/li><li>Y las distintas v\u00edas de comunicaci\u00f3n disponibles<\/li><\/ul>\n\n\n\n<p>Entre las opciones de comunicaci\u00f3n m\u00e1s comunes vas a encontrar un chat en vivo, correo electr\u00f3nico, n\u00famero de tel\u00e9fono, redes sociales y una secci\u00f3n de preguntas frecuentes en su p\u00e1gina web.&nbsp;<\/p>\n\n\n\n<h3 class=\"wp-block-heading\">Comprueba su adaptabilidad y dise\u00f1o web<\/h3>\n\n\n\n<p>Si eres de los jugadores que les gusta andar el casino online donde sea que se encuentren es importante que verifiques la adaptabilidad m\u00f3vil del mismo. \u00bfDe qu\u00e9 maneras? Comprueba que cuente con una aplicaci\u00f3n m\u00f3vil que sea funcional y f\u00e1cil de obtener.&nbsp;<\/p>\n\n\n\n<p>Otra manera de hacerlo es verificando que su sitio web cuente con una propia versi\u00f3n m\u00f3vil que le permita al jugador acceder desde el navegador de cualquier dispositivo electr\u00f3nico, sin importar si es una tablet o celular.&nbsp;<\/p>\n\n\n\n<p>Por otra parte, el dise\u00f1o de este sitio web debe ser atractivo, pero al mismo tiempo funcional. Es importante que incluya una navegaci\u00f3n intuitiva con opciones como un men\u00fa completo y un f\u00e1cil acceso a tu cuenta.&nbsp;<\/p>\n\n\n\n<h3 class=\"wp-block-heading\">Confirma que fomente el Juego Responsable y sus t\u00e9rminos sean justos<\/h3>\n\n\n\n<p>Si deseas jugar en un casino online que se preocupe por ti, debes verificar que cuenta con medidas que fomenten el Juego Responsable entre sus jugadores. Un buen casino online debe proteger en todo momento a sus jugadores incrementando medidas contra la ludopat\u00eda. Algunas de estas medidas pueden ser:<\/p>\n\n\n\n<ul class=\"wp-block-list\"><li><strong>Autoexclusi\u00f3n<\/strong>: debe incluir esta opci\u00f3n para aquellos jugadores que sientan que se est\u00e1n accediendo y necesiten un descanso. Durante este tiempo el casino online no debe enviarte notificaciones de ofertas ni nada relacionado con el juego.&nbsp;<\/li><li><strong>L\u00edmites de dep\u00f3sito y retiro<\/strong>: el casino online debe permitirle al jugador establecer l\u00edmites en las transacciones para un mayor control de su dinero.&nbsp;<\/li><li><strong>Herramientas de control de tiempo<\/strong>: con esta funci\u00f3n los jugadores pueden establecer el tiempo m\u00e1ximo que deseen pasar en el casino online ayud\u00e1ndoles a evitar largos periodos de tiempo sin descanso.<\/li><li><strong>Pol\u00edticas de protecci\u00f3n a menores de edad<\/strong>: el casino online debe prohibir el acceso a cualquier menor de edad, una manera de hacerlo es contando con un proceso de verificaci\u00f3n de identidad.&nbsp;<\/li><li><strong>Asistencia y soporte en todo momento<\/strong>: el servicio de soporte debe estar disponible para brindar ayuda a cualquier usuario que lo necesite brindando asesoramiento.&nbsp;<\/li><\/ul>\n\n\n\n<p>Adem\u00e1s, los t\u00e9rminos y condiciones de un buen casino online son justos y claros para todos los jugadores. Aseg\u00farate de que puedas conocer cu\u00e1les son y sean razonables para ti.&nbsp;<\/p>\n\n\n\n<h2 class=\"wp-block-heading\">\u00bfPor qu\u00e9 es bueno elegir correctamente un casino online?<\/h2>\n\n\n\n<p>Ahora que conoces como elegir de manera correcta un casino online puede que te surja la pregunta de por qu\u00e9 es importante escoger adecuadamente. Existen muchas razones, pero la m\u00e1s importante es porque disfrutar\u00e1s de una experiencia de juego m\u00e1s emocionante, cargada de adrenalina, muchas sorpresas y completamente seguro y confiable.&nbsp;<\/p>\n\n\n\n<p>Adem\u00e1s, tendr\u00e1s una buena comunicaci\u00f3n con el casino online, podr\u00e1s realizar dep\u00f3sitos y retiros de manera confiable y r\u00e1pida y tendr\u00e1s una experiencia de juego mucho m\u00e1s optimizada y con lo \u00faltimo en tecnolog\u00eda.&nbsp;<\/p>\n\n\n\n<h2 class=\"wp-block-heading\">Riesgos que puedes correr al no elegir correctamente un casino online&nbsp;<\/h2>\n\n\n\n<p>Si no eliges de manera correcta un casino online donde jugar puedes exponerte a muchos peligros, aparte de que no disfrutar\u00e1s de una experiencia de calidad. Algunos de esos riesgos pueden ser v\u00edctimas de estafa, robo de identidad, pagos y resultados injustos, una mala experiencia, problemas al retirar tus ganancias y muchos peligros m\u00e1s.&nbsp;<\/p>\n\n\n\n<p>Es por eso que damos \u00e9nfasis en elegir de manera correcta un casino online donde jugar, para evitar todos estos riesgos y vivir una experiencia de calidad y dif\u00edcil de igualar.&nbsp;<\/p>\n\n\n\n<h2 class=\"wp-block-heading\">Juega t\u00fa tambi\u00e9n de manera responsable<\/h2>\n\n\n\n<p>Jugar en los casinos online es una actividad que requiere mucha responsabilidad y seriedad, por eso te motivamos a jugar siempre de manera responsable evitando caer en adicciones y estableci\u00e9ndote distintos l\u00edmites que te ayudar\u00e1n.&nbsp;<\/p>\n\n\n\n<p>Elegir un casino online de calidad no ser\u00e1 lo \u00fanico que te har\u00e1 vivir una buena experiencia, es necesario que t\u00fa tambi\u00e9n pongas de tu parte jugando de manera responsable.&nbsp;<\/p>\n","protected":false},"excerpt":{"rendered":"<p>Mejores casinos online &#8211; Aprende c\u00f3mo encontrarlos con esta gu\u00eda Actualmente, son muchos los casinos online disponibles en los que&#8230;<\/p>\n","protected":false},"author":4,"featured_media":0,"parent":0,"menu_order":0,"comment_status":"closed","ping_status":"closed","template":"","meta":{"_acf_changed":false,"footnotes":""},"class_list":["post-8208","page","type-page","status-publish","hentry"],"acf":[],"yoast_head":"<!-- This site is optimized with the Yoast SEO plugin v27.0 - https:\/\/yoast.com\/product\/yoast-seo-wordpress\/ -->\n<title>Mejores casinos online - Aprende c\u00f3mo encontrarlos con esta gu\u00eda - Casinoandy<\/title>\n<meta name=\"robots\" content=\"index, follow, max-snippet:-1, max-image-preview:large, max-video-preview:-1\" \/>\n<link rel=\"canonical\" href=\"https:\/\/casinoandy.com\/es\/\" \/>\n<meta property=\"og:locale\" content=\"es_ES\" \/>\n<meta property=\"og:type\" content=\"article\" \/>\n<meta property=\"og:title\" content=\"Mejores casinos online - Aprende c\u00f3mo encontrarlos con esta gu\u00eda - Casinoandy\" \/>\n<meta property=\"og:description\" content=\"Mejores casinos online &#8211; Aprende c\u00f3mo encontrarlos con esta gu\u00eda Actualmente, son muchos los casinos online disponibles en los que...\" \/>\n<meta property=\"og:url\" content=\"https:\/\/casinoandy.com\/es\/\" \/>\n<meta property=\"og:site_name\" content=\"Casinoandy\" \/>\n<meta property=\"article:modified_time\" content=\"2023-07-07T08:07:23+00:00\" \/>\n<meta name=\"twitter:card\" content=\"summary_large_image\" \/>\n<meta name=\"twitter:label1\" content=\"Tiempo estimado de lectura\" \/>\n\t<meta name=\"twitter:data1\" content=\"8 minutos\" \/>\n<script type=\"application\/ld+json\" class=\"yoast-schema-graph\">{\"@context\":\"https:\/\/schema.org\",\"@graph\":[{\"@type\":\"WebPage\",\"@id\":\"https:\/\/casinoandy.com\/es\/\",\"url\":\"https:\/\/casinoandy.com\/es\/\",\"name\":\"Mejores casinos online - Aprende c\u00f3mo encontrarlos con esta gu\u00eda - Casinoandy\",\"isPartOf\":{\"@id\":\"https:\/\/casinoandy.com\/es\/#website\"},\"datePublished\":\"2023-07-07T08:05:05+00:00\",\"dateModified\":\"2023-07-07T08:07:23+00:00\",\"breadcrumb\":{\"@id\":\"https:\/\/casinoandy.com\/es\/#breadcrumb\"},\"inLanguage\":\"es-CL\",\"potentialAction\":[{\"@type\":\"ReadAction\",\"target\":[\"https:\/\/casinoandy.com\/es\/\"]}]},{\"@type\":\"BreadcrumbList\",\"@id\":\"https:\/\/casinoandy.com\/es\/#breadcrumb\",\"itemListElement\":[{\"@type\":\"ListItem\",\"position\":1,\"name\":\"Startseite\",\"item\":\"https:\/\/casinoandy.com\/es\/\"},{\"@type\":\"ListItem\",\"position\":2,\"name\":\"Mejores casinos online &#8211; Aprende c\u00f3mo encontrarlos con esta gu\u00eda\"}]},{\"@type\":\"WebSite\",\"@id\":\"https:\/\/casinoandy.com\/es\/#website\",\"url\":\"https:\/\/casinoandy.com\/es\/\",\"name\":\"Casinoandy\",\"description\":\"\",\"publisher\":{\"@id\":\"https:\/\/casinoandy.com\/es\/#organization\"},\"potentialAction\":[{\"@type\":\"SearchAction\",\"target\":{\"@type\":\"EntryPoint\",\"urlTemplate\":\"https:\/\/casinoandy.com\/es\/?s={search_term_string}\"},\"query-input\":{\"@type\":\"PropertyValueSpecification\",\"valueRequired\":true,\"valueName\":\"search_term_string\"}}],\"inLanguage\":\"es-CL\"},{\"@type\":\"Organization\",\"@id\":\"https:\/\/casinoandy.com\/es\/#organization\",\"name\":\"Casino Andy\",\"url\":\"https:\/\/casinoandy.com\/es\/\",\"logo\":{\"@type\":\"ImageObject\",\"inLanguage\":\"es-CL\",\"@id\":\"https:\/\/casinoandy.com\/es\/#\/schema\/logo\/image\/\",\"url\":\"http:\/\/casinoandy.yourmedia.nbcdemo.com\/wp-content\/uploads\/2020\/12\/casino-andy-logo-1.png\",\"contentUrl\":\"http:\/\/casinoandy.yourmedia.nbcdemo.com\/wp-content\/uploads\/2020\/12\/casino-andy-logo-1.png\",\"width\":367,\"height\":195,\"caption\":\"Casino Andy\"},\"image\":{\"@id\":\"https:\/\/casinoandy.com\/es\/#\/schema\/logo\/image\/\"}}]}<\/script>\n<!-- \/ Yoast SEO plugin. -->","yoast_head_json":{"title":"Mejores casinos online - Aprende c\u00f3mo encontrarlos con esta gu\u00eda - Casinoandy","robots":{"index":"index","follow":"follow","max-snippet":"max-snippet:-1","max-image-preview":"max-image-preview:large","max-video-preview":"max-video-preview:-1"},"canonical":"https:\/\/casinoandy.com\/es\/","og_locale":"es_ES","og_type":"article","og_title":"Mejores casinos online - Aprende c\u00f3mo encontrarlos con esta gu\u00eda - Casinoandy","og_description":"Mejores casinos online &#8211; Aprende c\u00f3mo encontrarlos con esta gu\u00eda Actualmente, son muchos los casinos online disponibles en los que...","og_url":"https:\/\/casinoandy.com\/es\/","og_site_name":"Casinoandy","article_modified_time":"2023-07-07T08:07:23+00:00","twitter_card":"summary_large_image","twitter_misc":{"Tiempo estimado de lectura":"8 minutos"},"schema":{"@context":"https:\/\/schema.org","@graph":[{"@type":"WebPage","@id":"https:\/\/casinoandy.com\/es\/","url":"https:\/\/casinoandy.com\/es\/","name":"Mejores casinos online - Aprende c\u00f3mo encontrarlos con esta gu\u00eda - Casinoandy","isPartOf":{"@id":"https:\/\/casinoandy.com\/es\/#website"},"datePublished":"2023-07-07T08:05:05+00:00","dateModified":"2023-07-07T08:07:23+00:00","breadcrumb":{"@id":"https:\/\/casinoandy.com\/es\/#breadcrumb"},"inLanguage":"es-CL","potentialAction":[{"@type":"ReadAction","target":["https:\/\/casinoandy.com\/es\/"]}]},{"@type":"BreadcrumbList","@id":"https:\/\/casinoandy.com\/es\/#breadcrumb","itemListElement":[{"@type":"ListItem","position":1,"name":"Startseite","item":"https:\/\/casinoandy.com\/es\/"},{"@type":"ListItem","position":2,"name":"Mejores casinos online &#8211; Aprende c\u00f3mo encontrarlos con esta gu\u00eda"}]},{"@type":"WebSite","@id":"https:\/\/casinoandy.com\/es\/#website","url":"https:\/\/casinoandy.com\/es\/","name":"Casinoandy","description":"","publisher":{"@id":"https:\/\/casinoandy.com\/es\/#organization"},"potentialAction":[{"@type":"SearchAction","target":{"@type":"EntryPoint","urlTemplate":"https:\/\/casinoandy.com\/es\/?s={search_term_string}"},"query-input":{"@type":"PropertyValueSpecification","valueRequired":true,"valueName":"search_term_string"}}],"inLanguage":"es-CL"},{"@type":"Organization","@id":"https:\/\/casinoandy.com\/es\/#organization","name":"Casino Andy","url":"https:\/\/casinoandy.com\/es\/","logo":{"@type":"ImageObject","inLanguage":"es-CL","@id":"https:\/\/casinoandy.com\/es\/#\/schema\/logo\/image\/","url":"http:\/\/casinoandy.yourmedia.nbcdemo.com\/wp-content\/uploads\/2020\/12\/casino-andy-logo-1.png","contentUrl":"http:\/\/casinoandy.yourmedia.nbcdemo.com\/wp-content\/uploads\/2020\/12\/casino-andy-logo-1.png","width":367,"height":195,"caption":"Casino Andy"},"image":{"@id":"https:\/\/casinoandy.com\/es\/#\/schema\/logo\/image\/"}}]}},"_links":{"self":[{"href":"https:\/\/casinoandy.com\/es\/wp-json\/wp\/v2\/pages\/8208","targetHints":{"allow":["GET"]}}],"collection":[{"href":"https:\/\/casinoandy.com\/es\/wp-json\/wp\/v2\/pages"}],"about":[{"href":"https:\/\/casinoandy.com\/es\/wp-json\/wp\/v2\/types\/page"}],"author":[{"embeddable":true,"href":"https:\/\/casinoandy.com\/es\/wp-json\/wp\/v2\/users\/4"}],"replies":[{"embeddable":true,"href":"https:\/\/casinoandy.com\/es\/wp-json\/wp\/v2\/comments?post=8208"}],"version-history":[{"count":4,"href":"https:\/\/casinoandy.com\/es\/wp-json\/wp\/v2\/pages\/8208\/revisions"}],"predecessor-version":[{"id":8213,"href":"https:\/\/casinoandy.com\/es\/wp-json\/wp\/v2\/pages\/8208\/revisions\/8213"}],"wp:attachment":[{"href":"https:\/\/casinoandy.com\/es\/wp-json\/wp\/v2\/media?parent=8208"}],"curies":[{"name":"wp","href":"https:\/\/api.w.org\/{rel}","templated":true}]}}