{"id":381,"date":"2020-12-03T08:47:48","date_gmt":"2020-12-03T07:47:48","guid":{"rendered":"http:\/\/casinoandy.com\/nettikasinot\/maksutavat\/"},"modified":"2023-02-27T08:08:54","modified_gmt":"2023-02-27T07:08:54","slug":"maksutavat","status":"publish","type":"page","link":"https:\/\/casinoandy.com\/fi\/nettikasinot\/maksutavat\/","title":{"rendered":"Maksutavat"},"content":{"rendered":"\n<h1 class=\"wp-block-heading\">Maksutavat ja mobiilimaksu casino<\/h1>\n\n\n\n<p>Mobiilimaksu casino on t\u00e4ll\u00e4 hetkell\u00e4 haluttua tavaraa pelaajien keskuudessa. Suomalaisille pelaajille on tarjolla muutamia erinomaisia vaihtoehtoja, joilla mobiilitalletukset onnistuvat turvallisesti, nopeasti ja \u00e4\u00e4rimm\u00e4isen n\u00e4pp\u00e4r\u00e4sti.<\/p>\n\n\n\n<p>T\u00e4ss\u00e4 artikkelissa tutustumme siihen, miten casino talletus laskulla onnistuu k\u00e4yt\u00e4nn\u00f6ss\u00e4, ja miksi sinunkin kannattaa kokeilla t\u00e4t\u00e4 loistavaa uuden ajan maksutapaa!<\/p>\n\n\n\n<figure class=\"wp-block-image size-large\"><img loading=\"lazy\" decoding=\"async\" width=\"800\" height=\"500\" src=\"http:\/\/casinoandy.com\/wp-content\/uploads\/2020\/12\/mobiilimaksu-casino.png\" alt=\"Mobiilimaksu casino\" class=\"wp-image-385\" srcset=\"https:\/\/casinoandy.com\/wp-content\/uploads\/2020\/12\/mobiilimaksu-casino.png 800w, https:\/\/casinoandy.com\/wp-content\/uploads\/2020\/12\/mobiilimaksu-casino-300x188.png 300w, https:\/\/casinoandy.com\/wp-content\/uploads\/2020\/12\/mobiilimaksu-casino-768x480.png 768w\" sizes=\"auto, (max-width: 800px) 100vw, 800px\" \/><\/figure>\n\n\n\n<h2 class=\"wp-block-heading\">Miten mobiilimaksu casino ja mobiilitalletukset toimivat?<\/h2>\n\n\n\n<p>Uuden ajan rahan talletus on hyvin erilaista kuin mihin olemme aikaisemmin tottuneet. Mobiilimaksu casino toimii pelisivustona siten, ett\u00e4 pelaajan on mahdollista tehd\u00e4 talletuksia yleens\u00e4 useammillakin eri menetelmill\u00e4. N\u00e4ist\u00e4 mobiilimaksu on siis vain yksi vaihtoehto, mutta erinomainen sellainen.<\/p>\n\n\n\n<p>Mobiilitalletukset toimivat, kuten arvata ehk\u00e4 jo saattaakin, puhelimen v\u00e4lityksell\u00e4. Eri maksupalveluntarjoajilla on toki olemassa omanlaisiaan k\u00e4yt\u00e4nt\u00f6j\u00e4, mutta nyrkkis\u00e4\u00e4nt\u00f6n\u00e4 on, ett\u00e4 jos maksua ei tehd\u00e4 puhelimella, ei se ole aito mobiilimaksu.<\/p>\n\n\n\n<p>Talletusta varten tarvitset ainoastaan puhelinnumeron, joidenkin palveluiden kohdalla lis\u00e4ksi viel\u00e4 verkkopankkitunnukset.<\/p>\n\n\n\n<h2 class=\"wp-block-heading\">Parhaat maksutavat nettikasinoilla<\/h2>\n\n\n\n<p>Suomalaiset k\u00e4ytt\u00e4v\u00e4t ahkerasti erilaisia maksutapoja, mutta muutamat ovat totutusti olleet niist\u00e4 ylitse muiden. N\u00e4it\u00e4 ovat p\u00e4\u00e4asiassa luottokortit ja Trustly.<\/p>\n\n\n\n<ul class=\"wp-block-list\"><li><a href=\"\/fi\/nettikasinot\/maksutavat\/trustly\/\">Trustly kasinot<\/a> ovat nopeita. Trustlyn ja pankkisiirron kautta pelaajat voivat tehd\u00e4 talletuksia nettikasinoille yksinkertaisesti omia verkkopankkitunnuksia k\u00e4ytt\u00e4m\u00e4ll\u00e4.<\/li><li><a href=\"\/fi\/nettikasinot\/maksutavat\/zimpler\/\">Zimpler kasinot<\/a> mahdollistavat trendikk\u00e4\u00e4t mobiilimaksut. Ne ovat k\u00e4yt\u00f6ss\u00e4 todella k\u00e4tevi\u00e4, sill\u00e4 Zimplerin ansiosta sinun ei tarvitse kaivaa esille rahapussiasi. Maksut teet yksinkertaisesti puhelimesi kautta.<\/li><li><a href=\"\/fi\/nettikasinot\/maksutavat\/siru-mobile\/\">Siru Mobile kasinot<\/a> toimivat nekin samalla periaatteella kuin Zimpler. Mik\u00e4li haluat suosia suomalaista, valitse n\u00e4ist\u00e4 kahdesta nimenomaan Siru, sill\u00e4 se on kotimaista alkuper\u00e4\u00e4.<\/li><li><a href=\"\/fi\/nettikasinot\/maksutavat\/siirto\/\">Siirto kasinot<\/a> ovat uusinta uutta. Kun sinulla on laitteellasi Siirron sovellus, saat tehty\u00e4 talletukset todella n\u00e4pp\u00e4r\u00e4sti.<\/li><\/ul>\n\n\n\n<p>On my\u00f6s kasinoita Bitcoinilla. N\u00e4m\u00e4 kasinot tarjoavat mahdollisuuden tehd\u00e4 sek\u00e4 talletuksia ett\u00e4 nostoja Bitcoinilla. Yleens\u00e4 my\u00f6s muita kryptovaluuttoja on saatavilla. <a href=\"https:\/\/bitcoin-kasinot.net\/\">Bitcoin-kasinot<\/a> sivustolla voit oppia lis\u00e4\u00e4 Bitcoinia k\u00e4ytt\u00e4vist\u00e4 kasinoista. <\/p>\n\n\n\n<p>Useimmat mobiilimaksut eiv\u00e4t yleens\u00e4 sovellu suurten rahasummien siirt\u00e4miseen, jolloin etenk\u00e4\u00e4n high rollerit eiv\u00e4t niille yleens\u00e4 l\u00e4mpene.<\/p>\n\n\n\n<p>Jo mainittujen maksutapojen lis\u00e4ksi suomalaiset tuntuvat vuosi vuodelta arvostavan yh\u00e4 enemm\u00e4n erilaisia nettilompakoita. N\u00e4ist\u00e4 etenkin Neteller, Skrill ja PayPal ovat useimmille tuttuja, my\u00f6s siis muista yhteyksist\u00e4 kuin nettikasinoilta. Ne ovat k\u00e4tevi\u00e4 maksutapoja, joita useimmat <a href=\"\/fi\/nettikasinot\/\">nettikasinot<\/a> hy\u00f6dynt\u00e4v\u00e4t.<\/p>\n\n\n\n<h2 class=\"wp-block-heading\">N\u00e4in teet turvallisen rahansiirron kasinolla:<\/h2>\n\n\n\n<div class=\"schema-how-to wp-block-yoast-how-to-block\"><p class=\"schema-how-to-description\">Turvallisen rahansiirron tekemisess\u00e4 kaiken perustana on valitsemasi nettikasino. Poimi nettikasinot pelattavaksi aina Casinoandyn kautta, jotta voit varmistua niiden turvallisuudesta. Mik\u00e4li syyst\u00e4 tai toisesta p\u00e4\u00e4dyt valitsemaan sellaisen pelikasinon, jota ei l\u00f6ydy viel\u00e4 meilt\u00e4, tarkista tiettyj\u00e4 asioita ja toimi n\u00e4iden ohjeiden mukaisesti. <\/p> <ol class=\"schema-how-to-steps\"><li class=\"schema-how-to-step\" id=\"how-to-step-1605010817742\"><strong class=\"schema-how-to-step-name\"> Tarkista nettikasinon saamat lisenssit. ETA-maan lisenssill\u00e4 toimivat kasinot ovat taatusti turvallisia ja vastuullisia.  <\/strong> <p class=\"schema-how-to-step-text\"><\/p> <\/li><li class=\"schema-how-to-step\" id=\"how-to-step-1605010832806\"><strong class=\"schema-how-to-step-name\"> Katso, k\u00e4ytet\u00e4\u00e4nk\u00f6 sivustolla SSL-salausta.  <\/strong> <p class=\"schema-how-to-step-text\"><\/p> <\/li><li class=\"schema-how-to-step\" id=\"how-to-step-1605010837191\"><strong class=\"schema-how-to-step-name\"> Tutki maksutapoja ennen tallettamista. Ovatko ne tunnettuja ja luotettavia?  <\/strong> <p class=\"schema-how-to-step-text\"><\/p> <\/li><li class=\"schema-how-to-step\" id=\"how-to-step-1605010843246\"><strong class=\"schema-how-to-step-name\"> Ent\u00e4 pelivalmistajat, l\u00f6ytyyk\u00f6 niist\u00e4 tuttuja nimi\u00e4 tai pikaisella hakukoneen tsekkaamisella tietoja?  <\/strong> <p class=\"schema-how-to-step-text\"><\/p> <\/li><li class=\"schema-how-to-step\" id=\"how-to-step-1605010852425\"><strong class=\"schema-how-to-step-name\"> Avaa pelitili kasinolle tai tee pikatalletus.  <\/strong> <p class=\"schema-how-to-step-text\"><\/p> <\/li><li class=\"schema-how-to-step\" id=\"how-to-step-1605010877128\"><strong class=\"schema-how-to-step-name\"> Siirry kassalle ja valitse talletustapa.  <\/strong> <p class=\"schema-how-to-step-text\"><\/p> <\/li><li class=\"schema-how-to-step\" id=\"how-to-step-1605010881551\"><strong class=\"schema-how-to-step-name\"> Tee talletus haluamallasi tavalla.  <\/strong> <p class=\"schema-how-to-step-text\"><\/p> <\/li><li class=\"schema-how-to-step\" id=\"how-to-step-1605010883084\"><strong class=\"schema-how-to-step-name\"> Rahat n\u00e4kyv\u00e4t pelitilil\u00e4 ja voit aloittaa pelaamisen heti.  <\/strong> <p class=\"schema-how-to-step-text\"><\/p> <\/li><\/ol><\/div>\n\n\n\n<p>Turvallinen kotiutus tapahtuu aina voimassaolevien lakien mukaisesti. Vastuulliset ja luotettavat nettikasinot tarkistavat asiakkaidensa henkil\u00f6llisyyden, ennen kuin pelitililt\u00e4 voidaan kotiuttaa rahoja ulos.<\/p>\n\n\n\n<p>Suositut <a href=\"\/fi\/nettikasinot\/ilman-rekisteroitymista\/\">nettikasinot ilman rekister\u00f6itymist\u00e4<\/a> toimivat toisin. T\u00e4llaisilla moderneilla Pay N Play kasinoilla henkil\u00f6llisyys vahvistetaan jo ensimm\u00e4isen talletuksen yhteydess\u00e4, kun taas perinteisill\u00e4 kasinoilla pelaajat l\u00e4hett\u00e4v\u00e4t todistuksia, kuten kopion passista.<\/p>\n\n\n\n<p>Alla n\u00e4et Casinoandyn arvioimat, parhaat mobiilimaksu kasinot!<\/p>\n\n\n\n<h2 class=\"wp-block-heading\">Parhaat mobiilimaksu kasinot<\/h2>\n\n\n\n\n\n<h2 class=\"wp-block-heading\">Miten casino talletus laskulla toimii?<\/h2>\n\n\n\n<p>Casino talletus laskulla toimii nopeasti. Ensin sinun tulee avata itsellesi pelitili, johon voit tehd\u00e4 talletuksia, aivan kuten edell\u00e4 jo kuvailitiinkin. Kaikki perinteiset kasinot edellytt\u00e4v\u00e4t pelitilin avaamista. Modernit Pay N Play kasinot eiv\u00e4t t\u00e4t\u00e4 vaadi, mutta ainakin toistaiseksi niiss\u00e4 talletukset onnistuvat ainoastaan verkkopankkitunnuksilla.<\/p>\n\n\n\n<p>Kun valintasin on casino talletus laskulla, hoituu se esimerkiksi Siru Mobilen tai Zimplerin avulla. Molemmissa palveluissa k\u00e4ytet\u00e4\u00e4n maksamiseen apuna puhelinta.<\/p>\n\n\n\n<p>Molemmilla mobiilimaksu tavoilla rahat siirtyv\u00e4t kasinolle v\u00e4litt\u00f6m\u00e4sti, mutta sin\u00e4 kuittaat ne tosiaan vasta laskulla. N\u00e4in mobiilimaksu casino saa talletuksen heti, ja pelaaminen voi alkaa v\u00e4litt\u00f6m\u00e4sti.<\/p>\n\n\n\n<p>Siru Mobilen laskutus on yhdistettyn\u00e4 puhelinlaskuusi ja talletus lis\u00e4t\u00e4\u00e4n seuraavaan tulossa olevaan laskuun. Zimplerill\u00e4 sen sijaan voit valita joko perinteisen laskun s\u00e4hk\u00f6postiin, tai luottokortilta laskutuksen.<\/p>\n\n\n\n<h3 class=\"wp-block-heading\">Voittojen kotiuttaminen mobiilimaksuilla<\/h3>\n\n\n\n<p>Mobiilimaksu talletus on k\u00e4tev\u00e4 tehd\u00e4, mutta ent\u00e4p\u00e4 sitten voittojen kotiuttaminen? Miten se onnistuu t\u00e4ll\u00e4 maksutavalla, vai onnistuuko lopulta mitenk\u00e4\u00e4n?<\/p>\n\n\n\n<p>Ainakaan toistaiseksi useimmat mobiilimaksukasinot eiv\u00e4t mahdollista voittojen nostamista esimerkiksi Siru Mobilelle. T\u00e4m\u00e4 harmillinen tosiasia ei kuitenkaan ole varsinaisesti nettikasinon syyt\u00e4, vaan ainoastaan harvat mobiilimaksut mahdollistavat itse kotiutusten tekemisen.<\/p>\n\n\n\n<p>Zimpler on tosin muuttanut palveluitaan sek\u00e4 toimintojaan siten, ett\u00e4 sillekin voidaan t\u00e4n\u00e4 p\u00e4iv\u00e4n\u00e4 siirt\u00e4\u00e4 rahaa. Casinoandy ei kuitenkaan toistaiseksi ole n\u00e4hnyt kasinoa, jossa kotiutus viel\u00e4 onnistuisi.<\/p>\n\n\n\n<p>Ehk\u00e4 jo l\u00e4hitulevaisuudessa, ehk\u00e4!<\/p>\n\n\n\n<h4 class=\"wp-block-heading\">Voittojen verottamisesta<\/h4>\n\n\n\n<p>Oli valitsemasi maksutapa sitten mik\u00e4 tahansa, ei se itsess\u00e4\u00e4n viel\u00e4 vaikuta voittojen verotukseen. Kaiken taustalla on nimitt\u00e4in kasinon saama lisenssi. Mik\u00e4li lisenssi on per\u00e4isin Curacaolta, tai jostakin muusta ETA-alueen ulkopuolelle j\u00e4\u00e4v\u00e4st\u00e4 maasta, on sinun ilmoitettava voitoista verottajalle. T\u00e4m\u00e4 on hyv\u00e4 huomata, kun valitset itse\u00e4si kiinnostavat mobiiliimaksukasinot.<\/p>\n\n\n\n<p>Mik\u00e4li voitot napataan Maltalta, Virosta tai jostain muusta ETA-alueen maasta, saat pit\u00e4\u00e4 voittosi sellaisinaan. Maksutapa ei t\u00e4h\u00e4n vaikuta.<\/p>\n\n\n\n<h3 class=\"wp-block-heading\">Malttia laskulla maksamiseen<\/h3>\n\n\n\n<p>Vaikka talletus laskulla onkin suosittua, on siin\u00e4 potentiaalisia ongelmia. P\u00e4\u00e4asiassa t\u00e4m\u00e4 ongelma liittyy mahdolliseen oman budjetin ylitt\u00e4miseen. Koska talletus voidaan tehd\u00e4 tosiaan mobiilimaksu tavoilla laskutukseen perustuen, ei pelaajalla tarvitse olla talletussummaa valmiina. T\u00e4m\u00e4n kanssa on siis hyv\u00e4 olla varovainen.<\/p>\n\n\n\n<p>Casinoandy suosittelee, ett\u00e4 maksat laskun aina v\u00e4litt\u00f6m\u00e4sti sen saatuasi. Joillakin laskutukseen perustuvilla maksutavoilla lasku voi saapua jopa saman p\u00e4iv\u00e4n aikana, toisten kohdalla t\u00e4ss\u00e4 voi menn\u00e4 muutamia viikkoja. Osalla laskutus tapahtuu seuraavassa puhelinlaskussa.<\/p>\n\n\n\n<h2 class=\"wp-block-heading\">Miten valita paras mobiilimaksu casino<\/h2>\n\n\n\n<p>Paras mobiilimaksu casino l\u00f6ytyy tietenkin Casinoandyn kautta. Me arvioimme vain turvallisia nettikasinoita, joissa erilaiset maksutavat ovat k\u00e4tevi\u00e4 sek\u00e4 luotettavia.<\/p>\n\n\n\n<p>Mobiilimaksu casino ei ehk\u00e4 ole monelle viel\u00e4 se ensimm\u00e4inen vaihtoehto, mutta rahan talletus laskulla kiinnostaa yh\u00e4 useampia. Eik\u00e4 ihme, sill\u00e4 kysymyksess\u00e4 on joustava, helppo ja turvallinen maksutapa.<\/p>\n","protected":false},"excerpt":{"rendered":"<p>Maksutavat ja mobiilimaksu casino Mobiilimaksu casino on t\u00e4ll\u00e4 hetkell\u00e4 haluttua tavaraa pelaajien keskuudessa. Suomalaisille pelaajille on tarjolla muutamia erinomaisia vaihtoehtoja,&#8230;<\/p>\n","protected":false},"author":3,"featured_media":0,"parent":367,"menu_order":0,"comment_status":"closed","ping_status":"closed","template":"","meta":{"_acf_changed":false,"footnotes":""},"class_list":["post-381","page","type-page","status-publish","hentry"],"acf":[],"yoast_head":"<!-- This site is optimized with the Yoast SEO plugin v27.0 - https:\/\/yoast.com\/product\/yoast-seo-wordpress\/ -->\n<title>Mobiilimaksu casino | Rahan talletus kasinoille<\/title>\n<meta name=\"description\" content=\"Mobiilimaksu casino sivuille on yleistym\u00e4ss\u00e4. Miten mobiilitalletus tehd\u00e4\u00e4n, ja mit\u00e4 muita rahan talletus tapoja on tarjolla? Tutustu nyt!\" \/>\n<meta name=\"robots\" content=\"index, follow, max-snippet:-1, max-image-preview:large, max-video-preview:-1\" \/>\n<link rel=\"canonical\" href=\"https:\/\/casinoandy.com\/fi\/nettikasinot\/maksutavat\/\" \/>\n<meta property=\"og:locale\" content=\"fi_FI\" \/>\n<meta property=\"og:type\" content=\"article\" \/>\n<meta property=\"og:title\" content=\"Mobiilimaksu casino | Rahan talletus kasinoille\" \/>\n<meta property=\"og:description\" content=\"Mobiilimaksu casino sivuille on yleistym\u00e4ss\u00e4. Miten mobiilitalletus tehd\u00e4\u00e4n, ja mit\u00e4 muita rahan talletus tapoja on tarjolla? Tutustu nyt!\" \/>\n<meta property=\"og:url\" content=\"https:\/\/casinoandy.com\/fi\/nettikasinot\/maksutavat\/\" \/>\n<meta property=\"og:site_name\" content=\"Casinoandy\" \/>\n<meta property=\"article:modified_time\" content=\"2023-02-27T07:08:54+00:00\" \/>\n<meta property=\"og:image\" content=\"http:\/\/casinoandy.com\/wp-content\/uploads\/2020\/12\/mobiilimaksu-casino.png\" \/>\n<meta name=\"twitter:card\" content=\"summary_large_image\" \/>\n<meta name=\"twitter:label1\" content=\"Arvioitu lukuaika\" \/>\n\t<meta name=\"twitter:data1\" content=\"5 minuuttia\" \/>\n<script type=\"application\/ld+json\" class=\"yoast-schema-graph\">{\"@context\":\"https:\/\/schema.org\",\"@graph\":[{\"@type\":\"WebPage\",\"@id\":\"https:\/\/casinoandy.com\/fi\/nettikasinot\/maksutavat\/\",\"url\":\"https:\/\/casinoandy.com\/fi\/nettikasinot\/maksutavat\/\",\"name\":\"Mobiilimaksu casino | Rahan talletus kasinoille\",\"isPartOf\":{\"@id\":\"https:\/\/casinoandy.com\/fi\/#website\"},\"primaryImageOfPage\":{\"@id\":\"https:\/\/casinoandy.com\/fi\/nettikasinot\/maksutavat\/#primaryimage\"},\"image\":{\"@id\":\"https:\/\/casinoandy.com\/fi\/nettikasinot\/maksutavat\/#primaryimage\"},\"thumbnailUrl\":\"http:\/\/casinoandy.com\/wp-content\/uploads\/2020\/12\/mobiilimaksu-casino.png\",\"datePublished\":\"2020-12-03T07:47:48+00:00\",\"dateModified\":\"2023-02-27T07:08:54+00:00\",\"description\":\"Mobiilimaksu casino sivuille on yleistym\u00e4ss\u00e4. Miten mobiilitalletus tehd\u00e4\u00e4n, ja mit\u00e4 muita rahan talletus tapoja on tarjolla? Tutustu nyt!\",\"breadcrumb\":{\"@id\":\"https:\/\/casinoandy.com\/fi\/nettikasinot\/maksutavat\/#breadcrumb\"},\"inLanguage\":\"fi\",\"potentialAction\":[{\"@type\":\"ReadAction\",\"target\":[\"https:\/\/casinoandy.com\/fi\/nettikasinot\/maksutavat\/\"]}]},{\"@type\":\"ImageObject\",\"inLanguage\":\"fi\",\"@id\":\"https:\/\/casinoandy.com\/fi\/nettikasinot\/maksutavat\/#primaryimage\",\"url\":\"http:\/\/casinoandy.com\/wp-content\/uploads\/2020\/12\/mobiilimaksu-casino.png\",\"contentUrl\":\"http:\/\/casinoandy.com\/wp-content\/uploads\/2020\/12\/mobiilimaksu-casino.png\"},{\"@type\":\"BreadcrumbList\",\"@id\":\"https:\/\/casinoandy.com\/fi\/nettikasinot\/maksutavat\/#breadcrumb\",\"itemListElement\":[{\"@type\":\"ListItem\",\"position\":1,\"name\":\"Etusivu\",\"item\":\"https:\/\/casinoandy.com\/fi\/\"},{\"@type\":\"ListItem\",\"position\":2,\"name\":\"Nettikasinot\",\"item\":\"https:\/\/casinoandy.com\/fi\/nettikasinot\/\"},{\"@type\":\"ListItem\",\"position\":3,\"name\":\"Maksutavat\"}]},{\"@type\":\"WebSite\",\"@id\":\"https:\/\/casinoandy.com\/fi\/#website\",\"url\":\"https:\/\/casinoandy.com\/fi\/\",\"name\":\"Casinoandy\",\"description\":\"\",\"publisher\":{\"@id\":\"https:\/\/casinoandy.com\/fi\/#organization\"},\"potentialAction\":[{\"@type\":\"SearchAction\",\"target\":{\"@type\":\"EntryPoint\",\"urlTemplate\":\"https:\/\/casinoandy.com\/fi\/?s={search_term_string}\"},\"query-input\":{\"@type\":\"PropertyValueSpecification\",\"valueRequired\":true,\"valueName\":\"search_term_string\"}}],\"inLanguage\":\"fi\"},{\"@type\":\"Organization\",\"@id\":\"https:\/\/casinoandy.com\/fi\/#organization\",\"name\":\"Casino Andy\",\"url\":\"https:\/\/casinoandy.com\/fi\/\",\"logo\":{\"@type\":\"ImageObject\",\"inLanguage\":\"fi\",\"@id\":\"https:\/\/casinoandy.com\/fi\/#\/schema\/logo\/image\/\",\"url\":\"http:\/\/casinoandy.yourmedia.nbcdemo.com\/wp-content\/uploads\/2020\/12\/casino-andy-logo-1.png\",\"contentUrl\":\"http:\/\/casinoandy.yourmedia.nbcdemo.com\/wp-content\/uploads\/2020\/12\/casino-andy-logo-1.png\",\"width\":367,\"height\":195,\"caption\":\"Casino Andy\"},\"image\":{\"@id\":\"https:\/\/casinoandy.com\/fi\/#\/schema\/logo\/image\/\"}},{\"@type\":\"HowTo\",\"@id\":\"https:\/\/casinoandy.com\/fi\/nettikasinot\/maksutavat\/#howto-1\",\"name\":\"Maksutavat\",\"mainEntityOfPage\":{\"@id\":\"https:\/\/casinoandy.com\/fi\/nettikasinot\/maksutavat\/\"},\"description\":\"Turvallisen rahansiirron tekemisess\u00e4 kaiken perustana on valitsemasi nettikasino. Poimi nettikasinot pelattavaksi aina Casinoandyn kautta, jotta voit varmistua niiden turvallisuudesta. Mik\u00e4li syyst\u00e4 tai toisesta p\u00e4\u00e4dyt valitsemaan sellaisen pelikasinon, jota ei l\u00f6ydy viel\u00e4 meilt\u00e4, tarkista tiettyj\u00e4 asioita ja toimi n\u00e4iden ohjeiden mukaisesti. \",\"step\":[{\"@type\":\"HowToStep\",\"url\":\"https:\/\/casinoandy.com\/fi\/nettikasinot\/maksutavat\/#how-to-step-1605010817742\",\"text\":\"Tarkista nettikasinon saamat lisenssit. ETA-maan lisenssill\u00e4 toimivat kasinot ovat taatusti turvallisia ja vastuullisia.\"},{\"@type\":\"HowToStep\",\"url\":\"https:\/\/casinoandy.com\/fi\/nettikasinot\/maksutavat\/#how-to-step-1605010832806\",\"text\":\"Katso, k\u00e4ytet\u00e4\u00e4nk\u00f6 sivustolla SSL-salausta.\"},{\"@type\":\"HowToStep\",\"url\":\"https:\/\/casinoandy.com\/fi\/nettikasinot\/maksutavat\/#how-to-step-1605010837191\",\"text\":\"Tutki maksutapoja ennen tallettamista. Ovatko ne tunnettuja ja luotettavia?\"},{\"@type\":\"HowToStep\",\"url\":\"https:\/\/casinoandy.com\/fi\/nettikasinot\/maksutavat\/#how-to-step-1605010843246\",\"text\":\"Ent\u00e4 pelivalmistajat, l\u00f6ytyyk\u00f6 niist\u00e4 tuttuja nimi\u00e4 tai pikaisella hakukoneen tsekkaamisella tietoja?\"},{\"@type\":\"HowToStep\",\"url\":\"https:\/\/casinoandy.com\/fi\/nettikasinot\/maksutavat\/#how-to-step-1605010852425\",\"text\":\"Avaa pelitili kasinolle tai tee pikatalletus.\"},{\"@type\":\"HowToStep\",\"url\":\"https:\/\/casinoandy.com\/fi\/nettikasinot\/maksutavat\/#how-to-step-1605010877128\",\"text\":\"Siirry kassalle ja valitse talletustapa.\"},{\"@type\":\"HowToStep\",\"url\":\"https:\/\/casinoandy.com\/fi\/nettikasinot\/maksutavat\/#how-to-step-1605010881551\",\"text\":\"Tee talletus haluamallasi tavalla.\"},{\"@type\":\"HowToStep\",\"url\":\"https:\/\/casinoandy.com\/fi\/nettikasinot\/maksutavat\/#how-to-step-1605010883084\",\"text\":\"Rahat n\u00e4kyv\u00e4t pelitilil\u00e4 ja voit aloittaa pelaamisen heti.\"}],\"inLanguage\":\"fi\"}]}<\/script>\n<!-- \/ Yoast SEO plugin. -->","yoast_head_json":{"title":"Mobiilimaksu casino | Rahan talletus kasinoille","description":"Mobiilimaksu casino sivuille on yleistym\u00e4ss\u00e4. Miten mobiilitalletus tehd\u00e4\u00e4n, ja mit\u00e4 muita rahan talletus tapoja on tarjolla? Tutustu nyt!","robots":{"index":"index","follow":"follow","max-snippet":"max-snippet:-1","max-image-preview":"max-image-preview:large","max-video-preview":"max-video-preview:-1"},"canonical":"https:\/\/casinoandy.com\/fi\/nettikasinot\/maksutavat\/","og_locale":"fi_FI","og_type":"article","og_title":"Mobiilimaksu casino | Rahan talletus kasinoille","og_description":"Mobiilimaksu casino sivuille on yleistym\u00e4ss\u00e4. Miten mobiilitalletus tehd\u00e4\u00e4n, ja mit\u00e4 muita rahan talletus tapoja on tarjolla? Tutustu nyt!","og_url":"https:\/\/casinoandy.com\/fi\/nettikasinot\/maksutavat\/","og_site_name":"Casinoandy","article_modified_time":"2023-02-27T07:08:54+00:00","og_image":[{"url":"http:\/\/casinoandy.com\/wp-content\/uploads\/2020\/12\/mobiilimaksu-casino.png","type":"","width":"","height":""}],"twitter_card":"summary_large_image","twitter_misc":{"Arvioitu lukuaika":"5 minuuttia"},"schema":{"@context":"https:\/\/schema.org","@graph":[{"@type":"WebPage","@id":"https:\/\/casinoandy.com\/fi\/nettikasinot\/maksutavat\/","url":"https:\/\/casinoandy.com\/fi\/nettikasinot\/maksutavat\/","name":"Mobiilimaksu casino | Rahan talletus kasinoille","isPartOf":{"@id":"https:\/\/casinoandy.com\/fi\/#website"},"primaryImageOfPage":{"@id":"https:\/\/casinoandy.com\/fi\/nettikasinot\/maksutavat\/#primaryimage"},"image":{"@id":"https:\/\/casinoandy.com\/fi\/nettikasinot\/maksutavat\/#primaryimage"},"thumbnailUrl":"http:\/\/casinoandy.com\/wp-content\/uploads\/2020\/12\/mobiilimaksu-casino.png","datePublished":"2020-12-03T07:47:48+00:00","dateModified":"2023-02-27T07:08:54+00:00","description":"Mobiilimaksu casino sivuille on yleistym\u00e4ss\u00e4. Miten mobiilitalletus tehd\u00e4\u00e4n, ja mit\u00e4 muita rahan talletus tapoja on tarjolla? Tutustu nyt!","breadcrumb":{"@id":"https:\/\/casinoandy.com\/fi\/nettikasinot\/maksutavat\/#breadcrumb"},"inLanguage":"fi","potentialAction":[{"@type":"ReadAction","target":["https:\/\/casinoandy.com\/fi\/nettikasinot\/maksutavat\/"]}]},{"@type":"ImageObject","inLanguage":"fi","@id":"https:\/\/casinoandy.com\/fi\/nettikasinot\/maksutavat\/#primaryimage","url":"http:\/\/casinoandy.com\/wp-content\/uploads\/2020\/12\/mobiilimaksu-casino.png","contentUrl":"http:\/\/casinoandy.com\/wp-content\/uploads\/2020\/12\/mobiilimaksu-casino.png"},{"@type":"BreadcrumbList","@id":"https:\/\/casinoandy.com\/fi\/nettikasinot\/maksutavat\/#breadcrumb","itemListElement":[{"@type":"ListItem","position":1,"name":"Etusivu","item":"https:\/\/casinoandy.com\/fi\/"},{"@type":"ListItem","position":2,"name":"Nettikasinot","item":"https:\/\/casinoandy.com\/fi\/nettikasinot\/"},{"@type":"ListItem","position":3,"name":"Maksutavat"}]},{"@type":"WebSite","@id":"https:\/\/casinoandy.com\/fi\/#website","url":"https:\/\/casinoandy.com\/fi\/","name":"Casinoandy","description":"","publisher":{"@id":"https:\/\/casinoandy.com\/fi\/#organization"},"potentialAction":[{"@type":"SearchAction","target":{"@type":"EntryPoint","urlTemplate":"https:\/\/casinoandy.com\/fi\/?s={search_term_string}"},"query-input":{"@type":"PropertyValueSpecification","valueRequired":true,"valueName":"search_term_string"}}],"inLanguage":"fi"},{"@type":"Organization","@id":"https:\/\/casinoandy.com\/fi\/#organization","name":"Casino Andy","url":"https:\/\/casinoandy.com\/fi\/","logo":{"@type":"ImageObject","inLanguage":"fi","@id":"https:\/\/casinoandy.com\/fi\/#\/schema\/logo\/image\/","url":"http:\/\/casinoandy.yourmedia.nbcdemo.com\/wp-content\/uploads\/2020\/12\/casino-andy-logo-1.png","contentUrl":"http:\/\/casinoandy.yourmedia.nbcdemo.com\/wp-content\/uploads\/2020\/12\/casino-andy-logo-1.png","width":367,"height":195,"caption":"Casino Andy"},"image":{"@id":"https:\/\/casinoandy.com\/fi\/#\/schema\/logo\/image\/"}},{"@type":"HowTo","@id":"https:\/\/casinoandy.com\/fi\/nettikasinot\/maksutavat\/#howto-1","name":"Maksutavat","mainEntityOfPage":{"@id":"https:\/\/casinoandy.com\/fi\/nettikasinot\/maksutavat\/"},"description":"Turvallisen rahansiirron tekemisess\u00e4 kaiken perustana on valitsemasi nettikasino. Poimi nettikasinot pelattavaksi aina Casinoandyn kautta, jotta voit varmistua niiden turvallisuudesta. Mik\u00e4li syyst\u00e4 tai toisesta p\u00e4\u00e4dyt valitsemaan sellaisen pelikasinon, jota ei l\u00f6ydy viel\u00e4 meilt\u00e4, tarkista tiettyj\u00e4 asioita ja toimi n\u00e4iden ohjeiden mukaisesti. ","step":[{"@type":"HowToStep","url":"https:\/\/casinoandy.com\/fi\/nettikasinot\/maksutavat\/#how-to-step-1605010817742","text":"Tarkista nettikasinon saamat lisenssit. ETA-maan lisenssill\u00e4 toimivat kasinot ovat taatusti turvallisia ja vastuullisia."},{"@type":"HowToStep","url":"https:\/\/casinoandy.com\/fi\/nettikasinot\/maksutavat\/#how-to-step-1605010832806","text":"Katso, k\u00e4ytet\u00e4\u00e4nk\u00f6 sivustolla SSL-salausta."},{"@type":"HowToStep","url":"https:\/\/casinoandy.com\/fi\/nettikasinot\/maksutavat\/#how-to-step-1605010837191","text":"Tutki maksutapoja ennen tallettamista. Ovatko ne tunnettuja ja luotettavia?"},{"@type":"HowToStep","url":"https:\/\/casinoandy.com\/fi\/nettikasinot\/maksutavat\/#how-to-step-1605010843246","text":"Ent\u00e4 pelivalmistajat, l\u00f6ytyyk\u00f6 niist\u00e4 tuttuja nimi\u00e4 tai pikaisella hakukoneen tsekkaamisella tietoja?"},{"@type":"HowToStep","url":"https:\/\/casinoandy.com\/fi\/nettikasinot\/maksutavat\/#how-to-step-1605010852425","text":"Avaa pelitili kasinolle tai tee pikatalletus."},{"@type":"HowToStep","url":"https:\/\/casinoandy.com\/fi\/nettikasinot\/maksutavat\/#how-to-step-1605010877128","text":"Siirry kassalle ja valitse talletustapa."},{"@type":"HowToStep","url":"https:\/\/casinoandy.com\/fi\/nettikasinot\/maksutavat\/#how-to-step-1605010881551","text":"Tee talletus haluamallasi tavalla."},{"@type":"HowToStep","url":"https:\/\/casinoandy.com\/fi\/nettikasinot\/maksutavat\/#how-to-step-1605010883084","text":"Rahat n\u00e4kyv\u00e4t pelitilil\u00e4 ja voit aloittaa pelaamisen heti."}],"inLanguage":"fi"}]}},"_links":{"self":[{"href":"https:\/\/casinoandy.com\/fi\/wp-json\/wp\/v2\/pages\/381","targetHints":{"allow":["GET"]}}],"collection":[{"href":"https:\/\/casinoandy.com\/fi\/wp-json\/wp\/v2\/pages"}],"about":[{"href":"https:\/\/casinoandy.com\/fi\/wp-json\/wp\/v2\/types\/page"}],"author":[{"embeddable":true,"href":"https:\/\/casinoandy.com\/fi\/wp-json\/wp\/v2\/users\/3"}],"replies":[{"embeddable":true,"href":"https:\/\/casinoandy.com\/fi\/wp-json\/wp\/v2\/comments?post=381"}],"version-history":[{"count":3,"href":"https:\/\/casinoandy.com\/fi\/wp-json\/wp\/v2\/pages\/381\/revisions"}],"predecessor-version":[{"id":6824,"href":"https:\/\/casinoandy.com\/fi\/wp-json\/wp\/v2\/pages\/381\/revisions\/6824"}],"up":[{"embeddable":true,"href":"https:\/\/casinoandy.com\/fi\/wp-json\/wp\/v2\/pages\/367"}],"wp:attachment":[{"href":"https:\/\/casinoandy.com\/fi\/wp-json\/wp\/v2\/media?parent=381"}],"curies":[{"name":"wp","href":"https:\/\/api.w.org\/{rel}","templated":true}]}}