{"id":458,"date":"2020-12-03T10:39:54","date_gmt":"2020-12-03T09:39:54","guid":{"rendered":"http:\/\/casinoandy.com\/om-oss\/"},"modified":"2020-12-09T16:27:18","modified_gmt":"2020-12-09T15:27:18","slug":"tietoa-meista","status":"publish","type":"page","link":"https:\/\/casinoandy.com\/fi\/tietoa-meista\/","title":{"rendered":"Tietoa Meist\u00e4"},"content":{"rendered":"\n<h1 class=\"wp-block-heading\">Meist\u00e4&nbsp;<\/h1>\n\n\n\n<p>Loimme CasinoAndyn, sill\u00e4 halusimme saada aikaiseksi todella hyv\u00e4n ja kattavan kasinoita vertailevan sivuston, josta saat tietoa ja faktoja kasinomaailmaan liittyen.<\/p>\n\n\n\n<p>Tavoitteenamme oli my\u00f6s luoda sellainen sivusto, josta uudet pelaajat oppivat kasinoiden toiminnasta mahdollisimman paljon nopeasti ja luotettavasti.&nbsp;<\/p>\n\n\n\n<p>CasinoAndylla opit lis\u00e4\u00e4 siit\u00e4, miten kasinot toimivat, miten pelaat niill\u00e4, millaisia ongelmia saattaa nousta esille ja mit\u00e4 hyvi\u00e4 ja huonoja puolia kasinoilla pelaamisessa on. Mielest\u00e4mme olemme onnistuneet tavoitteissa erityisen hyvin!<\/p>\n\n\n\n<div class=\"wp-block-image\"><figure class=\"aligncenter size-large\"><img loading=\"lazy\" decoding=\"async\" width=\"800\" height=\"500\" src=\"http:\/\/casinoandy.com\/wp-content\/uploads\/2020\/12\/tietoa-meista.png\" alt=\"Tietoa meist\u00e4\" class=\"wp-image-461\" srcset=\"https:\/\/casinoandy.com\/wp-content\/uploads\/2020\/12\/tietoa-meista.png 800w, https:\/\/casinoandy.com\/wp-content\/uploads\/2020\/12\/tietoa-meista-300x188.png 300w, https:\/\/casinoandy.com\/wp-content\/uploads\/2020\/12\/tietoa-meista-768x480.png 768w\" sizes=\"auto, (max-width: 800px) 100vw, 800px\" \/><\/figure><\/div>\n\n\n\n<h2 class=\"wp-block-heading\">Keit\u00e4 me olemme?<\/h2>\n\n\n\n<p>Olemme iloisia ja uteliaasti el\u00e4m\u00e4\u00e4n suhtautuvia ihmisi\u00e4 parhaassa i\u00e4ss\u00e4! Aivan kuten sin\u00e4, mekin nautimme kasinoilla pelaamisesta. Yhteens\u00e4 meill\u00e4 on yli 50 vuoden mittainen kokemus kasino-alalta, ja sen my\u00f6t\u00e4 haluamme auttaa suomalaisia pelaajia ymp\u00e4ri maailman.<\/p>\n\n\n\n<h2 class=\"wp-block-heading\">Kuka sin\u00e4 olet? \u2013 Kohderyhm\u00e4mme<\/h2>\n\n\n\n<p><a href=\"\/fi\/\">CasinoAndy.com<\/a> haluaa auttaa suomalaisia l\u00f6yt\u00e4m\u00e4\u00e4n oikeanlaiset kasinot, oikeanlaisilla peleill\u00e4 ja bonuksilla juuri heid\u00e4n tarpeisiinsa. K\u00e4yt\u00e4nn\u00f6ss\u00e4 t\u00e4m\u00e4 tarkoittaa kasinoita, joilla on ETA-maan lisenssi, mutta joillakin Curacaon lisensseill\u00e4 toimivilla kasinoilla on niill\u00e4kin omat hienot puolensa.&nbsp;<\/p>\n\n\n\n<p>Tied\u00e4mme, ett\u00e4 markkinoilla on runsaasti erilaisia kasinoita vertailevia sivustoja. Haluamme erottua tuosta joukosta, ja siksi olemme nostaneet panoksia. Meill\u00e4 kasinoita arvostellaan ja vertaillaan useiden eri muuttujien kautta.<\/p>\n\n\n\n<h2 class=\"wp-block-heading\">Tavoitteet tulevaisuudessa<\/h2>\n\n\n\n<p>Nykyiset ja tulevat tavoitteemme on tarjota kohderyhm\u00e4llemme kaikki tarvittava tieto, faktat ja taidot, joita he voivat tarvita valitessaan nettikasinoita. T\u00e4m\u00e4 voi sis\u00e4lt\u00e4\u00e4 esimerkiksi valmistelua ja tietoa pelitilin rekister\u00f6innist\u00e4, tai vinkkej\u00e4 siit\u00e4 mitk\u00e4 maksutavat sopivat parhaiten mihinkin tilanteeseen.<\/p>\n\n\n\n<p>Viimeiseksi, mutta ei suinkaan v\u00e4h\u00e4isimm\u00e4ksi, haluamme edist\u00e4\u00e4 vastuullista pelaamista. Kerromme, mit\u00e4 se todellisuudessa tarkoittaa, ja jaamme tietoa erilaisista pelaamisen rajoituksista. T\u00e4llaisia ovat esimerkiksi talletusrajat sek\u00e4 itsearviointia varten kehitetyt testit.&nbsp;<\/p>\n\n\n\n<p>N\u00e4in lukijamme saavat kattavan kuvan siit\u00e4, millaisia turvaverkkoja nettikasinoiden pelaajille on olemassa.&nbsp;<\/p>\n\n\n\n<p>Pid\u00e4 mieless\u00e4, ett\u00e4 vaikka turvaverkot ovatkin olemassa, vaaditaan niiden hy\u00f6tyjen maksimointiin erityist\u00e4 itsekuria ja vastuullisen pelaamisen periaatteiden noudattamista aina, kun pelataan oikealla rahalla.<\/p>\n\n\n\n<p>Onnea peleihin!<\/p>\n\n\n\n<p>Casinoandy.comin tiimi<\/p>\n","protected":false},"excerpt":{"rendered":"<p>Meist\u00e4&nbsp; Loimme CasinoAndyn, sill\u00e4 halusimme saada aikaiseksi todella hyv\u00e4n ja kattavan kasinoita vertailevan sivuston, josta saat tietoa ja faktoja kasinomaailmaan&#8230;<\/p>\n","protected":false},"author":3,"featured_media":0,"parent":0,"menu_order":0,"comment_status":"closed","ping_status":"closed","template":"","meta":{"_acf_changed":false,"footnotes":""},"class_list":["post-458","page","type-page","status-publish","hentry"],"acf":[],"yoast_head":"<!-- This site is optimized with the Yoast SEO plugin v27.0 - https:\/\/yoast.com\/product\/yoast-seo-wordpress\/ -->\n<title>Tietoa meist\u00e4 | Keit\u00e4 me olemme ja mit\u00e4 teemme<\/title>\n<meta name=\"description\" content=\"CasinoAndyn tiimi koostuu innokkaista kasinoalan ammattilaisista, joiden intohimona erilaiset kasinot ja pelit ovat. Lue lis\u00e4\u00e4 meist\u00e4!\" \/>\n<meta name=\"robots\" content=\"index, follow, max-snippet:-1, max-image-preview:large, max-video-preview:-1\" \/>\n<link rel=\"canonical\" href=\"https:\/\/casinoandy.com\/fi\/tietoa-meista\/\" \/>\n<meta property=\"og:locale\" content=\"fi_FI\" \/>\n<meta property=\"og:type\" content=\"article\" \/>\n<meta property=\"og:title\" content=\"Tietoa meist\u00e4 | Keit\u00e4 me olemme ja mit\u00e4 teemme\" \/>\n<meta property=\"og:description\" content=\"CasinoAndyn tiimi koostuu innokkaista kasinoalan ammattilaisista, joiden intohimona erilaiset kasinot ja pelit ovat. Lue lis\u00e4\u00e4 meist\u00e4!\" \/>\n<meta property=\"og:url\" content=\"https:\/\/casinoandy.com\/fi\/tietoa-meista\/\" \/>\n<meta property=\"og:site_name\" content=\"Casinoandy\" \/>\n<meta property=\"article:modified_time\" content=\"2020-12-09T15:27:18+00:00\" \/>\n<meta property=\"og:image\" content=\"http:\/\/casinoandy.com\/wp-content\/uploads\/2020\/12\/tietoa-meista.png\" \/>\n<meta name=\"twitter:card\" content=\"summary_large_image\" \/>\n<meta name=\"twitter:label1\" content=\"Arvioitu lukuaika\" \/>\n\t<meta name=\"twitter:data1\" content=\"2 minuuttia\" \/>\n<script type=\"application\/ld+json\" class=\"yoast-schema-graph\">{\"@context\":\"https:\/\/schema.org\",\"@graph\":[{\"@type\":\"WebPage\",\"@id\":\"https:\/\/casinoandy.com\/fi\/tietoa-meista\/\",\"url\":\"https:\/\/casinoandy.com\/fi\/tietoa-meista\/\",\"name\":\"Tietoa meist\u00e4 | Keit\u00e4 me olemme ja mit\u00e4 teemme\",\"isPartOf\":{\"@id\":\"https:\/\/casinoandy.com\/fi\/#website\"},\"primaryImageOfPage\":{\"@id\":\"https:\/\/casinoandy.com\/fi\/tietoa-meista\/#primaryimage\"},\"image\":{\"@id\":\"https:\/\/casinoandy.com\/fi\/tietoa-meista\/#primaryimage\"},\"thumbnailUrl\":\"http:\/\/casinoandy.com\/wp-content\/uploads\/2020\/12\/tietoa-meista.png\",\"datePublished\":\"2020-12-03T09:39:54+00:00\",\"dateModified\":\"2020-12-09T15:27:18+00:00\",\"description\":\"CasinoAndyn tiimi koostuu innokkaista kasinoalan ammattilaisista, joiden intohimona erilaiset kasinot ja pelit ovat. Lue lis\u00e4\u00e4 meist\u00e4!\",\"breadcrumb\":{\"@id\":\"https:\/\/casinoandy.com\/fi\/tietoa-meista\/#breadcrumb\"},\"inLanguage\":\"fi\",\"potentialAction\":[{\"@type\":\"ReadAction\",\"target\":[\"https:\/\/casinoandy.com\/fi\/tietoa-meista\/\"]}]},{\"@type\":\"ImageObject\",\"inLanguage\":\"fi\",\"@id\":\"https:\/\/casinoandy.com\/fi\/tietoa-meista\/#primaryimage\",\"url\":\"http:\/\/casinoandy.com\/wp-content\/uploads\/2020\/12\/tietoa-meista.png\",\"contentUrl\":\"http:\/\/casinoandy.com\/wp-content\/uploads\/2020\/12\/tietoa-meista.png\"},{\"@type\":\"BreadcrumbList\",\"@id\":\"https:\/\/casinoandy.com\/fi\/tietoa-meista\/#breadcrumb\",\"itemListElement\":[{\"@type\":\"ListItem\",\"position\":1,\"name\":\"Etusivu\",\"item\":\"https:\/\/casinoandy.com\/fi\/\"},{\"@type\":\"ListItem\",\"position\":2,\"name\":\"Tietoa Meist\u00e4\"}]},{\"@type\":\"WebSite\",\"@id\":\"https:\/\/casinoandy.com\/fi\/#website\",\"url\":\"https:\/\/casinoandy.com\/fi\/\",\"name\":\"Casinoandy\",\"description\":\"\",\"publisher\":{\"@id\":\"https:\/\/casinoandy.com\/fi\/#organization\"},\"potentialAction\":[{\"@type\":\"SearchAction\",\"target\":{\"@type\":\"EntryPoint\",\"urlTemplate\":\"https:\/\/casinoandy.com\/fi\/?s={search_term_string}\"},\"query-input\":{\"@type\":\"PropertyValueSpecification\",\"valueRequired\":true,\"valueName\":\"search_term_string\"}}],\"inLanguage\":\"fi\"},{\"@type\":\"Organization\",\"@id\":\"https:\/\/casinoandy.com\/fi\/#organization\",\"name\":\"Casino Andy\",\"url\":\"https:\/\/casinoandy.com\/fi\/\",\"logo\":{\"@type\":\"ImageObject\",\"inLanguage\":\"fi\",\"@id\":\"https:\/\/casinoandy.com\/fi\/#\/schema\/logo\/image\/\",\"url\":\"http:\/\/casinoandy.yourmedia.nbcdemo.com\/wp-content\/uploads\/2020\/12\/casino-andy-logo-1.png\",\"contentUrl\":\"http:\/\/casinoandy.yourmedia.nbcdemo.com\/wp-content\/uploads\/2020\/12\/casino-andy-logo-1.png\",\"width\":367,\"height\":195,\"caption\":\"Casino Andy\"},\"image\":{\"@id\":\"https:\/\/casinoandy.com\/fi\/#\/schema\/logo\/image\/\"}}]}<\/script>\n<!-- \/ Yoast SEO plugin. -->","yoast_head_json":{"title":"Tietoa meist\u00e4 | Keit\u00e4 me olemme ja mit\u00e4 teemme","description":"CasinoAndyn tiimi koostuu innokkaista kasinoalan ammattilaisista, joiden intohimona erilaiset kasinot ja pelit ovat. Lue lis\u00e4\u00e4 meist\u00e4!","robots":{"index":"index","follow":"follow","max-snippet":"max-snippet:-1","max-image-preview":"max-image-preview:large","max-video-preview":"max-video-preview:-1"},"canonical":"https:\/\/casinoandy.com\/fi\/tietoa-meista\/","og_locale":"fi_FI","og_type":"article","og_title":"Tietoa meist\u00e4 | Keit\u00e4 me olemme ja mit\u00e4 teemme","og_description":"CasinoAndyn tiimi koostuu innokkaista kasinoalan ammattilaisista, joiden intohimona erilaiset kasinot ja pelit ovat. Lue lis\u00e4\u00e4 meist\u00e4!","og_url":"https:\/\/casinoandy.com\/fi\/tietoa-meista\/","og_site_name":"Casinoandy","article_modified_time":"2020-12-09T15:27:18+00:00","og_image":[{"url":"http:\/\/casinoandy.com\/wp-content\/uploads\/2020\/12\/tietoa-meista.png","type":"","width":"","height":""}],"twitter_card":"summary_large_image","twitter_misc":{"Arvioitu lukuaika":"2 minuuttia"},"schema":{"@context":"https:\/\/schema.org","@graph":[{"@type":"WebPage","@id":"https:\/\/casinoandy.com\/fi\/tietoa-meista\/","url":"https:\/\/casinoandy.com\/fi\/tietoa-meista\/","name":"Tietoa meist\u00e4 | Keit\u00e4 me olemme ja mit\u00e4 teemme","isPartOf":{"@id":"https:\/\/casinoandy.com\/fi\/#website"},"primaryImageOfPage":{"@id":"https:\/\/casinoandy.com\/fi\/tietoa-meista\/#primaryimage"},"image":{"@id":"https:\/\/casinoandy.com\/fi\/tietoa-meista\/#primaryimage"},"thumbnailUrl":"http:\/\/casinoandy.com\/wp-content\/uploads\/2020\/12\/tietoa-meista.png","datePublished":"2020-12-03T09:39:54+00:00","dateModified":"2020-12-09T15:27:18+00:00","description":"CasinoAndyn tiimi koostuu innokkaista kasinoalan ammattilaisista, joiden intohimona erilaiset kasinot ja pelit ovat. Lue lis\u00e4\u00e4 meist\u00e4!","breadcrumb":{"@id":"https:\/\/casinoandy.com\/fi\/tietoa-meista\/#breadcrumb"},"inLanguage":"fi","potentialAction":[{"@type":"ReadAction","target":["https:\/\/casinoandy.com\/fi\/tietoa-meista\/"]}]},{"@type":"ImageObject","inLanguage":"fi","@id":"https:\/\/casinoandy.com\/fi\/tietoa-meista\/#primaryimage","url":"http:\/\/casinoandy.com\/wp-content\/uploads\/2020\/12\/tietoa-meista.png","contentUrl":"http:\/\/casinoandy.com\/wp-content\/uploads\/2020\/12\/tietoa-meista.png"},{"@type":"BreadcrumbList","@id":"https:\/\/casinoandy.com\/fi\/tietoa-meista\/#breadcrumb","itemListElement":[{"@type":"ListItem","position":1,"name":"Etusivu","item":"https:\/\/casinoandy.com\/fi\/"},{"@type":"ListItem","position":2,"name":"Tietoa Meist\u00e4"}]},{"@type":"WebSite","@id":"https:\/\/casinoandy.com\/fi\/#website","url":"https:\/\/casinoandy.com\/fi\/","name":"Casinoandy","description":"","publisher":{"@id":"https:\/\/casinoandy.com\/fi\/#organization"},"potentialAction":[{"@type":"SearchAction","target":{"@type":"EntryPoint","urlTemplate":"https:\/\/casinoandy.com\/fi\/?s={search_term_string}"},"query-input":{"@type":"PropertyValueSpecification","valueRequired":true,"valueName":"search_term_string"}}],"inLanguage":"fi"},{"@type":"Organization","@id":"https:\/\/casinoandy.com\/fi\/#organization","name":"Casino Andy","url":"https:\/\/casinoandy.com\/fi\/","logo":{"@type":"ImageObject","inLanguage":"fi","@id":"https:\/\/casinoandy.com\/fi\/#\/schema\/logo\/image\/","url":"http:\/\/casinoandy.yourmedia.nbcdemo.com\/wp-content\/uploads\/2020\/12\/casino-andy-logo-1.png","contentUrl":"http:\/\/casinoandy.yourmedia.nbcdemo.com\/wp-content\/uploads\/2020\/12\/casino-andy-logo-1.png","width":367,"height":195,"caption":"Casino Andy"},"image":{"@id":"https:\/\/casinoandy.com\/fi\/#\/schema\/logo\/image\/"}}]}},"_links":{"self":[{"href":"https:\/\/casinoandy.com\/fi\/wp-json\/wp\/v2\/pages\/458","targetHints":{"allow":["GET"]}}],"collection":[{"href":"https:\/\/casinoandy.com\/fi\/wp-json\/wp\/v2\/pages"}],"about":[{"href":"https:\/\/casinoandy.com\/fi\/wp-json\/wp\/v2\/types\/page"}],"author":[{"embeddable":true,"href":"https:\/\/casinoandy.com\/fi\/wp-json\/wp\/v2\/users\/3"}],"replies":[{"embeddable":true,"href":"https:\/\/casinoandy.com\/fi\/wp-json\/wp\/v2\/comments?post=458"}],"version-history":[{"count":4,"href":"https:\/\/casinoandy.com\/fi\/wp-json\/wp\/v2\/pages\/458\/revisions"}],"predecessor-version":[{"id":1285,"href":"https:\/\/casinoandy.com\/fi\/wp-json\/wp\/v2\/pages\/458\/revisions\/1285"}],"wp:attachment":[{"href":"https:\/\/casinoandy.com\/fi\/wp-json\/wp\/v2\/media?parent=458"}],"curies":[{"name":"wp","href":"https:\/\/api.w.org\/{rel}","templated":true}]}}