{"id":4990,"date":"2022-11-27T08:09:39","date_gmt":"2022-11-27T07:09:39","guid":{"rendered":"http:\/\/casinoandy.com\/?page_id=4990"},"modified":"2022-11-27T08:09:39","modified_gmt":"2022-11-27T07:09:39","slug":"vedonlyontisivustot","status":"publish","type":"page","link":"https:\/\/casinoandy.com\/fi\/vedonlyontisivustot\/","title":{"rendered":"Vedonly\u00f6ntisivustot"},"content":{"rendered":"\n<h1 class=\"wp-block-heading\">Vedonly\u00f6ntisivustot<\/h1>\n\n\n\n<p>Rahapelaamista on olemassa monenlaista. T\u00e4m\u00e4n sivuston lukijoilla on ep\u00e4ilem\u00e4tt\u00e4 kaikilla kolikkopeli- ja p\u00f6yt\u00e4pelitaustaa, mutta n\u00e4m\u00e4 eiv\u00e4t ole ainoita tapoja, joilla voi voittaa rahaa kotona istumalla ja tekem\u00e4tt\u00e4 mit\u00e4\u00e4n. Yht\u00e4 hyvin rahaa voi panostaa my\u00f6s vedonly\u00f6ntiin. T\u00e4ll\u00f6in voittaminen ei olekaan tosin en\u00e4\u00e4 aivan pelk\u00e4st\u00e4\u00e4n tuurista kiinni, vaan pelaajalla olisi hyv\u00e4 olla my\u00f6s jonkinlaista pelisilm\u00e4\u00e4. Eik\u00e4 toisaalta orastavista meedion kyvyist\u00e4k\u00e4\u00e4n haittaa olisi.<\/p>\n\n\n\n<p>Jos vedonly\u00f6ntisivustot kiinnostavat, olet klikannut itsesi aivan oikeaan artikkeliin. Me nimitt\u00e4in kerromme sinulle, miten vedonly\u00f6nti netiss\u00e4 toimii ja miten sill\u00e4 voi ly\u00f6d\u00e4 leiville.<\/p>\n\n\n\n<h2 class=\"wp-block-heading\"><strong>Vedonly\u00f6nti veriss\u00e4<\/strong><\/h2>\n\n\n\n<p>Vedonly\u00f6nnill\u00e4 laajassa merkityksess\u00e4 tarkoitetaan sit\u00e4, ett\u00e4 yritet\u00e4\u00e4n arvuutella tulevaa ja laitetaan rahapanos omille veikkauksille. Moni meist\u00e4 on nuorena t\u00f6r\u00e4ytt\u00e4nyt kavereilleen haasteen \u201dvitonen vetoa, ett\u00e4 ehdin ennen sua tonne kukkulalle\u201d. Jos haaste sitten on otettu vastaan, on voittaja saanut h\u00e4vi\u00e4j\u00e4lt\u00e4 viisi euroa itselleen.<\/p>\n\n\n\n<p>Netiss\u00e4 tapahtuva vedonly\u00f6nti toimii hyvin samanlaisilla perusperiaatteilla. Tosin t\u00e4ll\u00e4 kertaa vetojen s\u00e4\u00e4nn\u00f6t ja parametrit asettaa vedonly\u00f6ntisivusto. Vedonly\u00f6ntisivusto voi esimerkiksi kertoa sinulle, ett\u00e4 saat rahasi kymmenkertaisena takaisin, mik\u00e4li veikkaat Suomen voittavan Tanskan jalkapallossa ja t\u00e4m\u00e4 oikeasti tapahtuu. Vedonly\u00f6ntisivustojen kertoimet ovat siis kaikki ik\u00e4\u00e4n kuin er\u00e4\u00e4nlaisia haasteita, joihin asiakas sitten joko tarttuu tai on tarttumatta.<\/p>\n\n\n\n<p>Erityisesti vedonly\u00f6nti puhuttelee meik\u00e4l\u00e4isi\u00e4 siit\u00e4 syyst\u00e4, ett\u00e4 penkkiurheilu on aina ollut maassamme valtavan suosittua. Popedakin tiesi aikanaan laulaa Ukkometso-kappaleessaan, ett\u00e4 kun Suomi pelaa l\u00e4tk\u00e4\u00e4, niin se iskee joka j\u00e4tk\u00e4\u00e4n. T\u00e4st\u00e4 syyst\u00e4 Suomen Leijonien puolesta vetoa ly\u00f6vi\u00e4 on maassamme useita kymmeni\u00e4 ellei jopa satoja tuhansia.<\/p>\n\n\n\n<p>Mik\u00e4 parasta, pelaajanhan ei sin\u00e4ns\u00e4 tarvitse olla mik\u00e4\u00e4n ennustaja voidakseen ly\u00f6d\u00e4 vetoa. Yht\u00e4 hyvin rahaa voi pist\u00e4\u00e4 likoon suosikkijoukkueelleen my\u00f6s kannatuksen ja lis\u00e4j\u00e4nnityksen vuoksi. Jos omat suosikit selviytyv\u00e4t mahdottomalta tuntuvasta haasteesta ehjin nahoin voittajina, on riemun hetki vedon osumisen my\u00f6t\u00e4 tavallistakin suurempi.<\/p>\n\n\n\n<h2 class=\"wp-block-heading\"><strong>Parhaat vedonly\u00f6ntisivustot t\u00e4ynn\u00e4 hyvi\u00e4 diilej\u00e4<\/strong><\/h2>\n\n\n\n<p>Jos et ole asunut kiveen hakatussa kalliomajassa jo useita kymmeni\u00e4 vuosia, todenn\u00e4k\u00f6isesti tied\u00e4tkin, ett\u00e4 valtiolla on t\u00e4ss\u00e4 maassa monopoli kaikenlaiseen raha- ja uhkapelaamiseen. Jos kuitenkin haluat nauttia kaikkein parhaimmista kertoimista ja kattavimmista betsimarkkinoista, tulee sinun usein l\u00e4hte\u00e4 merta edemm\u00e4s kalaan.<\/p>\n\n\n\n<p>Kotimaisen yksinoikeustoimijan ote ulottuu ainoastaan Manner-Suomeen, mutta netiss\u00e4 pelatessa markkinat ovat vapaat. Siell\u00e4 toinen toistaan paremmat vedonly\u00f6ntibonukset odottavat sportista kiinnostuneita asiakkaita. Siisp\u00e4 <a href=\"https:\/\/xn--uudetvedonlyntisivut-fbc.com\/\">lue lis\u00e4\u00e4 uusista vedonly\u00f6ntisivustoista<\/a> ja tempaudu ihmeess\u00e4 niiden matkaan.<\/p>\n\n\n\n<p>Varsin tavanomaista on, ett\u00e4 kansainv\u00e4liset vedonly\u00f6ntisivut ly\u00f6v\u00e4t uudelle asiakkaalleen saman tien k\u00e4teen erinomaisen 100 %:n bonuksen. Jos siis haluat tallettaa pelisivustolle vaikkapa 50 euroa omaa rahaasi, antaa pelisivusto pinkkasi p\u00e4\u00e4lle toisen mokoman kaupan p\u00e4\u00e4ll\u00e4. N\u00e4in ollen pystyt l\u00e4htem\u00e4\u00e4n kannattamaan suosikkiasi tuplarahalla, jolloin my\u00f6s potentiaaliset tienestit kaksinkertaistuvat.<\/p>\n\n\n\n<p>Aivan t\u00e4ysin katteetonta ei bonusraha tietenk\u00e4\u00e4n sent\u00e4\u00e4n ole. Noin 99 % tapauksista siihen liittyy jonkinlainen kierr\u00e4tysvaatimus, jonka mukaisesti rahaa pit\u00e4\u00e4 panostaa useita kertoja ennen sen nostamista pois tililt\u00e4. Jos siis 100 euron kassallasi on vaikkapa 8-kertainen kierr\u00e4tys, tulee sinun tehd\u00e4 ensimm\u00e4isen 100 euron panostuksesi j\u00e4lkeen viel\u00e4 700 euron edest\u00e4 lis\u00e4panostuksia. Riskej\u00e4 t\u00e4ytyy siis ottaa enemm\u00e4nkin kuin kerran, mutta toisaalta lopussa mahdollisesti kiitos seisoo. Parhaassa tapauksessa kassa on ehtinyt kasvaa panostusperiodin p\u00e4\u00e4tteeksi viel\u00e4kin isommaksi kuin mit\u00e4 alun perin uskalsi toivoa.<\/p>\n\n\n\n<h2 class=\"wp-block-heading\"><strong>Vedonly\u00f6nti\u00e4 my\u00f6s omituisiin kohteisiin<\/strong><\/h2>\n\n\n\n<p>Kun tavallinen tallaaja ajattelee vedonly\u00f6nti\u00e4, tulee mieleen ennen kaikkea vedonly\u00f6nti urheiluun. Urheilutapahtumia j\u00e4rjestet\u00e4\u00e4n maailmanlaajuisesti p\u00e4ivitt\u00e4in varmastikin v\u00e4hint\u00e4\u00e4n satojatuhansia. Maailmanlaajuisesti merkitt\u00e4vien jalkapallopelien lis\u00e4ksi siell\u00e4 t\u00e4\u00e4ll\u00e4 pelataan kaikenlaisia lasten ja nuorten puulaakipelej\u00e4, joista ei tavallisesti kantaudu tieto minnek\u00e4\u00e4n muualle kuin paikallisille kylille.<\/p>\n\n\n\n<p>Kansainv\u00e4lisill\u00e4 vedonly\u00f6ntisivustoilla p\u00e4\u00e4set laajentamaan horisonttiasi hyvinkin laajalle. Et siis joudukaan panostamaan en\u00e4\u00e4 pelk\u00e4st\u00e4\u00e4n Valioliigan huippuotteluihin ja Suomen ja Ruotsin l\u00e4tk\u00e4peleihin, vaan ulottuvillasi on vaikka mit\u00e4 lajeja aina rugbysta futsaliin ja p\u00f6yt\u00e4tennikseen. Ei my\u00f6sk\u00e4\u00e4n ole mitenk\u00e4\u00e4n pois suljettua, etteik\u00f6 jostain netin sy\u00f6vereist\u00e4 l\u00f6ytyisi vedonly\u00f6nti\u00e4 eukonkantoon tai saappaanheittoonkin. Jopa k\u00e4sikirjoitetusta showpainistakin voi ly\u00f6d\u00e4 vetoa monessa vedonly\u00f6ntiin vihkiytyneess\u00e4 paikassa!<\/p>\n\n\n\n<figure class=\"wp-block-image size-full\"><img loading=\"lazy\" decoding=\"async\" width=\"800\" height=\"500\" src=\"http:\/\/casinoandy.com\/wp-content\/uploads\/2022\/11\/Vedonlyontisivustot.png\" alt=\"Vedonly\u00f6ntisivustot\" class=\"wp-image-4994\" srcset=\"https:\/\/casinoandy.com\/wp-content\/uploads\/2022\/11\/Vedonlyontisivustot.png 800w, https:\/\/casinoandy.com\/wp-content\/uploads\/2022\/11\/Vedonlyontisivustot-300x188.png 300w, https:\/\/casinoandy.com\/wp-content\/uploads\/2022\/11\/Vedonlyontisivustot-768x480.png 768w\" sizes=\"auto, (max-width: 800px) 100vw, 800px\" \/><\/figure>\n\n\n\n<p>Kansainv\u00e4liset vedonly\u00f6ntimarkkinat ovat kokoluokaltaan valtavaa kamaa. Ei siis ole tavatonta, ett\u00e4 vedonly\u00f6ntitoimistot keksiv\u00e4t asiakkailleen hyvin eriskummallisiakin pelikohteita. Saatat siis yht\u00e4 lailla p\u00e4\u00e4st\u00e4 ly\u00f6m\u00e4\u00e4n vetoa siit\u00e4, milloin avaruusoliot saapuvat ensimm\u00e4ist\u00e4 kertaa maapallolle tai onko Lontoossa valkoinen joulu. N\u00e4m\u00e4 ovat molemmat aitoja esimerkkej\u00e4, ja niin ovat my\u00f6s erilaisten tosi-tv-ohjelmien ja poliittisten vaalien voittajaveikkaukset.<\/p>\n\n\n\n<p>Mit\u00e4 ikin\u00e4 sit\u00e4 voikin ihminen arvuutella \u2013 hyv\u00e4n maun rajoissa tosin \u2013, on hyvinkin mahdollista, ett\u00e4 jollain vedonly\u00f6ntisivustolla t\u00e4st\u00e4 p\u00e4\u00e4see ly\u00f6m\u00e4\u00e4n vetoa.<\/p>\n\n\n\n<h2 class=\"wp-block-heading\"><strong>Livestriimaustakin tarjolla<\/strong><\/h2>\n\n\n\n<p>Vedonly\u00f6nti on yleens\u00e4 hauskinta silloin, kun asiakas seuraa suorana tapahtumien kehittymist\u00e4. Esimerkiksi kotimaisen Susijengin koripallopelit ovat tulleet tunnetuksi usein trillerim\u00e4isest\u00e4 luonteestaan. Yleis\u00f6 el\u00e4\u00e4 jo ilmankin rahapanosta mukana jokaisessa Sasu Salinin k\u00e4sist\u00e4 l\u00e4htev\u00e4ss\u00e4 kolmen pisteen heitossa. Kokemus ainoastaan vahvistuu, kun pelaajalla on ottelussa mukana taloudellinen panos.<\/p>\n\n\n\n<p>Aina kaikkia parhaita otteluita ei kuitenkaan n\u00e4ytet\u00e4 Suomen televisiossa maksutta. Etenkin liiga- ja sarjapelit sullotaan usein kalliiden maksumuurien taakse, eik\u00e4 sunnuntaikatsoja v\u00e4ltt\u00e4m\u00e4tt\u00e4 halua maksaa useiden kymmenien eurojen kuukausimaksuja vain yksitt\u00e4isen kiinnostavan ottelun vuoksi. N\u00e4iss\u00e4kin tilanteissa kansainv\u00e4liset vedonly\u00f6ntitoimistot tulevat h\u00e4tiin, sill\u00e4 joskus ne tarjoavat livestriimausta suosituimmista otteluistaan.<\/p>\n\n\n\n<p>Mit\u00e4\u00e4n suomalaista selostusta on vedonly\u00f6ntisivustoilta turha odottaa, mutta toisinaan saatat p\u00e4\u00e4st\u00e4 kuuntelemaan kiinnostavaa englanninkielist\u00e4 puhetta suomalaisten starojen touhuista kent\u00e4ll\u00e4. Esimerkiksi Utah Jazzissa pelaavan Lauri Markkasen edesottamuksia on hauska seurata my\u00f6s yhdysvaltalaisen selostuksen n\u00e4k\u00f6kulmasta tarkasteltuna.<\/p>\n\n\n\n<h2 class=\"wp-block-heading\"><strong>Lopuksi<\/strong><\/h2>\n\n\n\n<p>Vedonly\u00f6nti on ilmiselv\u00e4 harrastus henkil\u00f6lle, joka muutenkin tykk\u00e4\u00e4 seurata urheilua. Jo pienikin rahapanostus voi lis\u00e4t\u00e4 katseluj\u00e4nnityst\u00e4 merkitt\u00e4v\u00e4sti ja saada tuntemaan kuin olisit itse kent\u00e4ll\u00e4 mukana juhlimassa onnistumisia ja harmittelemassa ep\u00e4onnistumisia.<\/p>\n\n\n\n<p>Muistutettakoon silti viel\u00e4 loppuun, ett\u00e4 vedonly\u00f6ntiin p\u00e4tev\u00e4t samat s\u00e4\u00e4nn\u00f6t kuin kasinopelaamiseenkin. Yli varojensa ei saa pelata, eik\u00e4 pelien pid\u00e4 antaa menn\u00e4 tunteisiin. Niin kauan kuin touhu pysyy ilon puolella, on sill\u00e4 paikkansa, mutta ei en\u00e4\u00e4 sen j\u00e4lkeen.<\/p>\n","protected":false},"excerpt":{"rendered":"<p>Vedonly\u00f6ntisivustot Rahapelaamista on olemassa monenlaista. T\u00e4m\u00e4n sivuston lukijoilla on ep\u00e4ilem\u00e4tt\u00e4 kaikilla kolikkopeli- ja p\u00f6yt\u00e4pelitaustaa, mutta n\u00e4m\u00e4 eiv\u00e4t ole ainoita tapoja,&#8230;<\/p>\n","protected":false},"author":3,"featured_media":0,"parent":0,"menu_order":0,"comment_status":"closed","ping_status":"closed","template":"","meta":{"_acf_changed":false,"footnotes":""},"class_list":["post-4990","page","type-page","status-publish","hentry"],"acf":[],"yoast_head":"<!-- This site is optimized with the Yoast SEO plugin v27.0 - https:\/\/yoast.com\/product\/yoast-seo-wordpress\/ -->\n<title>Vedonly\u00f6ntisivustot - Casinoandy<\/title>\n<meta name=\"robots\" content=\"index, follow, max-snippet:-1, max-image-preview:large, max-video-preview:-1\" \/>\n<link rel=\"canonical\" href=\"https:\/\/casinoandy.com\/fi\/vedonlyontisivustot\/\" \/>\n<meta property=\"og:locale\" content=\"fi_FI\" \/>\n<meta property=\"og:type\" content=\"article\" \/>\n<meta property=\"og:title\" content=\"Vedonly\u00f6ntisivustot - Casinoandy\" \/>\n<meta property=\"og:description\" content=\"Vedonly\u00f6ntisivustot Rahapelaamista on olemassa monenlaista. T\u00e4m\u00e4n sivuston lukijoilla on ep\u00e4ilem\u00e4tt\u00e4 kaikilla kolikkopeli- ja p\u00f6yt\u00e4pelitaustaa, mutta n\u00e4m\u00e4 eiv\u00e4t ole ainoita tapoja,...\" \/>\n<meta property=\"og:url\" content=\"https:\/\/casinoandy.com\/fi\/vedonlyontisivustot\/\" \/>\n<meta property=\"og:site_name\" content=\"Casinoandy\" \/>\n<meta property=\"og:image\" content=\"http:\/\/casinoandy.com\/wp-content\/uploads\/2022\/11\/Vedonlyontisivustot.png\" \/>\n<meta name=\"twitter:card\" content=\"summary_large_image\" \/>\n<meta name=\"twitter:label1\" content=\"Arvioitu lukuaika\" \/>\n\t<meta name=\"twitter:data1\" content=\"5 minuuttia\" \/>\n<script type=\"application\/ld+json\" class=\"yoast-schema-graph\">{\"@context\":\"https:\/\/schema.org\",\"@graph\":[{\"@type\":\"WebPage\",\"@id\":\"https:\/\/casinoandy.com\/fi\/vedonlyontisivustot\/\",\"url\":\"https:\/\/casinoandy.com\/fi\/vedonlyontisivustot\/\",\"name\":\"Vedonly\u00f6ntisivustot - Casinoandy\",\"isPartOf\":{\"@id\":\"https:\/\/casinoandy.com\/fi\/#website\"},\"primaryImageOfPage\":{\"@id\":\"https:\/\/casinoandy.com\/fi\/vedonlyontisivustot\/#primaryimage\"},\"image\":{\"@id\":\"https:\/\/casinoandy.com\/fi\/vedonlyontisivustot\/#primaryimage\"},\"thumbnailUrl\":\"http:\/\/casinoandy.com\/wp-content\/uploads\/2022\/11\/Vedonlyontisivustot.png\",\"datePublished\":\"2022-11-27T07:09:39+00:00\",\"breadcrumb\":{\"@id\":\"https:\/\/casinoandy.com\/fi\/vedonlyontisivustot\/#breadcrumb\"},\"inLanguage\":\"fi\",\"potentialAction\":[{\"@type\":\"ReadAction\",\"target\":[\"https:\/\/casinoandy.com\/fi\/vedonlyontisivustot\/\"]}]},{\"@type\":\"ImageObject\",\"inLanguage\":\"fi\",\"@id\":\"https:\/\/casinoandy.com\/fi\/vedonlyontisivustot\/#primaryimage\",\"url\":\"http:\/\/casinoandy.com\/wp-content\/uploads\/2022\/11\/Vedonlyontisivustot.png\",\"contentUrl\":\"http:\/\/casinoandy.com\/wp-content\/uploads\/2022\/11\/Vedonlyontisivustot.png\"},{\"@type\":\"BreadcrumbList\",\"@id\":\"https:\/\/casinoandy.com\/fi\/vedonlyontisivustot\/#breadcrumb\",\"itemListElement\":[{\"@type\":\"ListItem\",\"position\":1,\"name\":\"Etusivu\",\"item\":\"https:\/\/casinoandy.com\/fi\/\"},{\"@type\":\"ListItem\",\"position\":2,\"name\":\"Vedonly\u00f6ntisivustot\"}]},{\"@type\":\"WebSite\",\"@id\":\"https:\/\/casinoandy.com\/fi\/#website\",\"url\":\"https:\/\/casinoandy.com\/fi\/\",\"name\":\"Casinoandy\",\"description\":\"\",\"publisher\":{\"@id\":\"https:\/\/casinoandy.com\/fi\/#organization\"},\"potentialAction\":[{\"@type\":\"SearchAction\",\"target\":{\"@type\":\"EntryPoint\",\"urlTemplate\":\"https:\/\/casinoandy.com\/fi\/?s={search_term_string}\"},\"query-input\":{\"@type\":\"PropertyValueSpecification\",\"valueRequired\":true,\"valueName\":\"search_term_string\"}}],\"inLanguage\":\"fi\"},{\"@type\":\"Organization\",\"@id\":\"https:\/\/casinoandy.com\/fi\/#organization\",\"name\":\"Casino Andy\",\"url\":\"https:\/\/casinoandy.com\/fi\/\",\"logo\":{\"@type\":\"ImageObject\",\"inLanguage\":\"fi\",\"@id\":\"https:\/\/casinoandy.com\/fi\/#\/schema\/logo\/image\/\",\"url\":\"http:\/\/casinoandy.yourmedia.nbcdemo.com\/wp-content\/uploads\/2020\/12\/casino-andy-logo-1.png\",\"contentUrl\":\"http:\/\/casinoandy.yourmedia.nbcdemo.com\/wp-content\/uploads\/2020\/12\/casino-andy-logo-1.png\",\"width\":367,\"height\":195,\"caption\":\"Casino Andy\"},\"image\":{\"@id\":\"https:\/\/casinoandy.com\/fi\/#\/schema\/logo\/image\/\"}}]}<\/script>\n<!-- \/ Yoast SEO plugin. -->","yoast_head_json":{"title":"Vedonly\u00f6ntisivustot - Casinoandy","robots":{"index":"index","follow":"follow","max-snippet":"max-snippet:-1","max-image-preview":"max-image-preview:large","max-video-preview":"max-video-preview:-1"},"canonical":"https:\/\/casinoandy.com\/fi\/vedonlyontisivustot\/","og_locale":"fi_FI","og_type":"article","og_title":"Vedonly\u00f6ntisivustot - Casinoandy","og_description":"Vedonly\u00f6ntisivustot Rahapelaamista on olemassa monenlaista. T\u00e4m\u00e4n sivuston lukijoilla on ep\u00e4ilem\u00e4tt\u00e4 kaikilla kolikkopeli- ja p\u00f6yt\u00e4pelitaustaa, mutta n\u00e4m\u00e4 eiv\u00e4t ole ainoita tapoja,...","og_url":"https:\/\/casinoandy.com\/fi\/vedonlyontisivustot\/","og_site_name":"Casinoandy","og_image":[{"url":"http:\/\/casinoandy.com\/wp-content\/uploads\/2022\/11\/Vedonlyontisivustot.png","type":"","width":"","height":""}],"twitter_card":"summary_large_image","twitter_misc":{"Arvioitu lukuaika":"5 minuuttia"},"schema":{"@context":"https:\/\/schema.org","@graph":[{"@type":"WebPage","@id":"https:\/\/casinoandy.com\/fi\/vedonlyontisivustot\/","url":"https:\/\/casinoandy.com\/fi\/vedonlyontisivustot\/","name":"Vedonly\u00f6ntisivustot - Casinoandy","isPartOf":{"@id":"https:\/\/casinoandy.com\/fi\/#website"},"primaryImageOfPage":{"@id":"https:\/\/casinoandy.com\/fi\/vedonlyontisivustot\/#primaryimage"},"image":{"@id":"https:\/\/casinoandy.com\/fi\/vedonlyontisivustot\/#primaryimage"},"thumbnailUrl":"http:\/\/casinoandy.com\/wp-content\/uploads\/2022\/11\/Vedonlyontisivustot.png","datePublished":"2022-11-27T07:09:39+00:00","breadcrumb":{"@id":"https:\/\/casinoandy.com\/fi\/vedonlyontisivustot\/#breadcrumb"},"inLanguage":"fi","potentialAction":[{"@type":"ReadAction","target":["https:\/\/casinoandy.com\/fi\/vedonlyontisivustot\/"]}]},{"@type":"ImageObject","inLanguage":"fi","@id":"https:\/\/casinoandy.com\/fi\/vedonlyontisivustot\/#primaryimage","url":"http:\/\/casinoandy.com\/wp-content\/uploads\/2022\/11\/Vedonlyontisivustot.png","contentUrl":"http:\/\/casinoandy.com\/wp-content\/uploads\/2022\/11\/Vedonlyontisivustot.png"},{"@type":"BreadcrumbList","@id":"https:\/\/casinoandy.com\/fi\/vedonlyontisivustot\/#breadcrumb","itemListElement":[{"@type":"ListItem","position":1,"name":"Etusivu","item":"https:\/\/casinoandy.com\/fi\/"},{"@type":"ListItem","position":2,"name":"Vedonly\u00f6ntisivustot"}]},{"@type":"WebSite","@id":"https:\/\/casinoandy.com\/fi\/#website","url":"https:\/\/casinoandy.com\/fi\/","name":"Casinoandy","description":"","publisher":{"@id":"https:\/\/casinoandy.com\/fi\/#organization"},"potentialAction":[{"@type":"SearchAction","target":{"@type":"EntryPoint","urlTemplate":"https:\/\/casinoandy.com\/fi\/?s={search_term_string}"},"query-input":{"@type":"PropertyValueSpecification","valueRequired":true,"valueName":"search_term_string"}}],"inLanguage":"fi"},{"@type":"Organization","@id":"https:\/\/casinoandy.com\/fi\/#organization","name":"Casino Andy","url":"https:\/\/casinoandy.com\/fi\/","logo":{"@type":"ImageObject","inLanguage":"fi","@id":"https:\/\/casinoandy.com\/fi\/#\/schema\/logo\/image\/","url":"http:\/\/casinoandy.yourmedia.nbcdemo.com\/wp-content\/uploads\/2020\/12\/casino-andy-logo-1.png","contentUrl":"http:\/\/casinoandy.yourmedia.nbcdemo.com\/wp-content\/uploads\/2020\/12\/casino-andy-logo-1.png","width":367,"height":195,"caption":"Casino Andy"},"image":{"@id":"https:\/\/casinoandy.com\/fi\/#\/schema\/logo\/image\/"}}]}},"_links":{"self":[{"href":"https:\/\/casinoandy.com\/fi\/wp-json\/wp\/v2\/pages\/4990","targetHints":{"allow":["GET"]}}],"collection":[{"href":"https:\/\/casinoandy.com\/fi\/wp-json\/wp\/v2\/pages"}],"about":[{"href":"https:\/\/casinoandy.com\/fi\/wp-json\/wp\/v2\/types\/page"}],"author":[{"embeddable":true,"href":"https:\/\/casinoandy.com\/fi\/wp-json\/wp\/v2\/users\/3"}],"replies":[{"embeddable":true,"href":"https:\/\/casinoandy.com\/fi\/wp-json\/wp\/v2\/comments?post=4990"}],"version-history":[{"count":4,"href":"https:\/\/casinoandy.com\/fi\/wp-json\/wp\/v2\/pages\/4990\/revisions"}],"predecessor-version":[{"id":4999,"href":"https:\/\/casinoandy.com\/fi\/wp-json\/wp\/v2\/pages\/4990\/revisions\/4999"}],"wp:attachment":[{"href":"https:\/\/casinoandy.com\/fi\/wp-json\/wp\/v2\/media?parent=4990"}],"curies":[{"name":"wp","href":"https:\/\/api.w.org\/{rel}","templated":true}]}}