{"id":105,"date":"2020-12-01T18:44:34","date_gmt":"2020-12-01T17:44:34","guid":{"rendered":"http:\/\/casinoandy.com\/?page_id=105"},"modified":"2022-04-01T11:46:13","modified_gmt":"2022-04-01T09:46:13","slug":"storbritannien","status":"publish","type":"page","link":"https:\/\/casinoandy.com\/sv\/online-casino\/licens\/storbritannien\/","title":{"rendered":"UKGC"},"content":{"rendered":"\n<h1 class=\"wp-block-heading\">Casino med UKGC licens<\/h1>\n\n\n\n<p>Licenser som utf\u00e4rdas av UK Gambling Commission anses vara bland de mest betrodda licenserna i spelv\u00e4rlden. Med det menar vi att det \u00e4r relativt tuffa krav som st\u00e4lls p\u00e5 de casinon som ans\u00f6ker om en licens och den skyddar dig som spelare. UK Gambling Commission \u00e4r Storbritanniens motsvarighet till svenska Spelinspektionen och de utf\u00e4rdar en av de licenser i Europa som g\u00e4ller det st\u00f6rsta antalet casinon. Det beror p\u00e5 att den brittiska marknaden \u00e4r s\u00e5 pass stor.<\/p>\n\n\n\n<p>Myndigheten grundades 2005 d\u00e5 UKGC tog \u00f6ver de funktioner som tidigare sk\u00f6tts av Gaming Board for Great Britain. UKGC uppb\u00e4r statlig finansiering men f\u00e5r ocks\u00e5 in medel via de licenser myndigheten utf\u00e4rdar. De ansvarar f\u00f6r licenser och tillsyn inom m\u00e5nga olika typer av spel, offline s\u00e5v\u00e4l som online. H\u00e4r koncentrerar vi oss p\u00e5 vad som g\u00e4ller f\u00f6r online casinon med UKGC licens. Bettingsidor lyder under ett annat regelverk.<\/p>\n\n\n\n<h2 class=\"wp-block-heading\">Grundkrav f\u00f6r ett casino med UKGC licens<\/h2>\n\n\n\n<p>F\u00f6retaget som st\u00e5r bakom ans\u00f6kan om en licens fr\u00e5n UKGC m\u00e5ste vara registrerat i Storbritannien. Kommissionen st\u00e4ller som krav att f\u00f6retaget kan uppvisa vinst fr\u00e5n tidigare verksamhet eller en riktigt bra aff\u00e4rsplan. Konkurser inom casinobranschen g\u00e5r ut \u00f6ver spelarna, det \u00e4r d\u00e4rf\u00f6r UKGC alltid f\u00f6rs\u00f6ker s\u00e4kerst\u00e4lla att det finns goda f\u00f6ruts\u00e4ttningar f\u00f6r casinot att lyckas. Det \u00e4r v\u00e4ldigt m\u00e5nga <a href=\"http:\/\/casinoandy.com\/online-casino\/utan-svensk-licens\/\">casinon som saknar svensk licens<\/a> som ist\u00e4llet valt att ha licens i UK, men svenska spelare har oftast sv\u00e5rt att spela p\u00e5 dem.<\/p>\n\n\n\n<h2 class=\"wp-block-heading\">UKGC arbetar brottsf\u00f6rebyggande<\/h2>\n\n\n\n<p>Casinolagstiftningen i Storbritannien \u00e4r av tradition relativt str\u00e4ng. Storbritannien har inte g\u00e5tt in f\u00f6r att locka till sig s\u00e5 m\u00e5nga f\u00f6retag som m\u00f6jligt inom spelbranschen genom att ha en f\u00f6r dem gynnsam lagstiftning. Att motverka brottslig verksamhet och att verka f\u00f6r en sund spelmilj\u00f6 har varit viktigare. I det avseendet kan man s\u00e4ga att ett casino med UKGC licens har ungef\u00e4r samma f\u00f6ruts\u00e4ttningar som ett casino med svensk licens. N\u00e4r casinon p\u00e5 n\u00e4tet var ett nytt fenomen drog branschen till sig en hel del lycks\u00f6kare som bara var ute efter att g\u00f6ra snabba pengar. Det fanns allts\u00e5 ett behov av den typ av casinolagstiftning som UKGC instiftat.<\/p>\n\n\n\n<div class=\"wp-block-image\"><figure class=\"alignleft size-large\"><img loading=\"lazy\" decoding=\"async\" width=\"800\" height=\"500\" src=\"http:\/\/casinoandy.com\/wp-content\/uploads\/2020\/12\/casino-med-ukgc-licens.png\" alt=\"UKGC licens casinon\" class=\"wp-image-586\" srcset=\"https:\/\/casinoandy.com\/wp-content\/uploads\/2020\/12\/casino-med-ukgc-licens.png 800w, https:\/\/casinoandy.com\/wp-content\/uploads\/2020\/12\/casino-med-ukgc-licens-300x188.png 300w, https:\/\/casinoandy.com\/wp-content\/uploads\/2020\/12\/casino-med-ukgc-licens-768x480.png 768w\" sizes=\"auto, (max-width: 800px) 100vw, 800px\" \/><\/figure><\/div>\n\n\n\n<p>De brott som f\u00f6rebyggs p\u00e5 ett casino med UKGC licens handlar i f\u00f6rsta hand om pengatv\u00e4tt och undanh\u00e5llande av skattemedel. UKGC har helt enkelt regler som alla casinon med UKGC licens m\u00e5ste f\u00f6lja och som g\u00f6r det sv\u00e5rare att d\u00f6lja ekonomiska transaktioner. H\u00e4r finns ocks\u00e5 ett skydd mot bedr\u00e4glig verksamhet fr\u00e5n casinots sida. En f\u00f6ljd av det h\u00e4r \u00e4r att casinon med licens utf\u00e4rdad av UKGC har haft rykte om sig att vara tryggare \u00e4n casinon med licens utf\u00e4rdad i ett typiskt skatteparadis.<\/p>\n\n\n\n<p>UKGC har, precis som Spelinspektionen, vid flera tillf\u00e4llen b\u00f6tf\u00e4llt bettingsajter och casinon som brutit mot deras regler. Svenskbekanta LeoVegas har till exempel straffats f\u00f6r missvisande reklam.&nbsp;<\/p>\n\n\n\n<h2 class=\"wp-block-heading\">UKGC st\u00e5r p\u00e5 spelarens sida<\/h2>\n\n\n\n<p>Om du som spelare p\u00e5 ett casino med UKGC licens hamnar i tvist med casinot kan du v\u00e4nda dig till UKGC och f\u00e5 r\u00e5d samt r\u00e4ttslig hj\u00e4lp \u2013 om \u00e4rendet g\u00e5r s\u00e5 l\u00e5ngt. Casinon m\u00e5ste ocks\u00e5 \u00f6ppet redovisa \u00e5terbetalningsprocenten f\u00f6r enskilda spel. Detta s\u00e5 att du som spelare kan \u00f6verblicka riskerna och f\u00f6rst\u00e5 konsekvenserna av ditt spelande. En annan viktig del \u00e4r att ett casino med UKGC licens m\u00e5ste garantera spelarnas integritet genom att leva upp till h\u00f6gt st\u00e4llda krav i fr\u00e5ga om datas\u00e4kerhet och lagring av data.<\/p>\n\n\n\n<p>P\u00e5 casinon med UKGC licens ska det, precis som p\u00e5 svenska casinon, finnas m\u00f6jlighet att utesluta sig sj\u00e4lv fr\u00e5n spel. I Sverige har vi funktionen Spelstopp. I Storbritannien kallas det f\u00f6r &#8221;Self Exclusion&#8221;. Funktionerna \u00e4r dock lite olika och Spelstopp erbjuder ett st\u00f6rre skydd eftersom det \u00e4r om\u00f6jligt att spela anonymt i Sverige f\u00f6r att kringg\u00e5 ett spelstopp.<\/p>\n\n\n\n<h2 class=\"wp-block-heading\">F\u00f6rdelar med ett casino med UKGC licens<\/h2>\n\n\n\n<p>Om du gillar trygga casinomilj\u00f6er \u00e4r ett casino med UKGC licens ett bra val. I Europa \u00e4r det bara svenska Spelinspektionen som st\u00e4ller h\u00f6gre krav n\u00e4r det g\u00e4ller funktioner f\u00f6r kunder som vill ta kontroll \u00f6ver sitt spelande.<\/p>\n\n\n\n<p>Ett annat stort plus med casinon med licens fr\u00e5n UKGC \u00e4r att de \u00e4r till\u00e5tna att ha erbjudanden och bonusprogram. Allts\u00e5 det du till stor del g\u00e5r miste om n\u00e4r du spelar p\u00e5 ett casino med svensk licens. Om du gillar bonusar och tror dig kunna bed\u00f6ma om de \u00e4r bra f\u00f6r dig \u00e4r allts\u00e5 ett casino med UKGC licens ett bra val.<\/p>\n\n\n\n<h2 class=\"wp-block-heading\">Nackdelar med UKGC casino som svensk<\/h2>\n\n\n\n<p><a href=\"http:\/\/casinoandy.com\/online-casino\/licens\/malta\/\">Casinon med licens fr\u00e5n Malta Gaming Authority<\/a> \u00e4r till exempel \u00f6ppna f\u00f6r spelare fr\u00e5n massor av l\u00e4nder. P\u00e5 ett casino med UKGC licens kan det dock vara sv\u00e5rt att spela om du inte \u00e4r brittisk medborgare. M\u00e5nga av dem blockerar svenska IP-adresser. Precis som casinon med en svensk licens \u00e4r till f\u00f6r spelare som \u00e4r bosatta i Sverige. De flesta av de b\u00e4sta casinona med UKGC licens har dock \u00e4ven en sajt f\u00f6r svenska spelare.<\/p>\n\n\n\n<p>\u00c4r du ute efter ett internationellt erk\u00e4nt casino som lever upp till krav fr\u00e5n myndigheter i flera l\u00e4nder \u00e4r det ingen dum id\u00e9 att leta efter ett casino som har licens fr\u00e5n b\u00e5de Spelinspektionen, UKGC, MGA och <a href=\"http:\/\/casinoandy.com\/online-casino\/licens\/curacao\/\">Curacao<\/a>. \u00c4r du dessutom positiv till avmonopoliseringen av den svenska spelmarknaden tycker vi att det \u00e4r en bra id\u00e9 att v\u00e4lja casinon med svensk licens som betalar skatt i Sverige.<\/p>\n","protected":false},"excerpt":{"rendered":"<p>Casino med UKGC licens Licenser som utf\u00e4rdas av UK Gambling Commission anses vara bland de mest betrodda licenserna i spelv\u00e4rlden&#8230;.<\/p>\n","protected":false},"author":4,"featured_media":0,"parent":83,"menu_order":0,"comment_status":"closed","ping_status":"closed","template":"","meta":{"_acf_changed":false,"footnotes":""},"class_list":["post-105","page","type-page","status-publish","hentry"],"acf":[],"yoast_head":"<!-- This site is optimized with the Yoast SEO plugin v27.0 - https:\/\/yoast.com\/product\/yoast-seo-wordpress\/ -->\n<title>Casino med UKGC licens - (2022) &gt;&gt; UK Gambling Commission<\/title>\n<meta name=\"description\" content=\"Vilka casinon har licens fr\u00e5n UKGC? Kan svenskar spela p\u00e5 dem? L\u00e4s om alla casinon med UKGC licens h\u00e4r.\" \/>\n<meta name=\"robots\" content=\"index, follow, max-snippet:-1, max-image-preview:large, max-video-preview:-1\" \/>\n<link rel=\"canonical\" href=\"https:\/\/casinoandy.com\/sv\/online-casino\/licens\/storbritannien\/\" \/>\n<meta property=\"og:locale\" content=\"sv_SE\" \/>\n<meta property=\"og:type\" content=\"article\" \/>\n<meta property=\"og:title\" content=\"Casino med UKGC licens - (2022) &gt;&gt; UK Gambling Commission\" \/>\n<meta property=\"og:description\" content=\"Vilka casinon har licens fr\u00e5n UKGC? Kan svenskar spela p\u00e5 dem? L\u00e4s om alla casinon med UKGC licens h\u00e4r.\" \/>\n<meta property=\"og:url\" content=\"https:\/\/casinoandy.com\/sv\/online-casino\/licens\/storbritannien\/\" \/>\n<meta property=\"og:site_name\" content=\"Casinoandy\" \/>\n<meta property=\"article:modified_time\" content=\"2022-04-01T09:46:13+00:00\" \/>\n<meta property=\"og:image\" content=\"http:\/\/casinoandy.com\/wp-content\/uploads\/2020\/12\/casino-med-ukgc-licens.png\" \/>\n<meta name=\"twitter:card\" content=\"summary_large_image\" \/>\n<meta name=\"twitter:label1\" content=\"Ber\u00e4knad l\u00e4stid\" \/>\n\t<meta name=\"twitter:data1\" content=\"4 minuter\" \/>\n<script type=\"application\/ld+json\" class=\"yoast-schema-graph\">{\"@context\":\"https:\/\/schema.org\",\"@graph\":[{\"@type\":\"WebPage\",\"@id\":\"https:\/\/casinoandy.com\/sv\/online-casino\/licens\/storbritannien\/\",\"url\":\"https:\/\/casinoandy.com\/sv\/online-casino\/licens\/storbritannien\/\",\"name\":\"Casino med UKGC licens - (2022) >> UK Gambling Commission\",\"isPartOf\":{\"@id\":\"https:\/\/casinoandy.com\/sv\/#website\"},\"primaryImageOfPage\":{\"@id\":\"https:\/\/casinoandy.com\/sv\/online-casino\/licens\/storbritannien\/#primaryimage\"},\"image\":{\"@id\":\"https:\/\/casinoandy.com\/sv\/online-casino\/licens\/storbritannien\/#primaryimage\"},\"thumbnailUrl\":\"http:\/\/casinoandy.com\/wp-content\/uploads\/2020\/12\/casino-med-ukgc-licens.png\",\"datePublished\":\"2020-12-01T17:44:34+00:00\",\"dateModified\":\"2022-04-01T09:46:13+00:00\",\"description\":\"Vilka casinon har licens fr\u00e5n UKGC? Kan svenskar spela p\u00e5 dem? L\u00e4s om alla casinon med UKGC licens h\u00e4r.\",\"breadcrumb\":{\"@id\":\"https:\/\/casinoandy.com\/sv\/online-casino\/licens\/storbritannien\/#breadcrumb\"},\"inLanguage\":\"sv-SE\",\"potentialAction\":[{\"@type\":\"ReadAction\",\"target\":[\"https:\/\/casinoandy.com\/sv\/online-casino\/licens\/storbritannien\/\"]}]},{\"@type\":\"ImageObject\",\"inLanguage\":\"sv-SE\",\"@id\":\"https:\/\/casinoandy.com\/sv\/online-casino\/licens\/storbritannien\/#primaryimage\",\"url\":\"http:\/\/casinoandy.com\/wp-content\/uploads\/2020\/12\/casino-med-ukgc-licens.png\",\"contentUrl\":\"http:\/\/casinoandy.com\/wp-content\/uploads\/2020\/12\/casino-med-ukgc-licens.png\"},{\"@type\":\"BreadcrumbList\",\"@id\":\"https:\/\/casinoandy.com\/sv\/online-casino\/licens\/storbritannien\/#breadcrumb\",\"itemListElement\":[{\"@type\":\"ListItem\",\"position\":1,\"name\":\"Startseite\",\"item\":\"https:\/\/casinoandy.com\/sv\/\"},{\"@type\":\"ListItem\",\"position\":2,\"name\":\"Online Casino\",\"item\":\"https:\/\/casinoandy.com\/sv\/online-casino\/\"},{\"@type\":\"ListItem\",\"position\":3,\"name\":\"Licenser\",\"item\":\"https:\/\/casinoandy.com\/sv\/online-casino\/licens\/\"},{\"@type\":\"ListItem\",\"position\":4,\"name\":\"UKGC\"}]},{\"@type\":\"WebSite\",\"@id\":\"https:\/\/casinoandy.com\/sv\/#website\",\"url\":\"https:\/\/casinoandy.com\/sv\/\",\"name\":\"Casinoandy\",\"description\":\"\",\"publisher\":{\"@id\":\"https:\/\/casinoandy.com\/sv\/#organization\"},\"potentialAction\":[{\"@type\":\"SearchAction\",\"target\":{\"@type\":\"EntryPoint\",\"urlTemplate\":\"https:\/\/casinoandy.com\/sv\/?s={search_term_string}\"},\"query-input\":{\"@type\":\"PropertyValueSpecification\",\"valueRequired\":true,\"valueName\":\"search_term_string\"}}],\"inLanguage\":\"sv-SE\"},{\"@type\":\"Organization\",\"@id\":\"https:\/\/casinoandy.com\/sv\/#organization\",\"name\":\"Casino Andy\",\"url\":\"https:\/\/casinoandy.com\/sv\/\",\"logo\":{\"@type\":\"ImageObject\",\"inLanguage\":\"sv-SE\",\"@id\":\"https:\/\/casinoandy.com\/sv\/#\/schema\/logo\/image\/\",\"url\":\"http:\/\/casinoandy.yourmedia.nbcdemo.com\/wp-content\/uploads\/2020\/12\/casino-andy-logo-1.png\",\"contentUrl\":\"http:\/\/casinoandy.yourmedia.nbcdemo.com\/wp-content\/uploads\/2020\/12\/casino-andy-logo-1.png\",\"width\":367,\"height\":195,\"caption\":\"Casino Andy\"},\"image\":{\"@id\":\"https:\/\/casinoandy.com\/sv\/#\/schema\/logo\/image\/\"}}]}<\/script>\n<!-- \/ Yoast SEO plugin. -->","yoast_head_json":{"title":"Casino med UKGC licens - (2022) >> UK Gambling Commission","description":"Vilka casinon har licens fr\u00e5n UKGC? Kan svenskar spela p\u00e5 dem? L\u00e4s om alla casinon med UKGC licens h\u00e4r.","robots":{"index":"index","follow":"follow","max-snippet":"max-snippet:-1","max-image-preview":"max-image-preview:large","max-video-preview":"max-video-preview:-1"},"canonical":"https:\/\/casinoandy.com\/sv\/online-casino\/licens\/storbritannien\/","og_locale":"sv_SE","og_type":"article","og_title":"Casino med UKGC licens - (2022) >> UK Gambling Commission","og_description":"Vilka casinon har licens fr\u00e5n UKGC? Kan svenskar spela p\u00e5 dem? L\u00e4s om alla casinon med UKGC licens h\u00e4r.","og_url":"https:\/\/casinoandy.com\/sv\/online-casino\/licens\/storbritannien\/","og_site_name":"Casinoandy","article_modified_time":"2022-04-01T09:46:13+00:00","og_image":[{"url":"http:\/\/casinoandy.com\/wp-content\/uploads\/2020\/12\/casino-med-ukgc-licens.png","type":"","width":"","height":""}],"twitter_card":"summary_large_image","twitter_misc":{"Ber\u00e4knad l\u00e4stid":"4 minuter"},"schema":{"@context":"https:\/\/schema.org","@graph":[{"@type":"WebPage","@id":"https:\/\/casinoandy.com\/sv\/online-casino\/licens\/storbritannien\/","url":"https:\/\/casinoandy.com\/sv\/online-casino\/licens\/storbritannien\/","name":"Casino med UKGC licens - (2022) >> UK Gambling Commission","isPartOf":{"@id":"https:\/\/casinoandy.com\/sv\/#website"},"primaryImageOfPage":{"@id":"https:\/\/casinoandy.com\/sv\/online-casino\/licens\/storbritannien\/#primaryimage"},"image":{"@id":"https:\/\/casinoandy.com\/sv\/online-casino\/licens\/storbritannien\/#primaryimage"},"thumbnailUrl":"http:\/\/casinoandy.com\/wp-content\/uploads\/2020\/12\/casino-med-ukgc-licens.png","datePublished":"2020-12-01T17:44:34+00:00","dateModified":"2022-04-01T09:46:13+00:00","description":"Vilka casinon har licens fr\u00e5n UKGC? Kan svenskar spela p\u00e5 dem? L\u00e4s om alla casinon med UKGC licens h\u00e4r.","breadcrumb":{"@id":"https:\/\/casinoandy.com\/sv\/online-casino\/licens\/storbritannien\/#breadcrumb"},"inLanguage":"sv-SE","potentialAction":[{"@type":"ReadAction","target":["https:\/\/casinoandy.com\/sv\/online-casino\/licens\/storbritannien\/"]}]},{"@type":"ImageObject","inLanguage":"sv-SE","@id":"https:\/\/casinoandy.com\/sv\/online-casino\/licens\/storbritannien\/#primaryimage","url":"http:\/\/casinoandy.com\/wp-content\/uploads\/2020\/12\/casino-med-ukgc-licens.png","contentUrl":"http:\/\/casinoandy.com\/wp-content\/uploads\/2020\/12\/casino-med-ukgc-licens.png"},{"@type":"BreadcrumbList","@id":"https:\/\/casinoandy.com\/sv\/online-casino\/licens\/storbritannien\/#breadcrumb","itemListElement":[{"@type":"ListItem","position":1,"name":"Startseite","item":"https:\/\/casinoandy.com\/sv\/"},{"@type":"ListItem","position":2,"name":"Online Casino","item":"https:\/\/casinoandy.com\/sv\/online-casino\/"},{"@type":"ListItem","position":3,"name":"Licenser","item":"https:\/\/casinoandy.com\/sv\/online-casino\/licens\/"},{"@type":"ListItem","position":4,"name":"UKGC"}]},{"@type":"WebSite","@id":"https:\/\/casinoandy.com\/sv\/#website","url":"https:\/\/casinoandy.com\/sv\/","name":"Casinoandy","description":"","publisher":{"@id":"https:\/\/casinoandy.com\/sv\/#organization"},"potentialAction":[{"@type":"SearchAction","target":{"@type":"EntryPoint","urlTemplate":"https:\/\/casinoandy.com\/sv\/?s={search_term_string}"},"query-input":{"@type":"PropertyValueSpecification","valueRequired":true,"valueName":"search_term_string"}}],"inLanguage":"sv-SE"},{"@type":"Organization","@id":"https:\/\/casinoandy.com\/sv\/#organization","name":"Casino Andy","url":"https:\/\/casinoandy.com\/sv\/","logo":{"@type":"ImageObject","inLanguage":"sv-SE","@id":"https:\/\/casinoandy.com\/sv\/#\/schema\/logo\/image\/","url":"http:\/\/casinoandy.yourmedia.nbcdemo.com\/wp-content\/uploads\/2020\/12\/casino-andy-logo-1.png","contentUrl":"http:\/\/casinoandy.yourmedia.nbcdemo.com\/wp-content\/uploads\/2020\/12\/casino-andy-logo-1.png","width":367,"height":195,"caption":"Casino Andy"},"image":{"@id":"https:\/\/casinoandy.com\/sv\/#\/schema\/logo\/image\/"}}]}},"_links":{"self":[{"href":"https:\/\/casinoandy.com\/sv\/wp-json\/wp\/v2\/pages\/105","targetHints":{"allow":["GET"]}}],"collection":[{"href":"https:\/\/casinoandy.com\/sv\/wp-json\/wp\/v2\/pages"}],"about":[{"href":"https:\/\/casinoandy.com\/sv\/wp-json\/wp\/v2\/types\/page"}],"author":[{"embeddable":true,"href":"https:\/\/casinoandy.com\/sv\/wp-json\/wp\/v2\/users\/4"}],"replies":[{"embeddable":true,"href":"https:\/\/casinoandy.com\/sv\/wp-json\/wp\/v2\/comments?post=105"}],"version-history":[{"count":5,"href":"https:\/\/casinoandy.com\/sv\/wp-json\/wp\/v2\/pages\/105\/revisions"}],"predecessor-version":[{"id":1052,"href":"https:\/\/casinoandy.com\/sv\/wp-json\/wp\/v2\/pages\/105\/revisions\/1052"}],"up":[{"embeddable":true,"href":"https:\/\/casinoandy.com\/sv\/wp-json\/wp\/v2\/pages\/83"}],"wp:attachment":[{"href":"https:\/\/casinoandy.com\/sv\/wp-json\/wp\/v2\/media?parent=105"}],"curies":[{"name":"wp","href":"https:\/\/api.w.org\/{rel}","templated":true}]}}