{"id":24,"date":"2020-12-01T10:13:07","date_gmt":"2020-12-01T09:13:07","guid":{"rendered":"http:\/\/casinoandy.com\/?page_id=24"},"modified":"2025-03-27T10:48:29","modified_gmt":"2025-03-27T09:48:29","slug":"startpage","status":"publish","type":"page","link":"https:\/\/casinoandy.com\/sv\/","title":{"rendered":"Casinoandy &#8211; SE"},"content":{"rendered":"\n<h1 class=\"wp-block-heading\">Casinoandy<\/h1>\n\n\n\n<p><strong><em>Hall\u00e5 d\u00e4r och v\u00e4lkommen to Casinoandy, den mest retrofuturistiska casinosajten i mannaminne! <\/em><\/strong><\/p>\n\n\n\n<p>H\u00e4r kommer du kunna l\u00e4sa casinorecensioner, f\u00e5 tips om slots, l\u00e4ra dig spelstrategier f\u00f6r olika casinospel, hitta n\u00f6dv\u00e4ndig information och mycket mer.<\/p>\n\n\n\n<h2 class=\"wp-block-heading\">V\u00e4lkommen till Casinoandy &#8211; 2025<\/h2>\n\n\n\n<p>Givetvis j\u00e4mf\u00f6r vi \u00e4ven alla olika casinon och casinobonusar som finns p\u00e5 n\u00e4tet. Dessa presenterar och rangordnar vi efter olika kvaliteter p\u00e5 olika sidor. Vi presenterar bland annat nya casinon, casinon med svensk licens och casinon med snabba uttag. Det beror ju liksom p\u00e5 vad du som spelare \u00e4r ute efter n\u00e4r du letar efter ett nytt casino att spela p\u00e5.  P\u00e5 Casinoandy ska du kunna hitta r\u00e4tt direkt!<\/p>\n\n\n\n<p>Vi vet som sagt att olika spelare letar efter olika saker. En del spelare suktar efter gener\u00f6sa bonusar, medan andra letar efter en snabb registreringsprocess eller spel fr\u00e5n en viss typ av spelleverant\u00f6r. Vissa spelare vill bara spela p\u00e5 casinon med svensk licens. Genom att spela p\u00e5 ett svenskt casino kan du ta del av en trygg och s\u00e4ker spelupplevelse, med tydliga riktlinjer och lagar. Om du letar efter casinon med svensk licens p\u00e5 svenska \u00e4r det &#8221;b\u00e4sta online casinot i Sverige&#8221; som du b\u00f6r s\u00f6ka efter, vill du hellre anv\u00e4nda det engelska begreppet kan du leta efter <a href=\"https:\/\/mr-gamble.com\/en\/online-casino\/best-sweden\/\">best online casino in Sweden<\/a>. <\/p>\n\n\n\n<p>Samtidigt finns det flera andra spelare hellre pr\u00f6var lyckan p\u00e5 utl\u00e4ndska casinon. Att spela p\u00e5 utl\u00e4ndska casino har blivit v\u00e4ldigt popul\u00e4rt under de senaste \u00e5ren. M\u00e5nga svenskar f\u00f6redrar nu att spela p\u00e5 <a href=\"https:\/\/www.testarna.se\/casino\/utan-svensk-licens\/emta\/\">casinon med EMTA licens<\/a>, som utf\u00e4rdas av Estlands Tull och Skatteverk. Det finns m\u00e5nga utl\u00e4ndska casinon utan svensk licens att v\u00e4lja mellan idag och om du \u00e4r intresserad av att veta mer om \u00e4mnet rekommenderar vi dig att kolla mer information online.<\/p>\n\n\n\n<p>Genom att v\u00e4lja ett <a href=\"https:\/\/spelpressen.se\/\">casino utan svensk licens<\/a> kan du ta del av en flexibel spelupplevelse, med betydligt mindre begr\u00e4nsningar \u00e4n p\u00e5 ett vanligt svenskt casino. M\u00e5nga svenskar f\u00f6redrar att <a href=\"https:\/\/starwarscasinos.com\/\">spela p\u00e5 n\u00e4tcasino utan svensk licens<\/a> just d\u00e4rf\u00f6r &#8211; f\u00f6r att f\u00e5 en friare spelstund. <\/p>\n\n\n<div class=\"wp-block-image\">\n<figure class=\"alignleft size-large\"><img decoding=\"async\" src=\"http:\/\/casinoandy.com\/wp-content\/uploads\/2020\/12\/casinoandy-startsida-se-1.png\" alt=\"V\u00e4lj bland online casinon och casinobonusar\" class=\"wp-image-1083\"\/><\/figure>\n<\/div>\n\n\n<p>Genom att granska, j\u00e4mf\u00f6ra och testa olika casinon kan du enkelt hitta det du s\u00f6ker. Oavsett licens. Det finns allt fr\u00e5n topplistor till recensioner och artiklar att ta del av.<\/p>\n\n\n\n<p>Vi j\u00e4mf\u00f6r och listar b\u00e5de casinon som har den svenska licens och casinon utan den svenska licensen. N\u00e4r man pratar om utl\u00e4ndska casino utan licens inneb\u00e4r det kort och gott att casinot har sin spellicens utf\u00e4rdad i ett land utomlands och inte i Sverige. <a href=\"https:\/\/onlinecasinoutansvensklicens.com\">L\u00e4s om utl\u00e4ndska casinon h\u00e4r<\/a>.<\/p>\n\n\n\n<p>Vi fokuserar helt enkelt p\u00e5 alla m\u00f6jliga typer av casinon, f\u00f6r att du enkelt ska kunna hitta det just du s\u00f6ker. Vare sig du \u00e4r en nyb\u00f6rjare eller ett casino proffs och vare sig du letar efter ett <a href=\"http:\/\/www.casinocenter.se\/gratis-casino\/\">gratis casino utan ins\u00e4ttning<\/a> eller n\u00e5gon annan typ av casino. P\u00e5 Casinoandy ska du kunna bli lika nostalgisk \u00f6ver Andys 80-talsvibbar som n\u00f6jd \u00f6ver det casinoval du g\u00f6r 2024. <\/p>\n\n\n\n<p>Ses\u00e5, g\u00f6r det bara! S\u00e4tt p\u00e5 In the Air Tonight av Phil Collins, kavla upp kavaj\u00e4rmarna och hitta ditt n\u00e4sta favoritcasino med Casinoandy idag!<\/p>\n\n\n\n<h2 class=\"wp-block-heading\">Vad kan du f\u00f6rv\u00e4nta dig av Casinoandy?<\/h2>\n\n\n\n<p>P\u00e5 Casinoandy kan du i huvudsak f\u00f6rv\u00e4nta dig tv\u00e5 saker:<\/p>\n\n\n\n<ul class=\"wp-block-list\">\n<li><a href=\"http:\/\/casinoandy.com\/online-casino\/\"><strong>Online Casinon<\/strong><\/a> \u2013 Recensioner, tips, guider och olika rangordnade listor \u00f6ver de b\u00e4sta.<\/li>\n\n\n\n<li><a href=\"http:\/\/casinoandy.com\/casino-bonus\/\"><strong>Casinobonusar<\/strong><\/a> \u2013 En \u00f6verblick \u00f6ver alla erbjudanden som nya spelare kan h\u00e4mta p\u00e5 olika n\u00e4tcasinon. <\/li>\n\n\n\n<li><strong>Spel <\/strong>&#8211; Tips och recensioner p\u00e5 de senaste spelsl\u00e4ppen inom allt fr\u00e5n slots och live spel till <a href=\"https:\/\/utaninsattning.se\/poker\/\">Poker<\/a>. <\/li>\n<\/ul>\n\n\n\n<p>Men om inte det vore nog kommer du \u00e4ven kunna ta del av det h\u00e4r:<\/p>\n\n\n\n<h3 class=\"wp-block-heading\">J\u00e4mf\u00f6relser och rekommendationer<\/h3>\n\n\n\n<p>Hur vi j\u00e4mf\u00f6r n\u00e4tcasinon och casinobonusar beror helt och h\u00e5llet p\u00e5 sammanhanget. Vi tittar f\u00f6rst\u00e5s alltid p\u00e5 samma saker n\u00e4r vi vettar varje casino, och det casino som \u00e4r bra p\u00e5 det ena beh\u00f6ver inte vara bra p\u00e5 det andra osv. Till exempel beh\u00f6ver inte casinot med den h\u00f6gsta m\u00f6jliga bonussumman n\u00f6dv\u00e4ndigtvis ha det b\u00e4sta oms\u00e4ttningskravet, eller ens den l\u00e4gsta ins\u00e4ttningsgr\u00e4nsen. Det finns flera faktorer som avg\u00f6r vilket casino som egentligen \u00e4r b\u00e4st. Om du vill l\u00e4sa mer om olika n\u00e4tcasinon <a href=\"https:\/\/casinomys.se\/\" target=\"_blank\" rel=\"noreferrer noopener\">klicka h\u00e4r<\/a>.<\/p>\n\n\n\n<p>Det som avg\u00f6r vad det b\u00e4sta casinot \u00e4r f\u00f6r dig beror som sagt p\u00e5 vad du \u00e4r ute efter. Det finns till exempel olika spellicenser att ta h\u00e4nsyn till. En del casinon har den svenska spellicensen, som utf\u00e4rdas av Spelinspektionen. Genom att v\u00e4lja <a href=\"https:\/\/casinoveto.se\/\">nya casinon med svensk licens<\/a> kan du vara garanterad en trygg och s\u00e4ker spelupplevelse. Den svenska spellicensen \u00e4r n\u00e4mligen k\u00e4nd v\u00e4rlden \u00f6ver f\u00f6r att vara just trygg och s\u00e4ker. <\/p>\n\n\n\n<p>Sedan finns det ocks\u00e5 online casinon utan svensk licens. M\u00e5nga spelare f\u00f6redrar att spela utan svensk spellicens. Detta eftersom casinon utan svensk licens ofta inneb\u00e4r en friare upplevelse med mindre begr\u00e4nsningar och restriktioner, samtidigt som spelutbud och bonusar ofta \u00e4r fler. Att spela utan licens \u00e4r n\u00e5got som vi inte fokuserar p\u00e5 h\u00e4r p\u00e5 CasinoAndy, men det finns flera j\u00e4mf\u00f6relsesajter tillg\u00e4ngliga f\u00f6r denna typ av casinon. Hos <a href=\"https:\/\/casinowithoutswedishlicense.io\/\">casinowithoutswedishlicense.io<\/a> finner du de b\u00e4sta casinona utan svensk licens samt all relevant information kring \u00e4mnet.<\/p>\n\n\n\n<p>Ett annat viktigt kriterium f\u00f6r m\u00e5nga spelare \u00e4r utdelningen, eller \u00e5terbetalningsprocenten (RTP), som ett casino erbjuder. <a href=\"https:\/\/xn--casinomedbstutdelning-f2b.com\/\" target=\"_blank\" rel=\"noreferrer noopener\">Casinon med b\u00e4st utdelning<\/a> lockar spelare genom att erbjuda h\u00f6gre RTP p\u00e5 sina spel, vilket inneb\u00e4r att en st\u00f6rre andel av satsade pengar g\u00e5r tillbaka till spelarna \u00f6ver tid. Att v\u00e4lja ett casino med h\u00f6g utdelning kan vara avg\u00f6rande f\u00f6r din l\u00e5ngsiktiga framg\u00e5ng och n\u00f6je vid spelandet.<\/p>\n\n\n\n<p>N\u00e4r du klickar runt p\u00e5 Casinoandy kommer du uppt\u00e4cka vad alla olika casinon \u00e4r bra respektive d\u00e5liga p\u00e5.<\/p>\n\n\n\n<h3 class=\"wp-block-heading\">Alltid det senaste fr\u00e5n Spelsverige<\/h3>\n\n\n\n<p>Varesig det g\u00e4ller nya casinospel, n\u00e4tcasinon eller casinoerbjudanden kommer vi alltid h\u00e5lla dig uppdaterad om de senaste nyheterna. Alltid. F\u00f6r m\u00e5nga svenskar har n\u00e4tcasinospelandet blivit en naturlig del av utekv\u00e4llen, hemmafesten och m\u00e5nga g\u00e5nger \u00e4ven s\u00f6ndagseftermiddagen. Inte s\u00e4llan \u00e5ker mobilen fram och vi provar lyckan med spontanspel f\u00f6r en hundralapp. Ett popul\u00e4rt s\u00e4tt att spela p\u00e5 \u00e4r idag att jaga jackpottar p\u00e5 slots. P\u00e5 m\u00e5nga slots \u00e4r jackpotten uppe i miljonbelopp. F\u00f6r att hitta ett bra spel att satsa p\u00e5 rekommenderar vi att du kikar in denna&nbsp;<a href=\"https:\/\/www.casinoguide.se\/jackpottar\">lista p\u00e5 aktuella jackpottar<\/a>&nbsp;hos casinoguide. De uppdaterar dagligen beloppet p\u00e5 alla de hetaste slotsen.<\/p>\n\n\n\n<p>Vi spelar mer \u00e4n tidigare och vi testar olika nya casinon oftare och i en allt st\u00f6rre utstr\u00e4ckning. Av dessa anledningar \u00e4r det viktigt f\u00f6r oss att Casinoandy kan verka som en stadig j\u00e4mf\u00f6relsesida f\u00f6r dig som vill \u00e5t det absolut senaste fr\u00e5n Spelsverige. Hos oss ska du alltid kunna hitta n\u00e5got nytt.<\/p>\n\n\n\n<h4 class=\"wp-block-heading\">CasinoAndys senaste artiklar: <\/h4>\n\n\n<ul class=\"wp-block-latest-posts__list is-grid columns-2 alignleft wp-block-latest-posts\"><li><a class=\"wp-block-latest-posts__post-title\" href=\"https:\/\/casinoandy.com\/sv\/online-casino\/har-ar-varldens-popularaste-slots\/\">H\u00e4r \u00e4r v\u00e4rldens popul\u00e4raste slots<\/a><\/li>\n<li><a class=\"wp-block-latest-posts__post-title\" href=\"https:\/\/casinoandy.com\/sv\/online-casino\/palitliga-live-croupierspel-pa-natcasino\/\">P\u00e5litliga live croupierspel p\u00e5 n\u00e4tcasino<\/a><\/li>\n<li><a class=\"wp-block-latest-posts__post-title\" href=\"https:\/\/casinoandy.com\/sv\/online-casino\/reportage\/hur-fungerar-uttag-med-swish-pa-svenska-natcasinon\/\">Hur fungerar uttag med Swish p\u00e5 svenska n\u00e4tcasinon?<\/a><\/li>\n<li><div class=\"wp-block-latest-posts__featured-image\"><img loading=\"lazy\" decoding=\"async\" width=\"300\" height=\"172\" src=\"https:\/\/casinoandy.com\/wp-content\/uploads\/2025\/02\/En-guide-for-att-hitta-ratt-onlinecasino-i-Norge-300x172.png\" class=\"attachment-medium size-medium wp-post-image\" alt=\"En guide f\u00f6r att hitta r\u00e4tt onlinecasino i Norge\" style=\"\" srcset=\"https:\/\/casinoandy.com\/wp-content\/uploads\/2025\/02\/En-guide-for-att-hitta-ratt-onlinecasino-i-Norge-300x172.png 300w, https:\/\/casinoandy.com\/wp-content\/uploads\/2025\/02\/En-guide-for-att-hitta-ratt-onlinecasino-i-Norge-768x439.png 768w, https:\/\/casinoandy.com\/wp-content\/uploads\/2025\/02\/En-guide-for-att-hitta-ratt-onlinecasino-i-Norge.png 864w\" sizes=\"auto, (max-width: 300px) 100vw, 300px\" \/><\/div><a class=\"wp-block-latest-posts__post-title\" href=\"https:\/\/casinoandy.com\/sv\/online-casino\/reportage\/en-guide-for-att-hitta-ratt-onlinecasino-i-norge\/\">En guide f\u00f6r att hitta r\u00e4tt onlinecasino i Norge<\/a><\/li>\n<li><a class=\"wp-block-latest-posts__post-title\" href=\"https:\/\/casinoandy.com\/sv\/online-casino\/reportage\/hvordan-varemerker-nar-toppen-av-casinospesialistens-ledertavle\/\">Hvordan varemerker n\u00e5r toppen av Casinospesialistens ledertavle<\/a><\/li>\n<li><div class=\"wp-block-latest-posts__featured-image\"><img loading=\"lazy\" decoding=\"async\" width=\"300\" height=\"171\" src=\"https:\/\/casinoandy.com\/wp-content\/uploads\/2024\/02\/newcastle-mot-brentford-laguppstallning-topcontent.com-ai-0-300x171.jpg\" class=\"attachment-medium size-medium wp-post-image\" alt=\"Newcastle mot Brentford laguppst\u00e4llning\" style=\"\" srcset=\"https:\/\/casinoandy.com\/wp-content\/uploads\/2024\/02\/newcastle-mot-brentford-laguppstallning-topcontent.com-ai-0-300x171.jpg 300w, https:\/\/casinoandy.com\/wp-content\/uploads\/2024\/02\/newcastle-mot-brentford-laguppstallning-topcontent.com-ai-0-1024x585.jpg 1024w, https:\/\/casinoandy.com\/wp-content\/uploads\/2024\/02\/newcastle-mot-brentford-laguppstallning-topcontent.com-ai-0-768x439.jpg 768w, https:\/\/casinoandy.com\/wp-content\/uploads\/2024\/02\/newcastle-mot-brentford-laguppstallning-topcontent.com-ai-0.jpg 1344w\" sizes=\"auto, (max-width: 300px) 100vw, 300px\" \/><\/div><a class=\"wp-block-latest-posts__post-title\" href=\"https:\/\/casinoandy.com\/sv\/okategoriserad\/newcastle-mot-brentford-laguppstallning\/\">Newcastle mot Brentford laguppst\u00e4llning<\/a><\/li>\n<\/ul>\n\n\n<h3 class=\"wp-block-heading\">Guider &amp; tips f\u00f6r nya och rutinerade spelare<\/h3>\n\n\n\n<p>Casinoandy d\u00f6mer ingen. Oavsett om du \u00e4r v\u00e4rldens b\u00e4sta pokerspelare och v\u00e4letablerade highroller, eller om du \u00e4r en vanlig Svensson som testar n\u00e4tcasino f\u00f6r f\u00f6rsta g\u00e5ngen, kommer du hitta n\u00e5got matnyttigt h\u00e4r. Casinoandy erbjuder tips p\u00e5 spelstrategier, vinstmaximering p\u00e5 n\u00e4tcasinon och enkla steg-f\u00f6r-steg-guider som \u00e4r l\u00e4tta att f\u00f6lja. Det ska inte vara sv\u00e5rt att spela p\u00e5 casinon p\u00e5 n\u00e4tet. Det ska vara l\u00e4tt! <strong>#casinoandy<\/strong><\/p>\n\n\n\n<h2 class=\"wp-block-heading\">K\u00f6r p\u00e5 ba&#8217;!<\/h2>\n\n\n\n<p>Hitta ditt nya favoritcasino med oss p\u00e5 Casinoandy, b\u00f6rja spela och hoppas att turen \u00e4r med dig. L\u00e5t oss avsluta med en viktig p\u00e5minnelse:<\/p>\n\n\n\n<blockquote class=\"wp-block-quote is-layout-flow wp-block-quote-is-layout-flow\">\n<p><em>Komih\u00e5g att endast spela f\u00f6r pengar du har r\u00e5d att f\u00f6rlora. Det st\u00f6rsta misstaget varje spelare kan g\u00f6ra \u00e4r att f\u00f6rs\u00f6ka &#8221;vinna tillbaka f\u00f6rlorade pengar&#8221;. Spela ansvarsfullt helt enkelt. <\/em><\/p>\n<cite>Casinoandy<\/cite><\/blockquote>\n","protected":false},"excerpt":{"rendered":"<p>Casinoandy Hall\u00e5 d\u00e4r och v\u00e4lkommen to Casinoandy, den mest retrofuturistiska casinosajten i mannaminne! H\u00e4r kommer du kunna l\u00e4sa casinorecensioner, f\u00e5&#8230;<\/p>\n","protected":false},"author":4,"featured_media":0,"parent":0,"menu_order":0,"comment_status":"closed","ping_status":"closed","template":"","meta":{"_acf_changed":false,"footnotes":""},"class_list":["post-24","page","type-page","status-publish","hentry"],"acf":[],"yoast_head":"<!-- This site is optimized with the Yoast SEO plugin v27.0 - https:\/\/yoast.com\/product\/yoast-seo-wordpress\/ -->\n<title>Casinoandy.com - Testar &amp; j\u00e4mf\u00f6r n\u00e4tcasinon p\u00e5 n\u00e4tet - 2024<\/title>\n<meta name=\"description\" content=\"Hitta r\u00e4tt n\u00e4tcasino att spela p\u00e5 med hj\u00e4lp av Casinoandy! H\u00e4r kan du j\u00e4mf\u00f6ra alla nya svenska casinon och hitta det som passar dig b\u00e4st!\" \/>\n<meta name=\"robots\" content=\"index, follow, max-snippet:-1, max-image-preview:large, max-video-preview:-1\" \/>\n<link rel=\"canonical\" href=\"https:\/\/casinoandy.com\/sv\/\" \/>\n<meta property=\"og:locale\" content=\"sv_SE\" \/>\n<meta property=\"og:type\" content=\"article\" \/>\n<meta property=\"og:title\" content=\"Casinoandy.com - Testar &amp; j\u00e4mf\u00f6r n\u00e4tcasinon p\u00e5 n\u00e4tet - 2024\" \/>\n<meta property=\"og:description\" content=\"Hitta r\u00e4tt n\u00e4tcasino att spela p\u00e5 med hj\u00e4lp av Casinoandy! H\u00e4r kan du j\u00e4mf\u00f6ra alla nya svenska casinon och hitta det som passar dig b\u00e4st!\" \/>\n<meta property=\"og:url\" content=\"https:\/\/casinoandy.com\/sv\/\" \/>\n<meta property=\"og:site_name\" content=\"Casinoandy\" \/>\n<meta property=\"article:modified_time\" content=\"2025-03-27T09:48:29+00:00\" \/>\n<meta name=\"twitter:card\" content=\"summary_large_image\" \/>\n<meta name=\"twitter:label1\" content=\"Ber\u00e4knad l\u00e4stid\" \/>\n\t<meta name=\"twitter:data1\" content=\"6 minuter\" \/>\n<script type=\"application\/ld+json\" class=\"yoast-schema-graph\">{\"@context\":\"https:\/\/schema.org\",\"@graph\":[{\"@type\":\"WebPage\",\"@id\":\"https:\/\/casinoandy.com\/sv\/\",\"url\":\"https:\/\/casinoandy.com\/sv\/\",\"name\":\"Casinoandy.com - Testar & j\u00e4mf\u00f6r n\u00e4tcasinon p\u00e5 n\u00e4tet - 2024\",\"isPartOf\":{\"@id\":\"https:\/\/casinoandy.com\/sv\/#website\"},\"primaryImageOfPage\":{\"@id\":\"https:\/\/casinoandy.com\/sv\/#primaryimage\"},\"image\":{\"@id\":\"https:\/\/casinoandy.com\/sv\/#primaryimage\"},\"thumbnailUrl\":\"http:\/\/casinoandy.com\/wp-content\/uploads\/2020\/12\/casinoandy-startsida-se-1.png\",\"datePublished\":\"2020-12-01T09:13:07+00:00\",\"dateModified\":\"2025-03-27T09:48:29+00:00\",\"description\":\"Hitta r\u00e4tt n\u00e4tcasino att spela p\u00e5 med hj\u00e4lp av Casinoandy! H\u00e4r kan du j\u00e4mf\u00f6ra alla nya svenska casinon och hitta det som passar dig b\u00e4st!\",\"breadcrumb\":{\"@id\":\"https:\/\/casinoandy.com\/sv\/#breadcrumb\"},\"inLanguage\":\"sv-SE\",\"potentialAction\":[{\"@type\":\"ReadAction\",\"target\":[\"https:\/\/casinoandy.com\/sv\/\"]}]},{\"@type\":\"ImageObject\",\"inLanguage\":\"sv-SE\",\"@id\":\"https:\/\/casinoandy.com\/sv\/#primaryimage\",\"url\":\"http:\/\/casinoandy.com\/wp-content\/uploads\/2020\/12\/casinoandy-startsida-se-1.png\",\"contentUrl\":\"http:\/\/casinoandy.com\/wp-content\/uploads\/2020\/12\/casinoandy-startsida-se-1.png\"},{\"@type\":\"BreadcrumbList\",\"@id\":\"https:\/\/casinoandy.com\/sv\/#breadcrumb\",\"itemListElement\":[{\"@type\":\"ListItem\",\"position\":1,\"name\":\"Startseite\",\"item\":\"https:\/\/casinoandy.com\/sv\/\"},{\"@type\":\"ListItem\",\"position\":2,\"name\":\"Casinoandy &#8211; SE\"}]},{\"@type\":\"WebSite\",\"@id\":\"https:\/\/casinoandy.com\/sv\/#website\",\"url\":\"https:\/\/casinoandy.com\/sv\/\",\"name\":\"Casinoandy\",\"description\":\"\",\"publisher\":{\"@id\":\"https:\/\/casinoandy.com\/sv\/#organization\"},\"potentialAction\":[{\"@type\":\"SearchAction\",\"target\":{\"@type\":\"EntryPoint\",\"urlTemplate\":\"https:\/\/casinoandy.com\/sv\/?s={search_term_string}\"},\"query-input\":{\"@type\":\"PropertyValueSpecification\",\"valueRequired\":true,\"valueName\":\"search_term_string\"}}],\"inLanguage\":\"sv-SE\"},{\"@type\":\"Organization\",\"@id\":\"https:\/\/casinoandy.com\/sv\/#organization\",\"name\":\"Casino Andy\",\"url\":\"https:\/\/casinoandy.com\/sv\/\",\"logo\":{\"@type\":\"ImageObject\",\"inLanguage\":\"sv-SE\",\"@id\":\"https:\/\/casinoandy.com\/sv\/#\/schema\/logo\/image\/\",\"url\":\"http:\/\/casinoandy.yourmedia.nbcdemo.com\/wp-content\/uploads\/2020\/12\/casino-andy-logo-1.png\",\"contentUrl\":\"http:\/\/casinoandy.yourmedia.nbcdemo.com\/wp-content\/uploads\/2020\/12\/casino-andy-logo-1.png\",\"width\":367,\"height\":195,\"caption\":\"Casino Andy\"},\"image\":{\"@id\":\"https:\/\/casinoandy.com\/sv\/#\/schema\/logo\/image\/\"}}]}<\/script>\n<!-- \/ Yoast SEO plugin. -->","yoast_head_json":{"title":"Casinoandy.com - Testar & j\u00e4mf\u00f6r n\u00e4tcasinon p\u00e5 n\u00e4tet - 2024","description":"Hitta r\u00e4tt n\u00e4tcasino att spela p\u00e5 med hj\u00e4lp av Casinoandy! H\u00e4r kan du j\u00e4mf\u00f6ra alla nya svenska casinon och hitta det som passar dig b\u00e4st!","robots":{"index":"index","follow":"follow","max-snippet":"max-snippet:-1","max-image-preview":"max-image-preview:large","max-video-preview":"max-video-preview:-1"},"canonical":"https:\/\/casinoandy.com\/sv\/","og_locale":"sv_SE","og_type":"article","og_title":"Casinoandy.com - Testar & j\u00e4mf\u00f6r n\u00e4tcasinon p\u00e5 n\u00e4tet - 2024","og_description":"Hitta r\u00e4tt n\u00e4tcasino att spela p\u00e5 med hj\u00e4lp av Casinoandy! H\u00e4r kan du j\u00e4mf\u00f6ra alla nya svenska casinon och hitta det som passar dig b\u00e4st!","og_url":"https:\/\/casinoandy.com\/sv\/","og_site_name":"Casinoandy","article_modified_time":"2025-03-27T09:48:29+00:00","twitter_card":"summary_large_image","twitter_misc":{"Ber\u00e4knad l\u00e4stid":"6 minuter"},"schema":{"@context":"https:\/\/schema.org","@graph":[{"@type":"WebPage","@id":"https:\/\/casinoandy.com\/sv\/","url":"https:\/\/casinoandy.com\/sv\/","name":"Casinoandy.com - Testar & j\u00e4mf\u00f6r n\u00e4tcasinon p\u00e5 n\u00e4tet - 2024","isPartOf":{"@id":"https:\/\/casinoandy.com\/sv\/#website"},"primaryImageOfPage":{"@id":"https:\/\/casinoandy.com\/sv\/#primaryimage"},"image":{"@id":"https:\/\/casinoandy.com\/sv\/#primaryimage"},"thumbnailUrl":"http:\/\/casinoandy.com\/wp-content\/uploads\/2020\/12\/casinoandy-startsida-se-1.png","datePublished":"2020-12-01T09:13:07+00:00","dateModified":"2025-03-27T09:48:29+00:00","description":"Hitta r\u00e4tt n\u00e4tcasino att spela p\u00e5 med hj\u00e4lp av Casinoandy! H\u00e4r kan du j\u00e4mf\u00f6ra alla nya svenska casinon och hitta det som passar dig b\u00e4st!","breadcrumb":{"@id":"https:\/\/casinoandy.com\/sv\/#breadcrumb"},"inLanguage":"sv-SE","potentialAction":[{"@type":"ReadAction","target":["https:\/\/casinoandy.com\/sv\/"]}]},{"@type":"ImageObject","inLanguage":"sv-SE","@id":"https:\/\/casinoandy.com\/sv\/#primaryimage","url":"http:\/\/casinoandy.com\/wp-content\/uploads\/2020\/12\/casinoandy-startsida-se-1.png","contentUrl":"http:\/\/casinoandy.com\/wp-content\/uploads\/2020\/12\/casinoandy-startsida-se-1.png"},{"@type":"BreadcrumbList","@id":"https:\/\/casinoandy.com\/sv\/#breadcrumb","itemListElement":[{"@type":"ListItem","position":1,"name":"Startseite","item":"https:\/\/casinoandy.com\/sv\/"},{"@type":"ListItem","position":2,"name":"Casinoandy &#8211; SE"}]},{"@type":"WebSite","@id":"https:\/\/casinoandy.com\/sv\/#website","url":"https:\/\/casinoandy.com\/sv\/","name":"Casinoandy","description":"","publisher":{"@id":"https:\/\/casinoandy.com\/sv\/#organization"},"potentialAction":[{"@type":"SearchAction","target":{"@type":"EntryPoint","urlTemplate":"https:\/\/casinoandy.com\/sv\/?s={search_term_string}"},"query-input":{"@type":"PropertyValueSpecification","valueRequired":true,"valueName":"search_term_string"}}],"inLanguage":"sv-SE"},{"@type":"Organization","@id":"https:\/\/casinoandy.com\/sv\/#organization","name":"Casino Andy","url":"https:\/\/casinoandy.com\/sv\/","logo":{"@type":"ImageObject","inLanguage":"sv-SE","@id":"https:\/\/casinoandy.com\/sv\/#\/schema\/logo\/image\/","url":"http:\/\/casinoandy.yourmedia.nbcdemo.com\/wp-content\/uploads\/2020\/12\/casino-andy-logo-1.png","contentUrl":"http:\/\/casinoandy.yourmedia.nbcdemo.com\/wp-content\/uploads\/2020\/12\/casino-andy-logo-1.png","width":367,"height":195,"caption":"Casino Andy"},"image":{"@id":"https:\/\/casinoandy.com\/sv\/#\/schema\/logo\/image\/"}}]}},"_links":{"self":[{"href":"https:\/\/casinoandy.com\/sv\/wp-json\/wp\/v2\/pages\/24","targetHints":{"allow":["GET"]}}],"collection":[{"href":"https:\/\/casinoandy.com\/sv\/wp-json\/wp\/v2\/pages"}],"about":[{"href":"https:\/\/casinoandy.com\/sv\/wp-json\/wp\/v2\/types\/page"}],"author":[{"embeddable":true,"href":"https:\/\/casinoandy.com\/sv\/wp-json\/wp\/v2\/users\/4"}],"replies":[{"embeddable":true,"href":"https:\/\/casinoandy.com\/sv\/wp-json\/wp\/v2\/comments?post=24"}],"version-history":[{"count":41,"href":"https:\/\/casinoandy.com\/sv\/wp-json\/wp\/v2\/pages\/24\/revisions"}],"predecessor-version":[{"id":8871,"href":"https:\/\/casinoandy.com\/sv\/wp-json\/wp\/v2\/pages\/24\/revisions\/8871"}],"wp:attachment":[{"href":"https:\/\/casinoandy.com\/sv\/wp-json\/wp\/v2\/media?parent=24"}],"curies":[{"name":"wp","href":"https:\/\/api.w.org\/{rel}","templated":true}]}}