{"id":45,"date":"2020-12-01T16:46:22","date_gmt":"2020-12-01T15:46:22","guid":{"rendered":"http:\/\/casinoandy.com\/?page_id=45"},"modified":"2020-12-09T14:47:38","modified_gmt":"2020-12-09T13:47:38","slug":"om-oss","status":"publish","type":"page","link":"https:\/\/casinoandy.com\/sv\/om-oss\/","title":{"rendered":"Om oss"},"content":{"rendered":"\n<h1 class=\"wp-block-heading\">Om oss<\/h1>\n\n\n\n<p>Med <a href=\"http:\/\/casinoandy.com\/\">Casinoandy<\/a> ville vi f\u00e5 till en riktigt bra och omfattande j\u00e4mf\u00f6relsesajt med information och fakta om alla olika <a href=\"http:\/\/casinoandy.com\/online-casino\/\">svenska casinon<\/a>. Vi ville dessutom hj\u00e4lpa intresserade nyb\u00f6rjare att l\u00e4ra sig mer om hur det fungerar med casinospel, hur man spelar p\u00e5 dem, vilka problem som kan dyka upp, samt vilka f\u00f6r- och nackdelar som finns.<\/p>\n\n\n\n<p>Vi tycker att vi har lyckats v\u00e4ldigt bra!<\/p>\n\n\n\n<h2 class=\"wp-block-heading\">Vilka \u00e4r vi?<\/h2>\n\n\n\n<p>Vi \u00e4r n\u00e5gra glada killar och tjejer i v\u00e5ra b\u00e4sta \u00e5r som precis som du gillar att spendera n\u00e5gon eller n\u00e5gra dagar i m\u00e5naden p\u00e5 att spela p\u00e5 n\u00e4tcasinon. Tillsammans har vi \u00f6ver 50 \u00e5r i casinobranschen och med den erfarenheten vill vi hj\u00e4lpa svenska casinospelare runtom i v\u00e4rlden.<\/p>\n\n\n\n<h2 class=\"wp-block-heading\">Vem \u00e4r du? \u2014 V\u00e5r m\u00e5lgrupp<\/h2>\n\n\n\n<p>Med Casinoandy.com vill vi hj\u00e4lpa svenskar att hitta r\u00e4tt casino med r\u00e4tt slags spel och bonusar som passar dem b\u00e4st. Detta kan b\u00e5de vara casinon med licens i Sverige och de som eventuellt kommer f\u00e5 licens inom en snar framtid. Eftersom det redan finns massvis av j\u00e4mf\u00f6relsesidor som rangordnar och listar svenska casinon vill vi ta ett steg till och j\u00e4mf\u00f6ra alla casinon efter flera olika variabler.<\/p>\n\n\n\n<h2 class=\"wp-block-heading\">Framtida m\u00e5l<\/h2>\n\n\n\n<p>V\u00e5ra nutida och framtida m\u00e5l \u00e4r att tillgodose v\u00e5r m\u00e5lgrupp med all n\u00f6dv\u00e4ndig information, fakta och kunskap som de kan t\u00e4nkas beh\u00f6va innan de v\u00e4ljer att spela p\u00e5 n\u00e5got n\u00e4tcasino. Det kan till exempel vara f\u00f6rberedelser och information om hur registreringen av spelkontot g\u00e5r till, eller tips om vilka betalningsmetoder som fungerar b\u00e4st och som man d\u00e4rmed b\u00f6r leta efter.<\/p>\n\n\n\n<p>Sist men inte minst vill vi ocks\u00e5 f\u00f6rbereda v\u00e5ra l\u00e4sare om att bevandra sig kring Spelpaus och vad det faktiskt inneb\u00e4r. Ta g\u00e4rna en titt p\u00e5 alla olika spelbegr\u00e4nsande verktyg som spelgr\u00e4nser och sj\u00e4lvtest, f\u00f6r att f\u00e5 en bra bild \u00f6ver de skyddsn\u00e4t som finns f\u00f6r casinospelare.<br>Med komih\u00e5g att \u00e4ven om skyddsn\u00e4ten finns d\u00e4r kr\u00e4vs det extra mycket sj\u00e4lvdisciplin och ansvarsfullt spelande n\u00e4r man spelar f\u00f6r riktiga pengar.<\/p>\n\n\n\n<p>Lycka till.<\/p>\n\n\n\n<p>\/ Teamet p\u00e5 Casinoandy.com<\/p>\n","protected":false},"excerpt":{"rendered":"<p>Om oss Med Casinoandy ville vi f\u00e5 till en riktigt bra och omfattande j\u00e4mf\u00f6relsesajt med information och fakta om alla&#8230;<\/p>\n","protected":false},"author":4,"featured_media":0,"parent":0,"menu_order":0,"comment_status":"closed","ping_status":"closed","template":"","meta":{"_acf_changed":false,"footnotes":""},"class_list":["post-45","page","type-page","status-publish","hentry"],"acf":[],"yoast_head":"<!-- This site is optimized with the Yoast SEO plugin v27.0 - https:\/\/yoast.com\/product\/yoast-seo-wordpress\/ -->\n<title>Om oss bakom Casinoandy.com - V\u00e5ra visioner om framtiden<\/title>\n<meta name=\"description\" content=\"En kort presentation om oss bakom casinoandy.com - V\u00e5r historik, v\u00e5r nutid och v\u00e5ra visioner f\u00f6r framtiden. L\u00e4s mer h\u00e4r!\" \/>\n<meta name=\"robots\" content=\"index, follow, max-snippet:-1, max-image-preview:large, max-video-preview:-1\" \/>\n<link rel=\"canonical\" href=\"https:\/\/casinoandy.com\/sv\/om-oss\/\" \/>\n<meta property=\"og:locale\" content=\"sv_SE\" \/>\n<meta property=\"og:type\" content=\"article\" \/>\n<meta property=\"og:title\" content=\"Om oss bakom Casinoandy.com - V\u00e5ra visioner om framtiden\" \/>\n<meta property=\"og:description\" content=\"En kort presentation om oss bakom casinoandy.com - V\u00e5r historik, v\u00e5r nutid och v\u00e5ra visioner f\u00f6r framtiden. L\u00e4s mer h\u00e4r!\" \/>\n<meta property=\"og:url\" content=\"https:\/\/casinoandy.com\/sv\/om-oss\/\" \/>\n<meta property=\"og:site_name\" content=\"Casinoandy\" \/>\n<meta property=\"article:modified_time\" content=\"2020-12-09T13:47:38+00:00\" \/>\n<meta name=\"twitter:card\" content=\"summary_large_image\" \/>\n<meta name=\"twitter:label1\" content=\"Ber\u00e4knad l\u00e4stid\" \/>\n\t<meta name=\"twitter:data1\" content=\"2 minuter\" \/>\n<script type=\"application\/ld+json\" class=\"yoast-schema-graph\">{\"@context\":\"https:\/\/schema.org\",\"@graph\":[{\"@type\":\"WebPage\",\"@id\":\"https:\/\/casinoandy.com\/sv\/om-oss\/\",\"url\":\"https:\/\/casinoandy.com\/sv\/om-oss\/\",\"name\":\"Om oss bakom Casinoandy.com - V\u00e5ra visioner om framtiden\",\"isPartOf\":{\"@id\":\"https:\/\/casinoandy.com\/sv\/#website\"},\"datePublished\":\"2020-12-01T15:46:22+00:00\",\"dateModified\":\"2020-12-09T13:47:38+00:00\",\"description\":\"En kort presentation om oss bakom casinoandy.com - V\u00e5r historik, v\u00e5r nutid och v\u00e5ra visioner f\u00f6r framtiden. L\u00e4s mer h\u00e4r!\",\"breadcrumb\":{\"@id\":\"https:\/\/casinoandy.com\/sv\/om-oss\/#breadcrumb\"},\"inLanguage\":\"sv-SE\",\"potentialAction\":[{\"@type\":\"ReadAction\",\"target\":[\"https:\/\/casinoandy.com\/sv\/om-oss\/\"]}]},{\"@type\":\"BreadcrumbList\",\"@id\":\"https:\/\/casinoandy.com\/sv\/om-oss\/#breadcrumb\",\"itemListElement\":[{\"@type\":\"ListItem\",\"position\":1,\"name\":\"Startseite\",\"item\":\"https:\/\/casinoandy.com\/sv\/\"},{\"@type\":\"ListItem\",\"position\":2,\"name\":\"Om oss\"}]},{\"@type\":\"WebSite\",\"@id\":\"https:\/\/casinoandy.com\/sv\/#website\",\"url\":\"https:\/\/casinoandy.com\/sv\/\",\"name\":\"Casinoandy\",\"description\":\"\",\"publisher\":{\"@id\":\"https:\/\/casinoandy.com\/sv\/#organization\"},\"potentialAction\":[{\"@type\":\"SearchAction\",\"target\":{\"@type\":\"EntryPoint\",\"urlTemplate\":\"https:\/\/casinoandy.com\/sv\/?s={search_term_string}\"},\"query-input\":{\"@type\":\"PropertyValueSpecification\",\"valueRequired\":true,\"valueName\":\"search_term_string\"}}],\"inLanguage\":\"sv-SE\"},{\"@type\":\"Organization\",\"@id\":\"https:\/\/casinoandy.com\/sv\/#organization\",\"name\":\"Casino Andy\",\"url\":\"https:\/\/casinoandy.com\/sv\/\",\"logo\":{\"@type\":\"ImageObject\",\"inLanguage\":\"sv-SE\",\"@id\":\"https:\/\/casinoandy.com\/sv\/#\/schema\/logo\/image\/\",\"url\":\"http:\/\/casinoandy.yourmedia.nbcdemo.com\/wp-content\/uploads\/2020\/12\/casino-andy-logo-1.png\",\"contentUrl\":\"http:\/\/casinoandy.yourmedia.nbcdemo.com\/wp-content\/uploads\/2020\/12\/casino-andy-logo-1.png\",\"width\":367,\"height\":195,\"caption\":\"Casino Andy\"},\"image\":{\"@id\":\"https:\/\/casinoandy.com\/sv\/#\/schema\/logo\/image\/\"}}]}<\/script>\n<!-- \/ Yoast SEO plugin. -->","yoast_head_json":{"title":"Om oss bakom Casinoandy.com - V\u00e5ra visioner om framtiden","description":"En kort presentation om oss bakom casinoandy.com - V\u00e5r historik, v\u00e5r nutid och v\u00e5ra visioner f\u00f6r framtiden. L\u00e4s mer h\u00e4r!","robots":{"index":"index","follow":"follow","max-snippet":"max-snippet:-1","max-image-preview":"max-image-preview:large","max-video-preview":"max-video-preview:-1"},"canonical":"https:\/\/casinoandy.com\/sv\/om-oss\/","og_locale":"sv_SE","og_type":"article","og_title":"Om oss bakom Casinoandy.com - V\u00e5ra visioner om framtiden","og_description":"En kort presentation om oss bakom casinoandy.com - V\u00e5r historik, v\u00e5r nutid och v\u00e5ra visioner f\u00f6r framtiden. L\u00e4s mer h\u00e4r!","og_url":"https:\/\/casinoandy.com\/sv\/om-oss\/","og_site_name":"Casinoandy","article_modified_time":"2020-12-09T13:47:38+00:00","twitter_card":"summary_large_image","twitter_misc":{"Ber\u00e4knad l\u00e4stid":"2 minuter"},"schema":{"@context":"https:\/\/schema.org","@graph":[{"@type":"WebPage","@id":"https:\/\/casinoandy.com\/sv\/om-oss\/","url":"https:\/\/casinoandy.com\/sv\/om-oss\/","name":"Om oss bakom Casinoandy.com - V\u00e5ra visioner om framtiden","isPartOf":{"@id":"https:\/\/casinoandy.com\/sv\/#website"},"datePublished":"2020-12-01T15:46:22+00:00","dateModified":"2020-12-09T13:47:38+00:00","description":"En kort presentation om oss bakom casinoandy.com - V\u00e5r historik, v\u00e5r nutid och v\u00e5ra visioner f\u00f6r framtiden. L\u00e4s mer h\u00e4r!","breadcrumb":{"@id":"https:\/\/casinoandy.com\/sv\/om-oss\/#breadcrumb"},"inLanguage":"sv-SE","potentialAction":[{"@type":"ReadAction","target":["https:\/\/casinoandy.com\/sv\/om-oss\/"]}]},{"@type":"BreadcrumbList","@id":"https:\/\/casinoandy.com\/sv\/om-oss\/#breadcrumb","itemListElement":[{"@type":"ListItem","position":1,"name":"Startseite","item":"https:\/\/casinoandy.com\/sv\/"},{"@type":"ListItem","position":2,"name":"Om oss"}]},{"@type":"WebSite","@id":"https:\/\/casinoandy.com\/sv\/#website","url":"https:\/\/casinoandy.com\/sv\/","name":"Casinoandy","description":"","publisher":{"@id":"https:\/\/casinoandy.com\/sv\/#organization"},"potentialAction":[{"@type":"SearchAction","target":{"@type":"EntryPoint","urlTemplate":"https:\/\/casinoandy.com\/sv\/?s={search_term_string}"},"query-input":{"@type":"PropertyValueSpecification","valueRequired":true,"valueName":"search_term_string"}}],"inLanguage":"sv-SE"},{"@type":"Organization","@id":"https:\/\/casinoandy.com\/sv\/#organization","name":"Casino Andy","url":"https:\/\/casinoandy.com\/sv\/","logo":{"@type":"ImageObject","inLanguage":"sv-SE","@id":"https:\/\/casinoandy.com\/sv\/#\/schema\/logo\/image\/","url":"http:\/\/casinoandy.yourmedia.nbcdemo.com\/wp-content\/uploads\/2020\/12\/casino-andy-logo-1.png","contentUrl":"http:\/\/casinoandy.yourmedia.nbcdemo.com\/wp-content\/uploads\/2020\/12\/casino-andy-logo-1.png","width":367,"height":195,"caption":"Casino Andy"},"image":{"@id":"https:\/\/casinoandy.com\/sv\/#\/schema\/logo\/image\/"}}]}},"_links":{"self":[{"href":"https:\/\/casinoandy.com\/sv\/wp-json\/wp\/v2\/pages\/45","targetHints":{"allow":["GET"]}}],"collection":[{"href":"https:\/\/casinoandy.com\/sv\/wp-json\/wp\/v2\/pages"}],"about":[{"href":"https:\/\/casinoandy.com\/sv\/wp-json\/wp\/v2\/types\/page"}],"author":[{"embeddable":true,"href":"https:\/\/casinoandy.com\/sv\/wp-json\/wp\/v2\/users\/4"}],"replies":[{"embeddable":true,"href":"https:\/\/casinoandy.com\/sv\/wp-json\/wp\/v2\/comments?post=45"}],"version-history":[{"count":3,"href":"https:\/\/casinoandy.com\/sv\/wp-json\/wp\/v2\/pages\/45\/revisions"}],"predecessor-version":[{"id":1064,"href":"https:\/\/casinoandy.com\/sv\/wp-json\/wp\/v2\/pages\/45\/revisions\/1064"}],"wp:attachment":[{"href":"https:\/\/casinoandy.com\/sv\/wp-json\/wp\/v2\/media?parent=45"}],"curies":[{"name":"wp","href":"https:\/\/api.w.org\/{rel}","templated":true}]}}