{"id":5099,"date":"2023-01-12T08:43:33","date_gmt":"2023-01-12T07:43:33","guid":{"rendered":"http:\/\/casinoandy.com\/?page_id=5099"},"modified":"2023-01-12T08:43:34","modified_gmt":"2023-01-12T07:43:34","slug":"sa-spelar-du-med-bankid","status":"publish","type":"page","link":"https:\/\/casinoandy.com\/sv\/online-casino\/bankid\/sa-spelar-du-med-bankid\/","title":{"rendered":"S\u00e5 spelar du med BankID p\u00e5 casino"},"content":{"rendered":"\n<h1 class=\"wp-block-heading\">S\u00e5 spelar du med BankID p\u00e5 casino &#8211; Fr\u00e5n ins\u00e4ttning till uttag<\/h1>\n\n\n\n<p>Anv\u00e4ndandet av BankID p\u00e5 online casinon har blivit en ny standard p\u00e5 den svenska spelmarknaden. Alla svenska casinon beh\u00f6ver sedan 2019 erbjuda tj\u00e4nsten f\u00f6r bland annat registrering av spelkonto och verifiering av identitet.&nbsp;<\/p>\n\n\n\n<p>Det finns m\u00e5nga f\u00f6rdelar med att anv\u00e4nda BankID p\u00e5 n\u00e4tcasinon och i denna artikel g\u00e5r vi igenom hur du egentligen g\u00e5r tillv\u00e4ga n\u00e4r du ska spela med BankID. Vi guidar dig fr\u00e5n att du ska skapa ett spelkonto till att du ska beg\u00e4ra ditt f\u00f6rsta uttag. H\u00e4ng med!&nbsp;&nbsp;&nbsp;<\/p>\n\n\n\n<figure class=\"wp-block-image size-full\"><img loading=\"lazy\" decoding=\"async\" width=\"800\" height=\"500\" src=\"http:\/\/casinoandy.com\/wp-content\/uploads\/2023\/01\/spela-casino-med-bankid.png\" alt=\"Spela casino med BankID\" class=\"wp-image-5113\" srcset=\"https:\/\/casinoandy.com\/wp-content\/uploads\/2023\/01\/spela-casino-med-bankid.png 800w, https:\/\/casinoandy.com\/wp-content\/uploads\/2023\/01\/spela-casino-med-bankid-300x188.png 300w, https:\/\/casinoandy.com\/wp-content\/uploads\/2023\/01\/spela-casino-med-bankid-768x480.png 768w\" sizes=\"auto, (max-width: 800px) 100vw, 800px\" \/><\/figure>\n\n\n\n<h2 class=\"wp-block-heading\">V\u00e4lj ett BankID casino<\/h2>\n\n\n\n<p>Det f\u00f6rsta steget f\u00f6r att komma ig\u00e5ng med spelandet \u00e4r att v\u00e4lja ut ett BankID som passar dig. Eftersom alla svenska casinon erbjuder BankID finns det en hel dr\u00f6s casinon att v\u00e4lja mellan. Det enklaste s\u00e4ttet att hitta nya BankID casinon att spela p\u00e5 \u00e4r att bes\u00f6ka en j\u00e4mf\u00f6resajt som <a href=\"https:\/\/www.bankid-casino.net\/\">BankID-casino<\/a>.&nbsp;<\/p>\n\n\n\n<p>D\u00e4r kan du bland annat ta del av topplistor p\u00e5 de b\u00e4sta BankID casinona samt hitta relevant information och hj\u00e4lpsamma tips. En stor f\u00f6rdel med just BankID casinon \u00e4r att det g\u00e5r s\u00e5 snabbt att komma ig\u00e5ng, vilket g\u00f6r att du enkelt kan testa dig fram mellan olika casinon f\u00f6r att se vilket som passar dig b\u00e4st.&nbsp;<\/p>\n\n\n\n<h2 class=\"wp-block-heading\">Registrera ett spelkonto&nbsp;<\/h2>\n\n\n\n<p>N\u00e4r du har valt ut ett casino som du vill testa p\u00e5 \u00e4r det dags att registrera ett spelkonto. Denna process kan se lite olika ut p\u00e5 olika casinon men i regel \u00e4r det en v\u00e4ldigt smidig process. Uppskattningsvis kan du vara ig\u00e5ng med spelandet p\u00e5 under 2 minuter.&nbsp;<\/p>\n\n\n\n<p>Om du spelar p\u00e5 ett vanligt BankID casino beh\u00f6ver vanligtvis du g\u00e5 igenom dessa steg:&nbsp;<\/p>\n\n\n\n<ul class=\"wp-block-list\"><li>Tryck p\u00e5 \u201cSkapa konto\u201d&nbsp;<\/li><li>Fyll i formul\u00e4ret som efterfr\u00e5gar din personliga information<\/li><li>Knappa in ditt personnummer<\/li><li>\u00d6ppna din BankID-app<\/li><li>Signera med din kod<\/li><li>Ditt spelkonto skapas direkt och du kan omedelbart genomf\u00f6ra en ins\u00e4ttning&nbsp;<\/li><\/ul>\n\n\n\n<p>Skulle du ist\u00e4llet v\u00e4lja att spela p\u00e5 ett Pay N Play casino, eller ett <a href=\"http:\/\/casinoandy.com\/online-casino\/utan-registrering\/\">casino utan konto<\/a> som det ocks\u00e5 kallas, \u00e4r det f\u00f6ljande steg som kr\u00e4vs:&nbsp;<\/p>\n\n\n\n<ul class=\"wp-block-list\"><li>Tryck p\u00e5 \u201cKom ig\u00e5ng\u201d, \u201cG\u00f6r ins\u00e4ttning\u201d eller liknande knapp<\/li><li>Skriv in beloppet du \u00f6nskar att s\u00e4tta in&nbsp;<\/li><li>V\u00e4lj din bank ur listan<\/li><li>Fyll i ditt personnummer&nbsp;<\/li><li>\u00d6ppna din BankID och skriv in din personliga kod&nbsp;<\/li><li>Ditt spelkonto skapas automatiskt och din ins\u00e4ttning n\u00e5r casinot direkt!<\/li><\/ul>\n\n\n\n<h3 class=\"wp-block-heading\">Inloggning p\u00e5 casinon med BankID&nbsp;<\/h3>\n\n\n\n<p>Det finns m\u00e5nga skillnader mellan vanliga casinon och BankID casinon och en av dessa \u00e4r hur man loggar in p\u00e5 ett casino. Det m\u00e4rkte du s\u00e4kert n\u00e4r du l\u00e4ste igenom stegen ovan, men p\u00e5 BankID casinon beh\u00f6ver man inte v\u00e4lja n\u00e5got anv\u00e4ndarnamn eller l\u00f6senord.&nbsp;<\/p>\n\n\n\n<figure class=\"wp-block-image size-full\"><img loading=\"lazy\" decoding=\"async\" width=\"800\" height=\"500\" src=\"http:\/\/casinoandy.com\/wp-content\/uploads\/2023\/01\/bankid-inloggning.png\" alt=\"BankiD inloggning\" class=\"wp-image-5108\" srcset=\"https:\/\/casinoandy.com\/wp-content\/uploads\/2023\/01\/bankid-inloggning.png 800w, https:\/\/casinoandy.com\/wp-content\/uploads\/2023\/01\/bankid-inloggning-300x188.png 300w, https:\/\/casinoandy.com\/wp-content\/uploads\/2023\/01\/bankid-inloggning-768x480.png 768w\" sizes=\"auto, (max-width: 800px) 100vw, 800px\" \/><\/figure>\n\n\n\n<p>Ist\u00e4llet f\u00f6r anv\u00e4ndarnamn och l\u00f6senord f\u00f6r att logga in beh\u00f6ver du bara knappa in ditt personnummer och signera med ditt BankID. Det fungerar p\u00e5 detta s\u00e4tt p\u00e5 alla svenska casinon vilket \u00e4r v\u00e4ldigt smidigt. Du slipper allts\u00e5 oroa dig f\u00f6r att gl\u00f6mma bort ditt l\u00f6senord eller f\u00f6r att n\u00e5gon obeh\u00f6rig ska kunna logga in p\u00e5 ditt spelkonto.&nbsp;<\/p>\n\n\n\n<p>Eftersom det endast \u00e4r du sj\u00e4lv som har tillg\u00e5ng till ditt BankID kan du helt enkelt vara trygg med att det endast \u00e4r du sj\u00e4lv som kan komma \u00e5t dina casino-konton.&nbsp;<\/p>\n\n\n\n<h2 class=\"wp-block-heading\">G\u00f6r din f\u00f6rsta ins\u00e4ttning<\/h2>\n\n\n\n<p>N\u00e4r ditt spelkonto \u00e4r skapat \u00e4r det fritt fram att g\u00f6ra din f\u00f6rsta ins\u00e4ttning. Det som m\u00e5nga BankID casinon har gemensamt \u00e4r att det erbjuds riktigt snabba och smidiga betalningsmetoder, som till exempel Trustly och Swish.<\/p>\n\n\n\n<p>F\u00f6r att g\u00f6ra en ins\u00e4ttning beh\u00f6ver du endast navigera dig till betalningssidan p\u00e5 casinot. D\u00e4r v\u00e4ljer du din \u00f6nskade betalningsmetod, skriver in beloppet du \u00f6nskar att s\u00e4tta in och f\u00f6ljer instruktionerna p\u00e5 sk\u00e4rmen. Med betalningsmetoder som Trustly och Swish godk\u00e4nner du din betalning med hj\u00e4lp av ditt BankID vilket g\u00f6r transaktionen b\u00e5de snabb och s\u00e4ker.&nbsp;<a href=\"https:\/\/www.bankid.com\/foretag\/saekerhet\">BankID<\/a> \u00e4r trots allt en tj\u00e4nst som anv\u00e4nds av alla de stora bankerna, myndigheterna och f\u00f6retagen i Sverige. <\/p>\n\n\n\n<h2 class=\"wp-block-heading\">Beg\u00e4r ett uttag&nbsp;<\/h2>\n\n\n\n<p>Vi t\u00e4nker att vi hoppar \u00f6ver steget n\u00e4r du faktiskt spelar, det tror vi trots allt att du klarar utm\u00e4rkt sj\u00e4lv. Ist\u00e4llet tar vi vid n\u00e4r du v\u00e4l har spelat klart och k\u00e4nner f\u00f6r att beg\u00e4ra ett uttag.&nbsp;<\/p>\n\n\n\n<p>Precis som alla andra processer med BankID s\u00e5 \u00e4r \u00e4ven processen f\u00f6r att beg\u00e4ra uttag riktigt smidig. Eftersom din identitet redan \u00e4r verifierad fr\u00e5n att du skapade ditt spelkonto med BankID, beh\u00f6ver du inte skicka in n\u00e5gra dokument f\u00f6r att styrka din identitet.&nbsp;<\/p>\n\n\n\n<p>F\u00f6r n\u00e5gra \u00e5r sedan beh\u00f6vde man ofta ladda upp kopior av dokument som sitt pass, en r\u00e4kning som bekr\u00e4ftade ens adress och ett bevis att man \u00e4gde betalningsmetoden man anv\u00e4nt. Casinot beh\u00f6vde i sin tur granska dessa dokument manuellt och d\u00e4refter betala ut pengarna. Detta gjorde att det kunde ta flera dagar innan ett uttag blev godk\u00e4nt.&nbsp;<\/p>\n\n\n\n<p>Tack vare BankID blir din identitet direkt verifierad vilket g\u00f6r att du slipper ladda upp dokument och ist\u00e4llet kan utbetalningar bli godk\u00e4nda automatiskt av casinot.&nbsp;<\/p>\n\n\n\n<p>F\u00f6r att beg\u00e4ra ett uttag p\u00e5 ett BankID casino beh\u00f6ver du endast f\u00f6lja nedanst\u00e5ende steg:&nbsp;<\/p>\n\n\n\n<ul class=\"wp-block-list\"><li>Tryck p\u00e5 \u201cBeg\u00e4r uttag\u201d knappen p\u00e5 ditt casinokonto&nbsp;<\/li><li>Fyll i beloppet du \u00f6nskar att ta ut&nbsp;<\/li><li>V\u00e4lj din bank ur listan<\/li><li>Knappa in ditt personnummer<\/li><li>Signera med ditt BankID&nbsp;<\/li><\/ul>\n\n\n\n<h2 class=\"wp-block-heading\">Sammanfattning: spela casino med BankID <\/h2>\n\n\n\n<p>Att anv\u00e4nda sig av BankID n\u00e4r man spelar p\u00e5 online casinon \u00e4r riktigt smart. Dels g\u00f6r det alla processer smidigare och mindre tidskr\u00e4vande. Dessutom g\u00f6r BankID att alla transaktioner g\u00f6rs med h\u00f6gsta m\u00f6jliga s\u00e4kerhet, vilket inneb\u00e4r att du som spelare alltid kan k\u00e4nna dig trygg. <\/p>\n\n\n\n<p>F\u00f6r att spela casino med BankID kr\u00e4vs det egentligen bara att du har ett giltigt BankID. Med ditt BankID kan du: <\/p>\n\n\n\n<ul class=\"wp-block-list\"><li>Skapa ett spelkonto p\u00e5 ett BankID casino<\/li><li>Logga in snabbt p\u00e5 alla svenska casinon <\/li><li>G\u00f6ra s\u00e4kra ins\u00e4ttningar<\/li><li>Ta del av snabba uttag <\/li><li>Verifiera din identiet p\u00e5 noll tid<\/li><li>Njuta av en smidig &amp; s\u00e4ker spelupplevelse!  <\/li><\/ul>\n","protected":false},"excerpt":{"rendered":"<p>S\u00e5 spelar du med BankID p\u00e5 casino &#8211; Fr\u00e5n ins\u00e4ttning till uttag Anv\u00e4ndandet av BankID p\u00e5 online casinon har blivit&#8230;<\/p>\n","protected":false},"author":4,"featured_media":0,"parent":52,"menu_order":0,"comment_status":"closed","ping_status":"closed","template":"","meta":{"_acf_changed":false,"footnotes":""},"class_list":["post-5099","page","type-page","status-publish","hentry"],"acf":[],"yoast_head":"<!-- This site is optimized with the Yoast SEO plugin v27.0 - https:\/\/yoast.com\/product\/yoast-seo-wordpress\/ -->\n<title>S\u00e5 spelar du med bankid p\u00e5 casino - Fr\u00e5n ins\u00e4ttning till uttag<\/title>\n<meta name=\"description\" content=\"Vi guidar dig steg f\u00f6r steg hur du spelar med BankID p\u00e5 n\u00e4tcasinon. Allt fr\u00e5n registrering till uttag av vinster. L\u00e4s hela artikeln h\u00e4r!\" \/>\n<meta name=\"robots\" content=\"index, follow, max-snippet:-1, max-image-preview:large, max-video-preview:-1\" \/>\n<link rel=\"canonical\" href=\"https:\/\/casinoandy.com\/sv\/online-casino\/bankid\/sa-spelar-du-med-bankid\/\" \/>\n<meta property=\"og:locale\" content=\"sv_SE\" \/>\n<meta property=\"og:type\" content=\"article\" \/>\n<meta property=\"og:title\" content=\"S\u00e5 spelar du med bankid p\u00e5 casino - Fr\u00e5n ins\u00e4ttning till uttag\" \/>\n<meta property=\"og:description\" content=\"Vi guidar dig steg f\u00f6r steg hur du spelar med BankID p\u00e5 n\u00e4tcasinon. Allt fr\u00e5n registrering till uttag av vinster. L\u00e4s hela artikeln h\u00e4r!\" \/>\n<meta property=\"og:url\" content=\"https:\/\/casinoandy.com\/sv\/online-casino\/bankid\/sa-spelar-du-med-bankid\/\" \/>\n<meta property=\"og:site_name\" content=\"Casinoandy\" \/>\n<meta property=\"article:modified_time\" content=\"2023-01-12T07:43:34+00:00\" \/>\n<meta property=\"og:image\" content=\"http:\/\/casinoandy.com\/wp-content\/uploads\/2023\/01\/spela-casino-med-bankid.png\" \/>\n<meta name=\"twitter:card\" content=\"summary_large_image\" \/>\n<meta name=\"twitter:label1\" content=\"Ber\u00e4knad l\u00e4stid\" \/>\n\t<meta name=\"twitter:data1\" content=\"6 minuter\" \/>\n<script type=\"application\/ld+json\" class=\"yoast-schema-graph\">{\"@context\":\"https:\/\/schema.org\",\"@graph\":[{\"@type\":\"WebPage\",\"@id\":\"https:\/\/casinoandy.com\/sv\/online-casino\/bankid\/sa-spelar-du-med-bankid\/\",\"url\":\"https:\/\/casinoandy.com\/sv\/online-casino\/bankid\/sa-spelar-du-med-bankid\/\",\"name\":\"S\u00e5 spelar du med bankid p\u00e5 casino - Fr\u00e5n ins\u00e4ttning till uttag\",\"isPartOf\":{\"@id\":\"https:\/\/casinoandy.com\/sv\/#website\"},\"primaryImageOfPage\":{\"@id\":\"https:\/\/casinoandy.com\/sv\/online-casino\/bankid\/sa-spelar-du-med-bankid\/#primaryimage\"},\"image\":{\"@id\":\"https:\/\/casinoandy.com\/sv\/online-casino\/bankid\/sa-spelar-du-med-bankid\/#primaryimage\"},\"thumbnailUrl\":\"http:\/\/casinoandy.com\/wp-content\/uploads\/2023\/01\/spela-casino-med-bankid.png\",\"datePublished\":\"2023-01-12T07:43:33+00:00\",\"dateModified\":\"2023-01-12T07:43:34+00:00\",\"description\":\"Vi guidar dig steg f\u00f6r steg hur du spelar med BankID p\u00e5 n\u00e4tcasinon. Allt fr\u00e5n registrering till uttag av vinster. L\u00e4s hela artikeln h\u00e4r!\",\"breadcrumb\":{\"@id\":\"https:\/\/casinoandy.com\/sv\/online-casino\/bankid\/sa-spelar-du-med-bankid\/#breadcrumb\"},\"inLanguage\":\"sv-SE\",\"potentialAction\":[{\"@type\":\"ReadAction\",\"target\":[\"https:\/\/casinoandy.com\/sv\/online-casino\/bankid\/sa-spelar-du-med-bankid\/\"]}]},{\"@type\":\"ImageObject\",\"inLanguage\":\"sv-SE\",\"@id\":\"https:\/\/casinoandy.com\/sv\/online-casino\/bankid\/sa-spelar-du-med-bankid\/#primaryimage\",\"url\":\"http:\/\/casinoandy.com\/wp-content\/uploads\/2023\/01\/spela-casino-med-bankid.png\",\"contentUrl\":\"http:\/\/casinoandy.com\/wp-content\/uploads\/2023\/01\/spela-casino-med-bankid.png\"},{\"@type\":\"BreadcrumbList\",\"@id\":\"https:\/\/casinoandy.com\/sv\/online-casino\/bankid\/sa-spelar-du-med-bankid\/#breadcrumb\",\"itemListElement\":[{\"@type\":\"ListItem\",\"position\":1,\"name\":\"Startseite\",\"item\":\"https:\/\/casinoandy.com\/sv\/\"},{\"@type\":\"ListItem\",\"position\":2,\"name\":\"Online Casino\",\"item\":\"https:\/\/casinoandy.com\/sv\/online-casino\/\"},{\"@type\":\"ListItem\",\"position\":3,\"name\":\"Casino med BankID\",\"item\":\"https:\/\/casinoandy.com\/sv\/online-casino\/bankid\/\"},{\"@type\":\"ListItem\",\"position\":4,\"name\":\"S\u00e5 spelar du med BankID p\u00e5 casino\"}]},{\"@type\":\"WebSite\",\"@id\":\"https:\/\/casinoandy.com\/sv\/#website\",\"url\":\"https:\/\/casinoandy.com\/sv\/\",\"name\":\"Casinoandy\",\"description\":\"\",\"publisher\":{\"@id\":\"https:\/\/casinoandy.com\/sv\/#organization\"},\"potentialAction\":[{\"@type\":\"SearchAction\",\"target\":{\"@type\":\"EntryPoint\",\"urlTemplate\":\"https:\/\/casinoandy.com\/sv\/?s={search_term_string}\"},\"query-input\":{\"@type\":\"PropertyValueSpecification\",\"valueRequired\":true,\"valueName\":\"search_term_string\"}}],\"inLanguage\":\"sv-SE\"},{\"@type\":\"Organization\",\"@id\":\"https:\/\/casinoandy.com\/sv\/#organization\",\"name\":\"Casino Andy\",\"url\":\"https:\/\/casinoandy.com\/sv\/\",\"logo\":{\"@type\":\"ImageObject\",\"inLanguage\":\"sv-SE\",\"@id\":\"https:\/\/casinoandy.com\/sv\/#\/schema\/logo\/image\/\",\"url\":\"http:\/\/casinoandy.yourmedia.nbcdemo.com\/wp-content\/uploads\/2020\/12\/casino-andy-logo-1.png\",\"contentUrl\":\"http:\/\/casinoandy.yourmedia.nbcdemo.com\/wp-content\/uploads\/2020\/12\/casino-andy-logo-1.png\",\"width\":367,\"height\":195,\"caption\":\"Casino Andy\"},\"image\":{\"@id\":\"https:\/\/casinoandy.com\/sv\/#\/schema\/logo\/image\/\"}}]}<\/script>\n<!-- \/ Yoast SEO plugin. -->","yoast_head_json":{"title":"S\u00e5 spelar du med bankid p\u00e5 casino - Fr\u00e5n ins\u00e4ttning till uttag","description":"Vi guidar dig steg f\u00f6r steg hur du spelar med BankID p\u00e5 n\u00e4tcasinon. Allt fr\u00e5n registrering till uttag av vinster. L\u00e4s hela artikeln h\u00e4r!","robots":{"index":"index","follow":"follow","max-snippet":"max-snippet:-1","max-image-preview":"max-image-preview:large","max-video-preview":"max-video-preview:-1"},"canonical":"https:\/\/casinoandy.com\/sv\/online-casino\/bankid\/sa-spelar-du-med-bankid\/","og_locale":"sv_SE","og_type":"article","og_title":"S\u00e5 spelar du med bankid p\u00e5 casino - Fr\u00e5n ins\u00e4ttning till uttag","og_description":"Vi guidar dig steg f\u00f6r steg hur du spelar med BankID p\u00e5 n\u00e4tcasinon. Allt fr\u00e5n registrering till uttag av vinster. L\u00e4s hela artikeln h\u00e4r!","og_url":"https:\/\/casinoandy.com\/sv\/online-casino\/bankid\/sa-spelar-du-med-bankid\/","og_site_name":"Casinoandy","article_modified_time":"2023-01-12T07:43:34+00:00","og_image":[{"url":"http:\/\/casinoandy.com\/wp-content\/uploads\/2023\/01\/spela-casino-med-bankid.png","type":"","width":"","height":""}],"twitter_card":"summary_large_image","twitter_misc":{"Ber\u00e4knad l\u00e4stid":"6 minuter"},"schema":{"@context":"https:\/\/schema.org","@graph":[{"@type":"WebPage","@id":"https:\/\/casinoandy.com\/sv\/online-casino\/bankid\/sa-spelar-du-med-bankid\/","url":"https:\/\/casinoandy.com\/sv\/online-casino\/bankid\/sa-spelar-du-med-bankid\/","name":"S\u00e5 spelar du med bankid p\u00e5 casino - Fr\u00e5n ins\u00e4ttning till uttag","isPartOf":{"@id":"https:\/\/casinoandy.com\/sv\/#website"},"primaryImageOfPage":{"@id":"https:\/\/casinoandy.com\/sv\/online-casino\/bankid\/sa-spelar-du-med-bankid\/#primaryimage"},"image":{"@id":"https:\/\/casinoandy.com\/sv\/online-casino\/bankid\/sa-spelar-du-med-bankid\/#primaryimage"},"thumbnailUrl":"http:\/\/casinoandy.com\/wp-content\/uploads\/2023\/01\/spela-casino-med-bankid.png","datePublished":"2023-01-12T07:43:33+00:00","dateModified":"2023-01-12T07:43:34+00:00","description":"Vi guidar dig steg f\u00f6r steg hur du spelar med BankID p\u00e5 n\u00e4tcasinon. Allt fr\u00e5n registrering till uttag av vinster. L\u00e4s hela artikeln h\u00e4r!","breadcrumb":{"@id":"https:\/\/casinoandy.com\/sv\/online-casino\/bankid\/sa-spelar-du-med-bankid\/#breadcrumb"},"inLanguage":"sv-SE","potentialAction":[{"@type":"ReadAction","target":["https:\/\/casinoandy.com\/sv\/online-casino\/bankid\/sa-spelar-du-med-bankid\/"]}]},{"@type":"ImageObject","inLanguage":"sv-SE","@id":"https:\/\/casinoandy.com\/sv\/online-casino\/bankid\/sa-spelar-du-med-bankid\/#primaryimage","url":"http:\/\/casinoandy.com\/wp-content\/uploads\/2023\/01\/spela-casino-med-bankid.png","contentUrl":"http:\/\/casinoandy.com\/wp-content\/uploads\/2023\/01\/spela-casino-med-bankid.png"},{"@type":"BreadcrumbList","@id":"https:\/\/casinoandy.com\/sv\/online-casino\/bankid\/sa-spelar-du-med-bankid\/#breadcrumb","itemListElement":[{"@type":"ListItem","position":1,"name":"Startseite","item":"https:\/\/casinoandy.com\/sv\/"},{"@type":"ListItem","position":2,"name":"Online Casino","item":"https:\/\/casinoandy.com\/sv\/online-casino\/"},{"@type":"ListItem","position":3,"name":"Casino med BankID","item":"https:\/\/casinoandy.com\/sv\/online-casino\/bankid\/"},{"@type":"ListItem","position":4,"name":"S\u00e5 spelar du med BankID p\u00e5 casino"}]},{"@type":"WebSite","@id":"https:\/\/casinoandy.com\/sv\/#website","url":"https:\/\/casinoandy.com\/sv\/","name":"Casinoandy","description":"","publisher":{"@id":"https:\/\/casinoandy.com\/sv\/#organization"},"potentialAction":[{"@type":"SearchAction","target":{"@type":"EntryPoint","urlTemplate":"https:\/\/casinoandy.com\/sv\/?s={search_term_string}"},"query-input":{"@type":"PropertyValueSpecification","valueRequired":true,"valueName":"search_term_string"}}],"inLanguage":"sv-SE"},{"@type":"Organization","@id":"https:\/\/casinoandy.com\/sv\/#organization","name":"Casino Andy","url":"https:\/\/casinoandy.com\/sv\/","logo":{"@type":"ImageObject","inLanguage":"sv-SE","@id":"https:\/\/casinoandy.com\/sv\/#\/schema\/logo\/image\/","url":"http:\/\/casinoandy.yourmedia.nbcdemo.com\/wp-content\/uploads\/2020\/12\/casino-andy-logo-1.png","contentUrl":"http:\/\/casinoandy.yourmedia.nbcdemo.com\/wp-content\/uploads\/2020\/12\/casino-andy-logo-1.png","width":367,"height":195,"caption":"Casino Andy"},"image":{"@id":"https:\/\/casinoandy.com\/sv\/#\/schema\/logo\/image\/"}}]}},"_links":{"self":[{"href":"https:\/\/casinoandy.com\/sv\/wp-json\/wp\/v2\/pages\/5099","targetHints":{"allow":["GET"]}}],"collection":[{"href":"https:\/\/casinoandy.com\/sv\/wp-json\/wp\/v2\/pages"}],"about":[{"href":"https:\/\/casinoandy.com\/sv\/wp-json\/wp\/v2\/types\/page"}],"author":[{"embeddable":true,"href":"https:\/\/casinoandy.com\/sv\/wp-json\/wp\/v2\/users\/4"}],"replies":[{"embeddable":true,"href":"https:\/\/casinoandy.com\/sv\/wp-json\/wp\/v2\/comments?post=5099"}],"version-history":[{"count":7,"href":"https:\/\/casinoandy.com\/sv\/wp-json\/wp\/v2\/pages\/5099\/revisions"}],"predecessor-version":[{"id":5121,"href":"https:\/\/casinoandy.com\/sv\/wp-json\/wp\/v2\/pages\/5099\/revisions\/5121"}],"up":[{"embeddable":true,"href":"https:\/\/casinoandy.com\/sv\/wp-json\/wp\/v2\/pages\/52"}],"wp:attachment":[{"href":"https:\/\/casinoandy.com\/sv\/wp-json\/wp\/v2\/media?parent=5099"}],"curies":[{"name":"wp","href":"https:\/\/api.w.org\/{rel}","templated":true}]}}