{"id":58,"date":"2020-12-01T18:12:25","date_gmt":"2020-12-01T17:12:25","guid":{"rendered":"http:\/\/casinoandy.com\/?page_id=58"},"modified":"2023-01-03T15:33:59","modified_gmt":"2023-01-03T14:33:59","slug":"betalningsmetoder","status":"publish","type":"page","link":"https:\/\/casinoandy.com\/sv\/online-casino\/betalningsmetoder\/","title":{"rendered":"Betalningsmetoder"},"content":{"rendered":"\n<h1 class=\"wp-block-heading\">Betalningsmetoder p\u00e5 Online Casinon<\/h1>\n\n\n\n<p>N\u00e4r man spelar p\u00e5 <a href=\"http:\/\/casinoandy.com\/online-casino\/nya\/\">nya casinon<\/a>&nbsp;\u00e4r det s\u00e4llan som man t\u00e4nker p\u00e5 betalningsmetoderna. I alla fall inte i f\u00f6rsta hand.<br>Men n\u00e4r man v\u00e4l valt ett casino att spela p\u00e5 s\u00e5 vill man ju f\u00f6rst\u00e5s att det ska vara enkelt att s\u00e4tta in pengar och komma ig\u00e5ng. Dels vill vi ju kunna genomf\u00f6ra en ins\u00e4ttning s\u00e5 att vi kan spela p\u00e5 casinot, men sen \u00e4r det ju minst lika viktigt, om inte viktigare, att vi kan ta ut alla de vinster som vi f\u00f6rhoppningsvis vunnit.<\/p>\n\n\n\n<p>Vad som \u00e4r \u201dr\u00e4tt betalningsmetoder\u201d kan givetvis variera fr\u00e5n person till person, men det finns n\u00e5gra \u00e5terkommande metoder som i regel fungerar b\u00e4st f\u00f6r de flesta svenska spelare.<\/p>\n\n\n\n<p>Det h\u00e4r \u00e4r olika vanliga betalningsmetoder p\u00e5 svenska casinon.<\/p>\n\n\n\n<h2 class=\"wp-block-heading\">Ins\u00e4ttnings- &amp; uttagsmetoder p\u00e5 svenska online casinon<\/h2>\n\n\n\n<p>Det finns m\u00e5nga olika s\u00e4tt att genomf\u00f6ra finansiella transaktioner i Sverige idag. Inom casinosf\u00e4ren i Sverige genomf\u00f6rs dessutom det stora flertalet via mobiltelefoner. Med andra ord kan det vara smart att se till att just det casinot du valt att spela p\u00e5 \u00e4r kompatibelt med de betalningsmetoder och appar du redan har installerade p\u00e5 din smartphone. Har du ingen smartphone beh\u00f6ver du dock inte vara orolig. Det finns fortfarande flera olika betalningsmetoder som inte kr\u00e4ver en mobiltelefon och som fungerar utm\u00e4rkt p\u00e5 online casinon.<\/p>\n\n\n\n<div class=\"wp-block-image\"><figure class=\"alignleft size-large\"><img loading=\"lazy\" decoding=\"async\" width=\"800\" height=\"500\" src=\"http:\/\/casinoandy.com\/wp-content\/uploads\/2020\/12\/betalningsmetoder-casino.png\" alt=\"Betalningsmetoder\" class=\"wp-image-59\" srcset=\"https:\/\/casinoandy.com\/wp-content\/uploads\/2020\/12\/betalningsmetoder-casino.png 800w, https:\/\/casinoandy.com\/wp-content\/uploads\/2020\/12\/betalningsmetoder-casino-300x188.png 300w, https:\/\/casinoandy.com\/wp-content\/uploads\/2020\/12\/betalningsmetoder-casino-768x480.png 768w\" sizes=\"auto, (max-width: 800px) 100vw, 800px\" \/><\/figure><\/div>\n\n\n\n<p>H\u00e4r \u00e4r n\u00e5gra av de vanligaste och de b\u00e4sta betalningsmetoderna p\u00e5 online casinon i Sverige:<\/p>\n\n\n\n<ul class=\"wp-block-list\"><li><a href=\"http:\/\/casinoandy.com\/online-casino\/betalningsmetoder\/trustly\/\">Casino med Trustly<\/a> \u2014 Trustly f\u00f6rekommer fr\u00e4mst p\u00e5 licensierade casinon, men det kan ocks\u00e5 f\u00f6rekomma p\u00e5 casinon med MGA licens och Curacao licens. I dessa fall \u00e4r det v\u00e4ldigt smidigt och enkelt att genomf\u00f6ra sina ins\u00e4ttningar och uttag. Om inte svenskt casino, s\u00e5 \u00e4r ett casino utan svensk licens med Trustly \u00e4r helt klart att f\u00f6redra f\u00f6re alla andra olicensierade casinon.<\/li><\/ul>\n\n\n\n<ul class=\"wp-block-list\"><li><a href=\"http:\/\/casinoandy.com\/online-casino\/betalningsmetoder\/swish\/\">Casino med Swish<\/a> \u2014 Swish \u00e4r en v\u00e4ldigt vanlig och ofta anv\u00e4nd tj\u00e4nst i Sverige. Det \u00e4r v\u00e4ldigt f\u00e5 casinon utanf\u00f6r Sverige som erbjuder Swish som betalningsmetod. R\u00e4kna inte med att hitta en olicensierat casino med Swish.<\/li><\/ul>\n\n\n\n<ul class=\"wp-block-list\"><li><a href=\"http:\/\/casinoandy.com\/online-casino\/betalningsmetoder\/zimpler\/\">Casino med Zimpler<\/a> \u2014 Zimpler \u00e4r en klassisk och v\u00e4lbepr\u00f6vad e-wallet som fungerar p\u00e5 v\u00e4ldigt m\u00e5nga casinon. Du samlar alla dina kort p\u00e5 Zimpler och d\u00e4rifr\u00e5n kan du sedan v\u00e4lja att genomf\u00f6ra olika ins\u00e4ttningar och uttag. N\u00e4stan alla casinon accepterar Zimpler som betalningsmetod. Det \u00e4r dock viktigt att komma ih\u00e5g att det kan f\u00f6rekomma vissa kostnader i samband med uttagen. Detta \u00e4r olika p\u00e5 olika casinon och ibland \u00e4r det gratis. H\u00e4r \u00e4r det viktigt att l\u00e4sa p\u00e5 om du vill anv\u00e4nda dig av Zimpler p\u00e5 casinon.<\/li><\/ul>\n\n\n\n<ul class=\"wp-block-list\"><li><a href=\"http:\/\/casinoandy.com\/online-casino\/betalningsmetoder\/skrill\/\">Casino med Skrill<\/a> \u2014 Skriv \u00e4r tillsammans med Zimpler de mest anv\u00e4nda e-pl\u00e5nb\u00f6ckerna p\u00e5 b\u00e5de e-walletmarknaden och p\u00e5 casinomarknaden. D\u00e4r Zimpler accepteras accepteras oftast \u00e4ven Skrill och tv\u00e4rtom. De b\u00e5da tj\u00e4nsterna \u00e4r snarlika och fungerar i regel precis likadant och lika bra.<br>M\u00e5nga casinon accepterar Skrill som betalningsmetod.<\/li><\/ul>\n\n\n\n<ul class=\"wp-block-list\"><li><a href=\"http:\/\/casinoandy.com\/online-casino\/betalningsmetoder\/mastercard\/\">Casino med Mastercard<\/a> \u2014 Mastercard, och till viss del Visa, anv\u00e4nds flitigt f\u00f6r ins\u00e4ttningar p\u00e5 casinon utan svensk licens. V\u00e4nligen beakta att det inte \u00e4r Visas och Mastercards kreditkort som accepteras utan deras debitkort. Precis som i Sverige \u00e4r det ofta sv\u00e5rt att genomf\u00f6ra ins\u00e4ttningar med kreditkort p\u00e5 utl\u00e4ndska casinon eftersom det ofta r\u00e5der str\u00e4nga f\u00f6rbud mot s\u00e5dant. D\u00e4remot kan du n\u00e4stan alltid g\u00f6ra ins\u00e4ttningar med ditt debitkort. I stort s\u00e4tt alla casinon accepterar Mastercard och Visa.<\/li><\/ul>\n\n\n\n<ul class=\"wp-block-list\"><li><a href=\"http:\/\/casinoandy.com\/online-casino\/betalningsmetoder\/paypal\/\">Casino med Paypal<\/a> \u2014 Paypal anv\u00e4nds som betalningsmetod i m\u00e5nga avseenden, men inte s\u00e5 ofta p\u00e5 n\u00e4tcasinon. Det finns alltj\u00e4mt vissa casinon som till\u00e5ter ins\u00e4ttningar och uttag via Paypal, men det \u00e4r inte m\u00e5nga. Betalningsmetoder som liknar Paypal, \u00e4r till exempel Skriv och Zimpler. Du har st\u00f6rre chans att genomf\u00f6ra ins\u00e4ttningar p\u00e5 olicensierade casinon om du anv\u00e4nder n\u00e5gon utav dem ist\u00e4llet f\u00f6r Paypal.<\/li><\/ul>\n","protected":false},"excerpt":{"rendered":"<p>Betalningsmetoder p\u00e5 Online Casinon N\u00e4r man spelar p\u00e5 nya casinon&nbsp;\u00e4r det s\u00e4llan som man t\u00e4nker p\u00e5 betalningsmetoderna. I alla fall&#8230;<\/p>\n","protected":false},"author":4,"featured_media":0,"parent":48,"menu_order":0,"comment_status":"closed","ping_status":"closed","template":"","meta":{"_acf_changed":false,"footnotes":""},"class_list":["post-58","page","type-page","status-publish","hentry"],"acf":[],"yoast_head":"<!-- This site is optimized with the Yoast SEO plugin v27.0 - https:\/\/yoast.com\/product\/yoast-seo-wordpress\/ -->\n<title>Betalningsmetoder p\u00e5 Online Casinon - (2023)<\/title>\n<meta name=\"description\" content=\"Trustly - Mastercard - Swish - L\u00e4s mer om vilka betalningsmetoder som fungerar och inte fungerar p\u00e5 casinon utan svensk spellicens.\" \/>\n<meta name=\"robots\" content=\"index, follow, max-snippet:-1, max-image-preview:large, max-video-preview:-1\" \/>\n<link rel=\"canonical\" href=\"https:\/\/casinoandy.com\/sv\/online-casino\/betalningsmetoder\/\" \/>\n<meta property=\"og:locale\" content=\"sv_SE\" \/>\n<meta property=\"og:type\" content=\"article\" \/>\n<meta property=\"og:title\" content=\"Betalningsmetoder p\u00e5 Online Casinon - (2023)\" \/>\n<meta property=\"og:description\" content=\"Trustly - Mastercard - Swish - L\u00e4s mer om vilka betalningsmetoder som fungerar och inte fungerar p\u00e5 casinon utan svensk spellicens.\" \/>\n<meta property=\"og:url\" content=\"https:\/\/casinoandy.com\/sv\/online-casino\/betalningsmetoder\/\" \/>\n<meta property=\"og:site_name\" content=\"Casinoandy\" \/>\n<meta property=\"article:modified_time\" content=\"2023-01-03T14:33:59+00:00\" \/>\n<meta property=\"og:image\" content=\"http:\/\/casinoandy.com\/wp-content\/uploads\/2020\/12\/betalningsmetoder-casino.png\" \/>\n<meta name=\"twitter:card\" content=\"summary_large_image\" \/>\n<meta name=\"twitter:label1\" content=\"Ber\u00e4knad l\u00e4stid\" \/>\n\t<meta name=\"twitter:data1\" content=\"4 minuter\" \/>\n<script type=\"application\/ld+json\" class=\"yoast-schema-graph\">{\"@context\":\"https:\/\/schema.org\",\"@graph\":[{\"@type\":\"WebPage\",\"@id\":\"https:\/\/casinoandy.com\/sv\/online-casino\/betalningsmetoder\/\",\"url\":\"https:\/\/casinoandy.com\/sv\/online-casino\/betalningsmetoder\/\",\"name\":\"Betalningsmetoder p\u00e5 Online Casinon - (2023)\",\"isPartOf\":{\"@id\":\"https:\/\/casinoandy.com\/sv\/#website\"},\"primaryImageOfPage\":{\"@id\":\"https:\/\/casinoandy.com\/sv\/online-casino\/betalningsmetoder\/#primaryimage\"},\"image\":{\"@id\":\"https:\/\/casinoandy.com\/sv\/online-casino\/betalningsmetoder\/#primaryimage\"},\"thumbnailUrl\":\"http:\/\/casinoandy.com\/wp-content\/uploads\/2020\/12\/betalningsmetoder-casino.png\",\"datePublished\":\"2020-12-01T17:12:25+00:00\",\"dateModified\":\"2023-01-03T14:33:59+00:00\",\"description\":\"Trustly - Mastercard - Swish - L\u00e4s mer om vilka betalningsmetoder som fungerar och inte fungerar p\u00e5 casinon utan svensk spellicens.\",\"breadcrumb\":{\"@id\":\"https:\/\/casinoandy.com\/sv\/online-casino\/betalningsmetoder\/#breadcrumb\"},\"inLanguage\":\"sv-SE\",\"potentialAction\":[{\"@type\":\"ReadAction\",\"target\":[\"https:\/\/casinoandy.com\/sv\/online-casino\/betalningsmetoder\/\"]}]},{\"@type\":\"ImageObject\",\"inLanguage\":\"sv-SE\",\"@id\":\"https:\/\/casinoandy.com\/sv\/online-casino\/betalningsmetoder\/#primaryimage\",\"url\":\"http:\/\/casinoandy.com\/wp-content\/uploads\/2020\/12\/betalningsmetoder-casino.png\",\"contentUrl\":\"http:\/\/casinoandy.com\/wp-content\/uploads\/2020\/12\/betalningsmetoder-casino.png\"},{\"@type\":\"BreadcrumbList\",\"@id\":\"https:\/\/casinoandy.com\/sv\/online-casino\/betalningsmetoder\/#breadcrumb\",\"itemListElement\":[{\"@type\":\"ListItem\",\"position\":1,\"name\":\"Startseite\",\"item\":\"https:\/\/casinoandy.com\/sv\/\"},{\"@type\":\"ListItem\",\"position\":2,\"name\":\"Online Casino\",\"item\":\"https:\/\/casinoandy.com\/sv\/online-casino\/\"},{\"@type\":\"ListItem\",\"position\":3,\"name\":\"Betalningsmetoder\"}]},{\"@type\":\"WebSite\",\"@id\":\"https:\/\/casinoandy.com\/sv\/#website\",\"url\":\"https:\/\/casinoandy.com\/sv\/\",\"name\":\"Casinoandy\",\"description\":\"\",\"publisher\":{\"@id\":\"https:\/\/casinoandy.com\/sv\/#organization\"},\"potentialAction\":[{\"@type\":\"SearchAction\",\"target\":{\"@type\":\"EntryPoint\",\"urlTemplate\":\"https:\/\/casinoandy.com\/sv\/?s={search_term_string}\"},\"query-input\":{\"@type\":\"PropertyValueSpecification\",\"valueRequired\":true,\"valueName\":\"search_term_string\"}}],\"inLanguage\":\"sv-SE\"},{\"@type\":\"Organization\",\"@id\":\"https:\/\/casinoandy.com\/sv\/#organization\",\"name\":\"Casino Andy\",\"url\":\"https:\/\/casinoandy.com\/sv\/\",\"logo\":{\"@type\":\"ImageObject\",\"inLanguage\":\"sv-SE\",\"@id\":\"https:\/\/casinoandy.com\/sv\/#\/schema\/logo\/image\/\",\"url\":\"http:\/\/casinoandy.yourmedia.nbcdemo.com\/wp-content\/uploads\/2020\/12\/casino-andy-logo-1.png\",\"contentUrl\":\"http:\/\/casinoandy.yourmedia.nbcdemo.com\/wp-content\/uploads\/2020\/12\/casino-andy-logo-1.png\",\"width\":367,\"height\":195,\"caption\":\"Casino Andy\"},\"image\":{\"@id\":\"https:\/\/casinoandy.com\/sv\/#\/schema\/logo\/image\/\"}}]}<\/script>\n<!-- \/ Yoast SEO plugin. -->","yoast_head_json":{"title":"Betalningsmetoder p\u00e5 Online Casinon - (2023)","description":"Trustly - Mastercard - Swish - L\u00e4s mer om vilka betalningsmetoder som fungerar och inte fungerar p\u00e5 casinon utan svensk spellicens.","robots":{"index":"index","follow":"follow","max-snippet":"max-snippet:-1","max-image-preview":"max-image-preview:large","max-video-preview":"max-video-preview:-1"},"canonical":"https:\/\/casinoandy.com\/sv\/online-casino\/betalningsmetoder\/","og_locale":"sv_SE","og_type":"article","og_title":"Betalningsmetoder p\u00e5 Online Casinon - (2023)","og_description":"Trustly - Mastercard - Swish - L\u00e4s mer om vilka betalningsmetoder som fungerar och inte fungerar p\u00e5 casinon utan svensk spellicens.","og_url":"https:\/\/casinoandy.com\/sv\/online-casino\/betalningsmetoder\/","og_site_name":"Casinoandy","article_modified_time":"2023-01-03T14:33:59+00:00","og_image":[{"url":"http:\/\/casinoandy.com\/wp-content\/uploads\/2020\/12\/betalningsmetoder-casino.png","type":"","width":"","height":""}],"twitter_card":"summary_large_image","twitter_misc":{"Ber\u00e4knad l\u00e4stid":"4 minuter"},"schema":{"@context":"https:\/\/schema.org","@graph":[{"@type":"WebPage","@id":"https:\/\/casinoandy.com\/sv\/online-casino\/betalningsmetoder\/","url":"https:\/\/casinoandy.com\/sv\/online-casino\/betalningsmetoder\/","name":"Betalningsmetoder p\u00e5 Online Casinon - (2023)","isPartOf":{"@id":"https:\/\/casinoandy.com\/sv\/#website"},"primaryImageOfPage":{"@id":"https:\/\/casinoandy.com\/sv\/online-casino\/betalningsmetoder\/#primaryimage"},"image":{"@id":"https:\/\/casinoandy.com\/sv\/online-casino\/betalningsmetoder\/#primaryimage"},"thumbnailUrl":"http:\/\/casinoandy.com\/wp-content\/uploads\/2020\/12\/betalningsmetoder-casino.png","datePublished":"2020-12-01T17:12:25+00:00","dateModified":"2023-01-03T14:33:59+00:00","description":"Trustly - Mastercard - Swish - L\u00e4s mer om vilka betalningsmetoder som fungerar och inte fungerar p\u00e5 casinon utan svensk spellicens.","breadcrumb":{"@id":"https:\/\/casinoandy.com\/sv\/online-casino\/betalningsmetoder\/#breadcrumb"},"inLanguage":"sv-SE","potentialAction":[{"@type":"ReadAction","target":["https:\/\/casinoandy.com\/sv\/online-casino\/betalningsmetoder\/"]}]},{"@type":"ImageObject","inLanguage":"sv-SE","@id":"https:\/\/casinoandy.com\/sv\/online-casino\/betalningsmetoder\/#primaryimage","url":"http:\/\/casinoandy.com\/wp-content\/uploads\/2020\/12\/betalningsmetoder-casino.png","contentUrl":"http:\/\/casinoandy.com\/wp-content\/uploads\/2020\/12\/betalningsmetoder-casino.png"},{"@type":"BreadcrumbList","@id":"https:\/\/casinoandy.com\/sv\/online-casino\/betalningsmetoder\/#breadcrumb","itemListElement":[{"@type":"ListItem","position":1,"name":"Startseite","item":"https:\/\/casinoandy.com\/sv\/"},{"@type":"ListItem","position":2,"name":"Online Casino","item":"https:\/\/casinoandy.com\/sv\/online-casino\/"},{"@type":"ListItem","position":3,"name":"Betalningsmetoder"}]},{"@type":"WebSite","@id":"https:\/\/casinoandy.com\/sv\/#website","url":"https:\/\/casinoandy.com\/sv\/","name":"Casinoandy","description":"","publisher":{"@id":"https:\/\/casinoandy.com\/sv\/#organization"},"potentialAction":[{"@type":"SearchAction","target":{"@type":"EntryPoint","urlTemplate":"https:\/\/casinoandy.com\/sv\/?s={search_term_string}"},"query-input":{"@type":"PropertyValueSpecification","valueRequired":true,"valueName":"search_term_string"}}],"inLanguage":"sv-SE"},{"@type":"Organization","@id":"https:\/\/casinoandy.com\/sv\/#organization","name":"Casino Andy","url":"https:\/\/casinoandy.com\/sv\/","logo":{"@type":"ImageObject","inLanguage":"sv-SE","@id":"https:\/\/casinoandy.com\/sv\/#\/schema\/logo\/image\/","url":"http:\/\/casinoandy.yourmedia.nbcdemo.com\/wp-content\/uploads\/2020\/12\/casino-andy-logo-1.png","contentUrl":"http:\/\/casinoandy.yourmedia.nbcdemo.com\/wp-content\/uploads\/2020\/12\/casino-andy-logo-1.png","width":367,"height":195,"caption":"Casino Andy"},"image":{"@id":"https:\/\/casinoandy.com\/sv\/#\/schema\/logo\/image\/"}}]}},"_links":{"self":[{"href":"https:\/\/casinoandy.com\/sv\/wp-json\/wp\/v2\/pages\/58","targetHints":{"allow":["GET"]}}],"collection":[{"href":"https:\/\/casinoandy.com\/sv\/wp-json\/wp\/v2\/pages"}],"about":[{"href":"https:\/\/casinoandy.com\/sv\/wp-json\/wp\/v2\/types\/page"}],"author":[{"embeddable":true,"href":"https:\/\/casinoandy.com\/sv\/wp-json\/wp\/v2\/users\/4"}],"replies":[{"embeddable":true,"href":"https:\/\/casinoandy.com\/sv\/wp-json\/wp\/v2\/comments?post=58"}],"version-history":[{"count":6,"href":"https:\/\/casinoandy.com\/sv\/wp-json\/wp\/v2\/pages\/58\/revisions"}],"predecessor-version":[{"id":1067,"href":"https:\/\/casinoandy.com\/sv\/wp-json\/wp\/v2\/pages\/58\/revisions\/1067"}],"up":[{"embeddable":true,"href":"https:\/\/casinoandy.com\/sv\/wp-json\/wp\/v2\/pages\/48"}],"wp:attachment":[{"href":"https:\/\/casinoandy.com\/sv\/wp-json\/wp\/v2\/media?parent=58"}],"curies":[{"name":"wp","href":"https:\/\/api.w.org\/{rel}","templated":true}]}}