{"id":62,"date":"2020-12-01T18:15:27","date_gmt":"2020-12-01T17:15:27","guid":{"rendered":"http:\/\/casinoandy.com\/?page_id=62"},"modified":"2022-04-01T11:37:14","modified_gmt":"2022-04-01T09:37:14","slug":"mastercard","status":"publish","type":"page","link":"https:\/\/casinoandy.com\/sv\/online-casino\/betalningsmetoder\/mastercard\/","title":{"rendered":"Casino med Mastercard"},"content":{"rendered":"\n<h1 class=\"wp-block-heading\">Casino med Mastercard<\/h1>\n\n\n\n<p>Mastercard \u00e4r en amerikansk betaltj\u00e4nst som anv\u00e4nds \u00f6ver hela v\u00e4rlden och som har ett mycket h\u00f6gt anseende. Casinon med Mastercard \u00e4r inget annat \u00e4n casinon som erbjuder Mastercard som betalningsalternativ. Casinon med kort \u00e4r vanliga och f\u00f6r m\u00e5nga som gillar att spela p\u00e5 casino \u00e4r det mest praktiskt att anv\u00e4nda Mastercard vid ins\u00e4ttningar. Just ins\u00e4ttningar med VISA och Mastercard fungerar ofta som den mest s\u00e4kra betalningsmetoden p\u00e5 <a href=\"http:\/\/casinoandy.com\/online-casino\/licens\/curacao\/\">casinon med curacao-licens<\/a> och liknande. Det beror p\u00e5 att \u00f6vriga betalningsmetoder s\u00e4llan \u00f6verensst\u00e4mmer med svenska spelares f\u00f6rstahandsval.<\/p>\n\n\n\n<p>I en tid n\u00e4r nya betalningsalternativ dyker upp n\u00e4stan varje m\u00e5nad \u00e4r Mastercard ett tryggt och klassiskt val. De f\u00f6rsta korten utf\u00e4rdades redan p\u00e5 1960-talet och Mastercard har h\u00e5llit sig aktuellt \u00e4ven n\u00e4r framsteg inom finansteknologi givit oss helt nya l\u00f6sningar f\u00f6r ekonomiska transaktioner.<\/p>\n\n\n\n<h2 class=\"wp-block-heading\">Hur fungerar det med betalningar p\u00e5 Mastercard casinon?<\/h2>\n\n\n\n<p>Att g\u00f6ra \u00f6verf\u00f6ringar till casinon med Mastercard \u00e4r l\u00e4tt och g\u00e5r fort. Ofta finns det flera betalningsalternativ och d\u00e5 v\u00e4ljer du helt enkelt Mastercard. Du ombeds d\u00e5 att fylla i uppgifter som du hittar p\u00e5 sj\u00e4lva kortet innan du godk\u00e4nner din ins\u00e4ttning. Sedan kan du spela f\u00f6r pengarna direkt! Det \u00e4r en snabb och s\u00e4ker \u00f6verf\u00f6ringsmetod. Eftersom det \u00e4r ett betalkort med Mastercard dras pengarna fr\u00e5n kontot som \u00e4r kopplat till kortet direkt.<\/p>\n\n\n\n<p>Du kan inte f\u00f6ra \u00f6ver pengar fr\u00e5n ditt casinokonto till ett renodlat kreditkort. \u00c4r kortet kopplat till ett bankkonto kan du dock, via Mastercard, s\u00e4tta in pengar p\u00e5 det. Vilket \u00e4r lika enkelt som att g\u00f6ra ins\u00e4ttningar p\u00e5 ett casino med Mastercard.<\/p>\n\n\n\n<h2 class=\"wp-block-heading\">Mastercard \u00e4r en kvalitetsst\u00e4mpel<\/h2>\n\n\n\n<p>Det \u00e4r inte vem som helst som f\u00e5r ge ut ett kort med Mastercard och det st\u00e4lls \u00e4ven krav p\u00e5 Mastercard casinon. Man kan se det som att ett casino med Mastercard generellt \u00e4r lite s\u00e4krare \u00e4n casinon som bara erbjuder mer obskyra betalningsmetoder. S\u00e5 l\u00e4nge du spelar p\u00e5 ett n\u00e4tcasino med v\u00e4lk\u00e4nda samarbetspartners s\u00e5 spelar det ingen roll. Gillar du att botanisera bland bettingsajter och casinon som lyder under en licens utf\u00e4rdad i ett land som anses som ett skatteparadis \u00e4r alla tecken p\u00e5 seriositet v\u00e4rda att h\u00e5lla utkik efter. Att Mastercard erbjuds \u00e4r just ett s\u00e5dant seri\u00f6st tecken.<\/p>\n\n\n\n<div class=\"wp-block-image\"><figure class=\"alignleft size-large is-resized\"><img loading=\"lazy\" decoding=\"async\" src=\"http:\/\/casinoandy.com\/wp-content\/uploads\/2020\/12\/casino-med-mastercard.png\" alt=\"Mastercard casinon\" class=\"wp-image-63\" width=\"580\" height=\"362\" srcset=\"https:\/\/casinoandy.com\/wp-content\/uploads\/2020\/12\/casino-med-mastercard.png 800w, https:\/\/casinoandy.com\/wp-content\/uploads\/2020\/12\/casino-med-mastercard-300x188.png 300w, https:\/\/casinoandy.com\/wp-content\/uploads\/2020\/12\/casino-med-mastercard-768x480.png 768w\" sizes=\"auto, (max-width: 580px) 100vw, 580px\" \/><\/figure><\/div>\n\n\n\n<h2 class=\"wp-block-heading\">Olika Mastercard \u00e4r olika bra<\/h2>\n\n\n\n<p>Mastercard \u00e4r en teknik som anv\u00e4nds av ett stort antal kortutgivare. De enskilda korten kan sedan ha olika funktioner, avgifter och erbjudanden sinsemellan. Det \u00e4r d\u00e4rf\u00f6r sv\u00e5rt att generalisera kring vad du kan g\u00f6ra med kortet och hur bra det \u00e4r ut\u00f6ver att du kan anv\u00e4nda det p\u00e5 casinon med kort.<\/p>\n\n\n\n<p>N\u00e5got som \u00e4r mycket vanligt \u00e4r att du f\u00e5r en bonus varje g\u00e5ng du anv\u00e4nder ditt kort till k\u00f6p, \u00e4ven f\u00f6r att betala p\u00e5 ett Mastercard casino. Det kan vara en bonus i form av po\u00e4ng du kan v\u00e4xla in mot f\u00f6rm\u00e5ner eller varor i en viss butik. Att spela p\u00e5 Mastercard casinon kan allts\u00e5 ge ett ganska stort merv\u00e4rde. Det \u00e4r en av anledningarna till varf\u00f6r m\u00e5nga v\u00e4ljer att spela p\u00e5 <a href=\"http:\/\/casinoandy.com\/online-casino\/utan-svensk-licens\/\">casino utan svensk licens<\/a> med debitkort. Inte minst i Sverige d\u00e4r casinon inte l\u00e4ngre kan ha egna bonusprogram, p\u00e5 grund av den str\u00e4nga svenska spellagstiftningen.<\/p>\n\n\n\n<h2 class=\"wp-block-heading\">Finns det casinon med Mastercard och VISA?<\/h2>\n\n\n\n<p>Om du anv\u00e4nder b\u00e5de Mastercard och VISA kan det vara bra att veta att m\u00e5nga Mastercard casinon \u00e4ven har VISA som betalningsalternativ. Du beh\u00f6ver allts\u00e5 inte v\u00e4lja ett av systemen. Det kan finnas flera anledningar till varf\u00f6r man vill v\u00e4xla mellan olika betalningsalternativ online. Det kan ocks\u00e5 vara s\u00e5 att du har olika mycket pengar p\u00e5 kort kopplade till Mastercard och VISA vid olika tillf\u00e4llen.<\/p>\n\n\n\n<p>VISA och Mastercard \u00e4r v\u00e4rldsledande inom sitt omr\u00e5de. Likheterna mellan dem \u00e4r stora och skillnaderna marginella. Mastercard casinon \u00e4r allts\u00e5 lika bra som casinon med VISA. Men b\u00e4st \u00e4r det som sagt med casinon med kreditkort fr\u00e5n b\u00e5da utgivarna. I alla fall om du sj\u00e4lv anv\u00e4nder b\u00e5de VISA och Mastercard.<\/p>\n\n\n\n<h3 class=\"wp-block-heading\">Hur vanligt \u00e4r det med casinon med Mastercard?<\/h3>\n\n\n\n<p>Det finns inga renodlade Mastercard casinon. Det \u00e4r alltid ett av flera betalningsalternativ som erbjuds. Det ska dock s\u00e4gas att du inte kan betala p\u00e5 alla casinon med debitkort.<\/p>\n\n\n\n<p>Det finns \u00e4nd\u00e5 fortfarande gott om Mastercard casinon runt om p\u00e5 n\u00e4tet. Om du anv\u00e4nder Mastercard i din vardag finns det ingen anledningen att inte g\u00f6ra det \u00e4ven n\u00e4r du betalar f\u00f6r en sp\u00e4nnande stund p\u00e5 ett casino p\u00e5 n\u00e4tet.<\/p>\n\n\n\n<h2 class=\"wp-block-heading\">Nackdelar med Mastercard<\/h2>\n\n\n\n<p>Att betala p\u00e5 ett casino med Mastercard \u00e4r som sagt enkelt, snabbt och s\u00e4kert. Finns det \u00e4ven nackdelar med metoden? Ja, att s\u00e4tta in pengar p\u00e5 ett casino med Mastercard \u00e4r inte det billigaste s\u00e4ttet f\u00f6r att betala f\u00f6r spel. Avgifterna kan variera lite beroende p\u00e5 vad du har f\u00f6r kort och vad det \u00e4r f\u00f6r casino men generellt s\u00e5 finns det betall\u00f6sningar med l\u00e4gre avgifter. Om du betalar i efterskott f\u00e5r du ocks\u00e5 r\u00e4kna med att det tillkommer r\u00e4nta.<\/p>\n\n\n\n<p>Rent hypotetiskt kan det ocks\u00e5 vara en nackdel att man betalar i efterskott p\u00e5 ett Mastercard casino. Det \u00e4r l\u00e4ttare att spela f\u00f6r lite f\u00f6r mycket n\u00e4r man inte \u00e4r begr\u00e4nsad till pengar man redan har insatta p\u00e5 ett konto.<\/p>\n","protected":false},"excerpt":{"rendered":"<p>Casino med Mastercard Mastercard \u00e4r en amerikansk betaltj\u00e4nst som anv\u00e4nds \u00f6ver hela v\u00e4rlden och som har ett mycket h\u00f6gt anseende&#8230;.<\/p>\n","protected":false},"author":4,"featured_media":0,"parent":58,"menu_order":0,"comment_status":"closed","ping_status":"closed","template":"","meta":{"_acf_changed":false,"footnotes":""},"class_list":["post-62","page","type-page","status-publish","hentry"],"acf":[],"yoast_head":"<!-- This site is optimized with the Yoast SEO plugin v27.0 - https:\/\/yoast.com\/product\/yoast-seo-wordpress\/ -->\n<title>Casino med Mastercard (2022) &gt;&gt; Snabbt &amp; S\u00e4kert<\/title>\n<meta name=\"description\" content=\"H\u00e4r hittar du alla casinon med Mastercard d\u00e4r du snabbt och s\u00e4kert kan g\u00f6ra ins\u00e4ttningar med ditt debitkort. L\u00e4s mer h\u00e4r.\" \/>\n<meta name=\"robots\" content=\"index, follow, max-snippet:-1, max-image-preview:large, max-video-preview:-1\" \/>\n<link rel=\"canonical\" href=\"https:\/\/casinoandy.com\/sv\/online-casino\/betalningsmetoder\/mastercard\/\" \/>\n<meta property=\"og:locale\" content=\"sv_SE\" \/>\n<meta property=\"og:type\" content=\"article\" \/>\n<meta property=\"og:title\" content=\"Casino med Mastercard (2022) &gt;&gt; Snabbt &amp; S\u00e4kert\" \/>\n<meta property=\"og:description\" content=\"H\u00e4r hittar du alla casinon med Mastercard d\u00e4r du snabbt och s\u00e4kert kan g\u00f6ra ins\u00e4ttningar med ditt debitkort. L\u00e4s mer h\u00e4r.\" \/>\n<meta property=\"og:url\" content=\"https:\/\/casinoandy.com\/sv\/online-casino\/betalningsmetoder\/mastercard\/\" \/>\n<meta property=\"og:site_name\" content=\"Casinoandy\" \/>\n<meta property=\"article:modified_time\" content=\"2022-04-01T09:37:14+00:00\" \/>\n<meta property=\"og:image\" content=\"http:\/\/casinoandy.com\/wp-content\/uploads\/2020\/12\/casino-med-mastercard.png\" \/>\n<meta name=\"twitter:card\" content=\"summary_large_image\" \/>\n<meta name=\"twitter:label1\" content=\"Ber\u00e4knad l\u00e4stid\" \/>\n\t<meta name=\"twitter:data1\" content=\"4 minuter\" \/>\n<script type=\"application\/ld+json\" class=\"yoast-schema-graph\">{\"@context\":\"https:\/\/schema.org\",\"@graph\":[{\"@type\":\"WebPage\",\"@id\":\"https:\/\/casinoandy.com\/sv\/online-casino\/betalningsmetoder\/mastercard\/\",\"url\":\"https:\/\/casinoandy.com\/sv\/online-casino\/betalningsmetoder\/mastercard\/\",\"name\":\"Casino med Mastercard (2022) >> Snabbt & S\u00e4kert\",\"isPartOf\":{\"@id\":\"https:\/\/casinoandy.com\/sv\/#website\"},\"primaryImageOfPage\":{\"@id\":\"https:\/\/casinoandy.com\/sv\/online-casino\/betalningsmetoder\/mastercard\/#primaryimage\"},\"image\":{\"@id\":\"https:\/\/casinoandy.com\/sv\/online-casino\/betalningsmetoder\/mastercard\/#primaryimage\"},\"thumbnailUrl\":\"http:\/\/casinoandy.com\/wp-content\/uploads\/2020\/12\/casino-med-mastercard.png\",\"datePublished\":\"2020-12-01T17:15:27+00:00\",\"dateModified\":\"2022-04-01T09:37:14+00:00\",\"description\":\"H\u00e4r hittar du alla casinon med Mastercard d\u00e4r du snabbt och s\u00e4kert kan g\u00f6ra ins\u00e4ttningar med ditt debitkort. L\u00e4s mer h\u00e4r.\",\"breadcrumb\":{\"@id\":\"https:\/\/casinoandy.com\/sv\/online-casino\/betalningsmetoder\/mastercard\/#breadcrumb\"},\"inLanguage\":\"sv-SE\",\"potentialAction\":[{\"@type\":\"ReadAction\",\"target\":[\"https:\/\/casinoandy.com\/sv\/online-casino\/betalningsmetoder\/mastercard\/\"]}]},{\"@type\":\"ImageObject\",\"inLanguage\":\"sv-SE\",\"@id\":\"https:\/\/casinoandy.com\/sv\/online-casino\/betalningsmetoder\/mastercard\/#primaryimage\",\"url\":\"http:\/\/casinoandy.com\/wp-content\/uploads\/2020\/12\/casino-med-mastercard.png\",\"contentUrl\":\"http:\/\/casinoandy.com\/wp-content\/uploads\/2020\/12\/casino-med-mastercard.png\"},{\"@type\":\"BreadcrumbList\",\"@id\":\"https:\/\/casinoandy.com\/sv\/online-casino\/betalningsmetoder\/mastercard\/#breadcrumb\",\"itemListElement\":[{\"@type\":\"ListItem\",\"position\":1,\"name\":\"Startseite\",\"item\":\"https:\/\/casinoandy.com\/sv\/\"},{\"@type\":\"ListItem\",\"position\":2,\"name\":\"Online Casino\",\"item\":\"https:\/\/casinoandy.com\/sv\/online-casino\/\"},{\"@type\":\"ListItem\",\"position\":3,\"name\":\"Betalningsmetoder\",\"item\":\"https:\/\/casinoandy.com\/sv\/online-casino\/betalningsmetoder\/\"},{\"@type\":\"ListItem\",\"position\":4,\"name\":\"Casino med Mastercard\"}]},{\"@type\":\"WebSite\",\"@id\":\"https:\/\/casinoandy.com\/sv\/#website\",\"url\":\"https:\/\/casinoandy.com\/sv\/\",\"name\":\"Casinoandy\",\"description\":\"\",\"publisher\":{\"@id\":\"https:\/\/casinoandy.com\/sv\/#organization\"},\"potentialAction\":[{\"@type\":\"SearchAction\",\"target\":{\"@type\":\"EntryPoint\",\"urlTemplate\":\"https:\/\/casinoandy.com\/sv\/?s={search_term_string}\"},\"query-input\":{\"@type\":\"PropertyValueSpecification\",\"valueRequired\":true,\"valueName\":\"search_term_string\"}}],\"inLanguage\":\"sv-SE\"},{\"@type\":\"Organization\",\"@id\":\"https:\/\/casinoandy.com\/sv\/#organization\",\"name\":\"Casino Andy\",\"url\":\"https:\/\/casinoandy.com\/sv\/\",\"logo\":{\"@type\":\"ImageObject\",\"inLanguage\":\"sv-SE\",\"@id\":\"https:\/\/casinoandy.com\/sv\/#\/schema\/logo\/image\/\",\"url\":\"http:\/\/casinoandy.yourmedia.nbcdemo.com\/wp-content\/uploads\/2020\/12\/casino-andy-logo-1.png\",\"contentUrl\":\"http:\/\/casinoandy.yourmedia.nbcdemo.com\/wp-content\/uploads\/2020\/12\/casino-andy-logo-1.png\",\"width\":367,\"height\":195,\"caption\":\"Casino Andy\"},\"image\":{\"@id\":\"https:\/\/casinoandy.com\/sv\/#\/schema\/logo\/image\/\"}}]}<\/script>\n<!-- \/ Yoast SEO plugin. -->","yoast_head_json":{"title":"Casino med Mastercard (2022) >> Snabbt & S\u00e4kert","description":"H\u00e4r hittar du alla casinon med Mastercard d\u00e4r du snabbt och s\u00e4kert kan g\u00f6ra ins\u00e4ttningar med ditt debitkort. L\u00e4s mer h\u00e4r.","robots":{"index":"index","follow":"follow","max-snippet":"max-snippet:-1","max-image-preview":"max-image-preview:large","max-video-preview":"max-video-preview:-1"},"canonical":"https:\/\/casinoandy.com\/sv\/online-casino\/betalningsmetoder\/mastercard\/","og_locale":"sv_SE","og_type":"article","og_title":"Casino med Mastercard (2022) >> Snabbt & S\u00e4kert","og_description":"H\u00e4r hittar du alla casinon med Mastercard d\u00e4r du snabbt och s\u00e4kert kan g\u00f6ra ins\u00e4ttningar med ditt debitkort. L\u00e4s mer h\u00e4r.","og_url":"https:\/\/casinoandy.com\/sv\/online-casino\/betalningsmetoder\/mastercard\/","og_site_name":"Casinoandy","article_modified_time":"2022-04-01T09:37:14+00:00","og_image":[{"url":"http:\/\/casinoandy.com\/wp-content\/uploads\/2020\/12\/casino-med-mastercard.png","type":"","width":"","height":""}],"twitter_card":"summary_large_image","twitter_misc":{"Ber\u00e4knad l\u00e4stid":"4 minuter"},"schema":{"@context":"https:\/\/schema.org","@graph":[{"@type":"WebPage","@id":"https:\/\/casinoandy.com\/sv\/online-casino\/betalningsmetoder\/mastercard\/","url":"https:\/\/casinoandy.com\/sv\/online-casino\/betalningsmetoder\/mastercard\/","name":"Casino med Mastercard (2022) >> Snabbt & S\u00e4kert","isPartOf":{"@id":"https:\/\/casinoandy.com\/sv\/#website"},"primaryImageOfPage":{"@id":"https:\/\/casinoandy.com\/sv\/online-casino\/betalningsmetoder\/mastercard\/#primaryimage"},"image":{"@id":"https:\/\/casinoandy.com\/sv\/online-casino\/betalningsmetoder\/mastercard\/#primaryimage"},"thumbnailUrl":"http:\/\/casinoandy.com\/wp-content\/uploads\/2020\/12\/casino-med-mastercard.png","datePublished":"2020-12-01T17:15:27+00:00","dateModified":"2022-04-01T09:37:14+00:00","description":"H\u00e4r hittar du alla casinon med Mastercard d\u00e4r du snabbt och s\u00e4kert kan g\u00f6ra ins\u00e4ttningar med ditt debitkort. L\u00e4s mer h\u00e4r.","breadcrumb":{"@id":"https:\/\/casinoandy.com\/sv\/online-casino\/betalningsmetoder\/mastercard\/#breadcrumb"},"inLanguage":"sv-SE","potentialAction":[{"@type":"ReadAction","target":["https:\/\/casinoandy.com\/sv\/online-casino\/betalningsmetoder\/mastercard\/"]}]},{"@type":"ImageObject","inLanguage":"sv-SE","@id":"https:\/\/casinoandy.com\/sv\/online-casino\/betalningsmetoder\/mastercard\/#primaryimage","url":"http:\/\/casinoandy.com\/wp-content\/uploads\/2020\/12\/casino-med-mastercard.png","contentUrl":"http:\/\/casinoandy.com\/wp-content\/uploads\/2020\/12\/casino-med-mastercard.png"},{"@type":"BreadcrumbList","@id":"https:\/\/casinoandy.com\/sv\/online-casino\/betalningsmetoder\/mastercard\/#breadcrumb","itemListElement":[{"@type":"ListItem","position":1,"name":"Startseite","item":"https:\/\/casinoandy.com\/sv\/"},{"@type":"ListItem","position":2,"name":"Online Casino","item":"https:\/\/casinoandy.com\/sv\/online-casino\/"},{"@type":"ListItem","position":3,"name":"Betalningsmetoder","item":"https:\/\/casinoandy.com\/sv\/online-casino\/betalningsmetoder\/"},{"@type":"ListItem","position":4,"name":"Casino med Mastercard"}]},{"@type":"WebSite","@id":"https:\/\/casinoandy.com\/sv\/#website","url":"https:\/\/casinoandy.com\/sv\/","name":"Casinoandy","description":"","publisher":{"@id":"https:\/\/casinoandy.com\/sv\/#organization"},"potentialAction":[{"@type":"SearchAction","target":{"@type":"EntryPoint","urlTemplate":"https:\/\/casinoandy.com\/sv\/?s={search_term_string}"},"query-input":{"@type":"PropertyValueSpecification","valueRequired":true,"valueName":"search_term_string"}}],"inLanguage":"sv-SE"},{"@type":"Organization","@id":"https:\/\/casinoandy.com\/sv\/#organization","name":"Casino Andy","url":"https:\/\/casinoandy.com\/sv\/","logo":{"@type":"ImageObject","inLanguage":"sv-SE","@id":"https:\/\/casinoandy.com\/sv\/#\/schema\/logo\/image\/","url":"http:\/\/casinoandy.yourmedia.nbcdemo.com\/wp-content\/uploads\/2020\/12\/casino-andy-logo-1.png","contentUrl":"http:\/\/casinoandy.yourmedia.nbcdemo.com\/wp-content\/uploads\/2020\/12\/casino-andy-logo-1.png","width":367,"height":195,"caption":"Casino Andy"},"image":{"@id":"https:\/\/casinoandy.com\/sv\/#\/schema\/logo\/image\/"}}]}},"_links":{"self":[{"href":"https:\/\/casinoandy.com\/sv\/wp-json\/wp\/v2\/pages\/62","targetHints":{"allow":["GET"]}}],"collection":[{"href":"https:\/\/casinoandy.com\/sv\/wp-json\/wp\/v2\/pages"}],"about":[{"href":"https:\/\/casinoandy.com\/sv\/wp-json\/wp\/v2\/types\/page"}],"author":[{"embeddable":true,"href":"https:\/\/casinoandy.com\/sv\/wp-json\/wp\/v2\/users\/4"}],"replies":[{"embeddable":true,"href":"https:\/\/casinoandy.com\/sv\/wp-json\/wp\/v2\/comments?post=62"}],"version-history":[{"count":4,"href":"https:\/\/casinoandy.com\/sv\/wp-json\/wp\/v2\/pages\/62\/revisions"}],"predecessor-version":[{"id":1117,"href":"https:\/\/casinoandy.com\/sv\/wp-json\/wp\/v2\/pages\/62\/revisions\/1117"}],"up":[{"embeddable":true,"href":"https:\/\/casinoandy.com\/sv\/wp-json\/wp\/v2\/pages\/58"}],"wp:attachment":[{"href":"https:\/\/casinoandy.com\/sv\/wp-json\/wp\/v2\/media?parent=62"}],"curies":[{"name":"wp","href":"https:\/\/api.w.org\/{rel}","templated":true}]}}