{"id":67,"date":"2020-12-01T18:18:44","date_gmt":"2020-12-01T17:18:44","guid":{"rendered":"http:\/\/casinoandy.com\/?page_id=67"},"modified":"2022-04-01T11:37:39","modified_gmt":"2022-04-01T09:37:39","slug":"paypal","status":"publish","type":"page","link":"https:\/\/casinoandy.com\/sv\/online-casino\/betalningsmetoder\/paypal\/","title":{"rendered":"Casino med PayPal"},"content":{"rendered":"\n<h1 class=\"wp-block-heading\">Casino med PayPal<\/h1>\n\n\n\n<p>PayPal grundades 1998 av bland annat superentrepren\u00f6ren Elon Musk. Tj\u00e4nsten innebar ett stort genombrott av betalningar och penningtransaktioner p\u00e5 n\u00e4tet. Idag har PayPal \u00f6ver 170 miljoner aktiva anv\u00e4ndare v\u00e4rlden \u00f6ver. PayPal \u00e4gs av eBay och \u00e4r en av de riktigt stora framg\u00e5ngarna inom finansteknologi. Casinon var snabba med att ta till sig betalmetoden, och casinon med PayPal har funnits l\u00e4nge.<\/p>\n\n\n\n<h2 class=\"wp-block-heading\">G\u00f6r s\u00e4kra och snabba \u00f6verf\u00f6ringar p\u00e5 casinon med PayPal<\/h2>\n\n\n\n<p>PayPal \u00e4r en betall\u00f6sning som inneb\u00e4r att du blixtsnabbt kan betala f\u00f6r spel p\u00e5 n\u00e4tet och h\u00e4mta hem eventuella vinster. Detta under v\u00e4ldigt s\u00e4kra former. En annan f\u00f6rdel med PayPal \u00e4r att e-pl\u00e5nboken har m\u00e5nga anv\u00e4ndningsomr\u00e5den. Du kan sk\u00f6ta i princip hela din ekonomi med hj\u00e4lp av ditt PayPal-konto. \u00c4ven om du inte anv\u00e4nder PayPal till n\u00e5got annat kan det finnas en po\u00e4ng med att g\u00f6ra det p\u00e5 casinon. Har du en s\u00e4rskild betalningsmetod f\u00f6r ditt spelande blir det enklare att h\u00e5lla sig till en budget \u00e4n n\u00e4r du alltid har tillg\u00e5ng till alla dina pengar.<\/p>\n\n\n\n<h2 class=\"wp-block-heading\">S\u00e5 g\u00e5r det till att betala p\u00e5 ett PayPal casino<\/h2>\n\n\n\n<p>F\u00f6r att kunna s\u00e4tta in eller ta ut pengar p\u00e5 ett casino med PayPal m\u00e5ste du ha ett PayPal-konto. Du kommer beh\u00f6va l\u00e4gga till ett betalkort p\u00e5 ditt Paypal-konto vilket p\u00e5 s\u00e4tt och vis inneb\u00e4r att Paypal casino \u00e4r typ som ett <a href=\"http:\/\/casinoandy.com\/online-casino\/betalningsmetoder\/mastercard\/\">casino med Mastercard<\/a>.<\/p>\n\n\n\n<div class=\"wp-block-image\"><figure class=\"alignleft size-large\"><img loading=\"lazy\" decoding=\"async\" width=\"800\" height=\"500\" src=\"http:\/\/casinoandy.com\/wp-content\/uploads\/2020\/12\/casino-med-paypal.png\" alt=\"Paypal Casinon\" class=\"wp-image-68\" srcset=\"https:\/\/casinoandy.com\/wp-content\/uploads\/2020\/12\/casino-med-paypal.png 800w, https:\/\/casinoandy.com\/wp-content\/uploads\/2020\/12\/casino-med-paypal-300x188.png 300w, https:\/\/casinoandy.com\/wp-content\/uploads\/2020\/12\/casino-med-paypal-768x480.png 768w\" sizes=\"auto, (max-width: 800px) 100vw, 800px\" \/><\/figure><\/div>\n\n\n\n<p>Du skapar ditt Paypal-konto p\u00e5 PayPals hemsida genom att fylla i en ans\u00f6kan och verifiera din identitet. Du kan sedan koppla olika betal- och kreditkort eller konton till din PayPal, eller anv\u00e4nda tj\u00e4nsten frist\u00e5ende genom den e-pl\u00e5nbok som du f\u00e5r tillg\u00e5ng till. D\u00e4r \u00e4r dina pengar lika skyddade som om du haft dem p\u00e5 ett vanligt bankkonto.<\/p>\n\n\n\n<p>N\u00e4r du betalar med PayPal slipper du att dela k\u00e4nsliga uppgifter med casinot. Det \u00e4r en annan f\u00f6rklaring till varf\u00f6r metoden blev popul\u00e4r fr\u00e5n b\u00f6rjan. Idag \u00e4r dock de flesta betalmetoder privata i den bem\u00e4rkelsen.<\/p>\n\n\n\n<p>F\u00f6r att genomf\u00f6ra en betalning p\u00e5 ett casino med PayPal v\u00e4ljer du helt enkelt det betalningsalternativet p\u00e5 casinot. Det finns inga renodlade PayPal casinon p\u00e5 n\u00e4tet, utan PayPal \u00e4r en av flera betall\u00f6sningar som erbjuds. Du loggar in p\u00e5 PayPal och godk\u00e4nner betalningen med hj\u00e4lp av din e-postadress och ett l\u00f6senord som du sj\u00e4lv valt. Detta kan du g\u00f6ra med valfri enhet. Sen \u00e4r det bara att b\u00f6rja spela! Pengarna \u00f6verf\u00f6rs direkt. <\/p>\n\n\n\n<p>S\u00e5 l\u00e4nge du inte \u00e4r helt nyregistrerad hos PayPal eller satt under uppsikt av n\u00e5gon anledning s\u00e5 kan du \u00f6verf\u00f6ra vilket belopp du vill. Finns det en beloppsgr\u00e4ns s\u00e5 \u00e4r den satt av casinot. Att s\u00e4tta in pengar kostar inget men du betalar en avgift n\u00e4r du tar ut pengar fr\u00e5n ditt casinokonto med hj\u00e4lp av PayPal.<\/p>\n\n\n\n<h2 class=\"wp-block-heading\">Varf\u00f6r erbjuder inte alla casinon betalning med PayPal?<\/h2>\n\n\n\n<p>PayPal \u00e4r inte bara stort internationellt utan en mycket popul\u00e4r betalmetod bland svenskar som har e-pl\u00e5nbok. M\u00e5nga anv\u00e4nder PayPal i sin vardag och bland casinospelare \u00e4r efterfr\u00e5gan p\u00e5 casinon med PayPal stor. \u00c4nd\u00e5 \u00e4r det l\u00e5ngt ifr\u00e5n alla casinon som erbjuder detta. Man skulle kunna tro att det beror p\u00e5 att casinon f\u00f6redrar andra l\u00f6sningar men faktum \u00e4r att det beror p\u00e5 att PayPal \u00e4r noga med vem som f\u00e5r anv\u00e4nda tj\u00e4nsten. Alla casinon lever inte upp till de krav som PayPal st\u00e4ller. Det \u00e4r allts\u00e5 inte s\u00e5 att casinon inte godk\u00e4nner PayPal utan snarare PayPal som inte accepterar alla casinon. <\/p>\n\n\n\n<p>Man kan allts\u00e5 se det som att ett casino med PayPal tagit sig igenom ett extra n\u00e5ls\u00f6ga och \u00e4r att betrakta som ett seri\u00f6st och p\u00e5litligt f\u00f6retag. Casinon med PayPal \u00e4r ofta bra casinon p\u00e5 det stora hela! Det \u00e4r dock inte s\u00e5 att alla casinon som inte har PayPal blivit ratade av f\u00f6retaget, de har bara gjort andra val.<\/p>\n\n\n\n<h3 class=\"wp-block-heading\">Bank\u00f6verf\u00f6ringar g\u00e5r lika fort idag<\/h3>\n\n\n\n<p>En annan anledning till att PayPal inte \u00e4r s\u00e5 dominerande som betalmetod n\u00e4r det g\u00e4ller online casinon \u00e4r att det finns flera andra vanliga e-pl\u00e5nb\u00f6cker som fungerar likadant som PayPal. Neteller och Skrill \u00e4r de tv\u00e5 st\u00f6rsta.<\/p>\n\n\n\n<p>Ytterligare en f\u00f6rklaring till att PayPal inte \u00e4r vanligare \u00e4n det \u00e4r, \u00e4r att vanliga bank\u00f6verf\u00f6ringar idag g\u00e5r lika fort som n\u00e4r du betalar med en e-pl\u00e5nbok. Detta tack vare Trustly som ofta anv\u00e4nds, n\u00e4r tillf\u00e4lle ges, vid bank\u00f6verf\u00f6ringar till diverse n\u00e4tcasinon.<\/p>\n\n\n\n<h2 class=\"wp-block-heading\">Vad finns det f\u00f6r nackdelar med casinon med PayPal?<\/h2>\n\n\n\n<p>En nackdel som vi redan varit inne p\u00e5 \u00e4r att l\u00e5ngt ifr\u00e5n alla casinon har PayPal som betalningsalternativ. Det \u00e4r inte heller den billigaste l\u00f6sningen n\u00e4r det handlar om att ta emot pengar som du vunnit p\u00e5 ett PayPal casino.<\/p>\n\n\n\n<h2 class=\"wp-block-heading\">PayPal fungerar utm\u00e4rkt i mobilen<\/h2>\n\n\n\n<p>Fler och fler v\u00e4ljer att spela casino i mobilen. Faktum \u00e4r att m\u00e5nga n\u00e4stan bara spelar casino p\u00e5 en mobil enhet. Att PayPal funkar s\u00e5 bra fr\u00e5n en mobil eller surfplatta \u00e4r en stor f\u00f6rdel f\u00f6r dig som h\u00f6r till den h\u00e4r kategorin. PayPal har utvecklat en app som finns f\u00f6r b\u00e5de iOS och Android och som ger dig smidigast m\u00f6jliga upplevelse n\u00e4r du g\u00f6r transaktioner med mobilen. Appen \u00e4r dock inte n\u00f6dv\u00e4ndig f\u00f6r att du ska kunna f\u00f6ra \u00f6ver eller ta emot pengar fr\u00e5n ett casino med PayPal.<\/p>\n","protected":false},"excerpt":{"rendered":"<p>Casino med PayPal PayPal grundades 1998 av bland annat superentrepren\u00f6ren Elon Musk. Tj\u00e4nsten innebar ett stort genombrott av betalningar och&#8230;<\/p>\n","protected":false},"author":4,"featured_media":0,"parent":58,"menu_order":0,"comment_status":"closed","ping_status":"closed","template":"","meta":{"_acf_changed":false,"footnotes":""},"class_list":["post-67","page","type-page","status-publish","hentry"],"acf":[],"yoast_head":"<!-- This site is optimized with the Yoast SEO plugin v27.0 - https:\/\/yoast.com\/product\/yoast-seo-wordpress\/ -->\n<title>Casino med Paypal (2022) &gt;&gt; S\u00e5 fungerar det p\u00e5 Casinon<\/title>\n<meta name=\"description\" content=\"Paypal fungerar v\u00e4ldigt s\u00e4llan p\u00e5 n\u00e4tcasinon, oavsett om de har licens eller inte. L\u00e4s mer om Paypal p\u00e5 casinon h\u00e4r.\" \/>\n<meta name=\"robots\" content=\"index, follow, max-snippet:-1, max-image-preview:large, max-video-preview:-1\" \/>\n<link rel=\"canonical\" href=\"https:\/\/casinoandy.com\/sv\/online-casino\/betalningsmetoder\/paypal\/\" \/>\n<meta property=\"og:locale\" content=\"sv_SE\" \/>\n<meta property=\"og:type\" content=\"article\" \/>\n<meta property=\"og:title\" content=\"Casino med Paypal (2022) &gt;&gt; S\u00e5 fungerar det p\u00e5 Casinon\" \/>\n<meta property=\"og:description\" content=\"Paypal fungerar v\u00e4ldigt s\u00e4llan p\u00e5 n\u00e4tcasinon, oavsett om de har licens eller inte. L\u00e4s mer om Paypal p\u00e5 casinon h\u00e4r.\" \/>\n<meta property=\"og:url\" content=\"https:\/\/casinoandy.com\/sv\/online-casino\/betalningsmetoder\/paypal\/\" \/>\n<meta property=\"og:site_name\" content=\"Casinoandy\" \/>\n<meta property=\"article:modified_time\" content=\"2022-04-01T09:37:39+00:00\" \/>\n<meta property=\"og:image\" content=\"http:\/\/casinoandy.com\/wp-content\/uploads\/2020\/12\/casino-med-paypal.png\" \/>\n<meta name=\"twitter:card\" content=\"summary_large_image\" \/>\n<meta name=\"twitter:label1\" content=\"Ber\u00e4knad l\u00e4stid\" \/>\n\t<meta name=\"twitter:data1\" content=\"4 minuter\" \/>\n<script type=\"application\/ld+json\" class=\"yoast-schema-graph\">{\"@context\":\"https:\/\/schema.org\",\"@graph\":[{\"@type\":\"WebPage\",\"@id\":\"https:\/\/casinoandy.com\/sv\/online-casino\/betalningsmetoder\/paypal\/\",\"url\":\"https:\/\/casinoandy.com\/sv\/online-casino\/betalningsmetoder\/paypal\/\",\"name\":\"Casino med Paypal (2022) >> S\u00e5 fungerar det p\u00e5 Casinon\",\"isPartOf\":{\"@id\":\"https:\/\/casinoandy.com\/sv\/#website\"},\"primaryImageOfPage\":{\"@id\":\"https:\/\/casinoandy.com\/sv\/online-casino\/betalningsmetoder\/paypal\/#primaryimage\"},\"image\":{\"@id\":\"https:\/\/casinoandy.com\/sv\/online-casino\/betalningsmetoder\/paypal\/#primaryimage\"},\"thumbnailUrl\":\"http:\/\/casinoandy.com\/wp-content\/uploads\/2020\/12\/casino-med-paypal.png\",\"datePublished\":\"2020-12-01T17:18:44+00:00\",\"dateModified\":\"2022-04-01T09:37:39+00:00\",\"description\":\"Paypal fungerar v\u00e4ldigt s\u00e4llan p\u00e5 n\u00e4tcasinon, oavsett om de har licens eller inte. L\u00e4s mer om Paypal p\u00e5 casinon h\u00e4r.\",\"breadcrumb\":{\"@id\":\"https:\/\/casinoandy.com\/sv\/online-casino\/betalningsmetoder\/paypal\/#breadcrumb\"},\"inLanguage\":\"sv-SE\",\"potentialAction\":[{\"@type\":\"ReadAction\",\"target\":[\"https:\/\/casinoandy.com\/sv\/online-casino\/betalningsmetoder\/paypal\/\"]}]},{\"@type\":\"ImageObject\",\"inLanguage\":\"sv-SE\",\"@id\":\"https:\/\/casinoandy.com\/sv\/online-casino\/betalningsmetoder\/paypal\/#primaryimage\",\"url\":\"http:\/\/casinoandy.com\/wp-content\/uploads\/2020\/12\/casino-med-paypal.png\",\"contentUrl\":\"http:\/\/casinoandy.com\/wp-content\/uploads\/2020\/12\/casino-med-paypal.png\"},{\"@type\":\"BreadcrumbList\",\"@id\":\"https:\/\/casinoandy.com\/sv\/online-casino\/betalningsmetoder\/paypal\/#breadcrumb\",\"itemListElement\":[{\"@type\":\"ListItem\",\"position\":1,\"name\":\"Startseite\",\"item\":\"https:\/\/casinoandy.com\/sv\/\"},{\"@type\":\"ListItem\",\"position\":2,\"name\":\"Online Casino\",\"item\":\"https:\/\/casinoandy.com\/sv\/online-casino\/\"},{\"@type\":\"ListItem\",\"position\":3,\"name\":\"Betalningsmetoder\",\"item\":\"https:\/\/casinoandy.com\/sv\/online-casino\/betalningsmetoder\/\"},{\"@type\":\"ListItem\",\"position\":4,\"name\":\"Casino med PayPal\"}]},{\"@type\":\"WebSite\",\"@id\":\"https:\/\/casinoandy.com\/sv\/#website\",\"url\":\"https:\/\/casinoandy.com\/sv\/\",\"name\":\"Casinoandy\",\"description\":\"\",\"publisher\":{\"@id\":\"https:\/\/casinoandy.com\/sv\/#organization\"},\"potentialAction\":[{\"@type\":\"SearchAction\",\"target\":{\"@type\":\"EntryPoint\",\"urlTemplate\":\"https:\/\/casinoandy.com\/sv\/?s={search_term_string}\"},\"query-input\":{\"@type\":\"PropertyValueSpecification\",\"valueRequired\":true,\"valueName\":\"search_term_string\"}}],\"inLanguage\":\"sv-SE\"},{\"@type\":\"Organization\",\"@id\":\"https:\/\/casinoandy.com\/sv\/#organization\",\"name\":\"Casino Andy\",\"url\":\"https:\/\/casinoandy.com\/sv\/\",\"logo\":{\"@type\":\"ImageObject\",\"inLanguage\":\"sv-SE\",\"@id\":\"https:\/\/casinoandy.com\/sv\/#\/schema\/logo\/image\/\",\"url\":\"http:\/\/casinoandy.yourmedia.nbcdemo.com\/wp-content\/uploads\/2020\/12\/casino-andy-logo-1.png\",\"contentUrl\":\"http:\/\/casinoandy.yourmedia.nbcdemo.com\/wp-content\/uploads\/2020\/12\/casino-andy-logo-1.png\",\"width\":367,\"height\":195,\"caption\":\"Casino Andy\"},\"image\":{\"@id\":\"https:\/\/casinoandy.com\/sv\/#\/schema\/logo\/image\/\"}}]}<\/script>\n<!-- \/ Yoast SEO plugin. -->","yoast_head_json":{"title":"Casino med Paypal (2022) >> S\u00e5 fungerar det p\u00e5 Casinon","description":"Paypal fungerar v\u00e4ldigt s\u00e4llan p\u00e5 n\u00e4tcasinon, oavsett om de har licens eller inte. L\u00e4s mer om Paypal p\u00e5 casinon h\u00e4r.","robots":{"index":"index","follow":"follow","max-snippet":"max-snippet:-1","max-image-preview":"max-image-preview:large","max-video-preview":"max-video-preview:-1"},"canonical":"https:\/\/casinoandy.com\/sv\/online-casino\/betalningsmetoder\/paypal\/","og_locale":"sv_SE","og_type":"article","og_title":"Casino med Paypal (2022) >> S\u00e5 fungerar det p\u00e5 Casinon","og_description":"Paypal fungerar v\u00e4ldigt s\u00e4llan p\u00e5 n\u00e4tcasinon, oavsett om de har licens eller inte. L\u00e4s mer om Paypal p\u00e5 casinon h\u00e4r.","og_url":"https:\/\/casinoandy.com\/sv\/online-casino\/betalningsmetoder\/paypal\/","og_site_name":"Casinoandy","article_modified_time":"2022-04-01T09:37:39+00:00","og_image":[{"url":"http:\/\/casinoandy.com\/wp-content\/uploads\/2020\/12\/casino-med-paypal.png","type":"","width":"","height":""}],"twitter_card":"summary_large_image","twitter_misc":{"Ber\u00e4knad l\u00e4stid":"4 minuter"},"schema":{"@context":"https:\/\/schema.org","@graph":[{"@type":"WebPage","@id":"https:\/\/casinoandy.com\/sv\/online-casino\/betalningsmetoder\/paypal\/","url":"https:\/\/casinoandy.com\/sv\/online-casino\/betalningsmetoder\/paypal\/","name":"Casino med Paypal (2022) >> S\u00e5 fungerar det p\u00e5 Casinon","isPartOf":{"@id":"https:\/\/casinoandy.com\/sv\/#website"},"primaryImageOfPage":{"@id":"https:\/\/casinoandy.com\/sv\/online-casino\/betalningsmetoder\/paypal\/#primaryimage"},"image":{"@id":"https:\/\/casinoandy.com\/sv\/online-casino\/betalningsmetoder\/paypal\/#primaryimage"},"thumbnailUrl":"http:\/\/casinoandy.com\/wp-content\/uploads\/2020\/12\/casino-med-paypal.png","datePublished":"2020-12-01T17:18:44+00:00","dateModified":"2022-04-01T09:37:39+00:00","description":"Paypal fungerar v\u00e4ldigt s\u00e4llan p\u00e5 n\u00e4tcasinon, oavsett om de har licens eller inte. L\u00e4s mer om Paypal p\u00e5 casinon h\u00e4r.","breadcrumb":{"@id":"https:\/\/casinoandy.com\/sv\/online-casino\/betalningsmetoder\/paypal\/#breadcrumb"},"inLanguage":"sv-SE","potentialAction":[{"@type":"ReadAction","target":["https:\/\/casinoandy.com\/sv\/online-casino\/betalningsmetoder\/paypal\/"]}]},{"@type":"ImageObject","inLanguage":"sv-SE","@id":"https:\/\/casinoandy.com\/sv\/online-casino\/betalningsmetoder\/paypal\/#primaryimage","url":"http:\/\/casinoandy.com\/wp-content\/uploads\/2020\/12\/casino-med-paypal.png","contentUrl":"http:\/\/casinoandy.com\/wp-content\/uploads\/2020\/12\/casino-med-paypal.png"},{"@type":"BreadcrumbList","@id":"https:\/\/casinoandy.com\/sv\/online-casino\/betalningsmetoder\/paypal\/#breadcrumb","itemListElement":[{"@type":"ListItem","position":1,"name":"Startseite","item":"https:\/\/casinoandy.com\/sv\/"},{"@type":"ListItem","position":2,"name":"Online Casino","item":"https:\/\/casinoandy.com\/sv\/online-casino\/"},{"@type":"ListItem","position":3,"name":"Betalningsmetoder","item":"https:\/\/casinoandy.com\/sv\/online-casino\/betalningsmetoder\/"},{"@type":"ListItem","position":4,"name":"Casino med PayPal"}]},{"@type":"WebSite","@id":"https:\/\/casinoandy.com\/sv\/#website","url":"https:\/\/casinoandy.com\/sv\/","name":"Casinoandy","description":"","publisher":{"@id":"https:\/\/casinoandy.com\/sv\/#organization"},"potentialAction":[{"@type":"SearchAction","target":{"@type":"EntryPoint","urlTemplate":"https:\/\/casinoandy.com\/sv\/?s={search_term_string}"},"query-input":{"@type":"PropertyValueSpecification","valueRequired":true,"valueName":"search_term_string"}}],"inLanguage":"sv-SE"},{"@type":"Organization","@id":"https:\/\/casinoandy.com\/sv\/#organization","name":"Casino Andy","url":"https:\/\/casinoandy.com\/sv\/","logo":{"@type":"ImageObject","inLanguage":"sv-SE","@id":"https:\/\/casinoandy.com\/sv\/#\/schema\/logo\/image\/","url":"http:\/\/casinoandy.yourmedia.nbcdemo.com\/wp-content\/uploads\/2020\/12\/casino-andy-logo-1.png","contentUrl":"http:\/\/casinoandy.yourmedia.nbcdemo.com\/wp-content\/uploads\/2020\/12\/casino-andy-logo-1.png","width":367,"height":195,"caption":"Casino Andy"},"image":{"@id":"https:\/\/casinoandy.com\/sv\/#\/schema\/logo\/image\/"}}]}},"_links":{"self":[{"href":"https:\/\/casinoandy.com\/sv\/wp-json\/wp\/v2\/pages\/67","targetHints":{"allow":["GET"]}}],"collection":[{"href":"https:\/\/casinoandy.com\/sv\/wp-json\/wp\/v2\/pages"}],"about":[{"href":"https:\/\/casinoandy.com\/sv\/wp-json\/wp\/v2\/types\/page"}],"author":[{"embeddable":true,"href":"https:\/\/casinoandy.com\/sv\/wp-json\/wp\/v2\/users\/4"}],"replies":[{"embeddable":true,"href":"https:\/\/casinoandy.com\/sv\/wp-json\/wp\/v2\/comments?post=67"}],"version-history":[{"count":3,"href":"https:\/\/casinoandy.com\/sv\/wp-json\/wp\/v2\/pages\/67\/revisions"}],"predecessor-version":[{"id":1116,"href":"https:\/\/casinoandy.com\/sv\/wp-json\/wp\/v2\/pages\/67\/revisions\/1116"}],"up":[{"embeddable":true,"href":"https:\/\/casinoandy.com\/sv\/wp-json\/wp\/v2\/pages\/58"}],"wp:attachment":[{"href":"https:\/\/casinoandy.com\/sv\/wp-json\/wp\/v2\/media?parent=67"}],"curies":[{"name":"wp","href":"https:\/\/api.w.org\/{rel}","templated":true}]}}