{"id":71,"date":"2020-12-01T18:20:13","date_gmt":"2020-12-01T17:20:13","guid":{"rendered":"http:\/\/casinoandy.com\/?page_id=71"},"modified":"2022-04-01T11:38:01","modified_gmt":"2022-04-01T09:38:01","slug":"skrill","status":"publish","type":"page","link":"https:\/\/casinoandy.com\/sv\/online-casino\/betalningsmetoder\/skrill\/","title":{"rendered":"Casino med Skrill"},"content":{"rendered":"\n<h1 class=\"wp-block-heading\">Casino med Skrill<\/h1>\n\n\n\n<p>Skrill \u00e4r en tj\u00e4nst skapad av ett brittiskt f\u00f6retag som l\u00e5ter dig genomf\u00f6ra s\u00e4kra transaktioner snabbt och till en l\u00e5g kostnad. Skrill \u00e4r en av de \u00e4ldsta e-pl\u00e5nb\u00f6ckerna och var revolutionerande n\u00e4r tj\u00e4nsten lanserades. S\u00e4rskilt internationella transaktioner kunde pl\u00f6tsligt genomf\u00f6ras p\u00e5 kort tid och varsomhelst d\u00e4r anv\u00e4ndaren hade tillg\u00e5ng till en internetuppkoppling.<\/p>\n\n\n\n<p>Det h\u00e4r blev snabbt v\u00e4ldigt popul\u00e4rt p\u00e5 casinon. Casinobranschen \u00e4r internationell och det \u00e4r en stor f\u00f6rdel att kunna sitta i Sverige och flytta pengar till och fr\u00e5n sitt konto p\u00e5 ett casino med Skrill. Detta helt utan att f\u00f6rlora en massa pengar i avgifter eller vid valutav\u00e4xling. Idag har marknaden f\u00f6r transaktioner p\u00e5 n\u00e4tet v\u00e4xt och det finns flera metoder att v\u00e4lja mellan som \u00e4r lika snabba och s\u00e4kra som Skrill. I b\u00f6rjan av 2000-talet var dock e-pl\u00e5nb\u00f6ckerna den snabbaste betalningsmetoden.<\/p>\n\n\n\n<h2 class=\"wp-block-heading\">Hur fungerar det att g\u00f6ra \u00f6verf\u00f6ringar p\u00e5 ett casino med Skrill?<\/h2>\n\n\n\n<p>Ins\u00e4ttningar och uttag med Skrill kan g\u00f6ras helt oberoende av en traditionell bank. Du har dina pengar i en s\u00e5 kallad e-pl\u00e5nbok som du anv\u00e4nder n\u00e4r du betalar eller tar ut vinster p\u00e5 ett casino med Skrill. P\u00e5 ett Skrill casino v\u00e4ljer du helt enkelt Skrill som betalningsmetod. Betalningen genomf\u00f6rs med n\u00e5gra klick och pengarna kommer fram direkt. Att g\u00f6ra \u00f6verf\u00f6ringar mellan Skrill och bankkonto kan dock ta ett par bankdagar.<\/p>\n\n\n\n<p>Om du laddar ner Skrills app kan du \u00e4ven g\u00f6ra s\u00e4kra och snabba Skrill-\u00f6verf\u00f6ringar med mobilen.<\/p>\n\n\n\n<h2 class=\"wp-block-heading\">Vilka casinon har Skrill?<\/h2>\n\n\n\n<p>Skrill var tidigare en \u00f6verf\u00f6ringsmetod som fanns p\u00e5 i princip alla casinon med svenskar som en del av m\u00e5lgruppen. Casinon licenserade av till exempel <a href=\"http:\/\/casinoandy.com\/online-casino\/licens\/malta\/\">Malta Gaming Authority<\/a>, det vill s\u00e4ga Malta casinon, erbjuder \u00e4n idag Skrill i de flesta fall. Skrill fungerar \u00e4ven p\u00e5 <a href=\"http:\/\/casinoandy.com\/online-casino\/licens\/curacao\/\">Curacao casinon<\/a> i de flesta fall. I och med den svenska casinoreformen 2019 som innebar att vi fick en inhemsk marknad med licenser skedde en f\u00f6r\u00e4ndring. Casinon som tidigare haft n\u00e4rmare 20 betalningsmetoder som spelarna kunde v\u00e4lja mellan gick \u00f6ver till ett f\u00e5tal.<\/p>\n\n\n\n<div class=\"wp-block-image\"><figure class=\"alignleft size-large\"><img loading=\"lazy\" decoding=\"async\" width=\"800\" height=\"500\" src=\"http:\/\/casinoandy.com\/wp-content\/uploads\/2020\/12\/casino-med-skrill.png\" alt=\"Skrill Casinon\" class=\"wp-image-72\" srcset=\"https:\/\/casinoandy.com\/wp-content\/uploads\/2020\/12\/casino-med-skrill.png 800w, https:\/\/casinoandy.com\/wp-content\/uploads\/2020\/12\/casino-med-skrill-300x188.png 300w, https:\/\/casinoandy.com\/wp-content\/uploads\/2020\/12\/casino-med-skrill-768x480.png 768w\" sizes=\"auto, (max-width: 800px) 100vw, 800px\" \/><\/figure><\/div>\n\n\n\n<p>Nu har det \u00e5terigen b\u00f6rjat bli l\u00e4ttare att hitta ett casino med Skrill. P\u00e5 casinon d\u00e4r du registrerar ett konto kan du ibland anv\u00e4nda Skrill som betalningsmetod n\u00e4r du v\u00e4l blivit godk\u00e4nd.<\/p>\n\n\n\n<h2 class=\"wp-block-heading\">Vilka \u00e4r f\u00f6rdelarna med Skrill casinon?<\/h2>\n\n\n\n<p>\u00c4ven om du inte alltid anv\u00e4nder Skrill i transaktioner mellan dig och ett casino kan det vara en f\u00f6rdel att kunna g\u00f6ra det. En m\u00e5nad vill du kanske separera din spelbudget fr\u00e5n \u00f6vriga pengar du har tillg\u00e5ng till. D\u00e5 \u00e4r det bra med ett casino med Skrill s\u00e5 v\u00e4l som andra betalningsm\u00f6jligheter.<\/p>\n\n\n\n<p>Det finns som sagt ett flertal betalningsalternativ som konkurrerar med Skrill i fr\u00e5ga om hastighet, s\u00e4kerhet och avgifter. Med det sagt s\u00e5 \u00e4r Skrill fortfarande v\u00e4ldigt bra i dessa avseenden. S\u00e4rskilt smidigt \u00e4r det om du anv\u00e4nder Skrill till m\u00e5nga andra saker och \u00e4r ute efter en allsidig betalningsl\u00f6sning. Skrill kan kopplas till ett kort med Mastercard. Det \u00e4r ett betalkort du kan anv\u00e4nda \u00f6verallt i v\u00e4rlden men det har ingen kredit. \u00c4ven du som har betalningsanm\u00e4rkningar kan f\u00e5 detta kort.<\/p>\n\n\n\n<h2 class=\"wp-block-heading\">Finns det nackdelar med casinon med Skrill?<\/h2>\n\n\n\n<p>Alla casinon p\u00e5 marknaden erbjuder tyv\u00e4rr inte Skrill som betalningsmetod. Det \u00e4r mest troligt att du kan v\u00e4lja Skrill vid transaktioner p\u00e5 Curacao casinon. Tendensen \u00e4r dock att Skrill \u00e4r p\u00e5 v\u00e4g tillbaka igen och vi f\u00e5r \u00e5terigen allt fler n\u00e4tcasinon med Skrill.<\/p>\n\n\n\n<p>Trots att Skrill funnits i m\u00e5nga \u00e5r nu h\u00e4nder det hela tiden mycket med tj\u00e4nsten. De expanderar globalt och anv\u00e4ndarvillkoren f\u00f6r\u00e4ndras i takt med att f\u00f6retaget g\u00f6r det. En effekt av det \u00e4r att alla transaktioner inte godk\u00e4nns, du kan bli ombedd att skicka in olika dokument f\u00f6r att styrka att allt g\u00e5tt r\u00e4tt till. Vissa \u00e4renden drar ut p\u00e5 tiden och Skrill \u00e4r inte k\u00e4nt f\u00f6r att ha den b\u00e4sta kundtj\u00e4nsten i branschen.<\/p>\n\n\n\n<h2 class=\"wp-block-heading\">Skrill j\u00e4mf\u00f6rt med andra e-pl\u00e5nb\u00f6cker<\/h2>\n\n\n\n<p>Om man ska j\u00e4mf\u00f6ra Skrill med andra alternativ \u00e4r det mest r\u00e4ttvist att titta p\u00e5 konkurrerande e-pl\u00e5nb\u00f6cker. Andra betalningsl\u00f6sningar kan fylla helt andra behov \u00e4n Skrill.<\/p>\n\n\n\n<p>Zimpler \u00e4r en annan e-pl\u00e5nbok som har samma anv\u00e4ndningsomr\u00e5de som Skrill. Faktum \u00e4r att de har samma \u00e4gare. En anledning att anv\u00e4nda den ena ist\u00e4llet f\u00f6r den andra kan vara att de \u00e4r olika utbredda i olika l\u00e4nder. I Sverige \u00e4r b\u00e5da metoderna vanligt f\u00f6rekommande och det spelar ingen st\u00f6rre roll om du k\u00f6r p\u00e5 <a href=\"http:\/\/casinoandy.com\/online-casino\/betalningsmetoder\/zimpler\/\">casinon med Zimpler<\/a> eller Skrill.<\/p>\n\n\n\n<p>Du m\u00e5ste inte v\u00e4lja antingen eller h\u00e4r utan det g\u00e5r bra att spela p\u00e5 ett casino med Skrill och ett annat med Neteller. Eller till och med spela med b\u00e5da e-pl\u00e5nb\u00f6ckerna p\u00e5 samma casino, om den m\u00f6jligheten ges. F\u00f6rdelen med det \u00e4r att du kan anv\u00e4nda olika e-pl\u00e5nb\u00f6cker f\u00f6r olika valutor och p\u00e5 s\u00e5 s\u00e4tt f\u00e5 b\u00e4ttre ekonomisk \u00f6verblick.<\/p>\n\n\n\n<p>PayPal \u00e4r en annan e-pl\u00e5nbok som m\u00e5nga gillar att anv\u00e4nda. PayPal fungerar utm\u00e4rkt i kombination med svenska och utl\u00e4ndska bankkonton. PayPal \u00e4r en e-pl\u00e5nbok med bra anseende och de samarbetar inte med vilka casinon som helst.<\/p>\n","protected":false},"excerpt":{"rendered":"<p>Casino med Skrill Skrill \u00e4r en tj\u00e4nst skapad av ett brittiskt f\u00f6retag som l\u00e5ter dig genomf\u00f6ra s\u00e4kra transaktioner snabbt och&#8230;<\/p>\n","protected":false},"author":4,"featured_media":0,"parent":58,"menu_order":0,"comment_status":"closed","ping_status":"closed","template":"","meta":{"_acf_changed":false,"footnotes":""},"class_list":["post-71","page","type-page","status-publish","hentry"],"acf":[],"yoast_head":"<!-- This site is optimized with the Yoast SEO plugin v27.0 - https:\/\/yoast.com\/product\/yoast-seo-wordpress\/ -->\n<title>Casino med Skrill (2022) &gt;&gt; Alla casinon som accepterar Skrill<\/title>\n<meta name=\"description\" content=\"Skrill \u00e4r en e-wallet som kan anv\u00e4ndas vid ins\u00e4ttningar p\u00e5 n\u00e4tcasinon. Hitta och j\u00e4mf\u00f6r dina favoritcasinon med Skrill h\u00e4r.\" \/>\n<meta name=\"robots\" content=\"index, follow, max-snippet:-1, max-image-preview:large, max-video-preview:-1\" \/>\n<link rel=\"canonical\" href=\"https:\/\/casinoandy.com\/sv\/online-casino\/betalningsmetoder\/skrill\/\" \/>\n<meta property=\"og:locale\" content=\"sv_SE\" \/>\n<meta property=\"og:type\" content=\"article\" \/>\n<meta property=\"og:title\" content=\"Casino med Skrill (2022) &gt;&gt; Alla casinon som accepterar Skrill\" \/>\n<meta property=\"og:description\" content=\"Skrill \u00e4r en e-wallet som kan anv\u00e4ndas vid ins\u00e4ttningar p\u00e5 n\u00e4tcasinon. Hitta och j\u00e4mf\u00f6r dina favoritcasinon med Skrill h\u00e4r.\" \/>\n<meta property=\"og:url\" content=\"https:\/\/casinoandy.com\/sv\/online-casino\/betalningsmetoder\/skrill\/\" \/>\n<meta property=\"og:site_name\" content=\"Casinoandy\" \/>\n<meta property=\"article:modified_time\" content=\"2022-04-01T09:38:01+00:00\" \/>\n<meta property=\"og:image\" content=\"http:\/\/casinoandy.com\/wp-content\/uploads\/2020\/12\/casino-med-skrill.png\" \/>\n<meta name=\"twitter:card\" content=\"summary_large_image\" \/>\n<meta name=\"twitter:label1\" content=\"Ber\u00e4knad l\u00e4stid\" \/>\n\t<meta name=\"twitter:data1\" content=\"4 minuter\" \/>\n<script type=\"application\/ld+json\" class=\"yoast-schema-graph\">{\"@context\":\"https:\/\/schema.org\",\"@graph\":[{\"@type\":\"WebPage\",\"@id\":\"https:\/\/casinoandy.com\/sv\/online-casino\/betalningsmetoder\/skrill\/\",\"url\":\"https:\/\/casinoandy.com\/sv\/online-casino\/betalningsmetoder\/skrill\/\",\"name\":\"Casino med Skrill (2022) >> Alla casinon som accepterar Skrill\",\"isPartOf\":{\"@id\":\"https:\/\/casinoandy.com\/sv\/#website\"},\"primaryImageOfPage\":{\"@id\":\"https:\/\/casinoandy.com\/sv\/online-casino\/betalningsmetoder\/skrill\/#primaryimage\"},\"image\":{\"@id\":\"https:\/\/casinoandy.com\/sv\/online-casino\/betalningsmetoder\/skrill\/#primaryimage\"},\"thumbnailUrl\":\"http:\/\/casinoandy.com\/wp-content\/uploads\/2020\/12\/casino-med-skrill.png\",\"datePublished\":\"2020-12-01T17:20:13+00:00\",\"dateModified\":\"2022-04-01T09:38:01+00:00\",\"description\":\"Skrill \u00e4r en e-wallet som kan anv\u00e4ndas vid ins\u00e4ttningar p\u00e5 n\u00e4tcasinon. Hitta och j\u00e4mf\u00f6r dina favoritcasinon med Skrill h\u00e4r.\",\"breadcrumb\":{\"@id\":\"https:\/\/casinoandy.com\/sv\/online-casino\/betalningsmetoder\/skrill\/#breadcrumb\"},\"inLanguage\":\"sv-SE\",\"potentialAction\":[{\"@type\":\"ReadAction\",\"target\":[\"https:\/\/casinoandy.com\/sv\/online-casino\/betalningsmetoder\/skrill\/\"]}]},{\"@type\":\"ImageObject\",\"inLanguage\":\"sv-SE\",\"@id\":\"https:\/\/casinoandy.com\/sv\/online-casino\/betalningsmetoder\/skrill\/#primaryimage\",\"url\":\"http:\/\/casinoandy.com\/wp-content\/uploads\/2020\/12\/casino-med-skrill.png\",\"contentUrl\":\"http:\/\/casinoandy.com\/wp-content\/uploads\/2020\/12\/casino-med-skrill.png\"},{\"@type\":\"BreadcrumbList\",\"@id\":\"https:\/\/casinoandy.com\/sv\/online-casino\/betalningsmetoder\/skrill\/#breadcrumb\",\"itemListElement\":[{\"@type\":\"ListItem\",\"position\":1,\"name\":\"Startseite\",\"item\":\"https:\/\/casinoandy.com\/sv\/\"},{\"@type\":\"ListItem\",\"position\":2,\"name\":\"Online Casino\",\"item\":\"https:\/\/casinoandy.com\/sv\/online-casino\/\"},{\"@type\":\"ListItem\",\"position\":3,\"name\":\"Betalningsmetoder\",\"item\":\"https:\/\/casinoandy.com\/sv\/online-casino\/betalningsmetoder\/\"},{\"@type\":\"ListItem\",\"position\":4,\"name\":\"Casino med Skrill\"}]},{\"@type\":\"WebSite\",\"@id\":\"https:\/\/casinoandy.com\/sv\/#website\",\"url\":\"https:\/\/casinoandy.com\/sv\/\",\"name\":\"Casinoandy\",\"description\":\"\",\"publisher\":{\"@id\":\"https:\/\/casinoandy.com\/sv\/#organization\"},\"potentialAction\":[{\"@type\":\"SearchAction\",\"target\":{\"@type\":\"EntryPoint\",\"urlTemplate\":\"https:\/\/casinoandy.com\/sv\/?s={search_term_string}\"},\"query-input\":{\"@type\":\"PropertyValueSpecification\",\"valueRequired\":true,\"valueName\":\"search_term_string\"}}],\"inLanguage\":\"sv-SE\"},{\"@type\":\"Organization\",\"@id\":\"https:\/\/casinoandy.com\/sv\/#organization\",\"name\":\"Casino Andy\",\"url\":\"https:\/\/casinoandy.com\/sv\/\",\"logo\":{\"@type\":\"ImageObject\",\"inLanguage\":\"sv-SE\",\"@id\":\"https:\/\/casinoandy.com\/sv\/#\/schema\/logo\/image\/\",\"url\":\"http:\/\/casinoandy.yourmedia.nbcdemo.com\/wp-content\/uploads\/2020\/12\/casino-andy-logo-1.png\",\"contentUrl\":\"http:\/\/casinoandy.yourmedia.nbcdemo.com\/wp-content\/uploads\/2020\/12\/casino-andy-logo-1.png\",\"width\":367,\"height\":195,\"caption\":\"Casino Andy\"},\"image\":{\"@id\":\"https:\/\/casinoandy.com\/sv\/#\/schema\/logo\/image\/\"}}]}<\/script>\n<!-- \/ Yoast SEO plugin. -->","yoast_head_json":{"title":"Casino med Skrill (2022) >> Alla casinon som accepterar Skrill","description":"Skrill \u00e4r en e-wallet som kan anv\u00e4ndas vid ins\u00e4ttningar p\u00e5 n\u00e4tcasinon. Hitta och j\u00e4mf\u00f6r dina favoritcasinon med Skrill h\u00e4r.","robots":{"index":"index","follow":"follow","max-snippet":"max-snippet:-1","max-image-preview":"max-image-preview:large","max-video-preview":"max-video-preview:-1"},"canonical":"https:\/\/casinoandy.com\/sv\/online-casino\/betalningsmetoder\/skrill\/","og_locale":"sv_SE","og_type":"article","og_title":"Casino med Skrill (2022) >> Alla casinon som accepterar Skrill","og_description":"Skrill \u00e4r en e-wallet som kan anv\u00e4ndas vid ins\u00e4ttningar p\u00e5 n\u00e4tcasinon. Hitta och j\u00e4mf\u00f6r dina favoritcasinon med Skrill h\u00e4r.","og_url":"https:\/\/casinoandy.com\/sv\/online-casino\/betalningsmetoder\/skrill\/","og_site_name":"Casinoandy","article_modified_time":"2022-04-01T09:38:01+00:00","og_image":[{"url":"http:\/\/casinoandy.com\/wp-content\/uploads\/2020\/12\/casino-med-skrill.png","type":"","width":"","height":""}],"twitter_card":"summary_large_image","twitter_misc":{"Ber\u00e4knad l\u00e4stid":"4 minuter"},"schema":{"@context":"https:\/\/schema.org","@graph":[{"@type":"WebPage","@id":"https:\/\/casinoandy.com\/sv\/online-casino\/betalningsmetoder\/skrill\/","url":"https:\/\/casinoandy.com\/sv\/online-casino\/betalningsmetoder\/skrill\/","name":"Casino med Skrill (2022) >> Alla casinon som accepterar Skrill","isPartOf":{"@id":"https:\/\/casinoandy.com\/sv\/#website"},"primaryImageOfPage":{"@id":"https:\/\/casinoandy.com\/sv\/online-casino\/betalningsmetoder\/skrill\/#primaryimage"},"image":{"@id":"https:\/\/casinoandy.com\/sv\/online-casino\/betalningsmetoder\/skrill\/#primaryimage"},"thumbnailUrl":"http:\/\/casinoandy.com\/wp-content\/uploads\/2020\/12\/casino-med-skrill.png","datePublished":"2020-12-01T17:20:13+00:00","dateModified":"2022-04-01T09:38:01+00:00","description":"Skrill \u00e4r en e-wallet som kan anv\u00e4ndas vid ins\u00e4ttningar p\u00e5 n\u00e4tcasinon. Hitta och j\u00e4mf\u00f6r dina favoritcasinon med Skrill h\u00e4r.","breadcrumb":{"@id":"https:\/\/casinoandy.com\/sv\/online-casino\/betalningsmetoder\/skrill\/#breadcrumb"},"inLanguage":"sv-SE","potentialAction":[{"@type":"ReadAction","target":["https:\/\/casinoandy.com\/sv\/online-casino\/betalningsmetoder\/skrill\/"]}]},{"@type":"ImageObject","inLanguage":"sv-SE","@id":"https:\/\/casinoandy.com\/sv\/online-casino\/betalningsmetoder\/skrill\/#primaryimage","url":"http:\/\/casinoandy.com\/wp-content\/uploads\/2020\/12\/casino-med-skrill.png","contentUrl":"http:\/\/casinoandy.com\/wp-content\/uploads\/2020\/12\/casino-med-skrill.png"},{"@type":"BreadcrumbList","@id":"https:\/\/casinoandy.com\/sv\/online-casino\/betalningsmetoder\/skrill\/#breadcrumb","itemListElement":[{"@type":"ListItem","position":1,"name":"Startseite","item":"https:\/\/casinoandy.com\/sv\/"},{"@type":"ListItem","position":2,"name":"Online Casino","item":"https:\/\/casinoandy.com\/sv\/online-casino\/"},{"@type":"ListItem","position":3,"name":"Betalningsmetoder","item":"https:\/\/casinoandy.com\/sv\/online-casino\/betalningsmetoder\/"},{"@type":"ListItem","position":4,"name":"Casino med Skrill"}]},{"@type":"WebSite","@id":"https:\/\/casinoandy.com\/sv\/#website","url":"https:\/\/casinoandy.com\/sv\/","name":"Casinoandy","description":"","publisher":{"@id":"https:\/\/casinoandy.com\/sv\/#organization"},"potentialAction":[{"@type":"SearchAction","target":{"@type":"EntryPoint","urlTemplate":"https:\/\/casinoandy.com\/sv\/?s={search_term_string}"},"query-input":{"@type":"PropertyValueSpecification","valueRequired":true,"valueName":"search_term_string"}}],"inLanguage":"sv-SE"},{"@type":"Organization","@id":"https:\/\/casinoandy.com\/sv\/#organization","name":"Casino Andy","url":"https:\/\/casinoandy.com\/sv\/","logo":{"@type":"ImageObject","inLanguage":"sv-SE","@id":"https:\/\/casinoandy.com\/sv\/#\/schema\/logo\/image\/","url":"http:\/\/casinoandy.yourmedia.nbcdemo.com\/wp-content\/uploads\/2020\/12\/casino-andy-logo-1.png","contentUrl":"http:\/\/casinoandy.yourmedia.nbcdemo.com\/wp-content\/uploads\/2020\/12\/casino-andy-logo-1.png","width":367,"height":195,"caption":"Casino Andy"},"image":{"@id":"https:\/\/casinoandy.com\/sv\/#\/schema\/logo\/image\/"}}]}},"_links":{"self":[{"href":"https:\/\/casinoandy.com\/sv\/wp-json\/wp\/v2\/pages\/71","targetHints":{"allow":["GET"]}}],"collection":[{"href":"https:\/\/casinoandy.com\/sv\/wp-json\/wp\/v2\/pages"}],"about":[{"href":"https:\/\/casinoandy.com\/sv\/wp-json\/wp\/v2\/types\/page"}],"author":[{"embeddable":true,"href":"https:\/\/casinoandy.com\/sv\/wp-json\/wp\/v2\/users\/4"}],"replies":[{"embeddable":true,"href":"https:\/\/casinoandy.com\/sv\/wp-json\/wp\/v2\/comments?post=71"}],"version-history":[{"count":4,"href":"https:\/\/casinoandy.com\/sv\/wp-json\/wp\/v2\/pages\/71\/revisions"}],"predecessor-version":[{"id":1115,"href":"https:\/\/casinoandy.com\/sv\/wp-json\/wp\/v2\/pages\/71\/revisions\/1115"}],"up":[{"embeddable":true,"href":"https:\/\/casinoandy.com\/sv\/wp-json\/wp\/v2\/pages\/58"}],"wp:attachment":[{"href":"https:\/\/casinoandy.com\/sv\/wp-json\/wp\/v2\/media?parent=71"}],"curies":[{"name":"wp","href":"https:\/\/api.w.org\/{rel}","templated":true}]}}