{"id":76,"date":"2020-12-01T18:23:47","date_gmt":"2020-12-01T17:23:47","guid":{"rendered":"http:\/\/casinoandy.com\/?page_id=76"},"modified":"2024-12-19T11:46:04","modified_gmt":"2024-12-19T10:46:04","slug":"swish","status":"publish","type":"page","link":"https:\/\/casinoandy.com\/sv\/online-casino\/betalningsmetoder\/swish\/","title":{"rendered":"Casino med Swish"},"content":{"rendered":"\n<h1 class=\"wp-block-heading\">Casino med Swish<\/h1>\n\n\n\n<p>Swish \u00e4r en mobilapp f\u00f6r snabba \u00f6verf\u00f6ringar av pengar som anv\u00e4nds av omkring sju miljoner privatpersoner och 200 000 f\u00f6retag i Sverige. Utvecklingen har g\u00e5tt extremt fort sedan tj\u00e4nsten introducerades 2012. N\u00e5got som \u00e4r v\u00e4ldigt intressant f\u00f6r oss \u00e4r att Swish just nu h\u00e5ller p\u00e5 att sl\u00e5 igenom som betalningsl\u00f6sning p\u00e5 casinon. Listan \u00f6ver casinon med Swish blir l\u00e4ngre f\u00f6r varje m\u00e5nad!<\/p>\n\n\n\n<h2 class=\"wp-block-heading\">Swish casinon \u2013 Lista 2024<\/h2>\n\n\n<ol class=\"card-list\"><li class=\"card-list-item\">\n    <div class=\"casino-card\">\n\n        <div class=\"logo-name\">\n            <div class=\"logo\">\n                <img decoding=\"async\" src=\"https:\/\/casinoandy.com\/wp-content\/uploads\/2021\/09\/Lyllo-Casino.png\" alt=\"Lyllo Casino\" width=\"160\" height=\"72\" loading=\"lazy\"\/>\n            <\/div>\n            <div class=\"name\">\n                <div class=\"score\">\n                    <svg class=\"star\"><use xlink:href=\"https:\/\/casinoandy.com\/wp-content\/themes\/affilliate-theme-one\/assets\/dist\/img\/stars.svg#star-full\"><\/use><\/svg><svg class=\"star\"><use xlink:href=\"https:\/\/casinoandy.com\/wp-content\/themes\/affilliate-theme-one\/assets\/dist\/img\/stars.svg#star-full\"><\/use><\/svg><svg class=\"star\"><use xlink:href=\"https:\/\/casinoandy.com\/wp-content\/themes\/affilliate-theme-one\/assets\/dist\/img\/stars.svg#star-full\"><\/use><\/svg><svg class=\"star\"><use xlink:href=\"https:\/\/casinoandy.com\/wp-content\/themes\/affilliate-theme-one\/assets\/dist\/img\/stars.svg#star-full\"><\/use><\/svg><svg class=\"star\"><use xlink:href=\"https:\/\/casinoandy.com\/wp-content\/themes\/affilliate-theme-one\/assets\/dist\/img\/stars.svg#star-full\"><\/use><\/svg>\n                <\/div>\n                Lyllo Casino\n            <\/div>\n        <\/div>\n\n\n        <div class=\"info\">\n            <div class=\"items\">\n                <ul class=\"bullet-list\">\n                    <li>Snabb registrering<\/li><li>200 FreeSpins<\/li><li>Swish & Trustly<\/li>\n                <\/ul>\n            <\/div>\n        <\/div>\n        <div class=\"cta\">\n            <a href=\"\/ref\/4036\" class=\"button\" target=\"_blank\" rel=\"nofollow\">Till Casinot<\/a>\n        <\/div>\n\n        <div class=\"terms\">18+ | Spela ansvarsfullt | www.stodlinjen.se |<a href=\"\/toc\/4036\" rel=\"nofollow\" target=\"_blank\"> Regler & Villkor g\u00e4ller<\/a><\/div>\n    <\/div>\n<\/li>\n<li class=\"card-list-item\">\n    <div class=\"casino-card\">\n\n        <div class=\"logo-name\">\n            <div class=\"logo\">\n                <img decoding=\"async\" src=\"https:\/\/casinoandy.com\/wp-content\/uploads\/2020\/12\/jalla.png\" alt=\"Jalla Casino\" width=\"500\" height=\"370\" loading=\"lazy\"\/>\n            <\/div>\n            <div class=\"name\">\n                <div class=\"score\">\n                    <svg class=\"star\"><use xlink:href=\"https:\/\/casinoandy.com\/wp-content\/themes\/affilliate-theme-one\/assets\/dist\/img\/stars.svg#star-full\"><\/use><\/svg><svg class=\"star\"><use xlink:href=\"https:\/\/casinoandy.com\/wp-content\/themes\/affilliate-theme-one\/assets\/dist\/img\/stars.svg#star-full\"><\/use><\/svg><svg class=\"star\"><use xlink:href=\"https:\/\/casinoandy.com\/wp-content\/themes\/affilliate-theme-one\/assets\/dist\/img\/stars.svg#star-full\"><\/use><\/svg><svg class=\"star\"><use xlink:href=\"https:\/\/casinoandy.com\/wp-content\/themes\/affilliate-theme-one\/assets\/dist\/img\/stars.svg#star-full\"><\/use><\/svg><svg class=\"star\"><use xlink:href=\"https:\/\/casinoandy.com\/wp-content\/themes\/affilliate-theme-one\/assets\/dist\/img\/stars.svg#star-full\"><\/use><\/svg>\n                <\/div>\n                Jalla Casino\n            <\/div>\n        <\/div>\n\n\n        <div class=\"info\">\n            <div class=\"items\">\n                <ul class=\"bullet-list\">\n                    <li>Pay'n'Play Casino<\/li><li>Swish & Trustly<\/li>\n                <\/ul>\n            <\/div>\n        <\/div>\n        <div class=\"cta\">\n            <a href=\"\/ref\/321\" class=\"button\" target=\"_blank\" rel=\"nofollow\">Till Casinot<\/a>\n        <\/div>\n\n        <div class=\"terms\">18+ | Spela ansvarsfullt | www.stodlinjen.se |<a href=\"\/toc\/321\" rel=\"nofollow\" target=\"_blank\"> Regler & Villkor g\u00e4ller<\/a><\/div>\n    <\/div>\n<\/li>\n<\/ol>\n\n\n\n<p>I korthet handlar det om att Swish g\u00f6r det m\u00f6jligt att betala om man bara k\u00e4nner till mottagarens telefonnummer. Idag spelar de flesta som gillar casinon fr\u00e5n sin mobil. Det \u00e4r naturligtvis v\u00e4ldigt smidigt att kunna anv\u00e4nda mobilen \u00e4ven n\u00e4r man g\u00f6r en \u00f6verf\u00f6ring och utan att man beh\u00f6ver logga in n\u00e5gon annanstans. Metoden \u00e4r s\u00e5 s\u00e4ker att den godk\u00e4nns av svenska Spelinspektionen. M\u00e5nga svenska casinon med licens anv\u00e4nder Swish som komplement till vanlig bank\u00f6verf\u00f6ring med Trustly och BankID. Och de b\u00e4sta casinon med Swish, som listat p\u00e5 denna sida, g\u00f6r inget undantag. <\/p>\n\n\n\n<p>Att spela p\u00e5 casinon med Swish har blivit v\u00e4ldigt popul\u00e4rt de senaste \u00e5ren. Det handlar mycket om att Swish \u00e4r en betalningsmetod som \u00e4r v\u00e4lk\u00e4nd hos den svenska befolkningen. N\u00e4stan alla svenskar har sitt bankkonto kopplat till Swish och anv\u00e4nder tj\u00e4nsten till vardags. Swish och online casinon \u00e4r en perfekt kombination d\u00e5 det m\u00f6jligg\u00f6r blixtsnabba och helt s\u00e4kra betalningar. Hos <a href=\"https:\/\/casinomedswish.se\">casinomedswish.se<\/a> kan du finna mer information mer om alla casinon med Swish. <\/p>\n\n\n\n<h2 class=\"wp-block-heading\">Nackdelar med Swish p\u00e5 casino<\/h2>\n\n\n\n<p>\u00c4ven om du inte anv\u00e4nder Swish s\u00e5 \u00e4r det naturligtvis inte negativt f\u00f6r dig att metoden finns tillg\u00e4nglig. Det vore en annan sak om ett casino med Swish inte erbj\u00f6d n\u00e5gon annan metod \u00f6verhuvudtaget. Men s\u00e5 \u00e4r det allts\u00e5 inte. En nackdel man pratar om n\u00e4r det g\u00e4ller Swish casinon \u00e4r att det n\u00e4stan \u00e4r f\u00f6r l\u00e4tt att betala med mobilen. Det kan man hantera genom att anv\u00e4nda beloppsgr\u00e4nserna eller begr\u00e4nsa sin spelbudget.<\/p>\n\n\n\n<p>Swish finns bara p\u00e5 svenska casinon med licens. Spelinspektionen motverkar att svenska spelare spelar p\u00e5 casinon som lyder under en annan licens \u00e4n den svenska. Det \u00e4r inte s\u00e4kert att Swish kommer att fungera p\u00e5 utl\u00e4ndska casinon ens om metoden sl\u00e5r igenom p\u00e5 bred front utanf\u00f6r Sveriges gr\u00e4nser.<\/p>\n\n\n\n<h2 class=\"wp-block-heading\">F\u00f6rdelar med Swish p\u00e5 casino<\/h2>\n\n\n\n<p>N\u00e4r det g\u00e4ller metoder f\u00f6r att s\u00e4tta in och ta ut pengar p\u00e5 casino \u00e4r det ett par saker som avg\u00f6r ifall metoden \u00e4r bra eller inte:<\/p>\n\n\n<div class=\"wp-block-image\">\n<figure class=\"alignleft size-large\"><img loading=\"lazy\" decoding=\"async\" width=\"800\" height=\"500\" src=\"http:\/\/casinoandy.com\/wp-content\/uploads\/2020\/12\/casino-med-swish.png\" alt=\"Swish casinon\" class=\"wp-image-526\" srcset=\"https:\/\/casinoandy.com\/wp-content\/uploads\/2020\/12\/casino-med-swish.png 800w, https:\/\/casinoandy.com\/wp-content\/uploads\/2020\/12\/casino-med-swish-300x188.png 300w, https:\/\/casinoandy.com\/wp-content\/uploads\/2020\/12\/casino-med-swish-768x480.png 768w\" sizes=\"auto, (max-width: 800px) 100vw, 800px\" \/><\/figure>\n<\/div>\n\n\n<ul class=\"wp-block-list\">\n<li><strong>en?<\/strong><\/li>\n\n\n\n<li><strong>Hur kr\u00e5ngligt \u00e4r det att \u00f6verf\u00f6ra pengar med metoden?<\/strong><\/li>\n\n\n\n<li><strong>\u00c4r \u00f6verf\u00f6ringen s\u00e4ker?<\/strong><\/li>\n\n\n\n<li><strong>Kostar det n\u00e5got att anv\u00e4nda tj\u00e4nsten?<\/strong><\/li>\n\n\n\n<li><strong>Hur stora belopp kan man hantera?<\/strong><\/li>\n<\/ul>\n\n\n\n<p>En \u00f6verf\u00f6ring med Swish \u00e4r omedelbar. Om b\u00e5de du och mottagaren har Swish \u00e4r det ett av de mest effektiva systemen f\u00f6r ekonomiska transaktioner. Som alltid kan det finnas en viss tr\u00f6skel man beh\u00f6ver ta sig \u00f6ver innan man \u00e4r bekv\u00e4m med ny teknik. Det g\u00e4ller inte minst n\u00e4r pengar \u00e4r inblandat och det kan k\u00e4nnas som att mycket st\u00e5r p\u00e5 spel. N\u00e4r du v\u00e4l l\u00e4rt dig hur Swish fungerar \u00e4r det dock otroligt enkelt. Det tar bara n\u00e5gra sekunder att &#8221;Swisha&#8221;.<\/p>\n\n\n\n<p>Du kan anv\u00e4nda Swish utan att n\u00e5gra l\u00f6senord lagras i den enhet du anv\u00e4nder. All trafik krypteras och det \u00e4r lika s\u00e4kert att anv\u00e4nda Swish som att g\u00f6ra en vanlig bank\u00f6verf\u00f6ring. F\u00f6r att du ska r\u00e5ka illa ut som anv\u00e4ndare av Swish kr\u00e4vs det att samma person kommer \u00f6ver eller tilltvingar sig b\u00e5de ditt BankID och din mobiltelefon. Om du sj\u00e4lv g\u00f6r ett misstag och swishar pengar till fel mottagare har du r\u00e4tt att f\u00e5 pengarna tillbaka men det kan vara en tids- och arbetskr\u00e4vande process.<\/p>\n\n\n\n<p>F\u00f6r privatpersoner \u00e4r det gratis att betala till casinon med Swish. Det finns heller ingen \u00e5rsavgift. Swish \u00e4r helt enkelt en tj\u00e4nst som banker erbjuder eftersom det finns en efterfr\u00e5gan samtidigt som det \u00e4r praktiskt \u00e4ven f\u00f6r banken. Om du vill kunna betala mer \u00e4n 10 000 kronor med Swish m\u00e5ste betalningen ha f\u00f6rhandsregistrerats i din internetbank. Du kan ocks\u00e5 s\u00e4tta dina egna beloppsgr\u00e4nser direkt i appen.<\/p>\n\n\n\n<h2 class=\"wp-block-heading\">S\u00e5 anv\u00e4nder du Swish p\u00e5 casino<\/h2>\n\n\n\n<p>En f\u00f6ruts\u00e4ttning f\u00f6r att du ska kunna betala med Swish \u00e4r att du har en mobiltelefon och ett Swishkonto. Du kan skapa ett sj\u00e4lv hos Swish online eller be att din bank ordnar det \u00e5t dig. N\u00e4r du v\u00e4l har ett s\u00e5dant konto laddar du ner Swish-appen fr\u00e5n Google Play eller iTunes. Sen \u00e4r du redo att \u00f6verf\u00f6ra pengar till ditt konto p\u00e5 ett casino med Swish! F\u00f6rutom appen och ett konto i en bank som accepterar Swish beh\u00f6ver du mobilt BankID och ett svenskt personnummer f\u00f6r att kunna anv\u00e4nda tj\u00e4nsten.<br>H\u00e4r kan du l\u00e4sa mer om <a href=\"http:\/\/casinoandy.com\/online-casino\/bankid\/\">casinon med BankID<\/a>.<\/p>\n\n\n\n<h2 class=\"wp-block-heading\">Swish har blivit s\u00e5 enormt popul\u00e4rt p\u00e5 n\u00e4tcasinon<\/h2>\n\n\n\n<p>Sverige \u00e4r p\u00e5 v\u00e4g att bli det f\u00f6rsta kontantl\u00f6sa landet i v\u00e4rlden. Det finns stora f\u00f6rdelar med att det \u00e4r f\u00e4rre kontanter i omlopp. En nackdel \u00e4r dock att det saknats en motsvarighet till att ha mynt eller n\u00e5gra sedlar i fickan f\u00f6r sm\u00e5 och snabba betalningar. N\u00e4r Swish lanserades fyllde metoden den luckan. Med Swish g\u00e5r det att betala direkt och s\u00e4kert i sammanhang d\u00e4r det inte finns m\u00f6jlighet att g\u00f6ra det med till exempel kort. Det faktum att Swish snabbt n\u00e5dde en kritisk massa av anv\u00e4ndare och blev ett etablerat fenomen bidrog till den positiva utvecklingen. N\u00e4stan alla <a href=\"http:\/\/casinoandy.com\/online-casino\/nya\/\">nya casinon<\/a> har Swish som betalningsmetod.<\/p>\n\n\n\n<p>F\u00f6rutom att det \u00e4r v\u00e4ldigt smidigt att kunna betala p\u00e5 ett Swish casino med mobilen \u00e4r det bra att det g\u00e5r s\u00e5 fort att betala med Swish. Du kan till exempel agera snabbt om du ser ett bra odds p\u00e5 en bettingsajt eller ett erbjudande p\u00e5 ett nytt casino som verkar sp\u00e4nnande.<\/p>\n","protected":false},"excerpt":{"rendered":"<p>Casino med Swish Swish \u00e4r en mobilapp f\u00f6r snabba \u00f6verf\u00f6ringar av pengar som anv\u00e4nds av omkring sju miljoner privatpersoner och&#8230;<\/p>\n","protected":false},"author":4,"featured_media":0,"parent":58,"menu_order":0,"comment_status":"closed","ping_status":"closed","template":"","meta":{"_acf_changed":false,"footnotes":""},"class_list":["post-76","page","type-page","status-publish","hentry"],"acf":[],"yoast_head":"<!-- This site is optimized with the Yoast SEO plugin v27.0 - https:\/\/yoast.com\/product\/yoast-seo-wordpress\/ -->\n<title>Casino med Swish (2024) &gt;&gt; Finns Swish p\u00e5 utl\u00e4ndska casinon?<\/title>\n<meta name=\"description\" content=\"Swish fungerar bara p\u00e5 svenska casinon. Casinon som saknar svensk spellicens kan inte erbjuda ins\u00e4ttningar via Swish. L\u00e4s mer h\u00e4r.\" \/>\n<meta name=\"robots\" content=\"index, follow, max-snippet:-1, max-image-preview:large, max-video-preview:-1\" \/>\n<link rel=\"canonical\" href=\"https:\/\/casinoandy.com\/sv\/online-casino\/betalningsmetoder\/swish\/\" \/>\n<meta property=\"og:locale\" content=\"sv_SE\" \/>\n<meta property=\"og:type\" content=\"article\" \/>\n<meta property=\"og:title\" content=\"Casino med Swish (2024) &gt;&gt; Finns Swish p\u00e5 utl\u00e4ndska casinon?\" \/>\n<meta property=\"og:description\" content=\"Swish fungerar bara p\u00e5 svenska casinon. Casinon som saknar svensk spellicens kan inte erbjuda ins\u00e4ttningar via Swish. L\u00e4s mer h\u00e4r.\" \/>\n<meta property=\"og:url\" content=\"https:\/\/casinoandy.com\/sv\/online-casino\/betalningsmetoder\/swish\/\" \/>\n<meta property=\"og:site_name\" content=\"Casinoandy\" \/>\n<meta property=\"article:modified_time\" content=\"2024-12-19T10:46:04+00:00\" \/>\n<meta property=\"og:image\" content=\"http:\/\/casinoandy.com\/wp-content\/uploads\/2020\/12\/casino-med-swish.png\" \/>\n<meta name=\"twitter:card\" content=\"summary_large_image\" \/>\n<meta name=\"twitter:label1\" content=\"Ber\u00e4knad l\u00e4stid\" \/>\n\t<meta name=\"twitter:data1\" content=\"5 minuter\" \/>\n<script type=\"application\/ld+json\" class=\"yoast-schema-graph\">{\"@context\":\"https:\/\/schema.org\",\"@graph\":[{\"@type\":\"WebPage\",\"@id\":\"https:\/\/casinoandy.com\/sv\/online-casino\/betalningsmetoder\/swish\/\",\"url\":\"https:\/\/casinoandy.com\/sv\/online-casino\/betalningsmetoder\/swish\/\",\"name\":\"Casino med Swish (2024) >> Finns Swish p\u00e5 utl\u00e4ndska casinon?\",\"isPartOf\":{\"@id\":\"https:\/\/casinoandy.com\/sv\/#website\"},\"primaryImageOfPage\":{\"@id\":\"https:\/\/casinoandy.com\/sv\/online-casino\/betalningsmetoder\/swish\/#primaryimage\"},\"image\":{\"@id\":\"https:\/\/casinoandy.com\/sv\/online-casino\/betalningsmetoder\/swish\/#primaryimage\"},\"thumbnailUrl\":\"http:\/\/casinoandy.com\/wp-content\/uploads\/2020\/12\/casino-med-swish.png\",\"datePublished\":\"2020-12-01T17:23:47+00:00\",\"dateModified\":\"2024-12-19T10:46:04+00:00\",\"description\":\"Swish fungerar bara p\u00e5 svenska casinon. Casinon som saknar svensk spellicens kan inte erbjuda ins\u00e4ttningar via Swish. L\u00e4s mer h\u00e4r.\",\"breadcrumb\":{\"@id\":\"https:\/\/casinoandy.com\/sv\/online-casino\/betalningsmetoder\/swish\/#breadcrumb\"},\"inLanguage\":\"sv-SE\",\"potentialAction\":[{\"@type\":\"ReadAction\",\"target\":[\"https:\/\/casinoandy.com\/sv\/online-casino\/betalningsmetoder\/swish\/\"]}]},{\"@type\":\"ImageObject\",\"inLanguage\":\"sv-SE\",\"@id\":\"https:\/\/casinoandy.com\/sv\/online-casino\/betalningsmetoder\/swish\/#primaryimage\",\"url\":\"http:\/\/casinoandy.com\/wp-content\/uploads\/2020\/12\/casino-med-swish.png\",\"contentUrl\":\"http:\/\/casinoandy.com\/wp-content\/uploads\/2020\/12\/casino-med-swish.png\"},{\"@type\":\"BreadcrumbList\",\"@id\":\"https:\/\/casinoandy.com\/sv\/online-casino\/betalningsmetoder\/swish\/#breadcrumb\",\"itemListElement\":[{\"@type\":\"ListItem\",\"position\":1,\"name\":\"Startseite\",\"item\":\"https:\/\/casinoandy.com\/sv\/\"},{\"@type\":\"ListItem\",\"position\":2,\"name\":\"Online Casino\",\"item\":\"https:\/\/casinoandy.com\/sv\/online-casino\/\"},{\"@type\":\"ListItem\",\"position\":3,\"name\":\"Betalningsmetoder\",\"item\":\"https:\/\/casinoandy.com\/sv\/online-casino\/betalningsmetoder\/\"},{\"@type\":\"ListItem\",\"position\":4,\"name\":\"Casino med Swish\"}]},{\"@type\":\"WebSite\",\"@id\":\"https:\/\/casinoandy.com\/sv\/#website\",\"url\":\"https:\/\/casinoandy.com\/sv\/\",\"name\":\"Casinoandy\",\"description\":\"\",\"publisher\":{\"@id\":\"https:\/\/casinoandy.com\/sv\/#organization\"},\"potentialAction\":[{\"@type\":\"SearchAction\",\"target\":{\"@type\":\"EntryPoint\",\"urlTemplate\":\"https:\/\/casinoandy.com\/sv\/?s={search_term_string}\"},\"query-input\":{\"@type\":\"PropertyValueSpecification\",\"valueRequired\":true,\"valueName\":\"search_term_string\"}}],\"inLanguage\":\"sv-SE\"},{\"@type\":\"Organization\",\"@id\":\"https:\/\/casinoandy.com\/sv\/#organization\",\"name\":\"Casino Andy\",\"url\":\"https:\/\/casinoandy.com\/sv\/\",\"logo\":{\"@type\":\"ImageObject\",\"inLanguage\":\"sv-SE\",\"@id\":\"https:\/\/casinoandy.com\/sv\/#\/schema\/logo\/image\/\",\"url\":\"http:\/\/casinoandy.yourmedia.nbcdemo.com\/wp-content\/uploads\/2020\/12\/casino-andy-logo-1.png\",\"contentUrl\":\"http:\/\/casinoandy.yourmedia.nbcdemo.com\/wp-content\/uploads\/2020\/12\/casino-andy-logo-1.png\",\"width\":367,\"height\":195,\"caption\":\"Casino Andy\"},\"image\":{\"@id\":\"https:\/\/casinoandy.com\/sv\/#\/schema\/logo\/image\/\"}}]}<\/script>\n<!-- \/ Yoast SEO plugin. -->","yoast_head_json":{"title":"Casino med Swish (2024) >> Finns Swish p\u00e5 utl\u00e4ndska casinon?","description":"Swish fungerar bara p\u00e5 svenska casinon. Casinon som saknar svensk spellicens kan inte erbjuda ins\u00e4ttningar via Swish. L\u00e4s mer h\u00e4r.","robots":{"index":"index","follow":"follow","max-snippet":"max-snippet:-1","max-image-preview":"max-image-preview:large","max-video-preview":"max-video-preview:-1"},"canonical":"https:\/\/casinoandy.com\/sv\/online-casino\/betalningsmetoder\/swish\/","og_locale":"sv_SE","og_type":"article","og_title":"Casino med Swish (2024) >> Finns Swish p\u00e5 utl\u00e4ndska casinon?","og_description":"Swish fungerar bara p\u00e5 svenska casinon. Casinon som saknar svensk spellicens kan inte erbjuda ins\u00e4ttningar via Swish. L\u00e4s mer h\u00e4r.","og_url":"https:\/\/casinoandy.com\/sv\/online-casino\/betalningsmetoder\/swish\/","og_site_name":"Casinoandy","article_modified_time":"2024-12-19T10:46:04+00:00","og_image":[{"url":"http:\/\/casinoandy.com\/wp-content\/uploads\/2020\/12\/casino-med-swish.png","type":"","width":"","height":""}],"twitter_card":"summary_large_image","twitter_misc":{"Ber\u00e4knad l\u00e4stid":"5 minuter"},"schema":{"@context":"https:\/\/schema.org","@graph":[{"@type":"WebPage","@id":"https:\/\/casinoandy.com\/sv\/online-casino\/betalningsmetoder\/swish\/","url":"https:\/\/casinoandy.com\/sv\/online-casino\/betalningsmetoder\/swish\/","name":"Casino med Swish (2024) >> Finns Swish p\u00e5 utl\u00e4ndska casinon?","isPartOf":{"@id":"https:\/\/casinoandy.com\/sv\/#website"},"primaryImageOfPage":{"@id":"https:\/\/casinoandy.com\/sv\/online-casino\/betalningsmetoder\/swish\/#primaryimage"},"image":{"@id":"https:\/\/casinoandy.com\/sv\/online-casino\/betalningsmetoder\/swish\/#primaryimage"},"thumbnailUrl":"http:\/\/casinoandy.com\/wp-content\/uploads\/2020\/12\/casino-med-swish.png","datePublished":"2020-12-01T17:23:47+00:00","dateModified":"2024-12-19T10:46:04+00:00","description":"Swish fungerar bara p\u00e5 svenska casinon. Casinon som saknar svensk spellicens kan inte erbjuda ins\u00e4ttningar via Swish. L\u00e4s mer h\u00e4r.","breadcrumb":{"@id":"https:\/\/casinoandy.com\/sv\/online-casino\/betalningsmetoder\/swish\/#breadcrumb"},"inLanguage":"sv-SE","potentialAction":[{"@type":"ReadAction","target":["https:\/\/casinoandy.com\/sv\/online-casino\/betalningsmetoder\/swish\/"]}]},{"@type":"ImageObject","inLanguage":"sv-SE","@id":"https:\/\/casinoandy.com\/sv\/online-casino\/betalningsmetoder\/swish\/#primaryimage","url":"http:\/\/casinoandy.com\/wp-content\/uploads\/2020\/12\/casino-med-swish.png","contentUrl":"http:\/\/casinoandy.com\/wp-content\/uploads\/2020\/12\/casino-med-swish.png"},{"@type":"BreadcrumbList","@id":"https:\/\/casinoandy.com\/sv\/online-casino\/betalningsmetoder\/swish\/#breadcrumb","itemListElement":[{"@type":"ListItem","position":1,"name":"Startseite","item":"https:\/\/casinoandy.com\/sv\/"},{"@type":"ListItem","position":2,"name":"Online Casino","item":"https:\/\/casinoandy.com\/sv\/online-casino\/"},{"@type":"ListItem","position":3,"name":"Betalningsmetoder","item":"https:\/\/casinoandy.com\/sv\/online-casino\/betalningsmetoder\/"},{"@type":"ListItem","position":4,"name":"Casino med Swish"}]},{"@type":"WebSite","@id":"https:\/\/casinoandy.com\/sv\/#website","url":"https:\/\/casinoandy.com\/sv\/","name":"Casinoandy","description":"","publisher":{"@id":"https:\/\/casinoandy.com\/sv\/#organization"},"potentialAction":[{"@type":"SearchAction","target":{"@type":"EntryPoint","urlTemplate":"https:\/\/casinoandy.com\/sv\/?s={search_term_string}"},"query-input":{"@type":"PropertyValueSpecification","valueRequired":true,"valueName":"search_term_string"}}],"inLanguage":"sv-SE"},{"@type":"Organization","@id":"https:\/\/casinoandy.com\/sv\/#organization","name":"Casino Andy","url":"https:\/\/casinoandy.com\/sv\/","logo":{"@type":"ImageObject","inLanguage":"sv-SE","@id":"https:\/\/casinoandy.com\/sv\/#\/schema\/logo\/image\/","url":"http:\/\/casinoandy.yourmedia.nbcdemo.com\/wp-content\/uploads\/2020\/12\/casino-andy-logo-1.png","contentUrl":"http:\/\/casinoandy.yourmedia.nbcdemo.com\/wp-content\/uploads\/2020\/12\/casino-andy-logo-1.png","width":367,"height":195,"caption":"Casino Andy"},"image":{"@id":"https:\/\/casinoandy.com\/sv\/#\/schema\/logo\/image\/"}}]}},"_links":{"self":[{"href":"https:\/\/casinoandy.com\/sv\/wp-json\/wp\/v2\/pages\/76","targetHints":{"allow":["GET"]}}],"collection":[{"href":"https:\/\/casinoandy.com\/sv\/wp-json\/wp\/v2\/pages"}],"about":[{"href":"https:\/\/casinoandy.com\/sv\/wp-json\/wp\/v2\/types\/page"}],"author":[{"embeddable":true,"href":"https:\/\/casinoandy.com\/sv\/wp-json\/wp\/v2\/users\/4"}],"replies":[{"embeddable":true,"href":"https:\/\/casinoandy.com\/sv\/wp-json\/wp\/v2\/comments?post=76"}],"version-history":[{"count":13,"href":"https:\/\/casinoandy.com\/sv\/wp-json\/wp\/v2\/pages\/76\/revisions"}],"predecessor-version":[{"id":8752,"href":"https:\/\/casinoandy.com\/sv\/wp-json\/wp\/v2\/pages\/76\/revisions\/8752"}],"up":[{"embeddable":true,"href":"https:\/\/casinoandy.com\/sv\/wp-json\/wp\/v2\/pages\/58"}],"wp:attachment":[{"href":"https:\/\/casinoandy.com\/sv\/wp-json\/wp\/v2\/media?parent=76"}],"curies":[{"name":"wp","href":"https:\/\/api.w.org\/{rel}","templated":true}]}}