{"id":80,"date":"2020-12-01T18:27:25","date_gmt":"2020-12-01T17:27:25","guid":{"rendered":"http:\/\/casinoandy.com\/?page_id=80"},"modified":"2022-04-01T11:39:25","modified_gmt":"2022-04-01T09:39:25","slug":"zimpler","status":"publish","type":"page","link":"https:\/\/casinoandy.com\/sv\/online-casino\/betalningsmetoder\/zimpler\/","title":{"rendered":"Casino med Zimpler"},"content":{"rendered":"\n<h1 class=\"wp-block-heading\">Casino med Zimpler<\/h1>\n\n\n\n<p>Zimpler \u00e4r en betall\u00f6sning som lanserades 2016 och som innebar att du kunde g\u00f6ra snabba och bekv\u00e4ma \u00f6verf\u00f6ringar med en mobiltelefon. En transaktion du genomf\u00f6r med Zimpler \u00e4r krypterad och det sparas ingen information online eller i din enhet. I och med det \u00e4r det mycket s\u00e4kert att betala eller ta ut pengar p\u00e5 ett casino med Zimpler. Metoden blev tidigt v\u00e4ldigt popul\u00e4r bland n\u00e4tcasinon och finns tillg\u00e4ngligt p\u00e5 b\u00e5de <a href=\"http:\/\/casinoandy.com\/online-casino\/utan-svensk-licens\/\">casinon utan licens<\/a> och p\u00e5 vanliga <a href=\"http:\/\/casinoandy.com\/online-casino\/\">svenska online casinon<\/a>. Det finns dock andra system som \u00e4r lika bra som Zimpler eller lite b\u00e4ttre.<\/p>\n\n\n\n<h2 class=\"wp-block-heading\">Inte bara betalningar<\/h2>\n\n\n\n<p>Zimpler kan anv\u00e4ndas ihop med fiffiga till\u00e4ggstj\u00e4nster som till exempel Zimpler budget som hj\u00e4lper dig att h\u00e5lla ordning p\u00e5 din ekonomi. Den funktionen \u00e4r extra anv\u00e4ndbar n\u00e4r du spelar p\u00e5 ett casino med Zimpler och vill ha kontroll \u00f6ver hur mycket du spelar f\u00f6r. Annars kan det l\u00e4tt h\u00e4nda att det blir lite f\u00f6r mycket om du dras med i sp\u00e4nningen. Zimpler \u00e4r allts\u00e5 inte bara en enkel betall\u00f6sning utan ett kraftfullt verktyg som g\u00f6r det enklare f\u00f6r dig att sk\u00f6ta din ekonomi.<\/p>\n\n\n\n<p>Zimpler arbetar utifr\u00e5n en princip som de kallar f\u00f6r finansiellt v\u00e4lm\u00e5ende. Det handlar om att lansera funktioner som f\u00e5r dig att k\u00e4nna mer motivation att ta positiva ekonomiska beslut samtidigt som din stress inf\u00f6r det som har med ekonomi att g\u00f6ra minskar.<\/p>\n\n\n\n<h2 class=\"wp-block-heading\">S\u00e5 fungerar ett casino med Zimpler<\/h2>\n\n\n\n<div class=\"schema-how-to wp-block-yoast-how-to-block\"><p class=\"schema-how-to-description\">Du kan skapa ett Zimpler-konto genom att uppge ditt mobilnummer och sedan identifiera dig med den kod som du f\u00e5r skickad till dig. Du beh\u00f6ver inte uppge personnummer eller n\u00e5gon annan k\u00e4nslig information. S\u00e5 h\u00e4r betalar du p\u00e5 enklast m\u00f6jliga s\u00e4tt p\u00e5 ett Zimpler casino n\u00e4r du v\u00e4l har ett konto:<\/p> <ol class=\"schema-how-to-steps\"><li class=\"schema-how-to-step\" id=\"how-to-step-1585751960039\"><strong class=\"schema-how-to-step-name\">V\u00e4lj ett casino med Zimpler<\/strong> <p class=\"schema-how-to-step-text\"><\/p> <\/li><li class=\"schema-how-to-step\" id=\"how-to-step-1585751987482\"><strong class=\"schema-how-to-step-name\">V\u00e4lj Zimpler faktura bland de betalningsalternativ som casinot erbjuder<\/strong> <p class=\"schema-how-to-step-text\"><\/p> <\/li><li class=\"schema-how-to-step\" id=\"how-to-step-1585751994235\"><strong class=\"schema-how-to-step-name\">Logga in med det mobiltelefonnummer du registrerat hos Zimpler och en fyrsiffrig kod som skickas med sms<\/strong> <p class=\"schema-how-to-step-text\"><\/p> <\/li><li class=\"schema-how-to-step\" id=\"how-to-step-1585752007994\"><strong class=\"schema-how-to-step-name\">S\u00e4tt in det belopp du \u00f6nskar spela f\u00f6r<\/strong> <p class=\"schema-how-to-step-text\"><\/p> <\/li><li class=\"schema-how-to-step\" id=\"how-to-step-1585752009952\"><strong class=\"schema-how-to-step-name\">Verifiera din betalning via sms<\/strong> <p class=\"schema-how-to-step-text\"><\/p> <\/li><li class=\"schema-how-to-step\" id=\"how-to-step-1585752016969\"><strong class=\"schema-how-to-step-name\">S\u00e4tt ig\u00e5ng och spela!<\/strong> <p class=\"schema-how-to-step-text\"><\/p> <\/li><\/ol><\/div>\n\n\n\n<div class=\"wp-block-image\"><figure class=\"alignleft size-large\"><img loading=\"lazy\" decoding=\"async\" width=\"800\" height=\"500\" src=\"http:\/\/casinoandy.com\/wp-content\/uploads\/2020\/12\/casino-med-zimpler.png\" alt=\"Zimpler Casinon\" class=\"wp-image-536\" srcset=\"https:\/\/casinoandy.com\/wp-content\/uploads\/2020\/12\/casino-med-zimpler.png 800w, https:\/\/casinoandy.com\/wp-content\/uploads\/2020\/12\/casino-med-zimpler-300x188.png 300w, https:\/\/casinoandy.com\/wp-content\/uploads\/2020\/12\/casino-med-zimpler-768x480.png 768w\" sizes=\"auto, (max-width: 800px) 100vw, 800px\" \/><\/figure><\/div>\n\n\n\n<p>Trots att det allts\u00e5 handlar om en procedur med flera olika steg tar det inte m\u00e5nga sekunder att genomf\u00f6ra dem. Enligt statistiken tar en genomsnittlig \u00f6verf\u00f6ring p\u00e5 ett Zimpler casino inte mer \u00e4n 20 sekunder! T\u00e4nk dock p\u00e5 att du egentligen inte har betalat bara f\u00f6r att du anv\u00e4nt Zimpler. Fakturan kommer ju i efterhand och kr\u00e4ver ocks\u00e5 viss hantering fr\u00e5n dig.<\/p>\n\n\n\n<h2 class=\"wp-block-heading\">F\u00f6r- och nackdelar med Zimpler casino<\/h2>\n\n\n\n<p>N\u00e4r Zimpler lanserades innebar tj\u00e4nsten att det gick att genomf\u00f6ra betalningar och ta ut pengar p\u00e5 ett snabbare s\u00e4tt \u00e4n tidigare, om du vill kunna g\u00f6ra det med din mobiltelefon. En annan stor f\u00f6rdel var att man kunde g\u00f6ra det utan att dela personlig information med casinot. Idag kan du, genom att anv\u00e4nda BankID, skapa konto och g\u00f6ra betalningar p\u00e5 flera casinon utan svensk licens utan att beh\u00f6va ladda upp ID-handlingar eller ange kontonummer.<\/p>\n\n\n\n<p>Det \u00e4r allts\u00e5 inte lika mycket som g\u00f6r ett Zimpler casino speciellt idag. Det finns m\u00e5nga konkurrerande system f\u00f6r betalningar p\u00e5 n\u00e4tet och p\u00e5 casinon har vanliga \u00f6verf\u00f6ringar med Trustly blivit den vanligaste metoden bland MGA-casinon och andra casinon utan svensk licens inom EU. Men f\u00f6r dig som v\u00e4l b\u00f6rjat anv\u00e4nda Zimpler \u00e4r det fortfarande en mycket s\u00e4ker och effektiv metod. Det finns fortfarande anledning att h\u00e5lla utkik efter nya casinon med Zimpler.<\/p>\n\n\n\n<p>Om du inte anv\u00e4nder tj\u00e4nsten Zimpler budget och dessutom v\u00e4ljer att betala mot faktura kan du spela med pengar du inte har. Det \u00e4r en klassisk fallgrop om du inte \u00e4r disciplinerad eftersom det \u00e4r l\u00e4tt att spela f\u00f6r betydligt h\u00f6gre belopp \u00e4n du kanske t\u00e4nkt dig.<\/p>\n\n\n\n<h2 class=\"wp-block-heading\">Testa ett casino med Zimpler och betting<\/h2>\n\n\n\n<p>M\u00e5nga casinon erbjudet betting idag. Med Zimpler kan du spela \u00f6verallt med mobilen och du slipper h\u00e5lla reda p\u00e5 din bankuppgifter eller kort f\u00f6r att kunna s\u00e4tta in pengar. F\u00f6r att kunna l\u00e4gga ett spel klickar du bara p\u00e5 Zimplers logga bland betalningsalternativen och matar in en fyrsiffrig kod. Enklare \u00e4n s\u00e5 kan det knappast bli att betta p\u00e5 en sporth\u00e4ndelse eller ett annat spelobjekt.<\/p>\n\n\n\n<p>Det \u00e4r alltid trevligt att kunna g\u00f6ra sina \u00e4renden snabbt men n\u00e4r det g\u00e4ller betting finns det ytterligare en stor f\u00f6rdel. Oddsen du ser f\u00f6r\u00e4ndras hela tiden. Om det kommer upp ett odds som \u00e4r riktigt bra kan du vara s\u00e4ker p\u00e5 att du inte \u00e4r ensam om att ha uppt\u00e4ckt det. Snart kommer det att komma in spel som g\u00f6r s\u00e5 att oddset sjunker igen. Det g\u00e4ller allts\u00e5 att agera snabbt, och p\u00e5 casinon med Zimpler kan du g\u00f6ra just det.<\/p>\n","protected":false},"excerpt":{"rendered":"<p>Casino med Zimpler Zimpler \u00e4r en betall\u00f6sning som lanserades 2016 och som innebar att du kunde g\u00f6ra snabba och bekv\u00e4ma&#8230;<\/p>\n","protected":false},"author":4,"featured_media":0,"parent":58,"menu_order":0,"comment_status":"closed","ping_status":"closed","template":"","meta":{"_acf_changed":false,"footnotes":""},"class_list":["post-80","page","type-page","status-publish","hentry"],"acf":[],"yoast_head":"<!-- This site is optimized with the Yoast SEO plugin v27.0 - https:\/\/yoast.com\/product\/yoast-seo-wordpress\/ -->\n<title>Casino med Zimpler (2022) &gt;&gt; Alla casinon med Zimpler hittar du h\u00e4r!<\/title>\n<meta name=\"description\" content=\"Zimpler \u00e4r en e-wallet som man kan g\u00f6ra ins\u00e4ttningar p\u00e5 n\u00e4tcasinon med. L\u00e4s mer och hitta ditt nya casino med Zimpler h\u00e4r.\" \/>\n<meta name=\"robots\" content=\"index, follow, max-snippet:-1, max-image-preview:large, max-video-preview:-1\" \/>\n<link rel=\"canonical\" href=\"https:\/\/casinoandy.com\/sv\/online-casino\/betalningsmetoder\/zimpler\/\" \/>\n<meta property=\"og:locale\" content=\"sv_SE\" \/>\n<meta property=\"og:type\" content=\"article\" \/>\n<meta property=\"og:title\" content=\"Casino med Zimpler (2022) &gt;&gt; Alla casinon med Zimpler hittar du h\u00e4r!\" \/>\n<meta property=\"og:description\" content=\"Zimpler \u00e4r en e-wallet som man kan g\u00f6ra ins\u00e4ttningar p\u00e5 n\u00e4tcasinon med. L\u00e4s mer och hitta ditt nya casino med Zimpler h\u00e4r.\" \/>\n<meta property=\"og:url\" content=\"https:\/\/casinoandy.com\/sv\/online-casino\/betalningsmetoder\/zimpler\/\" \/>\n<meta property=\"og:site_name\" content=\"Casinoandy\" \/>\n<meta property=\"article:modified_time\" content=\"2022-04-01T09:39:25+00:00\" \/>\n<meta property=\"og:image\" content=\"http:\/\/casinoandy.com\/wp-content\/uploads\/2020\/12\/casino-med-zimpler.png\" \/>\n<meta name=\"twitter:card\" content=\"summary_large_image\" \/>\n<meta name=\"twitter:label1\" content=\"Ber\u00e4knad l\u00e4stid\" \/>\n\t<meta name=\"twitter:data1\" content=\"4 minuter\" \/>\n<script type=\"application\/ld+json\" class=\"yoast-schema-graph\">{\"@context\":\"https:\/\/schema.org\",\"@graph\":[{\"@type\":\"WebPage\",\"@id\":\"https:\/\/casinoandy.com\/sv\/online-casino\/betalningsmetoder\/zimpler\/\",\"url\":\"https:\/\/casinoandy.com\/sv\/online-casino\/betalningsmetoder\/zimpler\/\",\"name\":\"Casino med Zimpler (2022) >> Alla casinon med Zimpler hittar du h\u00e4r!\",\"isPartOf\":{\"@id\":\"https:\/\/casinoandy.com\/sv\/#website\"},\"primaryImageOfPage\":{\"@id\":\"https:\/\/casinoandy.com\/sv\/online-casino\/betalningsmetoder\/zimpler\/#primaryimage\"},\"image\":{\"@id\":\"https:\/\/casinoandy.com\/sv\/online-casino\/betalningsmetoder\/zimpler\/#primaryimage\"},\"thumbnailUrl\":\"http:\/\/casinoandy.com\/wp-content\/uploads\/2020\/12\/casino-med-zimpler.png\",\"datePublished\":\"2020-12-01T17:27:25+00:00\",\"dateModified\":\"2022-04-01T09:39:25+00:00\",\"description\":\"Zimpler \u00e4r en e-wallet som man kan g\u00f6ra ins\u00e4ttningar p\u00e5 n\u00e4tcasinon med. L\u00e4s mer och hitta ditt nya casino med Zimpler h\u00e4r.\",\"breadcrumb\":{\"@id\":\"https:\/\/casinoandy.com\/sv\/online-casino\/betalningsmetoder\/zimpler\/#breadcrumb\"},\"inLanguage\":\"sv-SE\",\"potentialAction\":[{\"@type\":\"ReadAction\",\"target\":[\"https:\/\/casinoandy.com\/sv\/online-casino\/betalningsmetoder\/zimpler\/\"]}]},{\"@type\":\"ImageObject\",\"inLanguage\":\"sv-SE\",\"@id\":\"https:\/\/casinoandy.com\/sv\/online-casino\/betalningsmetoder\/zimpler\/#primaryimage\",\"url\":\"http:\/\/casinoandy.com\/wp-content\/uploads\/2020\/12\/casino-med-zimpler.png\",\"contentUrl\":\"http:\/\/casinoandy.com\/wp-content\/uploads\/2020\/12\/casino-med-zimpler.png\"},{\"@type\":\"BreadcrumbList\",\"@id\":\"https:\/\/casinoandy.com\/sv\/online-casino\/betalningsmetoder\/zimpler\/#breadcrumb\",\"itemListElement\":[{\"@type\":\"ListItem\",\"position\":1,\"name\":\"Startseite\",\"item\":\"https:\/\/casinoandy.com\/sv\/\"},{\"@type\":\"ListItem\",\"position\":2,\"name\":\"Online Casino\",\"item\":\"https:\/\/casinoandy.com\/sv\/online-casino\/\"},{\"@type\":\"ListItem\",\"position\":3,\"name\":\"Betalningsmetoder\",\"item\":\"https:\/\/casinoandy.com\/sv\/online-casino\/betalningsmetoder\/\"},{\"@type\":\"ListItem\",\"position\":4,\"name\":\"Casino med Zimpler\"}]},{\"@type\":\"WebSite\",\"@id\":\"https:\/\/casinoandy.com\/sv\/#website\",\"url\":\"https:\/\/casinoandy.com\/sv\/\",\"name\":\"Casinoandy\",\"description\":\"\",\"publisher\":{\"@id\":\"https:\/\/casinoandy.com\/sv\/#organization\"},\"potentialAction\":[{\"@type\":\"SearchAction\",\"target\":{\"@type\":\"EntryPoint\",\"urlTemplate\":\"https:\/\/casinoandy.com\/sv\/?s={search_term_string}\"},\"query-input\":{\"@type\":\"PropertyValueSpecification\",\"valueRequired\":true,\"valueName\":\"search_term_string\"}}],\"inLanguage\":\"sv-SE\"},{\"@type\":\"Organization\",\"@id\":\"https:\/\/casinoandy.com\/sv\/#organization\",\"name\":\"Casino Andy\",\"url\":\"https:\/\/casinoandy.com\/sv\/\",\"logo\":{\"@type\":\"ImageObject\",\"inLanguage\":\"sv-SE\",\"@id\":\"https:\/\/casinoandy.com\/sv\/#\/schema\/logo\/image\/\",\"url\":\"http:\/\/casinoandy.yourmedia.nbcdemo.com\/wp-content\/uploads\/2020\/12\/casino-andy-logo-1.png\",\"contentUrl\":\"http:\/\/casinoandy.yourmedia.nbcdemo.com\/wp-content\/uploads\/2020\/12\/casino-andy-logo-1.png\",\"width\":367,\"height\":195,\"caption\":\"Casino Andy\"},\"image\":{\"@id\":\"https:\/\/casinoandy.com\/sv\/#\/schema\/logo\/image\/\"}},{\"@type\":\"HowTo\",\"@id\":\"https:\/\/casinoandy.com\/sv\/online-casino\/betalningsmetoder\/zimpler\/#howto-1\",\"name\":\"Casino med Zimpler\",\"mainEntityOfPage\":{\"@id\":\"https:\/\/casinoandy.com\/sv\/online-casino\/betalningsmetoder\/zimpler\/\"},\"description\":\"Du kan skapa ett Zimpler-konto genom att uppge ditt mobilnummer och sedan identifiera dig med den kod som du f\u00e5r skickad till dig. Du beh\u00f6ver inte uppge personnummer eller n\u00e5gon annan k\u00e4nslig information. S\u00e5 h\u00e4r betalar du p\u00e5 enklast m\u00f6jliga s\u00e4tt p\u00e5 ett Zimpler casino n\u00e4r du v\u00e4l har ett konto:\",\"step\":[{\"@type\":\"HowToStep\",\"url\":\"https:\/\/casinoandy.com\/sv\/online-casino\/betalningsmetoder\/zimpler\/#how-to-step-1585751960039\",\"text\":\"V\u00e4lj ett casino med Zimpler\"},{\"@type\":\"HowToStep\",\"url\":\"https:\/\/casinoandy.com\/sv\/online-casino\/betalningsmetoder\/zimpler\/#how-to-step-1585751987482\",\"text\":\"V\u00e4lj Zimpler faktura bland de betalningsalternativ som casinot erbjuder\"},{\"@type\":\"HowToStep\",\"url\":\"https:\/\/casinoandy.com\/sv\/online-casino\/betalningsmetoder\/zimpler\/#how-to-step-1585751994235\",\"text\":\"Logga in med det mobiltelefonnummer du registrerat hos Zimpler och en fyrsiffrig kod som skickas med sms\"},{\"@type\":\"HowToStep\",\"url\":\"https:\/\/casinoandy.com\/sv\/online-casino\/betalningsmetoder\/zimpler\/#how-to-step-1585752007994\",\"text\":\"S\u00e4tt in det belopp du \u00f6nskar spela f\u00f6r\"},{\"@type\":\"HowToStep\",\"url\":\"https:\/\/casinoandy.com\/sv\/online-casino\/betalningsmetoder\/zimpler\/#how-to-step-1585752009952\",\"text\":\"Verifiera din betalning via sms\"},{\"@type\":\"HowToStep\",\"url\":\"https:\/\/casinoandy.com\/sv\/online-casino\/betalningsmetoder\/zimpler\/#how-to-step-1585752016969\",\"text\":\"S\u00e4tt ig\u00e5ng och spela!\"}],\"inLanguage\":\"sv-SE\"}]}<\/script>\n<!-- \/ Yoast SEO plugin. -->","yoast_head_json":{"title":"Casino med Zimpler (2022) >> Alla casinon med Zimpler hittar du h\u00e4r!","description":"Zimpler \u00e4r en e-wallet som man kan g\u00f6ra ins\u00e4ttningar p\u00e5 n\u00e4tcasinon med. L\u00e4s mer och hitta ditt nya casino med Zimpler h\u00e4r.","robots":{"index":"index","follow":"follow","max-snippet":"max-snippet:-1","max-image-preview":"max-image-preview:large","max-video-preview":"max-video-preview:-1"},"canonical":"https:\/\/casinoandy.com\/sv\/online-casino\/betalningsmetoder\/zimpler\/","og_locale":"sv_SE","og_type":"article","og_title":"Casino med Zimpler (2022) >> Alla casinon med Zimpler hittar du h\u00e4r!","og_description":"Zimpler \u00e4r en e-wallet som man kan g\u00f6ra ins\u00e4ttningar p\u00e5 n\u00e4tcasinon med. L\u00e4s mer och hitta ditt nya casino med Zimpler h\u00e4r.","og_url":"https:\/\/casinoandy.com\/sv\/online-casino\/betalningsmetoder\/zimpler\/","og_site_name":"Casinoandy","article_modified_time":"2022-04-01T09:39:25+00:00","og_image":[{"url":"http:\/\/casinoandy.com\/wp-content\/uploads\/2020\/12\/casino-med-zimpler.png","type":"","width":"","height":""}],"twitter_card":"summary_large_image","twitter_misc":{"Ber\u00e4knad l\u00e4stid":"4 minuter"},"schema":{"@context":"https:\/\/schema.org","@graph":[{"@type":"WebPage","@id":"https:\/\/casinoandy.com\/sv\/online-casino\/betalningsmetoder\/zimpler\/","url":"https:\/\/casinoandy.com\/sv\/online-casino\/betalningsmetoder\/zimpler\/","name":"Casino med Zimpler (2022) >> Alla casinon med Zimpler hittar du h\u00e4r!","isPartOf":{"@id":"https:\/\/casinoandy.com\/sv\/#website"},"primaryImageOfPage":{"@id":"https:\/\/casinoandy.com\/sv\/online-casino\/betalningsmetoder\/zimpler\/#primaryimage"},"image":{"@id":"https:\/\/casinoandy.com\/sv\/online-casino\/betalningsmetoder\/zimpler\/#primaryimage"},"thumbnailUrl":"http:\/\/casinoandy.com\/wp-content\/uploads\/2020\/12\/casino-med-zimpler.png","datePublished":"2020-12-01T17:27:25+00:00","dateModified":"2022-04-01T09:39:25+00:00","description":"Zimpler \u00e4r en e-wallet som man kan g\u00f6ra ins\u00e4ttningar p\u00e5 n\u00e4tcasinon med. L\u00e4s mer och hitta ditt nya casino med Zimpler h\u00e4r.","breadcrumb":{"@id":"https:\/\/casinoandy.com\/sv\/online-casino\/betalningsmetoder\/zimpler\/#breadcrumb"},"inLanguage":"sv-SE","potentialAction":[{"@type":"ReadAction","target":["https:\/\/casinoandy.com\/sv\/online-casino\/betalningsmetoder\/zimpler\/"]}]},{"@type":"ImageObject","inLanguage":"sv-SE","@id":"https:\/\/casinoandy.com\/sv\/online-casino\/betalningsmetoder\/zimpler\/#primaryimage","url":"http:\/\/casinoandy.com\/wp-content\/uploads\/2020\/12\/casino-med-zimpler.png","contentUrl":"http:\/\/casinoandy.com\/wp-content\/uploads\/2020\/12\/casino-med-zimpler.png"},{"@type":"BreadcrumbList","@id":"https:\/\/casinoandy.com\/sv\/online-casino\/betalningsmetoder\/zimpler\/#breadcrumb","itemListElement":[{"@type":"ListItem","position":1,"name":"Startseite","item":"https:\/\/casinoandy.com\/sv\/"},{"@type":"ListItem","position":2,"name":"Online Casino","item":"https:\/\/casinoandy.com\/sv\/online-casino\/"},{"@type":"ListItem","position":3,"name":"Betalningsmetoder","item":"https:\/\/casinoandy.com\/sv\/online-casino\/betalningsmetoder\/"},{"@type":"ListItem","position":4,"name":"Casino med Zimpler"}]},{"@type":"WebSite","@id":"https:\/\/casinoandy.com\/sv\/#website","url":"https:\/\/casinoandy.com\/sv\/","name":"Casinoandy","description":"","publisher":{"@id":"https:\/\/casinoandy.com\/sv\/#organization"},"potentialAction":[{"@type":"SearchAction","target":{"@type":"EntryPoint","urlTemplate":"https:\/\/casinoandy.com\/sv\/?s={search_term_string}"},"query-input":{"@type":"PropertyValueSpecification","valueRequired":true,"valueName":"search_term_string"}}],"inLanguage":"sv-SE"},{"@type":"Organization","@id":"https:\/\/casinoandy.com\/sv\/#organization","name":"Casino Andy","url":"https:\/\/casinoandy.com\/sv\/","logo":{"@type":"ImageObject","inLanguage":"sv-SE","@id":"https:\/\/casinoandy.com\/sv\/#\/schema\/logo\/image\/","url":"http:\/\/casinoandy.yourmedia.nbcdemo.com\/wp-content\/uploads\/2020\/12\/casino-andy-logo-1.png","contentUrl":"http:\/\/casinoandy.yourmedia.nbcdemo.com\/wp-content\/uploads\/2020\/12\/casino-andy-logo-1.png","width":367,"height":195,"caption":"Casino Andy"},"image":{"@id":"https:\/\/casinoandy.com\/sv\/#\/schema\/logo\/image\/"}},{"@type":"HowTo","@id":"https:\/\/casinoandy.com\/sv\/online-casino\/betalningsmetoder\/zimpler\/#howto-1","name":"Casino med Zimpler","mainEntityOfPage":{"@id":"https:\/\/casinoandy.com\/sv\/online-casino\/betalningsmetoder\/zimpler\/"},"description":"Du kan skapa ett Zimpler-konto genom att uppge ditt mobilnummer och sedan identifiera dig med den kod som du f\u00e5r skickad till dig. Du beh\u00f6ver inte uppge personnummer eller n\u00e5gon annan k\u00e4nslig information. S\u00e5 h\u00e4r betalar du p\u00e5 enklast m\u00f6jliga s\u00e4tt p\u00e5 ett Zimpler casino n\u00e4r du v\u00e4l har ett konto:","step":[{"@type":"HowToStep","url":"https:\/\/casinoandy.com\/sv\/online-casino\/betalningsmetoder\/zimpler\/#how-to-step-1585751960039","text":"V\u00e4lj ett casino med Zimpler"},{"@type":"HowToStep","url":"https:\/\/casinoandy.com\/sv\/online-casino\/betalningsmetoder\/zimpler\/#how-to-step-1585751987482","text":"V\u00e4lj Zimpler faktura bland de betalningsalternativ som casinot erbjuder"},{"@type":"HowToStep","url":"https:\/\/casinoandy.com\/sv\/online-casino\/betalningsmetoder\/zimpler\/#how-to-step-1585751994235","text":"Logga in med det mobiltelefonnummer du registrerat hos Zimpler och en fyrsiffrig kod som skickas med sms"},{"@type":"HowToStep","url":"https:\/\/casinoandy.com\/sv\/online-casino\/betalningsmetoder\/zimpler\/#how-to-step-1585752007994","text":"S\u00e4tt in det belopp du \u00f6nskar spela f\u00f6r"},{"@type":"HowToStep","url":"https:\/\/casinoandy.com\/sv\/online-casino\/betalningsmetoder\/zimpler\/#how-to-step-1585752009952","text":"Verifiera din betalning via sms"},{"@type":"HowToStep","url":"https:\/\/casinoandy.com\/sv\/online-casino\/betalningsmetoder\/zimpler\/#how-to-step-1585752016969","text":"S\u00e4tt ig\u00e5ng och spela!"}],"inLanguage":"sv-SE"}]}},"_links":{"self":[{"href":"https:\/\/casinoandy.com\/sv\/wp-json\/wp\/v2\/pages\/80","targetHints":{"allow":["GET"]}}],"collection":[{"href":"https:\/\/casinoandy.com\/sv\/wp-json\/wp\/v2\/pages"}],"about":[{"href":"https:\/\/casinoandy.com\/sv\/wp-json\/wp\/v2\/types\/page"}],"author":[{"embeddable":true,"href":"https:\/\/casinoandy.com\/sv\/wp-json\/wp\/v2\/users\/4"}],"replies":[{"embeddable":true,"href":"https:\/\/casinoandy.com\/sv\/wp-json\/wp\/v2\/comments?post=80"}],"version-history":[{"count":6,"href":"https:\/\/casinoandy.com\/sv\/wp-json\/wp\/v2\/pages\/80\/revisions"}],"predecessor-version":[{"id":4380,"href":"https:\/\/casinoandy.com\/sv\/wp-json\/wp\/v2\/pages\/80\/revisions\/4380"}],"up":[{"embeddable":true,"href":"https:\/\/casinoandy.com\/sv\/wp-json\/wp\/v2\/pages\/58"}],"wp:attachment":[{"href":"https:\/\/casinoandy.com\/sv\/wp-json\/wp\/v2\/media?parent=80"}],"curies":[{"name":"wp","href":"https:\/\/api.w.org\/{rel}","templated":true}]}}