{"id":83,"date":"2020-12-01T18:28:47","date_gmt":"2020-12-01T17:28:47","guid":{"rendered":"http:\/\/casinoandy.com\/?page_id=83"},"modified":"2023-01-03T16:00:44","modified_gmt":"2023-01-03T15:00:44","slug":"licens","status":"publish","type":"page","link":"https:\/\/casinoandy.com\/sv\/online-casino\/licens\/","title":{"rendered":"Licenser"},"content":{"rendered":"\n<h1 class=\"wp-block-heading\">Spellicenser<\/h1>\n\n\n\n<p>\u00c4ven om det <a href=\"http:\/\/casinoandy.com\/online-casino\/\">online casino<\/a> du vill spela p\u00e5 inte har n\u00e5gon licens i Sverige, s\u00e5 kommer det med st\u00f6rsta sannolikhet vara licensierat i n\u00e5got annat land. F\u00f6r att bedriva casinoverksamheter p\u00e5 n\u00e4tet m\u00e5ste man helt enkelt finnas registrerad i n\u00e5got land.<\/p>\n\n\n\n<p>\u00c4nda sedan b\u00f6rjan av 2000-talet, d\u00e5 antalet n\u00e4tcasinon snabbt \u00f6kade fr\u00e5n n\u00e5gra tiotal till flera tusental, har olika l\u00e4nder b\u00f6rjat implementera nationella licenssystem. Spelbolagen f\u00e5r d\u00e4refter v\u00e4lja och planera sin verksamhet efter det land de v\u00e4ljer att placera sig i och verka fr\u00e5n.<\/p>\n\n\n\n<h2 class=\"wp-block-heading\">Vanliga spellicenser \u2014 2023<\/h2>\n\n\n\n<p>Vill man spela p\u00e5 ett casino utan svensk licens kan det vara bra att h\u00e5lla reda p\u00e5 vilka olika spellicenser som f\u00f6rekommer p\u00e5 n\u00e4tet ut\u00f6ver den svenska. Dels f\u00f6r att det alltid \u00e4r bra att veta vad som \u00e4r vad, och dels f\u00f6r att alla spellicenser fungerar p\u00e5 lite olika s\u00e4tt. Bara f\u00f6r att casinot inte har licens i Sverige betyder inte det att det \u00e4r fritt fram och spela hur som helst. Vissa licenser kan indikera andra hinder, tr\u00f6sklar och problem som man annars inte t\u00e4nkt p\u00e5, som eventuella problem med vissa betalningsmetoder till exempel.<\/p>\n\n\n\n<div class=\"wp-block-image\"><figure class=\"alignleft size-large\"><img loading=\"lazy\" decoding=\"async\" width=\"800\" height=\"500\" src=\"http:\/\/casinoandy.com\/wp-content\/uploads\/2020\/12\/spellicenser.png\" alt=\"3st Vanliga spellicenser\" class=\"wp-image-541\" srcset=\"https:\/\/casinoandy.com\/wp-content\/uploads\/2020\/12\/spellicenser.png 800w, https:\/\/casinoandy.com\/wp-content\/uploads\/2020\/12\/spellicenser-300x188.png 300w, https:\/\/casinoandy.com\/wp-content\/uploads\/2020\/12\/spellicenser-768x480.png 768w\" sizes=\"auto, (max-width: 800px) 100vw, 800px\" \/><\/figure><\/div>\n\n\n\n<p><strong>Sverige:<\/strong><\/p>\n\n\n\n<ul class=\"wp-block-list\"><li><strong><a href=\"http:\/\/casinoandy.com\/online-casino\/licens\/sverige\/\">Casino med svensk licens<\/a><\/strong> \u2014 I Sverige \u00e4r det Spelinspektionen (SGA) som utf\u00e4rdar spellicenser f\u00f6r vadh\u00e5llning och onlinespel. Har casinot en svensk licens finns det ingenting att oroa sig f\u00f6r som spelare.<\/li><\/ul>\n\n\n\n<ul class=\"wp-block-list\"><li><a href=\"http:\/\/casinoandy.com\/online-casino\/utan-svensk-licens\/\"><strong>Casino utan svensk licens<\/strong><\/a> \u2014 Olicensierade casinon \u00e4r s\u00e5dana som inte har n\u00e5gon licens i Sverige. F\u00f6rvisso har de en spellicens fr\u00e5n n\u00e5gon annan jurisdiktion och inte s\u00e4llan \u00e4r det fr\u00e5n n\u00e5gon som f\u00f6ljer h\u00e4r nedan. <\/li><\/ul>\n\n\n\n<p><strong>\u00d6vriga v\u00e4rlden:<\/strong><\/p>\n\n\n\n<ul class=\"wp-block-list\"><li><strong><a href=\"http:\/\/casinoandy.com\/online-casino\/licens\/malta\/\">Casino med MGA licens<\/a><\/strong> \u2014 Utanf\u00f6r Sverige \u00e4r MGA licensen den absolut vanligaste och f\u00f6rmodligen \u00e4ven den b\u00e4sta spellicensen som finns sett fr\u00e5n ett svenskt perspektiv. Om casinot accepterar svenska spelare s\u00e5 kommer du garanterat kunna anv\u00e4nda alla delar av spelplattformen utan n\u00e5gra st\u00f6rre problem. I vanliga fall brukar dessutom betalningsmetoder som exempelvis Trustly fungera alldeles utm\u00e4rkt.<\/li><\/ul>\n\n\n\n<ul class=\"wp-block-list\"><li><a href=\"http:\/\/casinoandy.com\/online-casino\/licens\/curacao\/\"><strong>Casino med Curacao licens<\/strong><\/a> \u2014 Eftersom Curacao inte ligger i EU eller \u00e4r en del av EES m\u00e5ste spelare bosatta i Sverige betala skatt p\u00e5 alla eventuella vinster som g\u00f6rs p\u00e5 casinot. \u00c4r du d\u00e4remot bosatt utomlands \u00e4r det andra regler som g\u00e4ller.<br>Curacaolicensen \u00e4r f\u00f6rmodligen den n\u00e4st st\u00f6rsta licensen i v\u00e4rlden bland casinon utan svensk licens. Det finns v\u00e4ldigt m\u00e5nga bra och p\u00e5litliga casinon som \u00e4r licenserade d\u00e4r, men ibland kan det f\u00f6rekomma problem vid ins\u00e4ttningar och depositioner. Trustly fungerar v\u00e4ldigt s\u00e4llan p\u00e5 dessa casinon och v\u00e4ldigt ofta m\u00e5ste man skicka in olika ID handlingar och andra dokument f\u00f6r att kunna ta ut sina pengar fr\u00e5n casinot. Det m\u00e5 vara en lite tr\u00f6skel som kan vara jobbig att ta sig \u00f6ver som spelare, men n\u00e4r man gjort det \u00e4r casinon med curacaolicens v\u00e4ldigt bra och v\u00e4l fungerande casinon.<\/li><\/ul>\n\n\n\n<ul class=\"wp-block-list\"><li><strong><a href=\"http:\/\/casinoandy.com\/online-casino\/licens\/storbritannien\/\">Casino med UKGC licens<\/a><\/strong> \u2014 Precis som i Sverige finns det ett utbrett licenssystem i Storbritannien. UKGC, (United Kingdom Gambling Commission), har licenser f\u00f6r b\u00e5de fysiska casinon och n\u00e4tcasinon. F\u00f6r svenskar baserade i Sverige \u00e4r det ofta v\u00e4ldigt sv\u00e5rt att spela p\u00e5 dessa casinon i och med att UKGC casinon oftast blockerar svenska ip-adressen eller helt enkelt inte till\u00e5ter svenska spelare att spela. \u00c5terigen kan du spela p\u00e5 UKGC casinon om du bor i ett annat land som inte \u00e4r i konflikt med UKGC reglerna.<\/li><\/ul>\n\n\n\n<ul class=\"wp-block-list\"><li><a href=\"http:\/\/casinoandy.com\/online-casino\/licens\/gibraltar\/\"><strong>Casino med GRA licens<\/strong><\/a> \u2014 P\u00e5 Gibraltar kan man hitta spelbolag med GRA licens utf\u00e4rdad av Gibraltar Regulatory Authority. Det \u00e4r v\u00e4ldigt f\u00e5 n\u00e4tcasinon som bedriver verksamhet utifr\u00e5n den h\u00e4r licensen, men om man st\u00f6ter p\u00e5 ett s\u00e5dant casino kommer man ofta kunna att spela p\u00e5 det som svensk.<\/li><\/ul>\n\n\n\n<ul class=\"wp-block-list\"><li><strong><a href=\"http:\/\/casinoandy.com\/online-casino\/licens\/alderney\/\">Casino med AGC licens<\/a><\/strong> \u2014 Alderney \u00e4r en liten \u00f6 i den Engelska kanalen d\u00e4r det utf\u00e4rdas spellicenser fr\u00e5n Alderney Gambling Commission. \u00c4ven h\u00e4r \u00e4r det v\u00e4ldigt f\u00e5 spelbolag som v\u00e4ljer att lansera sina n\u00e4tcasinon. Som svensk spelare kommer du med andra ord inte hitta \u00f6verdrivet m\u00e5nga casinon med AGC licens.<\/li><\/ul>\n\n\n\n<ul class=\"wp-block-list\"><li><strong><a href=\"http:\/\/casinoandy.com\/online-casino\/licens\/nederlanderna\/\">Casino med KSA licens<\/a><\/strong> \u2014 En v\u00e4xande del av den europeiska casinomarknaden \u00e4r casinon med KSA licens, det vill s\u00e4ga casinon som har licens i Nederl\u00e4nderna. Det \u00e4r den nederl\u00e4ndska myndigheten Kansspelautoriteit som utf\u00e4rdar licenserna, och precis som i Sverige, Storbritannien och Malta kan spelbolagen v\u00e4lja att olika typer av spellicenser. Licenser f\u00f6r n\u00e4tcasinon och onlinespel \u00e4r s\u00e5klart den snabbast v\u00e4xande kategorin, men \u00e4n s\u00e5 l\u00e4nge \u00e4r det f\u00e5 spelbolag som v\u00e4ljer just denna licens. Som svensk finns det stor risk att bli blockerad och refuserad om man f\u00f6rs\u00f6ker att spela p\u00e5 ett casinon registrerat med en KSA licens.<\/li><\/ul>\n\n\n\n<ul class=\"wp-block-list\"><li><strong><a href=\"http:\/\/casinoandy.com\/online-casino\/licens\/kahnawake\/\">Casino med KGC licens<\/a><\/strong> \u2014 I Nordamerika finns flera olika typer av spellicenser. De flesta fokuserar dock p\u00e5 landbaserat spel, men det finns n\u00e5gra som ocks\u00e5 ger ut licenser f\u00f6r online spel. En av dessa \u00e4r Kahnawake Gaming Commission som har flera n\u00e4tcasinon registrerade hos sig. Att spela p\u00e5 dessa casinon som svensk \u00e4r v\u00e4ldigt sv\u00e5rt, oavsett om du bor i Sverige eller n\u00e5gon annanstans i Europa. Du beh\u00f6ver n\u00e4stan vara folkbokf\u00f6rd i Nordamerika f\u00f6r att kunna spela p\u00e5 n\u00e5got utav alla casinon med KGC licens \u00f6ver huvudtaget.<\/li><\/ul>\n","protected":false},"excerpt":{"rendered":"<p>Spellicenser \u00c4ven om det online casino du vill spela p\u00e5 inte har n\u00e5gon licens i Sverige, s\u00e5 kommer det med&#8230;<\/p>\n","protected":false},"author":4,"featured_media":0,"parent":48,"menu_order":0,"comment_status":"closed","ping_status":"closed","template":"","meta":{"_acf_changed":false,"footnotes":""},"class_list":["post-83","page","type-page","status-publish","hentry"],"acf":[],"yoast_head":"<!-- This site is optimized with the Yoast SEO plugin v27.0 - https:\/\/yoast.com\/product\/yoast-seo-wordpress\/ -->\n<title>Spellicenser &amp; Casinon f\u00f6r Onlinespel (2023) - MGA, Curacao, UKGC m.fl<\/title>\n<meta name=\"description\" content=\"2023 - Casinon med spellicenser fr\u00e5n bland annat Malta och Curacao. L\u00e4s om alla spellicenser och deras casinon h\u00e4r.\" \/>\n<meta name=\"robots\" content=\"index, follow, max-snippet:-1, max-image-preview:large, max-video-preview:-1\" \/>\n<link rel=\"canonical\" href=\"https:\/\/casinoandy.com\/sv\/online-casino\/licens\/\" \/>\n<meta property=\"og:locale\" content=\"sv_SE\" \/>\n<meta property=\"og:type\" content=\"article\" \/>\n<meta property=\"og:title\" content=\"Spellicenser &amp; Casinon f\u00f6r Onlinespel (2023) - MGA, Curacao, UKGC m.fl\" \/>\n<meta property=\"og:description\" content=\"2023 - Casinon med spellicenser fr\u00e5n bland annat Malta och Curacao. L\u00e4s om alla spellicenser och deras casinon h\u00e4r.\" \/>\n<meta property=\"og:url\" content=\"https:\/\/casinoandy.com\/sv\/online-casino\/licens\/\" \/>\n<meta property=\"og:site_name\" content=\"Casinoandy\" \/>\n<meta property=\"article:modified_time\" content=\"2023-01-03T15:00:44+00:00\" \/>\n<meta property=\"og:image\" content=\"http:\/\/casinoandy.com\/wp-content\/uploads\/2020\/12\/spellicenser.png\" \/>\n<meta name=\"twitter:card\" content=\"summary_large_image\" \/>\n<meta name=\"twitter:label1\" content=\"Ber\u00e4knad l\u00e4stid\" \/>\n\t<meta name=\"twitter:data1\" content=\"5 minuter\" \/>\n<script type=\"application\/ld+json\" class=\"yoast-schema-graph\">{\"@context\":\"https:\/\/schema.org\",\"@graph\":[{\"@type\":\"WebPage\",\"@id\":\"https:\/\/casinoandy.com\/sv\/online-casino\/licens\/\",\"url\":\"https:\/\/casinoandy.com\/sv\/online-casino\/licens\/\",\"name\":\"Spellicenser & Casinon f\u00f6r Onlinespel (2023) - MGA, Curacao, UKGC m.fl\",\"isPartOf\":{\"@id\":\"https:\/\/casinoandy.com\/sv\/#website\"},\"primaryImageOfPage\":{\"@id\":\"https:\/\/casinoandy.com\/sv\/online-casino\/licens\/#primaryimage\"},\"image\":{\"@id\":\"https:\/\/casinoandy.com\/sv\/online-casino\/licens\/#primaryimage\"},\"thumbnailUrl\":\"http:\/\/casinoandy.com\/wp-content\/uploads\/2020\/12\/spellicenser.png\",\"datePublished\":\"2020-12-01T17:28:47+00:00\",\"dateModified\":\"2023-01-03T15:00:44+00:00\",\"description\":\"2023 - Casinon med spellicenser fr\u00e5n bland annat Malta och Curacao. L\u00e4s om alla spellicenser och deras casinon h\u00e4r.\",\"breadcrumb\":{\"@id\":\"https:\/\/casinoandy.com\/sv\/online-casino\/licens\/#breadcrumb\"},\"inLanguage\":\"sv-SE\",\"potentialAction\":[{\"@type\":\"ReadAction\",\"target\":[\"https:\/\/casinoandy.com\/sv\/online-casino\/licens\/\"]}]},{\"@type\":\"ImageObject\",\"inLanguage\":\"sv-SE\",\"@id\":\"https:\/\/casinoandy.com\/sv\/online-casino\/licens\/#primaryimage\",\"url\":\"http:\/\/casinoandy.com\/wp-content\/uploads\/2020\/12\/spellicenser.png\",\"contentUrl\":\"http:\/\/casinoandy.com\/wp-content\/uploads\/2020\/12\/spellicenser.png\"},{\"@type\":\"BreadcrumbList\",\"@id\":\"https:\/\/casinoandy.com\/sv\/online-casino\/licens\/#breadcrumb\",\"itemListElement\":[{\"@type\":\"ListItem\",\"position\":1,\"name\":\"Startseite\",\"item\":\"https:\/\/casinoandy.com\/sv\/\"},{\"@type\":\"ListItem\",\"position\":2,\"name\":\"Online Casino\",\"item\":\"https:\/\/casinoandy.com\/sv\/online-casino\/\"},{\"@type\":\"ListItem\",\"position\":3,\"name\":\"Licenser\"}]},{\"@type\":\"WebSite\",\"@id\":\"https:\/\/casinoandy.com\/sv\/#website\",\"url\":\"https:\/\/casinoandy.com\/sv\/\",\"name\":\"Casinoandy\",\"description\":\"\",\"publisher\":{\"@id\":\"https:\/\/casinoandy.com\/sv\/#organization\"},\"potentialAction\":[{\"@type\":\"SearchAction\",\"target\":{\"@type\":\"EntryPoint\",\"urlTemplate\":\"https:\/\/casinoandy.com\/sv\/?s={search_term_string}\"},\"query-input\":{\"@type\":\"PropertyValueSpecification\",\"valueRequired\":true,\"valueName\":\"search_term_string\"}}],\"inLanguage\":\"sv-SE\"},{\"@type\":\"Organization\",\"@id\":\"https:\/\/casinoandy.com\/sv\/#organization\",\"name\":\"Casino Andy\",\"url\":\"https:\/\/casinoandy.com\/sv\/\",\"logo\":{\"@type\":\"ImageObject\",\"inLanguage\":\"sv-SE\",\"@id\":\"https:\/\/casinoandy.com\/sv\/#\/schema\/logo\/image\/\",\"url\":\"http:\/\/casinoandy.yourmedia.nbcdemo.com\/wp-content\/uploads\/2020\/12\/casino-andy-logo-1.png\",\"contentUrl\":\"http:\/\/casinoandy.yourmedia.nbcdemo.com\/wp-content\/uploads\/2020\/12\/casino-andy-logo-1.png\",\"width\":367,\"height\":195,\"caption\":\"Casino Andy\"},\"image\":{\"@id\":\"https:\/\/casinoandy.com\/sv\/#\/schema\/logo\/image\/\"}}]}<\/script>\n<!-- \/ Yoast SEO plugin. -->","yoast_head_json":{"title":"Spellicenser & Casinon f\u00f6r Onlinespel (2023) - MGA, Curacao, UKGC m.fl","description":"2023 - Casinon med spellicenser fr\u00e5n bland annat Malta och Curacao. L\u00e4s om alla spellicenser och deras casinon h\u00e4r.","robots":{"index":"index","follow":"follow","max-snippet":"max-snippet:-1","max-image-preview":"max-image-preview:large","max-video-preview":"max-video-preview:-1"},"canonical":"https:\/\/casinoandy.com\/sv\/online-casino\/licens\/","og_locale":"sv_SE","og_type":"article","og_title":"Spellicenser & Casinon f\u00f6r Onlinespel (2023) - MGA, Curacao, UKGC m.fl","og_description":"2023 - Casinon med spellicenser fr\u00e5n bland annat Malta och Curacao. L\u00e4s om alla spellicenser och deras casinon h\u00e4r.","og_url":"https:\/\/casinoandy.com\/sv\/online-casino\/licens\/","og_site_name":"Casinoandy","article_modified_time":"2023-01-03T15:00:44+00:00","og_image":[{"url":"http:\/\/casinoandy.com\/wp-content\/uploads\/2020\/12\/spellicenser.png","type":"","width":"","height":""}],"twitter_card":"summary_large_image","twitter_misc":{"Ber\u00e4knad l\u00e4stid":"5 minuter"},"schema":{"@context":"https:\/\/schema.org","@graph":[{"@type":"WebPage","@id":"https:\/\/casinoandy.com\/sv\/online-casino\/licens\/","url":"https:\/\/casinoandy.com\/sv\/online-casino\/licens\/","name":"Spellicenser & Casinon f\u00f6r Onlinespel (2023) - MGA, Curacao, UKGC m.fl","isPartOf":{"@id":"https:\/\/casinoandy.com\/sv\/#website"},"primaryImageOfPage":{"@id":"https:\/\/casinoandy.com\/sv\/online-casino\/licens\/#primaryimage"},"image":{"@id":"https:\/\/casinoandy.com\/sv\/online-casino\/licens\/#primaryimage"},"thumbnailUrl":"http:\/\/casinoandy.com\/wp-content\/uploads\/2020\/12\/spellicenser.png","datePublished":"2020-12-01T17:28:47+00:00","dateModified":"2023-01-03T15:00:44+00:00","description":"2023 - Casinon med spellicenser fr\u00e5n bland annat Malta och Curacao. L\u00e4s om alla spellicenser och deras casinon h\u00e4r.","breadcrumb":{"@id":"https:\/\/casinoandy.com\/sv\/online-casino\/licens\/#breadcrumb"},"inLanguage":"sv-SE","potentialAction":[{"@type":"ReadAction","target":["https:\/\/casinoandy.com\/sv\/online-casino\/licens\/"]}]},{"@type":"ImageObject","inLanguage":"sv-SE","@id":"https:\/\/casinoandy.com\/sv\/online-casino\/licens\/#primaryimage","url":"http:\/\/casinoandy.com\/wp-content\/uploads\/2020\/12\/spellicenser.png","contentUrl":"http:\/\/casinoandy.com\/wp-content\/uploads\/2020\/12\/spellicenser.png"},{"@type":"BreadcrumbList","@id":"https:\/\/casinoandy.com\/sv\/online-casino\/licens\/#breadcrumb","itemListElement":[{"@type":"ListItem","position":1,"name":"Startseite","item":"https:\/\/casinoandy.com\/sv\/"},{"@type":"ListItem","position":2,"name":"Online Casino","item":"https:\/\/casinoandy.com\/sv\/online-casino\/"},{"@type":"ListItem","position":3,"name":"Licenser"}]},{"@type":"WebSite","@id":"https:\/\/casinoandy.com\/sv\/#website","url":"https:\/\/casinoandy.com\/sv\/","name":"Casinoandy","description":"","publisher":{"@id":"https:\/\/casinoandy.com\/sv\/#organization"},"potentialAction":[{"@type":"SearchAction","target":{"@type":"EntryPoint","urlTemplate":"https:\/\/casinoandy.com\/sv\/?s={search_term_string}"},"query-input":{"@type":"PropertyValueSpecification","valueRequired":true,"valueName":"search_term_string"}}],"inLanguage":"sv-SE"},{"@type":"Organization","@id":"https:\/\/casinoandy.com\/sv\/#organization","name":"Casino Andy","url":"https:\/\/casinoandy.com\/sv\/","logo":{"@type":"ImageObject","inLanguage":"sv-SE","@id":"https:\/\/casinoandy.com\/sv\/#\/schema\/logo\/image\/","url":"http:\/\/casinoandy.yourmedia.nbcdemo.com\/wp-content\/uploads\/2020\/12\/casino-andy-logo-1.png","contentUrl":"http:\/\/casinoandy.yourmedia.nbcdemo.com\/wp-content\/uploads\/2020\/12\/casino-andy-logo-1.png","width":367,"height":195,"caption":"Casino Andy"},"image":{"@id":"https:\/\/casinoandy.com\/sv\/#\/schema\/logo\/image\/"}}]}},"_links":{"self":[{"href":"https:\/\/casinoandy.com\/sv\/wp-json\/wp\/v2\/pages\/83","targetHints":{"allow":["GET"]}}],"collection":[{"href":"https:\/\/casinoandy.com\/sv\/wp-json\/wp\/v2\/pages"}],"about":[{"href":"https:\/\/casinoandy.com\/sv\/wp-json\/wp\/v2\/types\/page"}],"author":[{"embeddable":true,"href":"https:\/\/casinoandy.com\/sv\/wp-json\/wp\/v2\/users\/4"}],"replies":[{"embeddable":true,"href":"https:\/\/casinoandy.com\/sv\/wp-json\/wp\/v2\/comments?post=83"}],"version-history":[{"count":11,"href":"https:\/\/casinoandy.com\/sv\/wp-json\/wp\/v2\/pages\/83\/revisions"}],"predecessor-version":[{"id":5068,"href":"https:\/\/casinoandy.com\/sv\/wp-json\/wp\/v2\/pages\/83\/revisions\/5068"}],"up":[{"embeddable":true,"href":"https:\/\/casinoandy.com\/sv\/wp-json\/wp\/v2\/pages\/48"}],"wp:attachment":[{"href":"https:\/\/casinoandy.com\/sv\/wp-json\/wp\/v2\/media?parent=83"}],"curies":[{"name":"wp","href":"https:\/\/api.w.org\/{rel}","templated":true}]}}