{"id":8351,"date":"2023-10-06T12:15:27","date_gmt":"2023-10-06T10:15:27","guid":{"rendered":"http:\/\/casinoandy.com\/?page_id=8351"},"modified":"2023-10-12T12:58:37","modified_gmt":"2023-10-12T10:58:37","slug":"betting-pa-natet","status":"publish","type":"page","link":"https:\/\/casinoandy.com\/sv\/betting-pa-natet\/","title":{"rendered":"Betting p\u00e5 n\u00e4tet"},"content":{"rendered":"\n<h1 class=\"wp-block-heading\">Betting p\u00e5 n\u00e4tet<\/h1>\n\n\n\n<p>H\u00e4r p\u00e5 CasinoAndy brinner vi f\u00f6r all typ av spelande. V\u00e5rt fr\u00e4msta fokus ligger som du s\u00e4kert k\u00e4nner till p\u00e5 casino och slots, men vi har \u00e4ven ett intresse f\u00f6r betting. Betting p\u00e5 n\u00e4tet \u00e4r trots allt en v\u00e4ldigt popul\u00e4r aktivitet som v\u00e4ldigt m\u00e5nga svenskar gillar att \u00e4gna sig \u00e5t. <\/p>\n\n\n\n<p>Att betta p\u00e5 n\u00e4tet inneb\u00e4r att man f\u00f6rs\u00f6ker f\u00f6rutsp\u00e5 utfallet av ett evenemang, och satsar pengar. F\u00f6r att betta p\u00e5 n\u00e4tet beh\u00f6ver du skapa ett spelkonto och g\u00f6ra en ins\u00e4ttning p\u00e5 en bettingsida. Utbudet av bettingsidor idag \u00e4r riktigt stort s\u00e5 du har m\u00e5nga olika <a href=\"http:\/\/casinoandy.com\/online-casino\/spelbolag\/\">spelbolag<\/a> att v\u00e4lja mellan. <\/p>\n\n\n<div class=\"news-wrapper\"><div class=\"news-item \">\n    <div class=\"news-item-image-wrapper\" style=\"background-image:url('https:\/\/casinoandy.com\/wp-content\/uploads\/2024\/01\/Tysklands-herrlandslag-i-fotboll-mot-Japans-herrlandslag-i-fotboll-laguppstallning.jpeg');\"><\/div>\n    <div class=\"news-item-text-wrapper\">\n        <div class=\"news-title-wrapper\">\n            <div class=\"date\"><\/div>\n            <div class=\"title\">Tysklands herrlandslag i fotboll mot Japans herrlandslag i fotboll laguppst\u00e4llning<\/div>\n        <\/div>\n        <div class=\"excerpt\">Tysklands herrlandslag i fotboll mot Japans herrlandslag i fotboll laguppst\u00e4llning Denna kommande match mellan Tyskland och Japan f\u00f6rv\u00e4ntas bli en...<\/div>\n    <\/div>\n\n    <div class=\"news-item-cta-wrapper\">\n        <a href=\"https:\/\/casinoandy.com\/sv\/betting-pa-natet\/tysklands-herrlandslag-i-fotboll-mot-japans-herrlandslag-i-fotboll-laguppstallning\/\" class=\"button outline full-widt\">L\u00e4s mer<\/a>\n    <\/div>\n<\/div>\n<div class=\"news-item \">\n    <div class=\"news-item-image-wrapper\" style=\"background-image:url('https:\/\/casinoandy.com\/wp-content\/uploads\/2024\/01\/Nederlandernas-herrlandslag-i-fotboll-mot-Argentinas-herrlandslag-i-fotboll-laguppstallningNederlandernas-herrlandslag-i-fotboll-mot-Argentinas-herrlandslag-i-fotboll-laguppstallning.jpeg');\"><\/div>\n    <div class=\"news-item-text-wrapper\">\n        <div class=\"news-title-wrapper\">\n            <div class=\"date\"><\/div>\n            <div class=\"title\">Nederl\u00e4ndernas herrlandslag i fotboll mot Argentinas herrlandslag i fotboll laguppst\u00e4llning<\/div>\n        <\/div>\n        <div class=\"excerpt\">I v\u00e4rlden av fotboll st\u00e5r sp\u00e4nnande m\u00f6ten ofta som h\u00f6jdpunkter i sportens kalender. Det kommande m\u00f6tet mellan Nederl\u00e4nderna och Argentina...<\/div>\n    <\/div>\n\n    <div class=\"news-item-cta-wrapper\">\n        <a href=\"https:\/\/casinoandy.com\/sv\/betting-pa-natet\/nederlandernas-herrlandslag-i-fotboll-mot-argentinas-herrlandslag-i-fotboll-laguppstallning\/\" class=\"button outline full-widt\">L\u00e4s mer<\/a>\n    <\/div>\n<\/div>\n<div class=\"news-item \">\n    <div class=\"news-item-image-wrapper\" style=\"background-image:url('https:\/\/casinoandy.com\/wp-content\/uploads\/2023\/11\/Newcastle-vs-Arsenal.png');\"><\/div>\n    <div class=\"news-item-text-wrapper\">\n        <div class=\"news-title-wrapper\">\n            <div class=\"date\"><\/div>\n            <div class=\"title\">Newcastle mot Arsenal laguppst\u00e4llning<\/div>\n        <\/div>\n        <div class=\"excerpt\">Fotbolls\u00e4lskare v\u00e4rlden \u00f6ver \u00e4r i f\u00f6rv\u00e4ntansfull sp\u00e4nning n\u00e4r Newcastle United st\u00e5r ansikte mot ansikte med Arsenal p\u00e5 St. James&#8217; Park....<\/div>\n    <\/div>\n\n    <div class=\"news-item-cta-wrapper\">\n        <a href=\"https:\/\/casinoandy.com\/sv\/betting-pa-natet\/newcastle-mot-arsenal-laguppstallning\/\" class=\"button outline full-widt\">L\u00e4s mer<\/a>\n    <\/div>\n<\/div>\n<div class=\"news-item \">\n    <div class=\"news-item-image-wrapper\" style=\"background-image:url('https:\/\/casinoandy.com\/wp-content\/uploads\/2023\/11\/9bb9419c-6f79-4102-afb7-f5eb2c201f75.jpeg');\"><\/div>\n    <div class=\"news-item-text-wrapper\">\n        <div class=\"news-title-wrapper\">\n            <div class=\"date\"><\/div>\n            <div class=\"title\">Newcastle mot Manchester United laguppst\u00e4llning<\/div>\n        <\/div>\n        <div class=\"excerpt\">Det \u00e4r en avg\u00f6rande match n\u00e4r Newcastle st\u00e4lls mot Manchester United. B\u00e5da lagen str\u00e4var efter att f\u00f6rb\u00e4ttra sin tabellposition, och...<\/div>\n    <\/div>\n\n    <div class=\"news-item-cta-wrapper\">\n        <a href=\"https:\/\/casinoandy.com\/sv\/betting-pa-natet\/newcastle-mot-manchester-united-laguppstallning\/\" class=\"button outline full-widt\">L\u00e4s mer<\/a>\n    <\/div>\n<\/div>\n<div class=\"news-item \">\n    <div class=\"news-item-image-wrapper\" style=\"background-image:url('https:\/\/casinoandy.com\/wp-content\/uploads\/2023\/11\/0ae3d3eb-3e86-402a-ae97-d4a18ebec9e9.jpeg');\"><\/div>\n    <div class=\"news-item-text-wrapper\">\n        <div class=\"news-title-wrapper\">\n            <div class=\"date\"><\/div>\n            <div class=\"title\">AC Milan mot Inter laguppst\u00e4llning<\/div>\n        <\/div>\n        <div class=\"excerpt\">AC Milan mot Inter laguppst\u00e4llning Det kommande m\u00f6tet mellan de tv\u00e5 italienska j\u00e4ttarna AC Milan och Inter f\u00f6rv\u00e4ntas bli en...<\/div>\n    <\/div>\n\n    <div class=\"news-item-cta-wrapper\">\n        <a href=\"https:\/\/casinoandy.com\/sv\/betting-pa-natet\/ac-milan-mot-inter-laguppstallning\/\" class=\"button outline full-widt\">L\u00e4s mer<\/a>\n    <\/div>\n<\/div>\n<div class=\"news-item \">\n    <div class=\"news-item-image-wrapper\" style=\"background-image:url('https:\/\/casinoandy.com\/wp-content\/uploads\/2021\/03\/Casinoandy-featured-post.png');\"><\/div>\n    <div class=\"news-item-text-wrapper\">\n        <div class=\"news-title-wrapper\">\n            <div class=\"date\"><\/div>\n            <div class=\"title\">Napoli mot ac milan laguppst\u00e4llning<\/div>\n        <\/div>\n        <div class=\"excerpt\">Napoli mot ac milan laguppst\u00e4llning I detta kommande m\u00f6te mellan Napoli och AC Milan kolliderar tv\u00e5 av Serie A:s mest...<\/div>\n    <\/div>\n\n    <div class=\"news-item-cta-wrapper\">\n        <a href=\"https:\/\/casinoandy.com\/sv\/betting-pa-natet\/napoli-mot-ac-milan-laguppstallning\/\" class=\"button outline full-widt\">L\u00e4s mer<\/a>\n    <\/div>\n<\/div>\n<\/div>\n\n\n\n<h2 class=\"wp-block-heading\">Det kr\u00e4vs f\u00f6r att betta p\u00e5 n\u00e4tet <\/h2>\n\n\n\n<p>Processen f\u00f6r att betta p\u00e5 n\u00e4tet ser i m\u00e5ngt och mycket ut som n\u00e4r du ska spela casino p\u00e5 n\u00e4tet. F\u00f6r att kunna spela beh\u00f6ver du skapa ett spelkonto p\u00e5 en spelsida som erbjuder betting. H\u00e4r finns det massivs med olika sajter att v\u00e4lja mellan. Genom att l\u00e4sa recensioner och kolla in topplistor kan du enkelt hitta en bettingsida som faller dig i smaken.<\/p>\n\n\n\n<p>N\u00e4r du har valt ut vilken bettingsida du vill spela p\u00e5 \u00e4r det bara att skapa ett spelkonto. P\u00e5 svenska bettingsidor sker detta genom BankID, vilket inneb\u00e4r att processen \u00e4r supersmidig. Du beh\u00f6ver bara ange ditt personnummer och signera med ditt mobila BankID.<\/p>\n\n\n\n<p>S\u00e5 fort ditt spelkonto \u00e4r skapat kan du g\u00f6ra din f\u00f6rsta ins\u00e4ttning. Du v\u00e4ljer bara betalningsmetod, anger beloppet du vill s\u00e4tta in och f\u00f6ljer instruktionerna p\u00e5 sk\u00e4rmen. D\u00e4refter kommer din ins\u00e4ttning n\u00e5 casinot direkt och du kan omedelbart s\u00e4tta ig\u00e5ng med spelandet! <\/p>\n\n\n\n<h2 class=\"wp-block-heading\">Sporter du kan betta p\u00e5<\/h2>\n\n\n\n<p>Idag \u00e4r utbudet av antal sporter du kan betta p\u00e5 riktigt stort. Du kan b\u00e5de spela p\u00e5 riktigt k\u00e4nda sporter som fotboll och tennis, men \u00e4ven p\u00e5 mer unika varianter som snooker, E-sport och kl\u00e4ttring. Det finns helt enkelt n\u00e5gonting f\u00f6r alla! <\/p>\n\n\n\n<figure class=\"wp-block-image size-large\"><img loading=\"lazy\" decoding=\"async\" width=\"1024\" height=\"512\" src=\"http:\/\/casinoandy.com\/wp-content\/uploads\/2023\/10\/betting-pa-sport-1024x512.png\" alt=\"Betting p\u00e5 sport\" class=\"wp-image-8357\" srcset=\"https:\/\/casinoandy.com\/wp-content\/uploads\/2023\/10\/betting-pa-sport-1024x512.png 1024w, https:\/\/casinoandy.com\/wp-content\/uploads\/2023\/10\/betting-pa-sport-300x150.png 300w, https:\/\/casinoandy.com\/wp-content\/uploads\/2023\/10\/betting-pa-sport-768x384.png 768w, https:\/\/casinoandy.com\/wp-content\/uploads\/2023\/10\/betting-pa-sport.png 1200w\" sizes=\"auto, (max-width: 1024px) 100vw, 1024px\" \/><\/figure>\n\n\n\n<p>Nedan \u00e4r en lista p\u00e5 n\u00e5gra av de sporter som \u00e4r vanligast f\u00f6rekommande p\u00e5 svenska bettingsidor: <\/p>\n\n\n\n<ul class=\"wp-block-list\"><li>Fotboll<\/li><li>Basket<\/li><li>Tennis<\/li><li>Ishockey<\/li><li><span style=\"color: initial; font-family: -apple-system, BlinkMacSystemFont, &quot;Segoe UI&quot;, Roboto, Oxygen-Sans, Ubuntu, Cantarell, &quot;Helvetica Neue&quot;, sans-serif;\">Amerikansk fotboll<\/span><\/li><li>Cricket<\/li><li>Rugby<\/li><li>Baseboll<\/li><li>Golf<\/li><li>Motorsport <\/li><li>Snooker<\/li><li>Dart<\/li><li>Cykling<\/li><li>Boxning<\/li><li>MMA  <\/li><li>Bordtennis<\/li><li>Volleyboll<\/li><li>Handboll<\/li><li>Simning<\/li><li>Friidrott<\/li><li>Skidsport <\/li><li>E-sport <\/li><li>Surfing<\/li><li>Kl\u00e4ttring<\/li><li>H\u00e4stkappl\u00f6pning<\/li><\/ul>\n\n\n\n<h2 class=\"wp-block-heading\">Vanliga marknader att betta p\u00e5<\/h2>\n\n\n\n<p>N\u00e4r du ska betta p\u00e5 n\u00e4tet finns det inte bara m\u00e5nga olika sporter och evenemang att v\u00e4lja mellan. Det finns ocks\u00e5 m\u00e5nga olika marknader. En marknad inom betting syftar p\u00e5 vilket typ av spel du kan l\u00e4gga. Det kan till exempel vara om ditt spel \u00e4r p\u00e5 vem som ska vinna matchen, eller vem som ska g\u00f6ra flest m\u00e5l. <\/p>\n\n\n\n<p>Den vanligaste formen av marknad \u00e4r Matchresultat, eller 1&#215;2 som det ocks\u00e5 kallas. H\u00e4r bettar du p\u00e5 utfallet av en match. Alternativen \u00e4r 1, X eller 2: <\/p>\n\n\n\n<p>1 &#8211; Hemmalaget vinner<br>X &#8211; Oavgjort <br>2 &#8211; Bortalaget vinner <\/p>\n\n\n\n<p>Ut\u00f6ver detta \u00e4r det \u00e4ven vanligt med olika typer av handikappspel som till exempel Asian Handicap, eller \u00f6ver\/under spel. Det kan syfta p\u00e5 \u00f6ver eller under x antal h\u00f6rnor, skott mot m\u00e5l eller gula kort. <\/p>\n","protected":false},"excerpt":{"rendered":"<p>Betting p\u00e5 n\u00e4tet H\u00e4r p\u00e5 CasinoAndy brinner vi f\u00f6r all typ av spelande. V\u00e5rt fr\u00e4msta fokus ligger som du s\u00e4kert&#8230;<\/p>\n","protected":false},"author":4,"featured_media":0,"parent":0,"menu_order":0,"comment_status":"closed","ping_status":"closed","template":"","meta":{"_acf_changed":false,"footnotes":""},"class_list":["post-8351","page","type-page","status-publish","hentry"],"acf":[],"yoast_head":"<!-- This site is optimized with the Yoast SEO plugin v27.0 - https:\/\/yoast.com\/product\/yoast-seo-wordpress\/ -->\n<title>Betting p\u00e5 n\u00e4tet - CasinoAndy guidar dig!<\/title>\n<meta name=\"description\" content=\"Allt du beh\u00f6ver veta om betting p\u00e5 n\u00e4tet: popul\u00e4ra sporter, evenemang och marknader! L\u00e4s mer hos CasinoAndy!\" \/>\n<meta name=\"robots\" content=\"index, follow, max-snippet:-1, max-image-preview:large, max-video-preview:-1\" \/>\n<link rel=\"canonical\" href=\"https:\/\/casinoandy.com\/sv\/betting-pa-natet\/\" \/>\n<meta property=\"og:locale\" content=\"sv_SE\" \/>\n<meta property=\"og:type\" content=\"article\" \/>\n<meta property=\"og:title\" content=\"Betting p\u00e5 n\u00e4tet - CasinoAndy guidar dig!\" \/>\n<meta property=\"og:description\" content=\"Allt du beh\u00f6ver veta om betting p\u00e5 n\u00e4tet: popul\u00e4ra sporter, evenemang och marknader! L\u00e4s mer hos CasinoAndy!\" \/>\n<meta property=\"og:url\" content=\"https:\/\/casinoandy.com\/sv\/betting-pa-natet\/\" \/>\n<meta property=\"og:site_name\" content=\"Casinoandy\" \/>\n<meta property=\"article:modified_time\" content=\"2023-10-12T10:58:37+00:00\" \/>\n<meta property=\"og:image\" content=\"http:\/\/casinoandy.com\/wp-content\/uploads\/2023\/10\/betting-pa-sport-1024x512.png\" \/>\n<meta name=\"twitter:card\" content=\"summary_large_image\" \/>\n<meta name=\"twitter:label1\" content=\"Ber\u00e4knad l\u00e4stid\" \/>\n\t<meta name=\"twitter:data1\" content=\"3 minuter\" \/>\n<script type=\"application\/ld+json\" class=\"yoast-schema-graph\">{\"@context\":\"https:\/\/schema.org\",\"@graph\":[{\"@type\":\"WebPage\",\"@id\":\"https:\/\/casinoandy.com\/sv\/betting-pa-natet\/\",\"url\":\"https:\/\/casinoandy.com\/sv\/betting-pa-natet\/\",\"name\":\"Betting p\u00e5 n\u00e4tet - CasinoAndy guidar dig!\",\"isPartOf\":{\"@id\":\"https:\/\/casinoandy.com\/sv\/#website\"},\"primaryImageOfPage\":{\"@id\":\"https:\/\/casinoandy.com\/sv\/betting-pa-natet\/#primaryimage\"},\"image\":{\"@id\":\"https:\/\/casinoandy.com\/sv\/betting-pa-natet\/#primaryimage\"},\"thumbnailUrl\":\"http:\/\/casinoandy.com\/wp-content\/uploads\/2023\/10\/betting-pa-sport-1024x512.png\",\"datePublished\":\"2023-10-06T10:15:27+00:00\",\"dateModified\":\"2023-10-12T10:58:37+00:00\",\"description\":\"Allt du beh\u00f6ver veta om betting p\u00e5 n\u00e4tet: popul\u00e4ra sporter, evenemang och marknader! L\u00e4s mer hos CasinoAndy!\",\"breadcrumb\":{\"@id\":\"https:\/\/casinoandy.com\/sv\/betting-pa-natet\/#breadcrumb\"},\"inLanguage\":\"sv-SE\",\"potentialAction\":[{\"@type\":\"ReadAction\",\"target\":[\"https:\/\/casinoandy.com\/sv\/betting-pa-natet\/\"]}]},{\"@type\":\"ImageObject\",\"inLanguage\":\"sv-SE\",\"@id\":\"https:\/\/casinoandy.com\/sv\/betting-pa-natet\/#primaryimage\",\"url\":\"http:\/\/casinoandy.com\/wp-content\/uploads\/2023\/10\/betting-pa-sport-1024x512.png\",\"contentUrl\":\"http:\/\/casinoandy.com\/wp-content\/uploads\/2023\/10\/betting-pa-sport-1024x512.png\"},{\"@type\":\"BreadcrumbList\",\"@id\":\"https:\/\/casinoandy.com\/sv\/betting-pa-natet\/#breadcrumb\",\"itemListElement\":[{\"@type\":\"ListItem\",\"position\":1,\"name\":\"Startseite\",\"item\":\"https:\/\/casinoandy.com\/sv\/\"},{\"@type\":\"ListItem\",\"position\":2,\"name\":\"Betting p\u00e5 n\u00e4tet\"}]},{\"@type\":\"WebSite\",\"@id\":\"https:\/\/casinoandy.com\/sv\/#website\",\"url\":\"https:\/\/casinoandy.com\/sv\/\",\"name\":\"Casinoandy\",\"description\":\"\",\"publisher\":{\"@id\":\"https:\/\/casinoandy.com\/sv\/#organization\"},\"potentialAction\":[{\"@type\":\"SearchAction\",\"target\":{\"@type\":\"EntryPoint\",\"urlTemplate\":\"https:\/\/casinoandy.com\/sv\/?s={search_term_string}\"},\"query-input\":{\"@type\":\"PropertyValueSpecification\",\"valueRequired\":true,\"valueName\":\"search_term_string\"}}],\"inLanguage\":\"sv-SE\"},{\"@type\":\"Organization\",\"@id\":\"https:\/\/casinoandy.com\/sv\/#organization\",\"name\":\"Casino Andy\",\"url\":\"https:\/\/casinoandy.com\/sv\/\",\"logo\":{\"@type\":\"ImageObject\",\"inLanguage\":\"sv-SE\",\"@id\":\"https:\/\/casinoandy.com\/sv\/#\/schema\/logo\/image\/\",\"url\":\"http:\/\/casinoandy.yourmedia.nbcdemo.com\/wp-content\/uploads\/2020\/12\/casino-andy-logo-1.png\",\"contentUrl\":\"http:\/\/casinoandy.yourmedia.nbcdemo.com\/wp-content\/uploads\/2020\/12\/casino-andy-logo-1.png\",\"width\":367,\"height\":195,\"caption\":\"Casino Andy\"},\"image\":{\"@id\":\"https:\/\/casinoandy.com\/sv\/#\/schema\/logo\/image\/\"}}]}<\/script>\n<!-- \/ Yoast SEO plugin. -->","yoast_head_json":{"title":"Betting p\u00e5 n\u00e4tet - CasinoAndy guidar dig!","description":"Allt du beh\u00f6ver veta om betting p\u00e5 n\u00e4tet: popul\u00e4ra sporter, evenemang och marknader! L\u00e4s mer hos CasinoAndy!","robots":{"index":"index","follow":"follow","max-snippet":"max-snippet:-1","max-image-preview":"max-image-preview:large","max-video-preview":"max-video-preview:-1"},"canonical":"https:\/\/casinoandy.com\/sv\/betting-pa-natet\/","og_locale":"sv_SE","og_type":"article","og_title":"Betting p\u00e5 n\u00e4tet - CasinoAndy guidar dig!","og_description":"Allt du beh\u00f6ver veta om betting p\u00e5 n\u00e4tet: popul\u00e4ra sporter, evenemang och marknader! L\u00e4s mer hos CasinoAndy!","og_url":"https:\/\/casinoandy.com\/sv\/betting-pa-natet\/","og_site_name":"Casinoandy","article_modified_time":"2023-10-12T10:58:37+00:00","og_image":[{"url":"http:\/\/casinoandy.com\/wp-content\/uploads\/2023\/10\/betting-pa-sport-1024x512.png","type":"","width":"","height":""}],"twitter_card":"summary_large_image","twitter_misc":{"Ber\u00e4knad l\u00e4stid":"3 minuter"},"schema":{"@context":"https:\/\/schema.org","@graph":[{"@type":"WebPage","@id":"https:\/\/casinoandy.com\/sv\/betting-pa-natet\/","url":"https:\/\/casinoandy.com\/sv\/betting-pa-natet\/","name":"Betting p\u00e5 n\u00e4tet - CasinoAndy guidar dig!","isPartOf":{"@id":"https:\/\/casinoandy.com\/sv\/#website"},"primaryImageOfPage":{"@id":"https:\/\/casinoandy.com\/sv\/betting-pa-natet\/#primaryimage"},"image":{"@id":"https:\/\/casinoandy.com\/sv\/betting-pa-natet\/#primaryimage"},"thumbnailUrl":"http:\/\/casinoandy.com\/wp-content\/uploads\/2023\/10\/betting-pa-sport-1024x512.png","datePublished":"2023-10-06T10:15:27+00:00","dateModified":"2023-10-12T10:58:37+00:00","description":"Allt du beh\u00f6ver veta om betting p\u00e5 n\u00e4tet: popul\u00e4ra sporter, evenemang och marknader! L\u00e4s mer hos CasinoAndy!","breadcrumb":{"@id":"https:\/\/casinoandy.com\/sv\/betting-pa-natet\/#breadcrumb"},"inLanguage":"sv-SE","potentialAction":[{"@type":"ReadAction","target":["https:\/\/casinoandy.com\/sv\/betting-pa-natet\/"]}]},{"@type":"ImageObject","inLanguage":"sv-SE","@id":"https:\/\/casinoandy.com\/sv\/betting-pa-natet\/#primaryimage","url":"http:\/\/casinoandy.com\/wp-content\/uploads\/2023\/10\/betting-pa-sport-1024x512.png","contentUrl":"http:\/\/casinoandy.com\/wp-content\/uploads\/2023\/10\/betting-pa-sport-1024x512.png"},{"@type":"BreadcrumbList","@id":"https:\/\/casinoandy.com\/sv\/betting-pa-natet\/#breadcrumb","itemListElement":[{"@type":"ListItem","position":1,"name":"Startseite","item":"https:\/\/casinoandy.com\/sv\/"},{"@type":"ListItem","position":2,"name":"Betting p\u00e5 n\u00e4tet"}]},{"@type":"WebSite","@id":"https:\/\/casinoandy.com\/sv\/#website","url":"https:\/\/casinoandy.com\/sv\/","name":"Casinoandy","description":"","publisher":{"@id":"https:\/\/casinoandy.com\/sv\/#organization"},"potentialAction":[{"@type":"SearchAction","target":{"@type":"EntryPoint","urlTemplate":"https:\/\/casinoandy.com\/sv\/?s={search_term_string}"},"query-input":{"@type":"PropertyValueSpecification","valueRequired":true,"valueName":"search_term_string"}}],"inLanguage":"sv-SE"},{"@type":"Organization","@id":"https:\/\/casinoandy.com\/sv\/#organization","name":"Casino Andy","url":"https:\/\/casinoandy.com\/sv\/","logo":{"@type":"ImageObject","inLanguage":"sv-SE","@id":"https:\/\/casinoandy.com\/sv\/#\/schema\/logo\/image\/","url":"http:\/\/casinoandy.yourmedia.nbcdemo.com\/wp-content\/uploads\/2020\/12\/casino-andy-logo-1.png","contentUrl":"http:\/\/casinoandy.yourmedia.nbcdemo.com\/wp-content\/uploads\/2020\/12\/casino-andy-logo-1.png","width":367,"height":195,"caption":"Casino Andy"},"image":{"@id":"https:\/\/casinoandy.com\/sv\/#\/schema\/logo\/image\/"}}]}},"_links":{"self":[{"href":"https:\/\/casinoandy.com\/sv\/wp-json\/wp\/v2\/pages\/8351","targetHints":{"allow":["GET"]}}],"collection":[{"href":"https:\/\/casinoandy.com\/sv\/wp-json\/wp\/v2\/pages"}],"about":[{"href":"https:\/\/casinoandy.com\/sv\/wp-json\/wp\/v2\/types\/page"}],"author":[{"embeddable":true,"href":"https:\/\/casinoandy.com\/sv\/wp-json\/wp\/v2\/users\/4"}],"replies":[{"embeddable":true,"href":"https:\/\/casinoandy.com\/sv\/wp-json\/wp\/v2\/comments?post=8351"}],"version-history":[{"count":8,"href":"https:\/\/casinoandy.com\/sv\/wp-json\/wp\/v2\/pages\/8351\/revisions"}],"predecessor-version":[{"id":8389,"href":"https:\/\/casinoandy.com\/sv\/wp-json\/wp\/v2\/pages\/8351\/revisions\/8389"}],"wp:attachment":[{"href":"https:\/\/casinoandy.com\/sv\/wp-json\/wp\/v2\/media?parent=8351"}],"curies":[{"name":"wp","href":"https:\/\/api.w.org\/{rel}","templated":true}]}}