{"id":89,"date":"2020-12-01T18:33:05","date_gmt":"2020-12-01T17:33:05","guid":{"rendered":"http:\/\/casinoandy.com\/?page_id=89"},"modified":"2022-04-01T11:44:29","modified_gmt":"2022-04-01T09:44:29","slug":"curacao","status":"publish","type":"page","link":"https:\/\/casinoandy.com\/sv\/online-casino\/licens\/curacao\/","title":{"rendered":"Curacao"},"content":{"rendered":"\n<h1 class=\"wp-block-heading\">Casino med Curacao licens<\/h1>\n\n\n\n<p>Curacao \u00e4r ett v\u00e4stindiskt skatteparadis som lockat till sig m\u00e5nga casinon under \u00e5rens lopp. \u00d6nationen har tillh\u00f6rt Nederl\u00e4nderna men har idag sj\u00e4lvstyre. Det \u00e4r inte bara skattelagstiftningen som \u00e4r gynnsam. \u00c4ven lagarna som ett Curacao casino m\u00e5ste f\u00f6lja f\u00f6r att f\u00e5 en licens \u00e4r utformade f\u00f6r att det ska vara enkelt och l\u00f6nsamt att verka i branschen. Licenserna utf\u00e4rdas av Curacao E-Gaming. Reglerna \u00e4r allts\u00e5 inte s\u00e4rskilt str\u00e4nga om man j\u00e4mf\u00f6r de regler ett casino m\u00e5ste leva upp till f\u00f6r att f\u00e5 en licens utf\u00e4rdad av Malta Gaming Authority eller Spelinspektionen.<\/p>\n\n\n\n<h2 class=\"wp-block-heading\">Licensen \u00e4r bepr\u00f6vad<\/h2>\n\n\n\n<p>Casinon med Curacao licens f\u00f6ljer ett regelverk som funnits sedan 1996, \u00e4ven om det \u00e4ndrats n\u00e5gra g\u00e5nger. I och med detta \u00e4r det en av de \u00e4ldsta spellagstiftningarna f\u00f6r <a href=\"http:\/\/casinoandy.com\/online-casino\/utan-svensk-licens\/\">online casino utan svensk licens<\/a> i v\u00e4rlden som vi talar om h\u00e4r. Det startades n\u00e4tcasino p\u00e5 Curacao redan under den f\u00f6rsta v\u00e5gen av n\u00e4tcasinon. Vilka nationer som \u00e4r popul\u00e4ra bland akt\u00f6rerna i branschen har varierat med Curacao best\u00e5r. \u00d6n \u00e4r fortfarande attraktiv f\u00f6r f\u00f6retag i branschen och h\u00e4r finns casinon med en stor spelarbas. Flera av de st\u00f6rsta casinona, internationellt sett, har faktiskt fortfarande sin bas p\u00e5 Curacao. Givetvis \u00e4r Curacao h\u00f6gt konkurrens utsatt av Malta d\u00e4r alla <a href=\"http:\/\/casinoandy.com\/online-casino\/licens\/malta\/\">casinon med MGA licens<\/a> befinner sig.<\/p>\n\n\n\n<h2 class=\"wp-block-heading\">En licens som t\u00e4cker allt spel online<\/h2>\n\n\n\n<p>I Sverige och de flesta andra l\u00e4nder som till\u00e5ter spel om pengar p\u00e5 n\u00e4tet finns det olika licenser beroende p\u00e5 vad det \u00e4r f\u00f6r typ av spel det handlar om. P\u00e5 Curacao har man en s\u00e5 kallad &#8221;Master licens&#8221;. Den t\u00e4cker m\u00e5nga olika spelformer och inneb\u00e4r att det \u00e4r l\u00e4tt att skapa nya varum\u00e4rken och sajter n\u00e4r man v\u00e4l f\u00e5tt en licens beviljad. Det betyder att det inte finns lika m\u00e5nga regler och paragrafer som n\u00e4r det g\u00e4ller till exempel en svensk spellicens. Det finns b\u00e5de f\u00f6r- och nackdelar med det.<\/p>\n\n\n\n<div class=\"wp-block-image\"><figure class=\"alignleft size-large\"><img loading=\"lazy\" decoding=\"async\" width=\"800\" height=\"500\" src=\"http:\/\/casinoandy.com\/wp-content\/uploads\/2020\/12\/casino-med-curacao-licens.png\" alt=\"Curacao casinon\" class=\"wp-image-556\" srcset=\"https:\/\/casinoandy.com\/wp-content\/uploads\/2020\/12\/casino-med-curacao-licens.png 800w, https:\/\/casinoandy.com\/wp-content\/uploads\/2020\/12\/casino-med-curacao-licens-300x188.png 300w, https:\/\/casinoandy.com\/wp-content\/uploads\/2020\/12\/casino-med-curacao-licens-768x480.png 768w\" sizes=\"auto, (max-width: 800px) 100vw, 800px\" \/><\/figure><\/div>\n\n\n\n<p>Den st\u00f6rsta f\u00f6rdelen med en enkelt formulerad spellag \u00e4r att det g\u00e5r fortare och kostar mindre att starta casinon och bettingsajter. I teorin kan casinon med Curacao licens h\u00f6ja \u00e5terbetalningen eftersom de har l\u00e4gre omkostnader. Ju f\u00e4rre regler det finns att f\u00f6rh\u00e5lla sig till desto st\u00f6rre frihet har spelsidorna n\u00e4r de utformar olika upplevelser. Spellagstiftningen p\u00e5 Curacao anses inte vara s\u00e4rskilt stark, m\u00e5nga situationer som kan uppst\u00e5 omfattas inte av n\u00e5gra regler. Det inneb\u00e4r att det juridiska l\u00e4get kan vara otydligt vid tvister. De flesta anser att en Curacao licens utg\u00e5r fr\u00e5n spelbolagens behov, snarare \u00e4n spelarnas. Det beror p\u00e5 att man p\u00e5 Curacao velat skapa goda f\u00f6ruts\u00e4ttningar f\u00f6r en spelindustri som ger \u00f6nationen int\u00e4kter.<\/p>\n\n\n\n<h2 class=\"wp-block-heading\">F\u00f6rdelar med ett casino med Curacao licens<\/h2>\n\n\n\n<p>De flesta \u00e4r n\u00f6jda med resultatet av den svenska casinoreformen som avmonopoliserade betting och n\u00e4tcasinon 2019. Det faktum att svenska casinon m\u00e5ste f\u00f6lja ganska strikta regler har dock f\u00e5tt en del konsekvenser som inte \u00e4r s\u00e5 roliga. Det handlar om villkor som begr\u00e4nsar den upplevelse du kan f\u00e5 som spelare. Det g\u00e4ller framf\u00f6rallt anv\u00e4ndningen av bonusar.&nbsp;<\/p>\n\n\n\n<h2 class=\"wp-block-heading\">Bara en bonus per spelare i Sverige<\/h2>\n\n\n\n<p>P\u00e5 den svenska marknaden f\u00e5r ett casino bara dela ut en bonus per spelare. Det brukar vara i form av en v\u00e4lkomstbonus i samband med att du registrerar ett konto eller g\u00f6r din f\u00f6rsta inbetalning. Anledningen till det \u00e4r att Spelinspektionen anser att bonusar kan locka till \u00f6verdrivet spelande. Traditionellt sett har casinon, inte minst i Curacao, haft bonusar som inte varit s\u00e5 bra f\u00f6r spelarna. Det \u00e4r dock inga problem att hitta ett casino med Curacao licens som har ett mycket attraktivt erbjudande. \u00c4r du bra p\u00e5 att j\u00e4mf\u00f6ra bonusar, kan kontrollera ditt spelande och om du gillar bonusar som koncept finns det allts\u00e5 f\u00f6rdelar med att v\u00e4lja ett Curacao casino.<\/p>\n\n\n\n<p>VIP-klubbar \u00e4r s\u00e4rskilda system som inneb\u00e4r att du f\u00e5r b\u00e4ttre och b\u00e4ttre bel\u00f6ningar ju mer du spelar f\u00f6r. I Sverige \u00e4r detta inte till\u00e5tet. Om du \u00e4r en storspelare kan du hitta VIP-klubbar p\u00e5 casinon med Curacao licens. Det \u00e4r dock inte utan anledning som dessa inte finns p\u00e5 casinon med svensk licens. VIP-klubbar kan, i \u00e4nnu h\u00f6gre grad \u00e4n vanliga bonuserbjudanden, locka till \u00f6verdrivet spel.<\/p>\n\n\n\n<h2 class=\"wp-block-heading\">Nackdelar med casinon med Curacao licens<\/h2>\n\n\n\n<p>Trots att det inte \u00e4r olagligt att spela p\u00e5 casinon utan svenskt licens v\u00e4ljer de flesta att inte g\u00f6ra det. H\u00e4r \u00e4r de viktigaste anledningarna till att en majoritet av de svenska spelarna idag v\u00e4ljer bort casinon med Curacao licens:<\/p>\n\n\n\n<ul class=\"wp-block-list\"><li><strong>Svenska casinon har fler funktioner f\u00f6r dig som vill kontrollera ditt spelande. Det anses vara s\u00e4krare!<br><\/strong><\/li><li><strong>Vinsterna p\u00e5 svenska casinon \u00e4r skattefria. Det \u00e4r de inte p\u00e5 casinon med Curacao licens.<br><\/strong><\/li><li><strong>Om du hamnar i en tvist med ett Curacao casino kan du inte r\u00e4kna med att f\u00e5 hj\u00e4lp av n\u00e5gon myndighet.<br><\/strong><\/li><li><strong>Tidigare har det funnits en del oseri\u00f6sa casinon med Curacao licens som p\u00e5 olika s\u00e4tt lurat sin spelare.<br><\/strong><\/li><li><strong>Om du spelar p\u00e5 ett svenskt casino gynnar du den svenska spelbranschen och f\u00f6retag som betalar skatt i Sverige.<\/strong><\/li><\/ul>\n\n\n\n<h2 class=\"wp-block-heading\">Skyddet f\u00f6r spelarna st\u00e4rks i Curacao<\/h2>\n\n\n\n<p>\u00c4ven om ett casino med Curacao licens inte beh\u00f6ver arbeta lika h\u00e5rt som ett svenskt casino f\u00f6r att skapa en trygg spelmilj\u00f6 s\u00e5 p\u00e5g\u00e5r \u00e4nd\u00e5 ett arbete i den riktningen. Efterfr\u00e5gan p\u00e5 s\u00e4kra casinon \u00e4r st\u00f6rre idag \u00e4n n\u00e5gonsin. Sedan 2014 ing\u00e5r Curacao i &#8221;Caribbean Financial Action Task Force&#8221;. D\u00e4r verkar man f\u00f6r att st\u00e4rka spelarnas intressen p\u00e5 casinon med Curacao licens.<\/p>\n","protected":false},"excerpt":{"rendered":"<p>Casino med Curacao licens Curacao \u00e4r ett v\u00e4stindiskt skatteparadis som lockat till sig m\u00e5nga casinon under \u00e5rens lopp. \u00d6nationen har&#8230;<\/p>\n","protected":false},"author":4,"featured_media":0,"parent":83,"menu_order":0,"comment_status":"closed","ping_status":"closed","template":"","meta":{"_acf_changed":false,"footnotes":""},"class_list":["post-89","page","type-page","status-publish","hentry"],"acf":[],"yoast_head":"<!-- This site is optimized with the Yoast SEO plugin v27.0 - https:\/\/yoast.com\/product\/yoast-seo-wordpress\/ -->\n<title>Curacao Casinon (2022) &gt;&gt; Alla Casinon med Curacao licens<\/title>\n<meta name=\"description\" content=\"Curacao casinon har ofta flera olika bonusar att erbjuda och v\u00e4ldigt m\u00e5nga casinospel. J\u00e4mf\u00f6r alla casinon med Curacao licens h\u00e4r!\" \/>\n<meta name=\"robots\" content=\"index, follow, max-snippet:-1, max-image-preview:large, max-video-preview:-1\" \/>\n<link rel=\"canonical\" href=\"https:\/\/casinoandy.com\/sv\/online-casino\/licens\/curacao\/\" \/>\n<meta property=\"og:locale\" content=\"sv_SE\" \/>\n<meta property=\"og:type\" content=\"article\" \/>\n<meta property=\"og:title\" content=\"Curacao Casinon (2022) &gt;&gt; Alla Casinon med Curacao licens\" \/>\n<meta property=\"og:description\" content=\"Curacao casinon har ofta flera olika bonusar att erbjuda och v\u00e4ldigt m\u00e5nga casinospel. J\u00e4mf\u00f6r alla casinon med Curacao licens h\u00e4r!\" \/>\n<meta property=\"og:url\" content=\"https:\/\/casinoandy.com\/sv\/online-casino\/licens\/curacao\/\" \/>\n<meta property=\"og:site_name\" content=\"Casinoandy\" \/>\n<meta property=\"article:modified_time\" content=\"2022-04-01T09:44:29+00:00\" \/>\n<meta property=\"og:image\" content=\"http:\/\/casinoandy.com\/wp-content\/uploads\/2020\/12\/casino-med-curacao-licens.png\" \/>\n<meta name=\"twitter:card\" content=\"summary_large_image\" \/>\n<meta name=\"twitter:label1\" content=\"Ber\u00e4knad l\u00e4stid\" \/>\n\t<meta name=\"twitter:data1\" content=\"5 minuter\" \/>\n<script type=\"application\/ld+json\" class=\"yoast-schema-graph\">{\"@context\":\"https:\/\/schema.org\",\"@graph\":[{\"@type\":\"WebPage\",\"@id\":\"https:\/\/casinoandy.com\/sv\/online-casino\/licens\/curacao\/\",\"url\":\"https:\/\/casinoandy.com\/sv\/online-casino\/licens\/curacao\/\",\"name\":\"Curacao Casinon (2022) >> Alla Casinon med Curacao licens\",\"isPartOf\":{\"@id\":\"https:\/\/casinoandy.com\/sv\/#website\"},\"primaryImageOfPage\":{\"@id\":\"https:\/\/casinoandy.com\/sv\/online-casino\/licens\/curacao\/#primaryimage\"},\"image\":{\"@id\":\"https:\/\/casinoandy.com\/sv\/online-casino\/licens\/curacao\/#primaryimage\"},\"thumbnailUrl\":\"http:\/\/casinoandy.com\/wp-content\/uploads\/2020\/12\/casino-med-curacao-licens.png\",\"datePublished\":\"2020-12-01T17:33:05+00:00\",\"dateModified\":\"2022-04-01T09:44:29+00:00\",\"description\":\"Curacao casinon har ofta flera olika bonusar att erbjuda och v\u00e4ldigt m\u00e5nga casinospel. J\u00e4mf\u00f6r alla casinon med Curacao licens h\u00e4r!\",\"breadcrumb\":{\"@id\":\"https:\/\/casinoandy.com\/sv\/online-casino\/licens\/curacao\/#breadcrumb\"},\"inLanguage\":\"sv-SE\",\"potentialAction\":[{\"@type\":\"ReadAction\",\"target\":[\"https:\/\/casinoandy.com\/sv\/online-casino\/licens\/curacao\/\"]}]},{\"@type\":\"ImageObject\",\"inLanguage\":\"sv-SE\",\"@id\":\"https:\/\/casinoandy.com\/sv\/online-casino\/licens\/curacao\/#primaryimage\",\"url\":\"http:\/\/casinoandy.com\/wp-content\/uploads\/2020\/12\/casino-med-curacao-licens.png\",\"contentUrl\":\"http:\/\/casinoandy.com\/wp-content\/uploads\/2020\/12\/casino-med-curacao-licens.png\"},{\"@type\":\"BreadcrumbList\",\"@id\":\"https:\/\/casinoandy.com\/sv\/online-casino\/licens\/curacao\/#breadcrumb\",\"itemListElement\":[{\"@type\":\"ListItem\",\"position\":1,\"name\":\"Startseite\",\"item\":\"https:\/\/casinoandy.com\/sv\/\"},{\"@type\":\"ListItem\",\"position\":2,\"name\":\"Online Casino\",\"item\":\"https:\/\/casinoandy.com\/sv\/online-casino\/\"},{\"@type\":\"ListItem\",\"position\":3,\"name\":\"Licenser\",\"item\":\"https:\/\/casinoandy.com\/sv\/online-casino\/licens\/\"},{\"@type\":\"ListItem\",\"position\":4,\"name\":\"Curacao\"}]},{\"@type\":\"WebSite\",\"@id\":\"https:\/\/casinoandy.com\/sv\/#website\",\"url\":\"https:\/\/casinoandy.com\/sv\/\",\"name\":\"Casinoandy\",\"description\":\"\",\"publisher\":{\"@id\":\"https:\/\/casinoandy.com\/sv\/#organization\"},\"potentialAction\":[{\"@type\":\"SearchAction\",\"target\":{\"@type\":\"EntryPoint\",\"urlTemplate\":\"https:\/\/casinoandy.com\/sv\/?s={search_term_string}\"},\"query-input\":{\"@type\":\"PropertyValueSpecification\",\"valueRequired\":true,\"valueName\":\"search_term_string\"}}],\"inLanguage\":\"sv-SE\"},{\"@type\":\"Organization\",\"@id\":\"https:\/\/casinoandy.com\/sv\/#organization\",\"name\":\"Casino Andy\",\"url\":\"https:\/\/casinoandy.com\/sv\/\",\"logo\":{\"@type\":\"ImageObject\",\"inLanguage\":\"sv-SE\",\"@id\":\"https:\/\/casinoandy.com\/sv\/#\/schema\/logo\/image\/\",\"url\":\"http:\/\/casinoandy.yourmedia.nbcdemo.com\/wp-content\/uploads\/2020\/12\/casino-andy-logo-1.png\",\"contentUrl\":\"http:\/\/casinoandy.yourmedia.nbcdemo.com\/wp-content\/uploads\/2020\/12\/casino-andy-logo-1.png\",\"width\":367,\"height\":195,\"caption\":\"Casino Andy\"},\"image\":{\"@id\":\"https:\/\/casinoandy.com\/sv\/#\/schema\/logo\/image\/\"}}]}<\/script>\n<!-- \/ Yoast SEO plugin. -->","yoast_head_json":{"title":"Curacao Casinon (2022) >> Alla Casinon med Curacao licens","description":"Curacao casinon har ofta flera olika bonusar att erbjuda och v\u00e4ldigt m\u00e5nga casinospel. J\u00e4mf\u00f6r alla casinon med Curacao licens h\u00e4r!","robots":{"index":"index","follow":"follow","max-snippet":"max-snippet:-1","max-image-preview":"max-image-preview:large","max-video-preview":"max-video-preview:-1"},"canonical":"https:\/\/casinoandy.com\/sv\/online-casino\/licens\/curacao\/","og_locale":"sv_SE","og_type":"article","og_title":"Curacao Casinon (2022) >> Alla Casinon med Curacao licens","og_description":"Curacao casinon har ofta flera olika bonusar att erbjuda och v\u00e4ldigt m\u00e5nga casinospel. J\u00e4mf\u00f6r alla casinon med Curacao licens h\u00e4r!","og_url":"https:\/\/casinoandy.com\/sv\/online-casino\/licens\/curacao\/","og_site_name":"Casinoandy","article_modified_time":"2022-04-01T09:44:29+00:00","og_image":[{"url":"http:\/\/casinoandy.com\/wp-content\/uploads\/2020\/12\/casino-med-curacao-licens.png","type":"","width":"","height":""}],"twitter_card":"summary_large_image","twitter_misc":{"Ber\u00e4knad l\u00e4stid":"5 minuter"},"schema":{"@context":"https:\/\/schema.org","@graph":[{"@type":"WebPage","@id":"https:\/\/casinoandy.com\/sv\/online-casino\/licens\/curacao\/","url":"https:\/\/casinoandy.com\/sv\/online-casino\/licens\/curacao\/","name":"Curacao Casinon (2022) >> Alla Casinon med Curacao licens","isPartOf":{"@id":"https:\/\/casinoandy.com\/sv\/#website"},"primaryImageOfPage":{"@id":"https:\/\/casinoandy.com\/sv\/online-casino\/licens\/curacao\/#primaryimage"},"image":{"@id":"https:\/\/casinoandy.com\/sv\/online-casino\/licens\/curacao\/#primaryimage"},"thumbnailUrl":"http:\/\/casinoandy.com\/wp-content\/uploads\/2020\/12\/casino-med-curacao-licens.png","datePublished":"2020-12-01T17:33:05+00:00","dateModified":"2022-04-01T09:44:29+00:00","description":"Curacao casinon har ofta flera olika bonusar att erbjuda och v\u00e4ldigt m\u00e5nga casinospel. J\u00e4mf\u00f6r alla casinon med Curacao licens h\u00e4r!","breadcrumb":{"@id":"https:\/\/casinoandy.com\/sv\/online-casino\/licens\/curacao\/#breadcrumb"},"inLanguage":"sv-SE","potentialAction":[{"@type":"ReadAction","target":["https:\/\/casinoandy.com\/sv\/online-casino\/licens\/curacao\/"]}]},{"@type":"ImageObject","inLanguage":"sv-SE","@id":"https:\/\/casinoandy.com\/sv\/online-casino\/licens\/curacao\/#primaryimage","url":"http:\/\/casinoandy.com\/wp-content\/uploads\/2020\/12\/casino-med-curacao-licens.png","contentUrl":"http:\/\/casinoandy.com\/wp-content\/uploads\/2020\/12\/casino-med-curacao-licens.png"},{"@type":"BreadcrumbList","@id":"https:\/\/casinoandy.com\/sv\/online-casino\/licens\/curacao\/#breadcrumb","itemListElement":[{"@type":"ListItem","position":1,"name":"Startseite","item":"https:\/\/casinoandy.com\/sv\/"},{"@type":"ListItem","position":2,"name":"Online Casino","item":"https:\/\/casinoandy.com\/sv\/online-casino\/"},{"@type":"ListItem","position":3,"name":"Licenser","item":"https:\/\/casinoandy.com\/sv\/online-casino\/licens\/"},{"@type":"ListItem","position":4,"name":"Curacao"}]},{"@type":"WebSite","@id":"https:\/\/casinoandy.com\/sv\/#website","url":"https:\/\/casinoandy.com\/sv\/","name":"Casinoandy","description":"","publisher":{"@id":"https:\/\/casinoandy.com\/sv\/#organization"},"potentialAction":[{"@type":"SearchAction","target":{"@type":"EntryPoint","urlTemplate":"https:\/\/casinoandy.com\/sv\/?s={search_term_string}"},"query-input":{"@type":"PropertyValueSpecification","valueRequired":true,"valueName":"search_term_string"}}],"inLanguage":"sv-SE"},{"@type":"Organization","@id":"https:\/\/casinoandy.com\/sv\/#organization","name":"Casino Andy","url":"https:\/\/casinoandy.com\/sv\/","logo":{"@type":"ImageObject","inLanguage":"sv-SE","@id":"https:\/\/casinoandy.com\/sv\/#\/schema\/logo\/image\/","url":"http:\/\/casinoandy.yourmedia.nbcdemo.com\/wp-content\/uploads\/2020\/12\/casino-andy-logo-1.png","contentUrl":"http:\/\/casinoandy.yourmedia.nbcdemo.com\/wp-content\/uploads\/2020\/12\/casino-andy-logo-1.png","width":367,"height":195,"caption":"Casino Andy"},"image":{"@id":"https:\/\/casinoandy.com\/sv\/#\/schema\/logo\/image\/"}}]}},"_links":{"self":[{"href":"https:\/\/casinoandy.com\/sv\/wp-json\/wp\/v2\/pages\/89","targetHints":{"allow":["GET"]}}],"collection":[{"href":"https:\/\/casinoandy.com\/sv\/wp-json\/wp\/v2\/pages"}],"about":[{"href":"https:\/\/casinoandy.com\/sv\/wp-json\/wp\/v2\/types\/page"}],"author":[{"embeddable":true,"href":"https:\/\/casinoandy.com\/sv\/wp-json\/wp\/v2\/users\/4"}],"replies":[{"embeddable":true,"href":"https:\/\/casinoandy.com\/sv\/wp-json\/wp\/v2\/comments?post=89"}],"version-history":[{"count":8,"href":"https:\/\/casinoandy.com\/sv\/wp-json\/wp\/v2\/pages\/89\/revisions"}],"predecessor-version":[{"id":4337,"href":"https:\/\/casinoandy.com\/sv\/wp-json\/wp\/v2\/pages\/89\/revisions\/4337"}],"up":[{"embeddable":true,"href":"https:\/\/casinoandy.com\/sv\/wp-json\/wp\/v2\/pages\/83"}],"wp:attachment":[{"href":"https:\/\/casinoandy.com\/sv\/wp-json\/wp\/v2\/media?parent=89"}],"curies":[{"name":"wp","href":"https:\/\/api.w.org\/{rel}","templated":true}]}}