{"id":91,"date":"2020-12-01T18:34:25","date_gmt":"2020-12-01T17:34:25","guid":{"rendered":"http:\/\/casinoandy.com\/?page_id=91"},"modified":"2022-04-01T11:44:41","modified_gmt":"2022-04-01T09:44:41","slug":"gibraltar","status":"publish","type":"page","link":"https:\/\/casinoandy.com\/sv\/online-casino\/licens\/gibraltar\/","title":{"rendered":"GRA"},"content":{"rendered":"\n<h1 class=\"wp-block-heading\">Casino med GRA licens<\/h1>\n\n\n\n<p>\u00c4ven om den svenska spellagstiftningen \u00e4r f\u00f6rh\u00e5llandevis h\u00e5rd \u00e4r den inte ensam om att reglera spel om pengar. Faktum \u00e4r att skatteparadis som \u00e4r popul\u00e4ra bland entrepren\u00f6rer i casinobranschen st\u00e4ller krav och utf\u00e4rdar licenser. H\u00e4r ska vi titta n\u00e4rmare p\u00e5 Gibraltar, ett brittiskt territorium evr\u00f6rat fr\u00e5n Spanien 1702 som idag \u00e4r en egen jurisdiktion och d\u00e4r man sk\u00f6ter sina egna angel\u00e4genheter. Gibraltar har till exempel en egen casinolagstiftning. Ett casino med GRA licens har r\u00e4tt att ta emot spelare fr\u00e5n b\u00e5de EU och England. F\u00f6retagsskatten \u00e4r l\u00e5g, det \u00e4r en av f\u00f6rdelarna med att starta ett casino p\u00e5 Gibraltar.<\/p>\n\n\n\n<h2 class=\"wp-block-heading\">Ordning och reda p\u00e5 Gibraltar<\/h2>\n\n\n\n<p>Myndigheten som utf\u00e4rdar casinolicenser p\u00e5 Gibraltar heter Gibraltar Regulatory Authority (GRA) och lyder under HM Government of Gibraltar. Det \u00e4r f\u00e5 n\u00e4tcasinon som v\u00e4ljer att placera sig d\u00e4r, speciellt inte <a href=\"http:\/\/casinoandy.com\/online-casino\/utan-svensk-licens\/\">casinon utan svensk licens<\/a>. Precis som sin motsvarighet i Sverige erbjuder GRA flera olika licenser beroende p\u00e5 vad det handlar om f\u00f6r typ av spel. Redan av det f\u00f6rst\u00e5r vi att ett casino med GRA licens m\u00e5ste f\u00f6lja en hel del regler f\u00f6r att f\u00e5 sin ans\u00f6kan om licens godk\u00e4nd. N\u00e4r det g\u00e4ller flera andra klassiska casinonationer, som till exempel Curacao, finns det bara en licens som inte reglerar s\u00e4rskilt mycket. D\u00e4r \u00e4r det, p\u00e5 gott och ont, betydligt mer &#8221;vilda v\u00e4stern&#8221; \u00e4n i Sverige och Gibraltar. En licens h\u00e4r \u00e4r ocks\u00e5 relativt sv\u00e5r att f\u00e5 just eftersom GRA st\u00e4ller h\u00f6ga krav. D\u00e4remot \u00e4r f\u00f6retagsklimatet bra p\u00e5 Gibraltar och casinon med GRA licens st\u00e5r ofta h\u00f6gt i kurs bland spelare.<\/p>\n\n\n\n<h2 class=\"wp-block-heading\">Casinon med GRA licens \u2014Ansvarsfullt spelande<\/h2>\n\n\n\n<p>Precis som casinon med svensk eller maltesisk licens erbjuder casinon baserade p\u00e5 Gibraltar dig som spelare m\u00e5nga m\u00f6jligheter till att ta kontroll \u00f6ver ditt spelande. Det minskar risken f\u00f6r spelmissbruk. Ansvarsfullt spelande \u00e4r inte bara en m\u00e5ls\u00e4ttning utan n\u00e5got som Gibraltar Regulatory Authority arbetar aktivt med. En funktion vi k\u00e4nner igen fr\u00e5n casinon med svensk licens \u00e4r att du kan s\u00e4tta gr\u00e4nser f\u00f6r ditt spelande i f\u00f6rv\u00e4g. P\u00e5 s\u00e5 s\u00e4tt blir det l\u00e4ttare f\u00f6r dig att f\u00f6lja din spelbudget. D\u00e4remot finns ingen motsvarighet till den unika svenska funktionen Spelstopp, med vilken du st\u00e4nger av dig sj\u00e4lv fr\u00e5n allt spel om pengar p\u00e5 alla casinon och bettingsajter med svensk licens.<\/p>\n\n\n\n<div class=\"wp-block-image\"><figure class=\"alignleft size-large\"><img loading=\"lazy\" decoding=\"async\" width=\"800\" height=\"500\" src=\"http:\/\/casinoandy.com\/wp-content\/uploads\/2020\/12\/casino-med-gra-licens.png\" alt=\"GRA licens casinon\" class=\"wp-image-561\" srcset=\"https:\/\/casinoandy.com\/wp-content\/uploads\/2020\/12\/casino-med-gra-licens.png 800w, https:\/\/casinoandy.com\/wp-content\/uploads\/2020\/12\/casino-med-gra-licens-300x188.png 300w, https:\/\/casinoandy.com\/wp-content\/uploads\/2020\/12\/casino-med-gra-licens-768x480.png 768w\" sizes=\"auto, (max-width: 800px) 100vw, 800px\" \/><\/figure><\/div>\n\n\n\n<p>\u0420\u0435r\u0455\u043en\u0430l\u0435n \u0440\u00e5 \u0441\u0430\u0455\u0456n\u043en m\u0435d GRA licens genomg\u00e5r utbildning f\u00f6r att de ska k\u00e4nna igen spelare som fastnat i destruktiva spelm\u00f6nster eller rent av beroende. Tanken \u00e4r inte att de ska f\u00f6rs\u00f6ka f\u00e5 n\u00e5gon att spela f\u00f6r mycket utan tv\u00e4rtom hj\u00e4lpa alla med ett identifierat riskbeteende.<\/p>\n\n\n\n<h2 class=\"wp-block-heading\">F\u00f6rdelar med ett casino med GRA licens<\/h2>\n\n\n\n<p>Man kan s\u00e4ga att casinon med GRA licens har samma styrka som svenska casinon. Dina vinster \u00e4r skattefria och spelmilj\u00f6n \u00e4r relativt sund och kontrollerad. I alla fall om man j\u00e4mf\u00f6r med hur det \u00e4r p\u00e5 casinon med vissa andra licenser som enbart gynnar de spelbolag som driver casinon och bettingsajter. P\u00e5 Gibraltar tycks man ha uppn\u00e5tt balans mellan vad som \u00e4r bra f\u00f6r spelaren och vad som \u00e4r bra f\u00f6r casinot.<\/p>\n\n\n\n<p>En f\u00f6rdel med att spela p\u00e5 ett casino som \u00e4r registrerat p\u00e5 Gibraltar, j\u00e4mf\u00f6rt med att v\u00e4lja ett svenskt casino, \u00e4r att dessa casinon fortfarande har bonusar! Svenska casinon till\u00e5ter bara en bonus per spelare numera och har inte l\u00e4ngre erbjudanden som bygger p\u00e5 att du spelat tillr\u00e4ckligt mycket f\u00f6r att bli en &#8221;VIP-kund&#8221;. M\u00e5nga tycker att bonusarna begr\u00e4nsats p\u00e5 goda grunder i Sverige men h\u00f6r du till gruppen som helst spelar med en saftig bonus kan ett casino med GRA licen vara ett alternativ. Som alltid b\u00f6r du l\u00e4sa bonusvillkoren noga innan du tackar ja till ett erbjudande. Det g\u00e4ller oavsett i vilket land ett casino \u00e4r registrerat.<\/p>\n\n\n\n<p>P\u00e5 svenska casinon \u00e4r betalningsmetoderna oftast f\u00e5. Gibraltar till\u00e5ter fler s\u00e4tt att betala och ta emot pengar p\u00e5. Det \u00e4r till exempel vanligt att casinon med GRA licens accepterar att du betalar med Bitcoin eller en annan kryptovaluta. Det kan finnas m\u00e5nga anledningar till varf\u00f6r man inte vill betala p\u00e5 alla casinon med pengar fr\u00e5n ett svenskt bankkonto. Vilket du m\u00e5ste g\u00f6ra p\u00e5 m\u00e5nga svenska casinon idag.<\/p>\n\n\n\n<h2 class=\"wp-block-heading\">Nackdelar med ett casino med GRA licens<\/h2>\n\n\n\n<p>\u00c4ven om Gibraltar har en spellagstiftning som p\u00e5 ett ganska bra s\u00e4tt tar tillvara p\u00e5 spelarnas intressen kommer casinona d\u00e4r inte riktigt upp i samma niv\u00e5 som svenska casinon. Om s\u00e4kert spel \u00e4r n\u00e5got du v\u00e4rdes\u00e4tter h\u00f6gt finns det faktiskt ingen anledning att inte spela p\u00e5 ett <a href=\"http:\/\/casinoandy.com\/online-casino\/licens\/malta\/\">casino med malta licens<\/a> ist\u00e4llet.<\/p>\n\n\n\n<p>Det kan vara sv\u00e5rt att hitta ett casino med GRA licens som \u00f6verhuvudtaget tar emot svenska spelare. Om du v\u00e4l hittar ett kan du inte r\u00e4kna med att svenska betalningsmetoder som Swish och bank\u00f6verf\u00f6ring med Trustly kommer att fungera. Svenska Spelinspektionen kan inte f\u00f6rbjuda svenska medborgare eller utlandssvenskar fr\u00e5n att spela p\u00e5 casinon registrerade p\u00e5 Gibraltar men de kan ut\u00f6va olika former av p\u00e5tryckningar.<\/p>\n\n\n\n<p>Du kan inte vara anonym p\u00e5 ett casino med GRA licens. Casinon med licens p\u00e5 Gibraltar \u00e4r skyldiga samla in viss information om spelarna. R\u00e4kna med att du kommer att beh\u00f6va skicka in en kopia p\u00e5 ditt pass eller en annan ID-handling innan du kan b\u00f6rja spela. Du kan \u00e4ven beh\u00f6va visa upp bankutdrag. En av anledningarna till detta \u00e4r att man vill motverka penningtv\u00e4tt.<\/p>\n","protected":false},"excerpt":{"rendered":"<p>Casino med GRA licens \u00c4ven om den svenska spellagstiftningen \u00e4r f\u00f6rh\u00e5llandevis h\u00e5rd \u00e4r den inte ensam om att reglera spel&#8230;<\/p>\n","protected":false},"author":4,"featured_media":0,"parent":83,"menu_order":0,"comment_status":"closed","ping_status":"closed","template":"","meta":{"_acf_changed":false,"footnotes":""},"class_list":["post-91","page","type-page","status-publish","hentry"],"acf":[],"yoast_head":"<!-- This site is optimized with the Yoast SEO plugin v27.0 - https:\/\/yoast.com\/product\/yoast-seo-wordpress\/ -->\n<title>Casino med GRA licens - (2022) &gt;&gt; Gibraltar Regulatory Authoriy<\/title>\n<meta name=\"description\" content=\"Gibraltar utf\u00e4rdar egna licenser f\u00f6r onlinespel, betting och casino. L\u00e4s om alla casinon med GRA licens h\u00e4r!\" \/>\n<meta name=\"robots\" content=\"index, follow, max-snippet:-1, max-image-preview:large, max-video-preview:-1\" \/>\n<link rel=\"canonical\" href=\"https:\/\/casinoandy.com\/sv\/online-casino\/licens\/gibraltar\/\" \/>\n<meta property=\"og:locale\" content=\"sv_SE\" \/>\n<meta property=\"og:type\" content=\"article\" \/>\n<meta property=\"og:title\" content=\"Casino med GRA licens - (2022) &gt;&gt; Gibraltar Regulatory Authoriy\" \/>\n<meta property=\"og:description\" content=\"Gibraltar utf\u00e4rdar egna licenser f\u00f6r onlinespel, betting och casino. L\u00e4s om alla casinon med GRA licens h\u00e4r!\" \/>\n<meta property=\"og:url\" content=\"https:\/\/casinoandy.com\/sv\/online-casino\/licens\/gibraltar\/\" \/>\n<meta property=\"og:site_name\" content=\"Casinoandy\" \/>\n<meta property=\"article:modified_time\" content=\"2022-04-01T09:44:41+00:00\" \/>\n<meta property=\"og:image\" content=\"http:\/\/casinoandy.com\/wp-content\/uploads\/2020\/12\/casino-med-gra-licens.png\" \/>\n<meta name=\"twitter:card\" content=\"summary_large_image\" \/>\n<meta name=\"twitter:label1\" content=\"Ber\u00e4knad l\u00e4stid\" \/>\n\t<meta name=\"twitter:data1\" content=\"4 minuter\" \/>\n<script type=\"application\/ld+json\" class=\"yoast-schema-graph\">{\"@context\":\"https:\/\/schema.org\",\"@graph\":[{\"@type\":\"WebPage\",\"@id\":\"https:\/\/casinoandy.com\/sv\/online-casino\/licens\/gibraltar\/\",\"url\":\"https:\/\/casinoandy.com\/sv\/online-casino\/licens\/gibraltar\/\",\"name\":\"Casino med GRA licens - (2022) >> Gibraltar Regulatory Authoriy\",\"isPartOf\":{\"@id\":\"https:\/\/casinoandy.com\/sv\/#website\"},\"primaryImageOfPage\":{\"@id\":\"https:\/\/casinoandy.com\/sv\/online-casino\/licens\/gibraltar\/#primaryimage\"},\"image\":{\"@id\":\"https:\/\/casinoandy.com\/sv\/online-casino\/licens\/gibraltar\/#primaryimage\"},\"thumbnailUrl\":\"http:\/\/casinoandy.com\/wp-content\/uploads\/2020\/12\/casino-med-gra-licens.png\",\"datePublished\":\"2020-12-01T17:34:25+00:00\",\"dateModified\":\"2022-04-01T09:44:41+00:00\",\"description\":\"Gibraltar utf\u00e4rdar egna licenser f\u00f6r onlinespel, betting och casino. L\u00e4s om alla casinon med GRA licens h\u00e4r!\",\"breadcrumb\":{\"@id\":\"https:\/\/casinoandy.com\/sv\/online-casino\/licens\/gibraltar\/#breadcrumb\"},\"inLanguage\":\"sv-SE\",\"potentialAction\":[{\"@type\":\"ReadAction\",\"target\":[\"https:\/\/casinoandy.com\/sv\/online-casino\/licens\/gibraltar\/\"]}]},{\"@type\":\"ImageObject\",\"inLanguage\":\"sv-SE\",\"@id\":\"https:\/\/casinoandy.com\/sv\/online-casino\/licens\/gibraltar\/#primaryimage\",\"url\":\"http:\/\/casinoandy.com\/wp-content\/uploads\/2020\/12\/casino-med-gra-licens.png\",\"contentUrl\":\"http:\/\/casinoandy.com\/wp-content\/uploads\/2020\/12\/casino-med-gra-licens.png\"},{\"@type\":\"BreadcrumbList\",\"@id\":\"https:\/\/casinoandy.com\/sv\/online-casino\/licens\/gibraltar\/#breadcrumb\",\"itemListElement\":[{\"@type\":\"ListItem\",\"position\":1,\"name\":\"Startseite\",\"item\":\"https:\/\/casinoandy.com\/sv\/\"},{\"@type\":\"ListItem\",\"position\":2,\"name\":\"Online Casino\",\"item\":\"https:\/\/casinoandy.com\/sv\/online-casino\/\"},{\"@type\":\"ListItem\",\"position\":3,\"name\":\"Licenser\",\"item\":\"https:\/\/casinoandy.com\/sv\/online-casino\/licens\/\"},{\"@type\":\"ListItem\",\"position\":4,\"name\":\"GRA\"}]},{\"@type\":\"WebSite\",\"@id\":\"https:\/\/casinoandy.com\/sv\/#website\",\"url\":\"https:\/\/casinoandy.com\/sv\/\",\"name\":\"Casinoandy\",\"description\":\"\",\"publisher\":{\"@id\":\"https:\/\/casinoandy.com\/sv\/#organization\"},\"potentialAction\":[{\"@type\":\"SearchAction\",\"target\":{\"@type\":\"EntryPoint\",\"urlTemplate\":\"https:\/\/casinoandy.com\/sv\/?s={search_term_string}\"},\"query-input\":{\"@type\":\"PropertyValueSpecification\",\"valueRequired\":true,\"valueName\":\"search_term_string\"}}],\"inLanguage\":\"sv-SE\"},{\"@type\":\"Organization\",\"@id\":\"https:\/\/casinoandy.com\/sv\/#organization\",\"name\":\"Casino Andy\",\"url\":\"https:\/\/casinoandy.com\/sv\/\",\"logo\":{\"@type\":\"ImageObject\",\"inLanguage\":\"sv-SE\",\"@id\":\"https:\/\/casinoandy.com\/sv\/#\/schema\/logo\/image\/\",\"url\":\"http:\/\/casinoandy.yourmedia.nbcdemo.com\/wp-content\/uploads\/2020\/12\/casino-andy-logo-1.png\",\"contentUrl\":\"http:\/\/casinoandy.yourmedia.nbcdemo.com\/wp-content\/uploads\/2020\/12\/casino-andy-logo-1.png\",\"width\":367,\"height\":195,\"caption\":\"Casino Andy\"},\"image\":{\"@id\":\"https:\/\/casinoandy.com\/sv\/#\/schema\/logo\/image\/\"}}]}<\/script>\n<!-- \/ Yoast SEO plugin. -->","yoast_head_json":{"title":"Casino med GRA licens - (2022) >> Gibraltar Regulatory Authoriy","description":"Gibraltar utf\u00e4rdar egna licenser f\u00f6r onlinespel, betting och casino. L\u00e4s om alla casinon med GRA licens h\u00e4r!","robots":{"index":"index","follow":"follow","max-snippet":"max-snippet:-1","max-image-preview":"max-image-preview:large","max-video-preview":"max-video-preview:-1"},"canonical":"https:\/\/casinoandy.com\/sv\/online-casino\/licens\/gibraltar\/","og_locale":"sv_SE","og_type":"article","og_title":"Casino med GRA licens - (2022) >> Gibraltar Regulatory Authoriy","og_description":"Gibraltar utf\u00e4rdar egna licenser f\u00f6r onlinespel, betting och casino. L\u00e4s om alla casinon med GRA licens h\u00e4r!","og_url":"https:\/\/casinoandy.com\/sv\/online-casino\/licens\/gibraltar\/","og_site_name":"Casinoandy","article_modified_time":"2022-04-01T09:44:41+00:00","og_image":[{"url":"http:\/\/casinoandy.com\/wp-content\/uploads\/2020\/12\/casino-med-gra-licens.png","type":"","width":"","height":""}],"twitter_card":"summary_large_image","twitter_misc":{"Ber\u00e4knad l\u00e4stid":"4 minuter"},"schema":{"@context":"https:\/\/schema.org","@graph":[{"@type":"WebPage","@id":"https:\/\/casinoandy.com\/sv\/online-casino\/licens\/gibraltar\/","url":"https:\/\/casinoandy.com\/sv\/online-casino\/licens\/gibraltar\/","name":"Casino med GRA licens - (2022) >> Gibraltar Regulatory Authoriy","isPartOf":{"@id":"https:\/\/casinoandy.com\/sv\/#website"},"primaryImageOfPage":{"@id":"https:\/\/casinoandy.com\/sv\/online-casino\/licens\/gibraltar\/#primaryimage"},"image":{"@id":"https:\/\/casinoandy.com\/sv\/online-casino\/licens\/gibraltar\/#primaryimage"},"thumbnailUrl":"http:\/\/casinoandy.com\/wp-content\/uploads\/2020\/12\/casino-med-gra-licens.png","datePublished":"2020-12-01T17:34:25+00:00","dateModified":"2022-04-01T09:44:41+00:00","description":"Gibraltar utf\u00e4rdar egna licenser f\u00f6r onlinespel, betting och casino. L\u00e4s om alla casinon med GRA licens h\u00e4r!","breadcrumb":{"@id":"https:\/\/casinoandy.com\/sv\/online-casino\/licens\/gibraltar\/#breadcrumb"},"inLanguage":"sv-SE","potentialAction":[{"@type":"ReadAction","target":["https:\/\/casinoandy.com\/sv\/online-casino\/licens\/gibraltar\/"]}]},{"@type":"ImageObject","inLanguage":"sv-SE","@id":"https:\/\/casinoandy.com\/sv\/online-casino\/licens\/gibraltar\/#primaryimage","url":"http:\/\/casinoandy.com\/wp-content\/uploads\/2020\/12\/casino-med-gra-licens.png","contentUrl":"http:\/\/casinoandy.com\/wp-content\/uploads\/2020\/12\/casino-med-gra-licens.png"},{"@type":"BreadcrumbList","@id":"https:\/\/casinoandy.com\/sv\/online-casino\/licens\/gibraltar\/#breadcrumb","itemListElement":[{"@type":"ListItem","position":1,"name":"Startseite","item":"https:\/\/casinoandy.com\/sv\/"},{"@type":"ListItem","position":2,"name":"Online Casino","item":"https:\/\/casinoandy.com\/sv\/online-casino\/"},{"@type":"ListItem","position":3,"name":"Licenser","item":"https:\/\/casinoandy.com\/sv\/online-casino\/licens\/"},{"@type":"ListItem","position":4,"name":"GRA"}]},{"@type":"WebSite","@id":"https:\/\/casinoandy.com\/sv\/#website","url":"https:\/\/casinoandy.com\/sv\/","name":"Casinoandy","description":"","publisher":{"@id":"https:\/\/casinoandy.com\/sv\/#organization"},"potentialAction":[{"@type":"SearchAction","target":{"@type":"EntryPoint","urlTemplate":"https:\/\/casinoandy.com\/sv\/?s={search_term_string}"},"query-input":{"@type":"PropertyValueSpecification","valueRequired":true,"valueName":"search_term_string"}}],"inLanguage":"sv-SE"},{"@type":"Organization","@id":"https:\/\/casinoandy.com\/sv\/#organization","name":"Casino Andy","url":"https:\/\/casinoandy.com\/sv\/","logo":{"@type":"ImageObject","inLanguage":"sv-SE","@id":"https:\/\/casinoandy.com\/sv\/#\/schema\/logo\/image\/","url":"http:\/\/casinoandy.yourmedia.nbcdemo.com\/wp-content\/uploads\/2020\/12\/casino-andy-logo-1.png","contentUrl":"http:\/\/casinoandy.yourmedia.nbcdemo.com\/wp-content\/uploads\/2020\/12\/casino-andy-logo-1.png","width":367,"height":195,"caption":"Casino Andy"},"image":{"@id":"https:\/\/casinoandy.com\/sv\/#\/schema\/logo\/image\/"}}]}},"_links":{"self":[{"href":"https:\/\/casinoandy.com\/sv\/wp-json\/wp\/v2\/pages\/91","targetHints":{"allow":["GET"]}}],"collection":[{"href":"https:\/\/casinoandy.com\/sv\/wp-json\/wp\/v2\/pages"}],"about":[{"href":"https:\/\/casinoandy.com\/sv\/wp-json\/wp\/v2\/types\/page"}],"author":[{"embeddable":true,"href":"https:\/\/casinoandy.com\/sv\/wp-json\/wp\/v2\/users\/4"}],"replies":[{"embeddable":true,"href":"https:\/\/casinoandy.com\/sv\/wp-json\/wp\/v2\/comments?post=91"}],"version-history":[{"count":5,"href":"https:\/\/casinoandy.com\/sv\/wp-json\/wp\/v2\/pages\/91\/revisions"}],"predecessor-version":[{"id":1050,"href":"https:\/\/casinoandy.com\/sv\/wp-json\/wp\/v2\/pages\/91\/revisions\/1050"}],"up":[{"embeddable":true,"href":"https:\/\/casinoandy.com\/sv\/wp-json\/wp\/v2\/pages\/83"}],"wp:attachment":[{"href":"https:\/\/casinoandy.com\/sv\/wp-json\/wp\/v2\/media?parent=91"}],"curies":[{"name":"wp","href":"https:\/\/api.w.org\/{rel}","templated":true}]}}