{"id":96,"date":"2020-12-01T18:37:58","date_gmt":"2020-12-01T17:37:58","guid":{"rendered":"http:\/\/casinoandy.com\/?page_id=96"},"modified":"2022-04-01T11:45:14","modified_gmt":"2022-04-01T09:45:14","slug":"nederlanderna","status":"publish","type":"page","link":"https:\/\/casinoandy.com\/sv\/online-casino\/licens\/nederlanderna\/","title":{"rendered":"KSA"},"content":{"rendered":"\n<h1 class=\"wp-block-heading\">Casino med KSA licens<\/h1>\n\n\n\n<p>Nederl\u00e4nderna \u00e4r ett land som m\u00e5nga f\u00f6rknippar med en liberal lagstiftning n\u00e4r det g\u00e4ller hedonistiska n\u00f6jen. Men n\u00e4r det g\u00e4ller spel om pengar p\u00e5 n\u00e4tet \u00e4r attityden betydligt striktare. Holland har en spellagstiftning som \u00e4r omkring 70 \u00e5r gammal men som inte anpassats f\u00f6r den marknad vi har idag med casinon online.<\/p>\n\n\n\n<p>Man kan s\u00e4ga att situationen i Nederl\u00e4nderna liknar den som fanns i Sverige fram till avmonopoliseringen 2019. Det finns allts\u00e5 inget casino med en KSA licens i dagsl\u00e4get, som i sin tur betyder att <a href=\"http:\/\/casinoandy.com\/online-casino\/utan-svensk-licens\/\">alla casinon utan svensk licens<\/a> \u00e4ven saknar KSA-licensen.<br>Men nu \u00e4r det \u00e4ntligen p\u00e5 g\u00e5ng! KSA \u00e4r en f\u00f6rkortning f\u00f6r Kansspelautoriteit och \u00e4r allts\u00e5 den myndighet som s\u00e4tter f\u00f6ruts\u00e4ttningarna f\u00f6r spel i Nederl\u00e4nderna.<\/p>\n\n\n\n<h2 class=\"wp-block-heading\">S\u00e5 arbetar KSA<\/h2>\n\n\n\n<p>\u00c4ven om KSA inte utf\u00e4rdar casinolicenser \u00e4r det en myndighet som arbetar aktivt f\u00f6r en sund spelmarknad i Nederl\u00e4nderna. De \u00f6vervakar de verksamheter som ber\u00f6rs av landets spellagar och tar emot klagom\u00e5l fr\u00e5n spelare som hamnat i tvist med Nederl\u00e4ndernas statligt drivna casino, som kan s\u00e4gas vara ett casino med KSA licens. Ett viktigt m\u00e5l med verksamheten \u00e4r att skydda spelare och ge information om de skadeverkningar som spel om pengar kan ha. Nu driver KSA arbetet f\u00f6r en avmonopolisering av spelmarknaden i Nederl\u00e4nderna.<\/p>\n\n\n\n<div class=\"wp-block-image\"><figure class=\"alignleft size-large\"><img loading=\"lazy\" decoding=\"async\" width=\"800\" height=\"500\" src=\"http:\/\/casinoandy.com\/wp-content\/uploads\/2020\/12\/casino-med-ksa-licens.png\" alt=\"KSA Casinon\" class=\"wp-image-571\" srcset=\"https:\/\/casinoandy.com\/wp-content\/uploads\/2020\/12\/casino-med-ksa-licens.png 800w, https:\/\/casinoandy.com\/wp-content\/uploads\/2020\/12\/casino-med-ksa-licens-300x188.png 300w, https:\/\/casinoandy.com\/wp-content\/uploads\/2020\/12\/casino-med-ksa-licens-768x480.png 768w\" sizes=\"auto, (max-width: 800px) 100vw, 800px\" \/><\/figure><\/div>\n\n\n\n<h2 class=\"wp-block-heading\">Holland Casino \u00e4r det enda casinot med KSA licens<\/h2>\n\n\n\n<p>I Sverige \u00e4r statliga Casino Cosmopol det enda landbaserade casinot. Fram till januari 2019 var Svenska Spel, som driver Casino Cosmopol, de enda som hade r\u00e4tt att erbjuda casino online p\u00e5 den svenska markanden. Detta var dock n\u00e5got de avstod fr\u00e5n att g\u00f6ra. S\u00e5 fungerar det i dagsl\u00e4get i Nederl\u00e4nderna. Holland Casino finns i Amsterdam och p\u00e5 flera andra orter i landet, men du kan inte spela p\u00e5 slots eller andra casinospel p\u00e5 n\u00e4tet. Vi vet \u00e4nnu inte om Holland Casino kommer att ge sig in i matchen och konkurrera med de n\u00e4tcasinon som snart kommer att f\u00e5 m\u00f6jlighet att etablera sig i Nederl\u00e4nderna.<\/p>\n\n\n\n<h2 class=\"wp-block-heading\">Curacao h\u00f6r till Nederl\u00e4nderna<\/h2>\n\n\n\n<p>En udda tvist p\u00e5 det h\u00e4r med nederl\u00e4ndska spellagar \u00e4r att skatteparadiset Curacao h\u00f6r till Nederl\u00e4nderna. Det \u00e4r en \u00f6nation som \u00e4r k\u00e4nd f\u00f6r sin synnerligen liberala spellagstiftning och f\u00f6r alla <a href=\"http:\/\/casinoandy.com\/online-casino\/licens\/curacao\/\">Curacao casinon<\/a>. M\u00e5nga holl\u00e4ndska casinospelare har spelat p\u00e5 curacao-baserade casinon. Det konstiga \u00e4r att myndigheten p\u00e5 Curacao kan s\u00e4gas f\u00f6retr\u00e4da en spellagstiftning och ett licenssystem som \u00e4r raka motsatsen till vad KSA st\u00e5r f\u00f6r.<\/p>\n\n\n\n<h2 class=\"wp-block-heading\">Nederl\u00e4nderna reformerar nu sin lagstiftning<\/h2>\n\n\n\n<p>Att ha en myndighet som reglerar spel som inte f\u00f6rh\u00e5ller sig till den stora marknaden online \u00e4r inte h\u00e5llbart idag. \u00c4ven om man som spelare inte bes\u00f6ker casinon registrerade i sitt eget land s\u00e5 finns det hundratals andra casinon att v\u00e4lja mellan. Det \u00e4r sv\u00e5rt f\u00f6r en regering att f\u00f6rm\u00e5 alla internetleverant\u00f6rer att blockera alla utl\u00e4ndska casinosajter. Eller att f\u00f6rm\u00e5 sidorna att inte acceptera spelare fr\u00e5n ett visst land. USA, Kina och Nordkorea h\u00f6r till de l\u00e4nder som jobbar h\u00e5rdast p\u00e5 det.<\/p>\n\n\n\n<p>I Nederl\u00e4nderna har det dragit ut p\u00e5 tiden att modernisera lagstiftningen. KSA har l\u00e4nge f\u00f6rberett en avmonopolisering av spel p\u00e5 n\u00e4tet och under v\u00e5ren 2020 har m\u00f6jligheten att lansera casinon med KSA licens \u00e4ntligen \u00f6ppnats. Med ett eget licenssytem kommer det att bli l\u00e4ttare f\u00f6r Nederl\u00e4nderna att skydda sina medborgare. Ett casino med KSA licens kommer att st\u00e5 under direkt inflytande fr\u00e5n myndigheten.<\/p>\n\n\n\n<p>Ett casino med KSA licens kommer att beh\u00f6va f\u00f6rh\u00e5lla sig till regler som ska motverka att unga b\u00f6rja spela om pengar p\u00e5 n\u00e4tet och de f\u00e5r bara ha mjukvara fr\u00e5n godk\u00e4nda f\u00f6retag. En av anledningarna till att man nu g\u00f6r en tv\u00e4rv\u00e4ndning i den h\u00e4r fr\u00e5gan \u00e4r att m\u00e5nga medborgare spelar p\u00e5 utl\u00e4ndska casinon. Precis som vi svenskar gjorde innan v\u00e5r marknad avmonopoliserades. Med en inhemsk marknad hoppas man kunna st\u00e4rka det skydd som KSA vill verka f\u00f6r. Vi kan nog f\u00f6rv\u00e4nta oss att ett casino med KSA licens kommer att erbjuda en s\u00e4ker spelmilj\u00f6.<\/p>\n\n\n\n<h2 class=\"wp-block-heading\">Kan man spela p\u00e5 ett casino med KSA licens som svensk?<\/h2>\n\n\n\n<p>Det finns som sagt ett speciellt licenssystem i Sverige och det \u00e4r meningen att du som svensk ska spela p\u00e5 ett casino som \u00e4r godk\u00e4nt av svenska Spelinspektionen. Du kommer inte att bryta mot n\u00e5gon lag om du testar ett casino med KSA licens men det finns en del nackdelar med att g\u00f6ra det. F\u00f6r det f\u00f6rsta \u00e4r det inte som att spela p\u00e5 ett <a href=\"http:\/\/casinoandy.com\/online-casino\/licens\/malta\/\">casino med licens p\u00e5 Malta<\/a>, och f\u00f6r det andra finns det stor risk f\u00f6r att svenska betalningsl\u00f6sningar inte kommer fungera som vanligt. R\u00e4kna ocks\u00e5 med att flera casinon med KSA licens kommer att IP-blocka svenska spelare. Spelinspektionen kommer troligtvis att ligga p\u00e5 de f\u00f6retag som inte g\u00f6r det.<\/p>\n\n\n\n<p>Det \u00e4r f\u00f6r tidigt att s\u00e4ga hur utbudet kommer att vara p\u00e5 casinon med KSA licens men vi har ingen anledning att tro att det kommer att skilja sig n\u00e4mnv\u00e4rt fr\u00e5n casinon med svensk licens. Kansspelautoriteit \u00e4r som sagt en myndighet som verkar f\u00f6r spelarnas intressen och det tyder p\u00e5 att licensreglerna kommer att vara relativt lika dem som casinon i Sverige har att r\u00e4tta sig efter. N\u00e5got vi \u00e4r nyfikna p\u00e5 \u00e4r om casinon med KSA licens kommer att ha bonusar och hur de kommer att fungera. Ett licenssystem med bra skydd f\u00f6r spelarna <em>och<\/em> f\u00f6rm\u00e5nliga erbjudanden \u00e4r en bra kombo. I Sverige f\u00e5r casinon knappt ha n\u00e5gra bonusar l\u00e4ngre.<\/p>\n","protected":false},"excerpt":{"rendered":"<p>Casino med KSA licens Nederl\u00e4nderna \u00e4r ett land som m\u00e5nga f\u00f6rknippar med en liberal lagstiftning n\u00e4r det g\u00e4ller hedonistiska n\u00f6jen&#8230;.<\/p>\n","protected":false},"author":4,"featured_media":0,"parent":83,"menu_order":0,"comment_status":"closed","ping_status":"closed","template":"","meta":{"_acf_changed":false,"footnotes":""},"class_list":["post-96","page","type-page","status-publish","hentry"],"acf":[],"yoast_head":"<!-- This site is optimized with the Yoast SEO plugin v27.0 - https:\/\/yoast.com\/product\/yoast-seo-wordpress\/ -->\n<title>Casino med KSA licens (2022) &gt;&gt; Kansspelautoriteit Nederl\u00e4nderna<\/title>\n<meta name=\"description\" content=\"Kansspelautoriteit i Nederl\u00e4nderna utf\u00e4rdar spellicenser f\u00f6r casinospel och betting p\u00e5 n\u00e4tet. L\u00e4s mer om den holl\u00e4ndska myndigheten h\u00e4r.\" \/>\n<meta name=\"robots\" content=\"index, follow, max-snippet:-1, max-image-preview:large, max-video-preview:-1\" \/>\n<link rel=\"canonical\" href=\"https:\/\/casinoandy.com\/sv\/online-casino\/licens\/nederlanderna\/\" \/>\n<meta property=\"og:locale\" content=\"sv_SE\" \/>\n<meta property=\"og:type\" content=\"article\" \/>\n<meta property=\"og:title\" content=\"Casino med KSA licens (2022) &gt;&gt; Kansspelautoriteit Nederl\u00e4nderna\" \/>\n<meta property=\"og:description\" content=\"Kansspelautoriteit i Nederl\u00e4nderna utf\u00e4rdar spellicenser f\u00f6r casinospel och betting p\u00e5 n\u00e4tet. L\u00e4s mer om den holl\u00e4ndska myndigheten h\u00e4r.\" \/>\n<meta property=\"og:url\" content=\"https:\/\/casinoandy.com\/sv\/online-casino\/licens\/nederlanderna\/\" \/>\n<meta property=\"og:site_name\" content=\"Casinoandy\" \/>\n<meta property=\"article:modified_time\" content=\"2022-04-01T09:45:14+00:00\" \/>\n<meta property=\"og:image\" content=\"http:\/\/casinoandy.com\/wp-content\/uploads\/2020\/12\/casino-med-ksa-licens.png\" \/>\n<meta name=\"twitter:card\" content=\"summary_large_image\" \/>\n<meta name=\"twitter:label1\" content=\"Ber\u00e4knad l\u00e4stid\" \/>\n\t<meta name=\"twitter:data1\" content=\"5 minuter\" \/>\n<script type=\"application\/ld+json\" class=\"yoast-schema-graph\">{\"@context\":\"https:\/\/schema.org\",\"@graph\":[{\"@type\":\"WebPage\",\"@id\":\"https:\/\/casinoandy.com\/sv\/online-casino\/licens\/nederlanderna\/\",\"url\":\"https:\/\/casinoandy.com\/sv\/online-casino\/licens\/nederlanderna\/\",\"name\":\"Casino med KSA licens (2022) >> Kansspelautoriteit Nederl\u00e4nderna\",\"isPartOf\":{\"@id\":\"https:\/\/casinoandy.com\/sv\/#website\"},\"primaryImageOfPage\":{\"@id\":\"https:\/\/casinoandy.com\/sv\/online-casino\/licens\/nederlanderna\/#primaryimage\"},\"image\":{\"@id\":\"https:\/\/casinoandy.com\/sv\/online-casino\/licens\/nederlanderna\/#primaryimage\"},\"thumbnailUrl\":\"http:\/\/casinoandy.com\/wp-content\/uploads\/2020\/12\/casino-med-ksa-licens.png\",\"datePublished\":\"2020-12-01T17:37:58+00:00\",\"dateModified\":\"2022-04-01T09:45:14+00:00\",\"description\":\"Kansspelautoriteit i Nederl\u00e4nderna utf\u00e4rdar spellicenser f\u00f6r casinospel och betting p\u00e5 n\u00e4tet. L\u00e4s mer om den holl\u00e4ndska myndigheten h\u00e4r.\",\"breadcrumb\":{\"@id\":\"https:\/\/casinoandy.com\/sv\/online-casino\/licens\/nederlanderna\/#breadcrumb\"},\"inLanguage\":\"sv-SE\",\"potentialAction\":[{\"@type\":\"ReadAction\",\"target\":[\"https:\/\/casinoandy.com\/sv\/online-casino\/licens\/nederlanderna\/\"]}]},{\"@type\":\"ImageObject\",\"inLanguage\":\"sv-SE\",\"@id\":\"https:\/\/casinoandy.com\/sv\/online-casino\/licens\/nederlanderna\/#primaryimage\",\"url\":\"http:\/\/casinoandy.com\/wp-content\/uploads\/2020\/12\/casino-med-ksa-licens.png\",\"contentUrl\":\"http:\/\/casinoandy.com\/wp-content\/uploads\/2020\/12\/casino-med-ksa-licens.png\"},{\"@type\":\"BreadcrumbList\",\"@id\":\"https:\/\/casinoandy.com\/sv\/online-casino\/licens\/nederlanderna\/#breadcrumb\",\"itemListElement\":[{\"@type\":\"ListItem\",\"position\":1,\"name\":\"Startseite\",\"item\":\"https:\/\/casinoandy.com\/sv\/\"},{\"@type\":\"ListItem\",\"position\":2,\"name\":\"Online Casino\",\"item\":\"https:\/\/casinoandy.com\/sv\/online-casino\/\"},{\"@type\":\"ListItem\",\"position\":3,\"name\":\"Licenser\",\"item\":\"https:\/\/casinoandy.com\/sv\/online-casino\/licens\/\"},{\"@type\":\"ListItem\",\"position\":4,\"name\":\"KSA\"}]},{\"@type\":\"WebSite\",\"@id\":\"https:\/\/casinoandy.com\/sv\/#website\",\"url\":\"https:\/\/casinoandy.com\/sv\/\",\"name\":\"Casinoandy\",\"description\":\"\",\"publisher\":{\"@id\":\"https:\/\/casinoandy.com\/sv\/#organization\"},\"potentialAction\":[{\"@type\":\"SearchAction\",\"target\":{\"@type\":\"EntryPoint\",\"urlTemplate\":\"https:\/\/casinoandy.com\/sv\/?s={search_term_string}\"},\"query-input\":{\"@type\":\"PropertyValueSpecification\",\"valueRequired\":true,\"valueName\":\"search_term_string\"}}],\"inLanguage\":\"sv-SE\"},{\"@type\":\"Organization\",\"@id\":\"https:\/\/casinoandy.com\/sv\/#organization\",\"name\":\"Casino Andy\",\"url\":\"https:\/\/casinoandy.com\/sv\/\",\"logo\":{\"@type\":\"ImageObject\",\"inLanguage\":\"sv-SE\",\"@id\":\"https:\/\/casinoandy.com\/sv\/#\/schema\/logo\/image\/\",\"url\":\"http:\/\/casinoandy.yourmedia.nbcdemo.com\/wp-content\/uploads\/2020\/12\/casino-andy-logo-1.png\",\"contentUrl\":\"http:\/\/casinoandy.yourmedia.nbcdemo.com\/wp-content\/uploads\/2020\/12\/casino-andy-logo-1.png\",\"width\":367,\"height\":195,\"caption\":\"Casino Andy\"},\"image\":{\"@id\":\"https:\/\/casinoandy.com\/sv\/#\/schema\/logo\/image\/\"}}]}<\/script>\n<!-- \/ Yoast SEO plugin. -->","yoast_head_json":{"title":"Casino med KSA licens (2022) >> Kansspelautoriteit Nederl\u00e4nderna","description":"Kansspelautoriteit i Nederl\u00e4nderna utf\u00e4rdar spellicenser f\u00f6r casinospel och betting p\u00e5 n\u00e4tet. L\u00e4s mer om den holl\u00e4ndska myndigheten h\u00e4r.","robots":{"index":"index","follow":"follow","max-snippet":"max-snippet:-1","max-image-preview":"max-image-preview:large","max-video-preview":"max-video-preview:-1"},"canonical":"https:\/\/casinoandy.com\/sv\/online-casino\/licens\/nederlanderna\/","og_locale":"sv_SE","og_type":"article","og_title":"Casino med KSA licens (2022) >> Kansspelautoriteit Nederl\u00e4nderna","og_description":"Kansspelautoriteit i Nederl\u00e4nderna utf\u00e4rdar spellicenser f\u00f6r casinospel och betting p\u00e5 n\u00e4tet. L\u00e4s mer om den holl\u00e4ndska myndigheten h\u00e4r.","og_url":"https:\/\/casinoandy.com\/sv\/online-casino\/licens\/nederlanderna\/","og_site_name":"Casinoandy","article_modified_time":"2022-04-01T09:45:14+00:00","og_image":[{"url":"http:\/\/casinoandy.com\/wp-content\/uploads\/2020\/12\/casino-med-ksa-licens.png","type":"","width":"","height":""}],"twitter_card":"summary_large_image","twitter_misc":{"Ber\u00e4knad l\u00e4stid":"5 minuter"},"schema":{"@context":"https:\/\/schema.org","@graph":[{"@type":"WebPage","@id":"https:\/\/casinoandy.com\/sv\/online-casino\/licens\/nederlanderna\/","url":"https:\/\/casinoandy.com\/sv\/online-casino\/licens\/nederlanderna\/","name":"Casino med KSA licens (2022) >> Kansspelautoriteit Nederl\u00e4nderna","isPartOf":{"@id":"https:\/\/casinoandy.com\/sv\/#website"},"primaryImageOfPage":{"@id":"https:\/\/casinoandy.com\/sv\/online-casino\/licens\/nederlanderna\/#primaryimage"},"image":{"@id":"https:\/\/casinoandy.com\/sv\/online-casino\/licens\/nederlanderna\/#primaryimage"},"thumbnailUrl":"http:\/\/casinoandy.com\/wp-content\/uploads\/2020\/12\/casino-med-ksa-licens.png","datePublished":"2020-12-01T17:37:58+00:00","dateModified":"2022-04-01T09:45:14+00:00","description":"Kansspelautoriteit i Nederl\u00e4nderna utf\u00e4rdar spellicenser f\u00f6r casinospel och betting p\u00e5 n\u00e4tet. L\u00e4s mer om den holl\u00e4ndska myndigheten h\u00e4r.","breadcrumb":{"@id":"https:\/\/casinoandy.com\/sv\/online-casino\/licens\/nederlanderna\/#breadcrumb"},"inLanguage":"sv-SE","potentialAction":[{"@type":"ReadAction","target":["https:\/\/casinoandy.com\/sv\/online-casino\/licens\/nederlanderna\/"]}]},{"@type":"ImageObject","inLanguage":"sv-SE","@id":"https:\/\/casinoandy.com\/sv\/online-casino\/licens\/nederlanderna\/#primaryimage","url":"http:\/\/casinoandy.com\/wp-content\/uploads\/2020\/12\/casino-med-ksa-licens.png","contentUrl":"http:\/\/casinoandy.com\/wp-content\/uploads\/2020\/12\/casino-med-ksa-licens.png"},{"@type":"BreadcrumbList","@id":"https:\/\/casinoandy.com\/sv\/online-casino\/licens\/nederlanderna\/#breadcrumb","itemListElement":[{"@type":"ListItem","position":1,"name":"Startseite","item":"https:\/\/casinoandy.com\/sv\/"},{"@type":"ListItem","position":2,"name":"Online Casino","item":"https:\/\/casinoandy.com\/sv\/online-casino\/"},{"@type":"ListItem","position":3,"name":"Licenser","item":"https:\/\/casinoandy.com\/sv\/online-casino\/licens\/"},{"@type":"ListItem","position":4,"name":"KSA"}]},{"@type":"WebSite","@id":"https:\/\/casinoandy.com\/sv\/#website","url":"https:\/\/casinoandy.com\/sv\/","name":"Casinoandy","description":"","publisher":{"@id":"https:\/\/casinoandy.com\/sv\/#organization"},"potentialAction":[{"@type":"SearchAction","target":{"@type":"EntryPoint","urlTemplate":"https:\/\/casinoandy.com\/sv\/?s={search_term_string}"},"query-input":{"@type":"PropertyValueSpecification","valueRequired":true,"valueName":"search_term_string"}}],"inLanguage":"sv-SE"},{"@type":"Organization","@id":"https:\/\/casinoandy.com\/sv\/#organization","name":"Casino Andy","url":"https:\/\/casinoandy.com\/sv\/","logo":{"@type":"ImageObject","inLanguage":"sv-SE","@id":"https:\/\/casinoandy.com\/sv\/#\/schema\/logo\/image\/","url":"http:\/\/casinoandy.yourmedia.nbcdemo.com\/wp-content\/uploads\/2020\/12\/casino-andy-logo-1.png","contentUrl":"http:\/\/casinoandy.yourmedia.nbcdemo.com\/wp-content\/uploads\/2020\/12\/casino-andy-logo-1.png","width":367,"height":195,"caption":"Casino Andy"},"image":{"@id":"https:\/\/casinoandy.com\/sv\/#\/schema\/logo\/image\/"}}]}},"_links":{"self":[{"href":"https:\/\/casinoandy.com\/sv\/wp-json\/wp\/v2\/pages\/96","targetHints":{"allow":["GET"]}}],"collection":[{"href":"https:\/\/casinoandy.com\/sv\/wp-json\/wp\/v2\/pages"}],"about":[{"href":"https:\/\/casinoandy.com\/sv\/wp-json\/wp\/v2\/types\/page"}],"author":[{"embeddable":true,"href":"https:\/\/casinoandy.com\/sv\/wp-json\/wp\/v2\/users\/4"}],"replies":[{"embeddable":true,"href":"https:\/\/casinoandy.com\/sv\/wp-json\/wp\/v2\/comments?post=96"}],"version-history":[{"count":5,"href":"https:\/\/casinoandy.com\/sv\/wp-json\/wp\/v2\/pages\/96\/revisions"}],"predecessor-version":[{"id":1047,"href":"https:\/\/casinoandy.com\/sv\/wp-json\/wp\/v2\/pages\/96\/revisions\/1047"}],"up":[{"embeddable":true,"href":"https:\/\/casinoandy.com\/sv\/wp-json\/wp\/v2\/pages\/83"}],"wp:attachment":[{"href":"https:\/\/casinoandy.com\/sv\/wp-json\/wp\/v2\/media?parent=96"}],"curies":[{"name":"wp","href":"https:\/\/api.w.org\/{rel}","templated":true}]}}